{"id":1146,"date":"2023-09-01T13:12:05","date_gmt":"2023-09-01T12:12:05","guid":{"rendered":"https:\/\/zh-test.co.uk\/?page_id=1146"},"modified":"2024-02-14T13:43:13","modified_gmt":"2024-02-14T13:43:13","slug":"imprint","status":"publish","type":"page","link":"https:\/\/zh-test.co.uk\/de\/impressum\/","title":{"rendered":"Impressum"},"content":{"rendered":"<p class=\"translation-block\"><p><strong>Adresse des Unternehmens:<\/strong><br>Ziemann Holvrieka GmbH,<br>Schwieberdinger Str. 86<br>71636 Ludwigsburg, Deutschland<\/p><\/p>\n\n\n\n<p class=\"translation-block\"><p>Telefon+49 7141 408 0<br>Fax +49 7141 408 335<br><a href=\"mailto:sales@ziemann-holvrieka.com\">sales@ziemann-holvrieka.com<\/a><\/p><\/p>\n\n\n\n<p class=\"translation-block\"><p><strong>Gesch\u00e4ftsf\u00fchrende Direktoren, die zur Vertretung der Gesellschaft berechtigt sind:<\/strong><br>Klaus Gehrig, Torsten Engel, Florian Schneider, Axel Z\u00fcgel<\/p><\/p>\n\n\n\n<p class=\"translation-block\"><p><strong>Registergericht:<\/strong><br>Amtsgericht Stuttgart<\/p><\/p>\n\n\n\n<p class=\"translation-block\"><p><strong>Registrierungsnummer:<\/strong><br>HRB 742212<\/p><\/p>\n\n\n\n<p class=\"translation-block\"><p><strong>Umsatzsteuer-Identifikationsnummer nach dem Umsatzsteuergesetz:<\/strong><br>DE 815 379 396<\/p><\/p>\n\n\n\n<p class=\"translation-block\"><p><strong>Verantwortlich f\u00fcr den Inhalt gem\u00e4\u00df \u00a7 10, Absatz 3 MDStV:<\/strong><br>Lucas Goebel (Adresse siehe oben)<\/p><\/p>\n\n\n\n<p class=\"translation-block\"><p><strong>Rechtlicher Hinweis:<\/strong><br>Trotz sorgf\u00e4ltiger inhaltlicher Kontrolle \u00fcbernehmen wir keine Haftung f\u00fcr die Inhalte der Webseiten Dritter.<br>F\u00fcr den Inhalt der verlinkten Seiten sind ausschlie\u00dflich die jeweiligen Betreiber verantwortlich.<\/p><\/p>\n\n\n\n<p><\/p>","protected":false},"excerpt":{"rendered":"<p>Company address:Ziemann Holvrieka GmbHSchwieberdinger Str. 8671636 Ludwigsburg, Germany Phone+49 7141 408 0Fax +49 7141 408 335sales@ziemann-holvrieka.com Managing Directors authorized to represent the company:Klaus Gehrig, Torsten [&hellip;]<\/p>\n","protected":false},"author":1,"featured_media":0,"parent":0,"menu_order":0,"comment_status":"closed","ping_status":"closed","template":"templates\/simple-page.php","meta":{"footnotes":""},"yoast_head":"<!-- This site is optimized with the Yoast SEO Premium plugin v21.7 (Yoast SEO v23.5) - https:\/\/yoast.com\/wordpress\/plugins\/seo\/ -->\n<title>Imprint | Ziemann Holvrieka<\/title>\n<meta name=\"description\" content=\"Here you can find the imprint of Ziemann Holvrieka GmbH wiHere you will find the imprint of Ziemann Holvrieka GmbH with all legal information and contact data.\" \/>\n<meta name=\"robots\" content=\"noindex, follow, max-snippet:-1, max-image-preview:large, max-video-preview:-1\" \/>\n<meta property=\"og:locale\" content=\"de_DE\" \/>\n<meta property=\"og:type\" content=\"article\" \/>\n<meta property=\"og:title\" content=\"Imprint\" \/>\n<meta property=\"og:description\" content=\"Here you can find the imprint of Ziemann Holvrieka GmbH wiHere you will find the imprint of Ziemann Holvrieka GmbH with all legal information and contact data.\" \/>\n<meta property=\"og:url\" content=\"https:\/\/zh-test.co.uk\/de\/impressum\/\" \/>\n<meta property=\"og:site_name\" content=\"Ziemann Holvrieka\" \/>\n<meta property=\"article:publisher\" content=\"https:\/\/www.linkedin.com\/company\/ziemann-international-gmbh\" \/>\n<meta property=\"article:modified_time\" content=\"2024-02-14T13:43:13+00:00\" \/>\n<meta name=\"twitter:card\" content=\"summary_large_image\" \/>\n<meta name=\"twitter:label1\" content=\"Gesch\u00e4tzte Lesezeit\" \/>\n\t<meta name=\"twitter:data1\" content=\"1\u00a0Minute\" \/>\n<script type=\"application\/ld+json\" class=\"yoast-schema-graph\">{\"@context\":\"https:\/\/schema.org\",\"@graph\":[{\"@type\":\"WebPage\",\"@id\":\"https:\/\/zh-test.co.uk\/imprint\/\",\"url\":\"https:\/\/zh-test.co.uk\/imprint\/\",\"name\":\"Imprint | Ziemann Holvrieka\",\"isPartOf\":{\"@id\":\"https:\/\/zh-test.co.uk\/#website\"},\"datePublished\":\"2023-09-01T12:12:05+00:00\",\"dateModified\":\"2024-02-14T13:43:13+00:00\",\"description\":\"Here you can find the imprint of Ziemann Holvrieka GmbH wiHere you will find the imprint of Ziemann Holvrieka GmbH with all legal information and contact data.\",\"breadcrumb\":{\"@id\":\"https:\/\/zh-test.co.uk\/imprint\/#breadcrumb\"},\"inLanguage\":\"de\",\"potentialAction\":[{\"@type\":\"ReadAction\",\"target\":[\"https:\/\/zh-test.co.uk\/imprint\/\"]}]},{\"@type\":\"BreadcrumbList\",\"@id\":\"https:\/\/zh-test.co.uk\/imprint\/#breadcrumb\",\"itemListElement\":[{\"@type\":\"ListItem\",\"position\":1,\"name\":\"Home\",\"item\":\"https:\/\/zh-test.co.uk\/\"},{\"@type\":\"ListItem\",\"position\":2,\"name\":\"Imprint\"}]},{\"@type\":\"WebSite\",\"@id\":\"https:\/\/zh-test.co.uk\/#website\",\"url\":\"https:\/\/zh-test.co.uk\/\",\"name\":\"Ziemann Holvrieka\",\"description\":\"\",\"potentialAction\":[{\"@type\":\"SearchAction\",\"target\":{\"@type\":\"EntryPoint\",\"urlTemplate\":\"https:\/\/zh-test.co.uk\/?s={search_term_string}\"},\"query-input\":{\"@type\":\"PropertyValueSpecification\",\"valueRequired\":true,\"valueName\":\"search_term_string\"}}],\"inLanguage\":\"de\"}]}<\/script>\n<!-- \/ Yoast SEO Premium plugin. -->","yoast_head_json":{"title":"Impressum | Ziemann Holvrieka","description":"Hier finden Sie das Impressum der Ziemann Holvrieka GmbH mit Hier finden Sie das Impressum der Ziemann Holvrieka GmbH mit allen rechtlichen Informationen und Kontaktdaten.","robots":{"index":"noindex","follow":"follow","max-snippet":"max-snippet:-1","max-image-preview":"max-image-preview:large","max-video-preview":"max-video-preview:-1"},"og_locale":"de_DE","og_type":"article","og_title":"Imprint","og_description":"Here you can find the imprint of Ziemann Holvrieka GmbH wiHere you will find the imprint of Ziemann Holvrieka GmbH with all legal information and contact data.","og_url":"https:\/\/zh-test.co.uk\/de\/impressum\/","og_site_name":"Ziemann Holvrieka","article_publisher":"https:\/\/www.linkedin.com\/company\/ziemann-international-gmbh","article_modified_time":"2024-02-14T13:43:13+00:00","twitter_card":"summary_large_image","twitter_misc":{"Gesch\u00e4tzte Lesezeit":"1\u00a0Minute"},"schema":{"@context":"https:\/\/schema.org","@graph":[{"@type":"WebPage","@id":"https:\/\/zh-test.co.uk\/imprint\/","url":"https:\/\/zh-test.co.uk\/imprint\/","name":"Impressum | Ziemann Holvrieka","isPartOf":{"@id":"https:\/\/zh-test.co.uk\/#website"},"datePublished":"2023-09-01T12:12:05+00:00","dateModified":"2024-02-14T13:43:13+00:00","description":"Hier finden Sie das Impressum der Ziemann Holvrieka GmbH mit Hier finden Sie das Impressum der Ziemann Holvrieka GmbH mit allen rechtlichen Informationen und Kontaktdaten.","breadcrumb":{"@id":"https:\/\/zh-test.co.uk\/imprint\/#breadcrumb"},"inLanguage":"de","potentialAction":[{"@type":"ReadAction","target":["https:\/\/zh-test.co.uk\/imprint\/"]}]},{"@type":"BreadcrumbList","@id":"https:\/\/zh-test.co.uk\/imprint\/#breadcrumb","itemListElement":[{"@type":"ListItem","position":1,"name":"Home","item":"https:\/\/zh-test.co.uk\/"},{"@type":"ListItem","position":2,"name":"Imprint"}]},{"@type":"WebSite","@id":"https:\/\/zh-test.co.uk\/#website","url":"https:\/\/zh-test.co.uk\/","name":"Ziemann Holvrieka","description":"","potentialAction":[{"@type":"SearchAction","target":{"@type":"EntryPoint","urlTemplate":"https:\/\/zh-test.co.uk\/?s={search_term_string}"},"query-input":{"@type":"PropertyValueSpecification","valueRequired":true,"valueName":"search_term_string"}}],"inLanguage":"de"}]}},"_links":{"self":[{"href":"https:\/\/zh-test.co.uk\/de\/wp-json\/wp\/v2\/pages\/1146"}],"collection":[{"href":"https:\/\/zh-test.co.uk\/de\/wp-json\/wp\/v2\/pages"}],"about":[{"href":"https:\/\/zh-test.co.uk\/de\/wp-json\/wp\/v2\/types\/page"}],"author":[{"embeddable":true,"href":"https:\/\/zh-test.co.uk\/de\/wp-json\/wp\/v2\/users\/1"}],"replies":[{"embeddable":true,"href":"https:\/\/zh-test.co.uk\/de\/wp-json\/wp\/v2\/comments?post=1146"}],"version-history":[{"count":4,"href":"https:\/\/zh-test.co.uk\/de\/wp-json\/wp\/v2\/pages\/1146\/revisions"}],"predecessor-version":[{"id":6531,"href":"https:\/\/zh-test.co.uk\/de\/wp-json\/wp\/v2\/pages\/1146\/revisions\/6531"}],"wp:attachment":[{"href":"https:\/\/zh-test.co.uk\/de\/wp-json\/wp\/v2\/media?parent=1146"}],"curies":[{"name":"wp","href":"https:\/\/api.w.org\/{rel}","templated":true}]}}