{"id":1181,"date":"2023-09-01T16:29:34","date_gmt":"2023-09-01T15:29:34","guid":{"rendered":"https:\/\/zh-test.co.uk\/?page_id=1181"},"modified":"2024-06-18T14:20:36","modified_gmt":"2024-06-18T13:20:36","slug":"careers","status":"publish","type":"page","link":"https:\/\/zh-test.co.uk\/de\/karriere\/","title":{"rendered":"Karriere"},"content":{"rendered":"<section class=\"wp-block-group has-theme-white-background-color has-background is-layout-constrained wp-block-group-is-layout-constrained\"><div class=\"wp-block-group__inner-container\">\n<div class=\"wp-block-group container is-layout-constrained wp-block-group-is-layout-constrained\"><div class=\"wp-block-group__inner-container\">\n<h2 class=\"wp-block-heading h4 section-heading\" id=\"h-working-at-ziemann-holvrieka\">Arbeiten bei Ziemann Holvrieka<\/h2>\n\n\n\n<div class=\"wp-block-columns is-layout-flex wp-container-core-columns-layout-1 wp-block-columns-is-layout-flex\">\n<div class=\"wp-block-column is-layout-flow wp-block-column-is-layout-flow\" style=\"flex-basis:66.66%\">\n<p class=\"translation-block\">Als Weltmarktf\u00fchrer im Tankbau und in der Prozesstechnologie mit 170-j\u00e4hriger Firmengeschichte sind wir stolz darauf, f\u00fcr viele bekannte Biermarken Brauereien gebaut zu haben. Bei uns erwarten Sie spannende Benefits, ein eigener Verantwortungsbereich, eine attraktive Verg\u00fctung, 35h\/Woche, ein Arbeitszeitkonto und Vieles mehr. Entfalten Sie Ihr Potenzial und gestalten Sie Ihre berufliche Laufbahn gemeinsam mit uns.\n\nBewerben Sie sich jetzt und entdecken Sie die M\u00f6glichkeiten f\u00fcr eine Karriere bei Ziemann Holvrieka<\/p>\n<\/div>\n\n\n\n<div class=\"wp-block-column is-layout-flow wp-block-column-is-layout-flow\" style=\"flex-basis:33.33%\"><\/div>\n<\/div>\n\n\n\n<h2 class=\"wp-block-heading h4 section-heading\" id=\"h-current-vacancies\">Aktuelle Stellenausschreibungen<\/h2>\n\n\n\n<div style=\"height:40px\" aria-hidden=\"true\" class=\"wp-block-spacer\"><\/div>\n\n\n\n            <figure class=\"wp-block-table careers-table\">\n            <table class=\"has-fixed-layout\">\n            <thead>\n            <tr><th class=\"has-text-align-left\" data-align=\"left\"><strong>Titel<\/strong><\/th>\n            <th class=\"has-text-align-left\" data-align=\"left\"><strong>Standort<\/strong><\/th>\n            <th class=\"has-text-align-left\" data-align=\"left\"><strong>Vollzeit\/Teilzeit<\/strong><\/th><\/tr>\n            <\/thead>\n            <tbody>\n            <\/tbody>\n            <\/table>\n            <\/figure>\n<\/div><\/div>\n<\/div><\/section>\n\n\n\n<div class=\"wp-block-group container is-layout-constrained wp-block-group-is-layout-constrained\"><div class=\"wp-block-group__inner-container\"><\/div><\/div>\n\n\n\n<div class=\"wp-block-columns gap-none has-theme-primary-background-color has-background is-layout-flex wp-container-core-columns-layout-2 wp-block-columns-is-layout-flex\">\n<div class=\"wp-block-column is-layout-flow wp-block-column-is-layout-flow\">\n<div class=\"wp-block-cover\"><span aria-hidden=\"true\" class=\"wp-block-cover__background has-background-dim-0 has-background-dim\"><\/span><img loading=\"lazy\" decoding=\"async\" width=\"768\" height=\"994\" class=\"wp-block-cover__image-background wp-image-775\" alt=\"Hintergrundgrafik\" src=\"https:\/\/zh-test.co.uk\/wp-content\/uploads\/2023\/08\/background-graphic.png\" data-object-fit=\"cover\" srcset=\"https:\/\/zh-test.co.uk\/wp-content\/uploads\/2023\/08\/background-graphic.png 768w, https:\/\/zh-test.co.uk\/wp-content\/uploads\/2023\/08\/background-graphic-232x300.png 232w, https:\/\/zh-test.co.uk\/wp-content\/uploads\/2023\/08\/background-graphic-464x600.png 464w\" sizes=\"(max-width: 768px) 100vw, 768px\" \/><div class=\"wp-block-cover__inner-container is-layout-constrained wp-block-cover-is-layout-constrained\">\n<div class=\"wp-block-group left-container flex flex-center is-layout-constrained wp-block-group-is-layout-constrained\"><div class=\"wp-block-group__inner-container\">\n<h4 class=\"wp-block-heading has-theme-white-color has-text-color\" id=\"h-working-life-at-ziemann-holvrieka\">Arbeiten bei Ziemann Holvrieka <\/h4>\n\n\n\n<p>Bei Ziemann Holvrieka legen wir gro\u00dfen Wert auf das Wohlbefinden unserer Mitarbeiter. Daher bieten wir umfangreiche Leistungen an, um eine ausgewogene Work-Life-Balance zu erm\u00f6glichen.<\/p>\n<\/div><\/div>\n<\/div><\/div>\n<\/div>\n\n\n\n<div class=\"wp-block-column is-layout-flow wp-block-column-is-layout-flow\">\n<div class=\"wp-block-cover is-light\"><span aria-hidden=\"true\" class=\"wp-block-cover__background has-background-dim-0 has-background-dim\"><\/span><img loading=\"lazy\" decoding=\"async\" width=\"1500\" height=\"998\" class=\"wp-block-cover__image-background wp-image-1558\" alt=\"\" src=\"https:\/\/zh-test.co.uk\/wp-content\/uploads\/2023\/09\/Klindtworth_M667095.jpg\" style=\"object-position:51% 40%\" data-object-fit=\"cover\" data-object-position=\"51% 40%\" srcset=\"https:\/\/zh-test.co.uk\/wp-content\/uploads\/2023\/09\/Klindtworth_M667095.jpg 1500w, https:\/\/zh-test.co.uk\/wp-content\/uploads\/2023\/09\/Klindtworth_M667095-300x200.jpg 300w, https:\/\/zh-test.co.uk\/wp-content\/uploads\/2023\/09\/Klindtworth_M667095-1024x681.jpg 1024w, https:\/\/zh-test.co.uk\/wp-content\/uploads\/2023\/09\/Klindtworth_M667095-768x511.jpg 768w, https:\/\/zh-test.co.uk\/wp-content\/uploads\/2023\/09\/Klindtworth_M667095-18x12.jpg 18w, https:\/\/zh-test.co.uk\/wp-content\/uploads\/2023\/09\/Klindtworth_M667095-600x399.jpg 600w, https:\/\/zh-test.co.uk\/wp-content\/uploads\/2023\/09\/Klindtworth_M667095-1200x798.jpg 1200w\" sizes=\"(max-width: 1500px) 100vw, 1500px\" \/><div class=\"wp-block-cover__inner-container is-layout-flow wp-block-cover-is-layout-flow\">\n<p class=\"has-text-align-center has-large-font-size\"><\/p>\n<\/div><\/div>\n<\/div>\n<\/div>\n\n\n\n<section class=\"wp-block-group has-theme-white-background-color has-background is-layout-constrained wp-block-group-is-layout-constrained\"><div class=\"wp-block-group__inner-container\">\n<div class=\"wp-block-group container is-layout-constrained wp-block-group-is-layout-constrained\"><div class=\"wp-block-group__inner-container\">\n<div class=\"wp-block-columns is-layout-flex wp-container-core-columns-layout-3 wp-block-columns-is-layout-flex\">\n<div class=\"wp-block-column is-layout-flow wp-block-column-is-layout-flow\" style=\"flex-basis:66.66%\">\n<h3 class=\"wp-block-heading has-theme-secondary-text-color has-text-color\" id=\"h-benefits-of-working-at-ziemann-holvrieka\">Leistungspaket f\u00fcr Mitarbeiter bei Ziemann Holvrieka<\/h3>\n\n\n\n<div style=\"height:20px\" aria-hidden=\"true\" class=\"wp-block-spacer\"><\/div>\n<\/div>\n\n\n\n<div class=\"wp-block-column is-layout-flow wp-block-column-is-layout-flow\" style=\"flex-basis:33.33%\"><\/div>\n<\/div>\n\n\n\n<div class=\"wp-block-columns gap-100 is-layout-flex wp-container-core-columns-layout-4 wp-block-columns-is-layout-flex\">\n<div class=\"wp-block-column is-layout-flow wp-block-column-is-layout-flow\">\n<ul>\n<li>Flexible Arbeitszeiten zwischen 6.00 und 20.00 Uhr*<\/li>\n\n\n\n<li>Bis zu 2 Tage mobiles Arbeiten pro Woche*<\/li>\n\n\n\n<li>Arbeitszeitkonto f\u00fcr individuelle Planung<\/li>\n\n\n\n<li>Tarifvertrag (Lohntarifvertrag der Metall- und Elektroindustrie)<\/li>\n\n\n\n<li>Jobrad f\u00fcr umweltfreundliche Mobilit\u00e4t<\/li>\n\n\n\n<li>Aus- und Weiterbildung zur pers\u00f6nlichen Weiterentwicklung<\/li>\n\n\n\n<li>Reisekostenerstattung f\u00fcr einfaches Reisen<\/li>\n\n\n\n<li>Betriebliche Altersvorsorge f\u00fcr eine sichere Zukunft<\/li>\n\n\n\n<li>Verm\u00f6genswirksame Leistungen f\u00fcr zus\u00e4tzliche Unterst\u00fctzung<\/li>\n<\/ul>\n<\/div>\n\n\n\n<div class=\"wp-block-column is-layout-flow wp-block-column-is-layout-flow\">\n<ul>\n<li>14 Geh\u00e4lter f\u00fcr finanzielle Stabilit\u00e4t<\/li>\n\n\n\n<li>30 Tage Urlaub f\u00fcr ausreichende Erholung<\/li>\n\n\n\n<li>35h\/Woche Arbeitszeit f\u00fcr mehr Freizeit<\/li>\n\n\n\n<li>Moderne Arbeitspl\u00e4tze f\u00fcr effizientes Arbeiten<\/li>\n\n\n\n<li>Zentrale Lage mit guter Anbindung an \u00f6ffentliche Verkehrsmittel f\u00fcr bequeme Erreichbarkeit<\/li>\n\n\n\n<li>Mitarbeiterparkpl\u00e4tze f\u00fcr stressfreies Pendeln<\/li>\n\n\n\n<li>Firmenveranstaltungen f\u00fcr ein starkes Teamgef\u00fchl<\/li>\n\n\n\n<li>Haustrunk als besonderes Dankesch\u00f6n<\/li>\n<\/ul>\n<\/div>\n<\/div>\n<\/div><\/div>\n<\/div><\/section>\n\n\n\n<div class=\"wp-block-group container no-padding is-layout-constrained wp-block-group-is-layout-constrained\"><div class=\"wp-block-group__inner-container\">\n<p class=\"has-text-align-left\">   *F\u00fcr B\u00fcrojobs<\/p>\n\n\n\n<div style=\"height:50px\" aria-hidden=\"true\" class=\"wp-block-spacer\"><\/div>\n<\/div><\/div>\n\n\n\n<div class=\"wp-block-columns gap-none has-theme-primary-color has-theme-grey-background-color has-text-color has-background has-link-color wp-elements-0f20e08dbcb0007fe46e242791b2f7c1 is-layout-flex wp-container-core-columns-layout-5 wp-block-columns-is-layout-flex\">\n<div class=\"wp-block-column is-layout-flow wp-block-column-is-layout-flow\">\n<div class=\"wp-block-group left-container flex flex-center is-layout-constrained wp-block-group-is-layout-constrained\"><div class=\"wp-block-group__inner-container\">\n<h3 class=\"wp-block-heading has-theme-secondary-text-color has-text-color\" id=\"h-apprentices-at-ziemann-holvrieka\">Auszubildende bei Ziemann Holvrieka<\/h3>\n\n\n\n<p>Starte mit Ziemann Holvrieka in eine lohnende berufliche Zukunft! Entdecke  unsere vielf\u00e4ltigen Ausbildungsm\u00f6glichkeiten, wie<\/p>\n\n\n\n<ul>\n<li><a href=\"https:\/\/zh-test.co.uk\/de\/karriere\/auszubildende\/karriere-auszubildende-metallbauer\/\" target=\"_blank\" rel=\"noreferrer noopener\"><strong>Metallbauer (m\/w\/d)<\/strong><\/a><\/li>\n\n\n\n<li><a href=\"https:\/\/zh-test.co.uk\/de\/karriere\/auszubildende\/industriekaufmann\/\" target=\"_blank\" rel=\"noreferrer noopener\"><strong>Industriekaufmannn (m\/w\/d)<\/strong><\/a><\/li>\n\n\n\n<li><a href=\"https:\/\/zh-test.co.uk\/de\/karriere\/auszubildende\/technischer-produktdesigner\/\" target=\"_blank\" rel=\"noreferrer noopener\"><strong>Technischer Produktdesigner (m\/w\/d)<\/strong><\/a><\/li>\n\n\n\n<li> <a href=\"https:\/\/zh-test.co.uk\/de\/karriere\/auszubildende\/technischer-systemplaner-m-w-d\/\" target=\"_blank\" rel=\"noreferrer noopener\"><strong>Technischer Systemplaner (m\/w\/d)<\/strong><\/a><\/li>\n\n\n\n<li><a href=\"https:\/\/zh-test.co.uk\/de\/karriere\/auszubildende\/karriere-auszubildende-fachkraft-fur-lagerlogistik\/\" target=\"_blank\" rel=\"noreferrer noopener\"><strong>Fachkraft f\u00fcr Lagerlogistik (m\/w\/d)<\/strong><\/a><\/li>\n\n\n\n<li>und<a href=\"https:\/\/zh-test.co.uk\/de\/karriere\/auszubildende\/fachinformatiker\/\" target=\"_blank\" rel=\"noreferrer noopener\"><strong> Fachinformatiker (m\/w\/d)<\/strong><\/a><br><br>Wir engagieren uns f\u00fcr Ihre Entwicklung und bieten Ihnen eine perfekte Ausbildung und optionale Praktika. Kontaktieren Sie uns bei Fragen oder bewerben Sie sich direkt mit Ihren Unterlagen. Deine Zukunft beginnt <a href=\"https:\/\/zh-test.co.uk\/de\/karriere\/auszubildende\/\"><strong>hier<\/strong><\/a>!<\/li>\n<\/ul>\n<\/div><\/div>\n<\/div>\n\n\n\n<div class=\"wp-block-column is-layout-flow wp-block-column-is-layout-flow\">\n<div class=\"wp-block-cover is-light\"><span aria-hidden=\"true\" class=\"wp-block-cover__background has-background-dim-0 has-background-dim\"><\/span><img loading=\"lazy\" decoding=\"async\" width=\"2560\" height=\"1705\" class=\"wp-block-cover__image-background wp-image-5634\" alt=\"\" src=\"https:\/\/zh-test.co.uk\/wp-content\/uploads\/2023\/11\/Klindtworth_M669682-scaled.jpg\" data-object-fit=\"cover\" srcset=\"https:\/\/zh-test.co.uk\/wp-content\/uploads\/2023\/11\/Klindtworth_M669682-scaled.jpg 2560w, https:\/\/zh-test.co.uk\/wp-content\/uploads\/2023\/11\/Klindtworth_M669682-300x200.jpg 300w, https:\/\/zh-test.co.uk\/wp-content\/uploads\/2023\/11\/Klindtworth_M669682-1024x682.jpg 1024w, https:\/\/zh-test.co.uk\/wp-content\/uploads\/2023\/11\/Klindtworth_M669682-768x512.jpg 768w, https:\/\/zh-test.co.uk\/wp-content\/uploads\/2023\/11\/Klindtworth_M669682-250x167.jpg 250w, https:\/\/zh-test.co.uk\/wp-content\/uploads\/2023\/11\/Klindtworth_M669682-450x300.jpg 450w, https:\/\/zh-test.co.uk\/wp-content\/uploads\/2023\/11\/Klindtworth_M669682-1536x1023.jpg 1536w, https:\/\/zh-test.co.uk\/wp-content\/uploads\/2023\/11\/Klindtworth_M669682-2048x1364.jpg 2048w, https:\/\/zh-test.co.uk\/wp-content\/uploads\/2023\/11\/Klindtworth_M669682-18x12.jpg 18w, https:\/\/zh-test.co.uk\/wp-content\/uploads\/2023\/11\/Klindtworth_M669682-600x400.jpg 600w, https:\/\/zh-test.co.uk\/wp-content\/uploads\/2023\/11\/Klindtworth_M669682-1200x799.jpg 1200w, https:\/\/zh-test.co.uk\/wp-content\/uploads\/2023\/11\/Klindtworth_M669682-1920x1279.jpg 1920w\" sizes=\"(max-width: 2560px) 100vw, 2560px\" \/><div class=\"wp-block-cover__inner-container is-layout-flow wp-block-cover-is-layout-flow\">\n<p class=\"has-text-align-center has-large-font-size\"><\/p>\n<\/div><\/div>\n<\/div>\n<\/div>","protected":false},"excerpt":{"rendered":"<p>Working at Ziemann Holvrieka As a global market leader in tank manufacturing and process technology with 170 years of company history, we are proud to [&hellip;]<\/p>\n","protected":false},"author":1,"featured_media":1556,"parent":0,"menu_order":0,"comment_status":"closed","ping_status":"closed","template":"templates\/careers.php","meta":{"footnotes":""},"yoast_head":"<!-- This site is optimized with the Yoast SEO Premium plugin v21.7 (Yoast SEO v23.5) - https:\/\/yoast.com\/wordpress\/plugins\/seo\/ -->\n<title>Jobs in Ludwigsburg &amp; B\u00fcrgstadt at Ziemann Holvrieka<\/title>\n<meta name=\"description\" content=\"Explore career opportunities at Ziemann Holvrieka Join a team that values your growth and success. Your next adventure starts here.\" \/>\n<meta name=\"robots\" content=\"noindex, follow, max-snippet:-1, max-image-preview:large, max-video-preview:-1\" \/>\n<meta property=\"og:locale\" content=\"de_DE\" \/>\n<meta property=\"og:type\" content=\"article\" \/>\n<meta property=\"og:title\" content=\"Careers\" \/>\n<meta property=\"og:description\" content=\"Explore career opportunities at Ziemann Holvrieka Join a team that values your growth and success. Your next adventure starts here.\" \/>\n<meta property=\"og:url\" content=\"https:\/\/zh-test.co.uk\/de\/karriere\/\" \/>\n<meta property=\"og:site_name\" content=\"Ziemann Holvrieka\" \/>\n<meta property=\"article:publisher\" content=\"https:\/\/www.linkedin.com\/company\/ziemann-international-gmbh\" \/>\n<meta property=\"article:modified_time\" content=\"2024-06-18T13:20:36+00:00\" \/>\n<meta property=\"og:image\" content=\"https:\/\/zh-test.co.uk\/wp-content\/uploads\/2023\/09\/Klindtworth_M668977.jpg\" \/>\n\t<meta property=\"og:image:width\" content=\"1500\" \/>\n\t<meta property=\"og:image:height\" content=\"998\" \/>\n\t<meta property=\"og:image:type\" content=\"image\/jpeg\" \/>\n<meta name=\"twitter:card\" content=\"summary_large_image\" \/>\n<meta name=\"twitter:label1\" content=\"Gesch\u00e4tzte Lesezeit\" \/>\n\t<meta name=\"twitter:data1\" content=\"3\u00a0Minuten\" \/>\n<script type=\"application\/ld+json\" class=\"yoast-schema-graph\">{\"@context\":\"https:\/\/schema.org\",\"@graph\":[{\"@type\":\"WebPage\",\"@id\":\"https:\/\/zh-test.co.uk\/careers\/\",\"url\":\"https:\/\/zh-test.co.uk\/careers\/\",\"name\":\"Jobs in Ludwigsburg & B\u00fcrgstadt at Ziemann Holvrieka\",\"isPartOf\":{\"@id\":\"https:\/\/zh-test.co.uk\/#website\"},\"primaryImageOfPage\":{\"@id\":\"https:\/\/zh-test.co.uk\/careers\/#primaryimage\"},\"image\":{\"@id\":\"https:\/\/zh-test.co.uk\/careers\/#primaryimage\"},\"thumbnailUrl\":\"https:\/\/zh-test.co.uk\/wp-content\/uploads\/2023\/09\/Klindtworth_M668977.jpg\",\"datePublished\":\"2023-09-01T15:29:34+00:00\",\"dateModified\":\"2024-06-18T13:20:36+00:00\",\"description\":\"Explore career opportunities at Ziemann Holvrieka Join a team that values your growth and success. Your next adventure starts here.\",\"breadcrumb\":{\"@id\":\"https:\/\/zh-test.co.uk\/careers\/#breadcrumb\"},\"inLanguage\":\"de\",\"potentialAction\":[{\"@type\":\"ReadAction\",\"target\":[\"https:\/\/zh-test.co.uk\/careers\/\"]}]},{\"@type\":\"ImageObject\",\"inLanguage\":\"de\",\"@id\":\"https:\/\/zh-test.co.uk\/careers\/#primaryimage\",\"url\":\"https:\/\/zh-test.co.uk\/wp-content\/uploads\/2023\/09\/Klindtworth_M668977.jpg\",\"contentUrl\":\"https:\/\/zh-test.co.uk\/wp-content\/uploads\/2023\/09\/Klindtworth_M668977.jpg\",\"width\":1500,\"height\":998},{\"@type\":\"BreadcrumbList\",\"@id\":\"https:\/\/zh-test.co.uk\/careers\/#breadcrumb\",\"itemListElement\":[{\"@type\":\"ListItem\",\"position\":1,\"name\":\"Home\",\"item\":\"https:\/\/zh-test.co.uk\/\"},{\"@type\":\"ListItem\",\"position\":2,\"name\":\"Careers\"}]},{\"@type\":\"WebSite\",\"@id\":\"https:\/\/zh-test.co.uk\/#website\",\"url\":\"https:\/\/zh-test.co.uk\/\",\"name\":\"Ziemann Holvrieka\",\"description\":\"\",\"potentialAction\":[{\"@type\":\"SearchAction\",\"target\":{\"@type\":\"EntryPoint\",\"urlTemplate\":\"https:\/\/zh-test.co.uk\/?s={search_term_string}\"},\"query-input\":{\"@type\":\"PropertyValueSpecification\",\"valueRequired\":true,\"valueName\":\"search_term_string\"}}],\"inLanguage\":\"de\"}]}<\/script>\n<!-- \/ Yoast SEO Premium plugin. -->","yoast_head_json":{"title":"Jobs in Ludwigsburg &amp; B\u00fcrgstadt bei Ziemann Holvrieka","description":"Entdecken Sie die Karrierem\u00f6glichkeiten bei Ziemann Holvrieka.  Werden Sie Teil unseres Teams in der spannenden Bierindustrie.","robots":{"index":"noindex","follow":"follow","max-snippet":"max-snippet:-1","max-image-preview":"max-image-preview:large","max-video-preview":"max-video-preview:-1"},"og_locale":"de_DE","og_type":"article","og_title":"Careers","og_description":"Explore career opportunities at Ziemann Holvrieka Join a team that values your growth and success. Your next adventure starts here.","og_url":"https:\/\/zh-test.co.uk\/de\/karriere\/","og_site_name":"Ziemann Holvrieka","article_publisher":"https:\/\/www.linkedin.com\/company\/ziemann-international-gmbh","article_modified_time":"2024-06-18T13:20:36+00:00","og_image":[{"width":1500,"height":998,"url":"https:\/\/zh-test.co.uk\/wp-content\/uploads\/2023\/09\/Klindtworth_M668977.jpg","type":"image\/jpeg"}],"twitter_card":"summary_large_image","twitter_misc":{"Gesch\u00e4tzte Lesezeit":"3\u00a0Minuten"},"schema":{"@context":"https:\/\/schema.org","@graph":[{"@type":"WebPage","@id":"https:\/\/zh-test.co.uk\/careers\/","url":"https:\/\/zh-test.co.uk\/careers\/","name":"Jobs in Ludwigsburg &amp; B\u00fcrgstadt bei Ziemann Holvrieka","isPartOf":{"@id":"https:\/\/zh-test.co.uk\/#website"},"primaryImageOfPage":{"@id":"https:\/\/zh-test.co.uk\/careers\/#primaryimage"},"image":{"@id":"https:\/\/zh-test.co.uk\/careers\/#primaryimage"},"thumbnailUrl":"https:\/\/zh-test.co.uk\/wp-content\/uploads\/2023\/09\/Klindtworth_M668977.jpg","datePublished":"2023-09-01T15:29:34+00:00","dateModified":"2024-06-18T13:20:36+00:00","description":"Entdecken Sie die Karrierem\u00f6glichkeiten bei Ziemann Holvrieka.  Werden Sie Teil unseres Teams in der spannenden Bierindustrie.","breadcrumb":{"@id":"https:\/\/zh-test.co.uk\/careers\/#breadcrumb"},"inLanguage":"de","potentialAction":[{"@type":"ReadAction","target":["https:\/\/zh-test.co.uk\/careers\/"]}]},{"@type":"ImageObject","inLanguage":"de","@id":"https:\/\/zh-test.co.uk\/careers\/#primaryimage","url":"https:\/\/zh-test.co.uk\/wp-content\/uploads\/2023\/09\/Klindtworth_M668977.jpg","contentUrl":"https:\/\/zh-test.co.uk\/wp-content\/uploads\/2023\/09\/Klindtworth_M668977.jpg","width":1500,"height":998},{"@type":"BreadcrumbList","@id":"https:\/\/zh-test.co.uk\/careers\/#breadcrumb","itemListElement":[{"@type":"ListItem","position":1,"name":"Home","item":"https:\/\/zh-test.co.uk\/"},{"@type":"ListItem","position":2,"name":"Careers"}]},{"@type":"WebSite","@id":"https:\/\/zh-test.co.uk\/#website","url":"https:\/\/zh-test.co.uk\/","name":"Ziemann Holvrieka","description":"","potentialAction":[{"@type":"SearchAction","target":{"@type":"EntryPoint","urlTemplate":"https:\/\/zh-test.co.uk\/?s={search_term_string}"},"query-input":{"@type":"PropertyValueSpecification","valueRequired":true,"valueName":"search_term_string"}}],"inLanguage":"de"}]}},"_links":{"self":[{"href":"https:\/\/zh-test.co.uk\/de\/wp-json\/wp\/v2\/pages\/1181"}],"collection":[{"href":"https:\/\/zh-test.co.uk\/de\/wp-json\/wp\/v2\/pages"}],"about":[{"href":"https:\/\/zh-test.co.uk\/de\/wp-json\/wp\/v2\/types\/page"}],"author":[{"embeddable":true,"href":"https:\/\/zh-test.co.uk\/de\/wp-json\/wp\/v2\/users\/1"}],"replies":[{"embeddable":true,"href":"https:\/\/zh-test.co.uk\/de\/wp-json\/wp\/v2\/comments?post=1181"}],"version-history":[{"count":179,"href":"https:\/\/zh-test.co.uk\/de\/wp-json\/wp\/v2\/pages\/1181\/revisions"}],"predecessor-version":[{"id":6816,"href":"https:\/\/zh-test.co.uk\/de\/wp-json\/wp\/v2\/pages\/1181\/revisions\/6816"}],"wp:featuredmedia":[{"embeddable":true,"href":"https:\/\/zh-test.co.uk\/de\/wp-json\/wp\/v2\/media\/1556"}],"wp:attachment":[{"href":"https:\/\/zh-test.co.uk\/de\/wp-json\/wp\/v2\/media?parent=1181"}],"curies":[{"name":"wp","href":"https:\/\/api.w.org\/{rel}","templated":true}]}}