{"id":1382,"date":"2023-09-05T18:01:23","date_gmt":"2023-09-05T17:01:23","guid":{"rendered":"https:\/\/zh-test.co.uk\/?page_id=1382"},"modified":"2023-10-13T09:41:08","modified_gmt":"2023-10-13T08:41:08","slug":"leadership-team","status":"publish","type":"page","link":"https:\/\/zh-test.co.uk\/de\/management\/","title":{"rendered":"Management"},"content":{"rendered":"<div class=\"wp-block-group is-layout-constrained wp-block-group-is-layout-constrained\"><div class=\"wp-block-group__inner-container\">\n<div class=\"wp-block-group container is-layout-constrained wp-block-group-is-layout-constrained\"><div class=\"wp-block-group__inner-container\">\n<h2 class=\"wp-block-heading h4 section-heading\" id=\"h-board-of-directors\">Managing Directors<\/h2>\n\n\n\n<div class=\"wp-block-columns gap-100 is-layout-flex wp-container-core-columns-layout-1 wp-block-columns-is-layout-flex\">\n<div class=\"wp-block-column is-layout-flow wp-block-column-is-layout-flow\">\n<div class=\"wp-block-group leadership-team-block is-layout-constrained wp-block-group-is-layout-constrained\"><div class=\"wp-block-group__inner-container\">\n<div class=\"wp-block-cover is-light\"><span aria-hidden=\"true\" class=\"wp-block-cover__background has-background-dim-0 has-background-dim\"><\/span><img loading=\"lazy\" decoding=\"async\" width=\"1286\" height=\"856\" class=\"wp-block-cover__image-background wp-image-1392\" alt=\"Klaus Gehrig\" src=\"https:\/\/zh-test.co.uk\/wp-content\/uploads\/2023\/09\/Klaus-Gehrig.jpg\" data-object-fit=\"cover\" srcset=\"https:\/\/zh-test.co.uk\/wp-content\/uploads\/2023\/09\/Klaus-Gehrig.jpg 1286w, https:\/\/zh-test.co.uk\/wp-content\/uploads\/2023\/09\/Klaus-Gehrig-300x200.jpg 300w, https:\/\/zh-test.co.uk\/wp-content\/uploads\/2023\/09\/Klaus-Gehrig-1024x682.jpg 1024w, https:\/\/zh-test.co.uk\/wp-content\/uploads\/2023\/09\/Klaus-Gehrig-768x511.jpg 768w, https:\/\/zh-test.co.uk\/wp-content\/uploads\/2023\/09\/Klaus-Gehrig-18x12.jpg 18w, https:\/\/zh-test.co.uk\/wp-content\/uploads\/2023\/09\/Klaus-Gehrig-600x399.jpg 600w, https:\/\/zh-test.co.uk\/wp-content\/uploads\/2023\/09\/Klaus-Gehrig-1200x799.jpg 1200w\" sizes=\"(max-width: 1286px) 100vw, 1286px\" \/><div class=\"wp-block-cover__inner-container is-layout-constrained wp-block-cover-is-layout-constrained\">\n<p class=\"has-text-align-center has-large-font-size\"><\/p>\n<\/div><\/div>\n\n\n\n<div style=\"height:15px\" aria-hidden=\"true\" class=\"wp-block-spacer\"><\/div>\n\n\n\n<h4 class=\"wp-block-heading small-margin\" id=\"h-klaus-gehrig\"><strong>Klaus Gehrig<\/strong><\/h4>\n\n\n\n<p class=\"has-theme-secondary-color has-text-color\">Chief Executive Officer  (CEO) der Ziemann Holvrieka GmbH<\/p>\n\n\n\n<p>Erfahrung macht den Unterschied - das gilt auch f\u00fcr Gesch\u00e4ftsf\u00fchrer Klaus Gehrig. Seit mehr als 30 Jahren bei Ziemann, begann er seine Karriere 1984 als Auszubildender, durchlief verschiedene Stationen und wurde schlie\u00dflich technischer Leiter in B\u00fcrgstadt. Im Jahr 2003 wurde Klaus Gehrig zum COO in Ludwigsburg ernannt, seit 2015 f\u00fchrt er das Unternehmen als CEO. Mit einem tiefgreifenden Verst\u00e4ndnis beider Standorte und au\u00dfergew\u00f6hnlichen analytischen F\u00e4higkeiten ist Klaus Gehrigs Engagement f\u00fcr das Wohlergehen des Unternehmens, seiner Mitarbeiter und der weltweiten Brauindustrie tief verwurzelt.<\/p>\n\n\n\n<div style=\"height:70px\" aria-hidden=\"true\" class=\"wp-block-spacer\"><\/div>\n<\/div><\/div>\n<\/div>\n\n\n\n<div class=\"wp-block-column is-layout-flow wp-block-column-is-layout-flow\">\n<div class=\"wp-block-group leadership-team-block is-layout-constrained wp-block-group-is-layout-constrained\"><div class=\"wp-block-group__inner-container\">\n<div class=\"wp-block-cover is-light\"><span aria-hidden=\"true\" class=\"wp-block-cover__background has-background-dim-0 has-background-dim\"><\/span><img loading=\"lazy\" decoding=\"async\" width=\"1286\" height=\"856\" class=\"wp-block-cover__image-background wp-image-1391\" alt=\"Florian Schneider\" src=\"https:\/\/zh-test.co.uk\/wp-content\/uploads\/2023\/09\/Florian-Schneider.jpg\" data-object-fit=\"cover\" srcset=\"https:\/\/zh-test.co.uk\/wp-content\/uploads\/2023\/09\/Florian-Schneider.jpg 1286w, https:\/\/zh-test.co.uk\/wp-content\/uploads\/2023\/09\/Florian-Schneider-300x200.jpg 300w, https:\/\/zh-test.co.uk\/wp-content\/uploads\/2023\/09\/Florian-Schneider-1024x682.jpg 1024w, https:\/\/zh-test.co.uk\/wp-content\/uploads\/2023\/09\/Florian-Schneider-768x511.jpg 768w, https:\/\/zh-test.co.uk\/wp-content\/uploads\/2023\/09\/Florian-Schneider-18x12.jpg 18w, https:\/\/zh-test.co.uk\/wp-content\/uploads\/2023\/09\/Florian-Schneider-600x399.jpg 600w, https:\/\/zh-test.co.uk\/wp-content\/uploads\/2023\/09\/Florian-Schneider-1200x799.jpg 1200w\" sizes=\"(max-width: 1286px) 100vw, 1286px\" \/><div class=\"wp-block-cover__inner-container is-layout-constrained wp-block-cover-is-layout-constrained\">\n<p class=\"has-text-align-center has-large-font-size\"><\/p>\n<\/div><\/div>\n\n\n\n<div style=\"height:15px\" aria-hidden=\"true\" class=\"wp-block-spacer\"><\/div>\n\n\n\n<h4 class=\"wp-block-heading small-margin\" id=\"h-florian-schneider\"><strong>Florian Schneider<\/strong><\/h4>\n\n\n\n<p class=\"has-theme-secondary-color has-text-color\">Chief Commercial Officer (CCO) der Ziemann Holvrieka GmbH<\/p>\n\n\n\n<p>Florian Schneiders beeindruckende Erfolgsbilanz als Vertriebsleiter f\u00fcr EMEA und Prozesstechnologie sowie sein umfassendes globales Netzwerk und interkulturelles Verst\u00e4ndnis machen ihn zur perfekten F\u00fchrungspers\u00f6nlichkeit. Seit 2022, also als CCO im Amt, sorgt er durch seinen Einsatz daf\u00fcr, das Wachstum des Unternehmens voranzutreiben. Mit seinem starken Fokus auf Kundenzufriedenheit und erfolgreiche Projektumsetzung ist Florian Schneider eine unsch\u00e4tzbare Bereicherung f\u00fcr Ziemann Holvrieka.<\/p>\n<\/div><\/div>\n\n\n\n<div style=\"height:70px\" aria-hidden=\"true\" class=\"wp-block-spacer\"><\/div>\n<\/div>\n<\/div>\n\n\n\n<div class=\"wp-block-columns gap-100 is-layout-flex wp-container-core-columns-layout-2 wp-block-columns-is-layout-flex\">\n<div class=\"wp-block-column is-layout-flow wp-block-column-is-layout-flow\">\n<div class=\"wp-block-group leadership-team-block is-layout-constrained wp-block-group-is-layout-constrained\"><div class=\"wp-block-group__inner-container\">\n<div class=\"wp-block-cover is-light\"><span aria-hidden=\"true\" class=\"wp-block-cover__background has-background-dim-0 has-background-dim\"><\/span><img loading=\"lazy\" decoding=\"async\" width=\"1288\" height=\"858\" class=\"wp-block-cover__image-background wp-image-1393\" alt=\"Thorsten Engel\" src=\"https:\/\/zh-test.co.uk\/wp-content\/uploads\/2023\/09\/Thorsten-Engel.jpg\" data-object-fit=\"cover\" srcset=\"https:\/\/zh-test.co.uk\/wp-content\/uploads\/2023\/09\/Thorsten-Engel.jpg 1288w, https:\/\/zh-test.co.uk\/wp-content\/uploads\/2023\/09\/Thorsten-Engel-300x200.jpg 300w, https:\/\/zh-test.co.uk\/wp-content\/uploads\/2023\/09\/Thorsten-Engel-1024x682.jpg 1024w, https:\/\/zh-test.co.uk\/wp-content\/uploads\/2023\/09\/Thorsten-Engel-768x512.jpg 768w, https:\/\/zh-test.co.uk\/wp-content\/uploads\/2023\/09\/Thorsten-Engel-18x12.jpg 18w, https:\/\/zh-test.co.uk\/wp-content\/uploads\/2023\/09\/Thorsten-Engel-600x400.jpg 600w, https:\/\/zh-test.co.uk\/wp-content\/uploads\/2023\/09\/Thorsten-Engel-1200x799.jpg 1200w\" sizes=\"(max-width: 1288px) 100vw, 1288px\" \/><div class=\"wp-block-cover__inner-container is-layout-constrained wp-block-cover-is-layout-constrained\">\n<p class=\"has-text-align-center has-large-font-size\"><\/p>\n<\/div><\/div>\n\n\n\n<div style=\"height:15px\" aria-hidden=\"true\" class=\"wp-block-spacer\"><\/div>\n\n\n\n<h4 class=\"wp-block-heading small-margin\" id=\"h-torsten-engel\"><strong>Torsten Engel<\/strong><\/h4>\n\n\n\n<p class=\"has-theme-secondary-color has-text-color\">Chief Financial Officer (CFO) der Ziemann Holvrieka GmbH<\/p>\n\n\n\n<p>Der erfahrene Finanzexperte CFO Torsten Engel verf\u00fcgt \u00fcber langj\u00e4hrige Erfahrung in der Leitung der gesamten Finanzabteilung auf lokaler, regionaler und globaler Ebene. Als zertifizierter Black Belt in Six Sigma Lean Management bringt er herausragende Effizienz in unsere Finanzabl\u00e4ufe. Torsten Engel trat im Januar 2020 in die ZHG ein und wurde am 4. Juni 2020 zum CFO ernannt. Unter Torsten Engels F\u00fchrung ist unsere Finanzabteilung in den bestm\u00f6glichen H\u00e4nden.<\/p>\n\n\n\n<div style=\"height:70px\" aria-hidden=\"true\" class=\"wp-block-spacer\"><\/div>\n<\/div><\/div>\n<\/div>\n\n\n\n<div class=\"wp-block-column is-layout-flow wp-block-column-is-layout-flow\">\n<div class=\"wp-block-group leadership-team-block is-layout-constrained wp-block-group-is-layout-constrained\"><div class=\"wp-block-group__inner-container\">\n<div class=\"wp-block-cover is-light\"><span aria-hidden=\"true\" class=\"wp-block-cover__background has-background-dim-0 has-background-dim\"><\/span><img loading=\"lazy\" decoding=\"async\" width=\"1286\" height=\"858\" class=\"wp-block-cover__image-background wp-image-1394\" alt=\"Axel Z\u00fcgel\" src=\"https:\/\/zh-test.co.uk\/wp-content\/uploads\/2023\/09\/Axel-Zugel.jpg\" data-object-fit=\"cover\" srcset=\"https:\/\/zh-test.co.uk\/wp-content\/uploads\/2023\/09\/Axel-Zugel.jpg 1286w, https:\/\/zh-test.co.uk\/wp-content\/uploads\/2023\/09\/Axel-Zugel-300x200.jpg 300w, https:\/\/zh-test.co.uk\/wp-content\/uploads\/2023\/09\/Axel-Zugel-1024x683.jpg 1024w, https:\/\/zh-test.co.uk\/wp-content\/uploads\/2023\/09\/Axel-Zugel-768x512.jpg 768w, https:\/\/zh-test.co.uk\/wp-content\/uploads\/2023\/09\/Axel-Zugel-18x12.jpg 18w, https:\/\/zh-test.co.uk\/wp-content\/uploads\/2023\/09\/Axel-Zugel-600x400.jpg 600w, https:\/\/zh-test.co.uk\/wp-content\/uploads\/2023\/09\/Axel-Zugel-1200x801.jpg 1200w\" sizes=\"(max-width: 1286px) 100vw, 1286px\" \/><div class=\"wp-block-cover__inner-container is-layout-constrained wp-block-cover-is-layout-constrained\">\n<p class=\"has-text-align-center has-large-font-size\"><\/p>\n<\/div><\/div>\n\n\n\n<div style=\"height:15px\" aria-hidden=\"true\" class=\"wp-block-spacer\"><\/div>\n\n\n\n<h4 class=\"wp-block-heading small-margin\" id=\"h-axel-zugel\"><strong>Axel Z\u00fcgel<\/strong><\/h4>\n\n\n\n<p class=\"has-theme-secondary-color has-text-color\">Chief Operating Officer (COO) der Ziemann Holvrieka GmbH<\/p>\n\n\n\n<p>Mit fast 20 Jahren bei Ziemann Holvrieka bringt COO Axel Z\u00fcgel au\u00dfergew\u00f6hnliche Fachkenntnisse in den Bereichen Auftragsabwicklung, Einkauf, Projektmanagement, Montage, Logistik und Technik mit. Er setzt sein umfassendes Fachwissen und seine F\u00e4higkeiten ein, um die internen Prozesse zu optimieren und einen herausragenden Kundenservice zu bieten. Am 1. Januar 2023 hat Axel Z\u00fcgel die Leitung der operativen Bereiche als COO von Ziemann Holvrieka \u00fcbernommen.<\/p>\n<\/div><\/div>\n\n\n\n<div style=\"height:70px\" aria-hidden=\"true\" class=\"wp-block-spacer\"><\/div>\n<\/div>\n<\/div>\n<\/div><\/div>\n<\/div><\/div>","protected":false},"excerpt":{"rendered":"<p>Board of Directors Klaus Gehrig Chief Executive Officer (CEO) at Ziemann Holvrieka GmbH Experience makes the difference &#8211; this also applies to CEO Klaus Gehrig. [&hellip;]<\/p>\n","protected":false},"author":1,"featured_media":1534,"parent":0,"menu_order":0,"comment_status":"closed","ping_status":"closed","template":"templates\/leadership-team.php","meta":{"footnotes":""},"yoast_head":"<!-- This site is optimized with the Yoast SEO Premium plugin v21.7 (Yoast SEO v23.5) - https:\/\/yoast.com\/wordpress\/plugins\/seo\/ -->\n<title>Meet Ziemann Holvrieka&#039;s Visionary Leadership Team<\/title>\n<meta name=\"description\" content=\"Ziemann&#039;s leadership team, led by CEO Klaus Gehrig, is committed to the well-being of the company, its employees, and the global brewing industry.\" \/>\n<meta name=\"robots\" content=\"noindex, follow, max-snippet:-1, max-image-preview:large, max-video-preview:-1\" \/>\n<meta property=\"og:locale\" content=\"de_DE\" \/>\n<meta property=\"og:type\" content=\"article\" \/>\n<meta property=\"og:title\" content=\"Leadership Team\" \/>\n<meta property=\"og:description\" content=\"Ziemann&#039;s leadership team, led by CEO Klaus Gehrig, is committed to the well-being of the company, its employees, and the global brewing industry.\" \/>\n<meta property=\"og:url\" content=\"https:\/\/zh-test.co.uk\/de\/management\/\" \/>\n<meta property=\"og:site_name\" content=\"Ziemann Holvrieka\" \/>\n<meta property=\"article:publisher\" content=\"https:\/\/www.linkedin.com\/company\/ziemann-international-gmbh\" \/>\n<meta property=\"article:modified_time\" content=\"2023-10-13T08:41:08+00:00\" \/>\n<meta property=\"og:image\" content=\"https:\/\/zh-test.co.uk\/wp-content\/uploads\/2023\/09\/Flags.jpg\" \/>\n\t<meta property=\"og:image:width\" content=\"2000\" \/>\n\t<meta property=\"og:image:height\" content=\"1331\" \/>\n\t<meta property=\"og:image:type\" content=\"image\/jpeg\" \/>\n<meta name=\"twitter:card\" content=\"summary_large_image\" \/>\n<meta name=\"twitter:label1\" content=\"Gesch\u00e4tzte Lesezeit\" \/>\n\t<meta name=\"twitter:data1\" content=\"3\u00a0Minuten\" \/>\n<script type=\"application\/ld+json\" class=\"yoast-schema-graph\">{\"@context\":\"https:\/\/schema.org\",\"@graph\":[{\"@type\":\"WebPage\",\"@id\":\"https:\/\/zh-test.co.uk\/leadership-team\/\",\"url\":\"https:\/\/zh-test.co.uk\/leadership-team\/\",\"name\":\"Meet Ziemann Holvrieka's Visionary Leadership Team\",\"isPartOf\":{\"@id\":\"https:\/\/zh-test.co.uk\/#website\"},\"primaryImageOfPage\":{\"@id\":\"https:\/\/zh-test.co.uk\/leadership-team\/#primaryimage\"},\"image\":{\"@id\":\"https:\/\/zh-test.co.uk\/leadership-team\/#primaryimage\"},\"thumbnailUrl\":\"https:\/\/zh-test.co.uk\/wp-content\/uploads\/2023\/09\/Flags.jpg\",\"datePublished\":\"2023-09-05T17:01:23+00:00\",\"dateModified\":\"2023-10-13T08:41:08+00:00\",\"description\":\"Ziemann's leadership team, led by CEO Klaus Gehrig, is committed to the well-being of the company, its employees, and the global brewing industry.\",\"breadcrumb\":{\"@id\":\"https:\/\/zh-test.co.uk\/leadership-team\/#breadcrumb\"},\"inLanguage\":\"de\",\"potentialAction\":[{\"@type\":\"ReadAction\",\"target\":[\"https:\/\/zh-test.co.uk\/leadership-team\/\"]}]},{\"@type\":\"ImageObject\",\"inLanguage\":\"de\",\"@id\":\"https:\/\/zh-test.co.uk\/leadership-team\/#primaryimage\",\"url\":\"https:\/\/zh-test.co.uk\/wp-content\/uploads\/2023\/09\/Flags.jpg\",\"contentUrl\":\"https:\/\/zh-test.co.uk\/wp-content\/uploads\/2023\/09\/Flags.jpg\",\"width\":2000,\"height\":1331},{\"@type\":\"BreadcrumbList\",\"@id\":\"https:\/\/zh-test.co.uk\/leadership-team\/#breadcrumb\",\"itemListElement\":[{\"@type\":\"ListItem\",\"position\":1,\"name\":\"Home\",\"item\":\"https:\/\/zh-test.co.uk\/\"},{\"@type\":\"ListItem\",\"position\":2,\"name\":\"Leadership Team\"}]},{\"@type\":\"WebSite\",\"@id\":\"https:\/\/zh-test.co.uk\/#website\",\"url\":\"https:\/\/zh-test.co.uk\/\",\"name\":\"Ziemann Holvrieka\",\"description\":\"\",\"potentialAction\":[{\"@type\":\"SearchAction\",\"target\":{\"@type\":\"EntryPoint\",\"urlTemplate\":\"https:\/\/zh-test.co.uk\/?s={search_term_string}\"},\"query-input\":{\"@type\":\"PropertyValueSpecification\",\"valueRequired\":true,\"valueName\":\"search_term_string\"}}],\"inLanguage\":\"de\"}]}<\/script>\n<!-- \/ Yoast SEO Premium plugin. -->","yoast_head_json":{"title":"Treffen Sie das vision\u00e4re F\u00fchrungsteam von Ziemann Holvrieka","description":"Das F\u00fchrungsteam von Ziemann, angef\u00fchrt von CEO Klaus Gehrig, setzt sich f\u00fcr das Wohlergehen des Unternehmens, seiner Mitarbeiter und der weltweiten Brauindustrie ein.","robots":{"index":"noindex","follow":"follow","max-snippet":"max-snippet:-1","max-image-preview":"max-image-preview:large","max-video-preview":"max-video-preview:-1"},"og_locale":"de_DE","og_type":"article","og_title":"Leadership Team","og_description":"Ziemann's leadership team, led by CEO Klaus Gehrig, is committed to the well-being of the company, its employees, and the global brewing industry.","og_url":"https:\/\/zh-test.co.uk\/de\/management\/","og_site_name":"Ziemann Holvrieka","article_publisher":"https:\/\/www.linkedin.com\/company\/ziemann-international-gmbh","article_modified_time":"2023-10-13T08:41:08+00:00","og_image":[{"width":2000,"height":1331,"url":"https:\/\/zh-test.co.uk\/wp-content\/uploads\/2023\/09\/Flags.jpg","type":"image\/jpeg"}],"twitter_card":"summary_large_image","twitter_misc":{"Gesch\u00e4tzte Lesezeit":"3\u00a0Minuten"},"schema":{"@context":"https:\/\/schema.org","@graph":[{"@type":"WebPage","@id":"https:\/\/zh-test.co.uk\/leadership-team\/","url":"https:\/\/zh-test.co.uk\/leadership-team\/","name":"Treffen Sie das vision\u00e4re F\u00fchrungsteam von Ziemann Holvrieka","isPartOf":{"@id":"https:\/\/zh-test.co.uk\/#website"},"primaryImageOfPage":{"@id":"https:\/\/zh-test.co.uk\/leadership-team\/#primaryimage"},"image":{"@id":"https:\/\/zh-test.co.uk\/leadership-team\/#primaryimage"},"thumbnailUrl":"https:\/\/zh-test.co.uk\/wp-content\/uploads\/2023\/09\/Flags.jpg","datePublished":"2023-09-05T17:01:23+00:00","dateModified":"2023-10-13T08:41:08+00:00","description":"Das F\u00fchrungsteam von Ziemann, angef\u00fchrt von CEO Klaus Gehrig, setzt sich f\u00fcr das Wohlergehen des Unternehmens, seiner Mitarbeiter und der weltweiten Brauindustrie ein.","breadcrumb":{"@id":"https:\/\/zh-test.co.uk\/leadership-team\/#breadcrumb"},"inLanguage":"de","potentialAction":[{"@type":"ReadAction","target":["https:\/\/zh-test.co.uk\/leadership-team\/"]}]},{"@type":"ImageObject","inLanguage":"de","@id":"https:\/\/zh-test.co.uk\/leadership-team\/#primaryimage","url":"https:\/\/zh-test.co.uk\/wp-content\/uploads\/2023\/09\/Flags.jpg","contentUrl":"https:\/\/zh-test.co.uk\/wp-content\/uploads\/2023\/09\/Flags.jpg","width":2000,"height":1331},{"@type":"BreadcrumbList","@id":"https:\/\/zh-test.co.uk\/leadership-team\/#breadcrumb","itemListElement":[{"@type":"ListItem","position":1,"name":"Home","item":"https:\/\/zh-test.co.uk\/"},{"@type":"ListItem","position":2,"name":"Leadership Team"}]},{"@type":"WebSite","@id":"https:\/\/zh-test.co.uk\/#website","url":"https:\/\/zh-test.co.uk\/","name":"Ziemann Holvrieka","description":"","potentialAction":[{"@type":"SearchAction","target":{"@type":"EntryPoint","urlTemplate":"https:\/\/zh-test.co.uk\/?s={search_term_string}"},"query-input":{"@type":"PropertyValueSpecification","valueRequired":true,"valueName":"search_term_string"}}],"inLanguage":"de"}]}},"_links":{"self":[{"href":"https:\/\/zh-test.co.uk\/de\/wp-json\/wp\/v2\/pages\/1382"}],"collection":[{"href":"https:\/\/zh-test.co.uk\/de\/wp-json\/wp\/v2\/pages"}],"about":[{"href":"https:\/\/zh-test.co.uk\/de\/wp-json\/wp\/v2\/types\/page"}],"author":[{"embeddable":true,"href":"https:\/\/zh-test.co.uk\/de\/wp-json\/wp\/v2\/users\/1"}],"replies":[{"embeddable":true,"href":"https:\/\/zh-test.co.uk\/de\/wp-json\/wp\/v2\/comments?post=1382"}],"version-history":[{"count":29,"href":"https:\/\/zh-test.co.uk\/de\/wp-json\/wp\/v2\/pages\/1382\/revisions"}],"predecessor-version":[{"id":2466,"href":"https:\/\/zh-test.co.uk\/de\/wp-json\/wp\/v2\/pages\/1382\/revisions\/2466"}],"wp:featuredmedia":[{"embeddable":true,"href":"https:\/\/zh-test.co.uk\/de\/wp-json\/wp\/v2\/media\/1534"}],"wp:attachment":[{"href":"https:\/\/zh-test.co.uk\/de\/wp-json\/wp\/v2\/media?parent=1382"}],"curies":[{"name":"wp","href":"https:\/\/api.w.org\/{rel}","templated":true}]}}