{"id":1818,"date":"2023-09-07T11:27:20","date_gmt":"2023-09-07T10:27:20","guid":{"rendered":"https:\/\/zh-test.co.uk\/?page_id=1818"},"modified":"2023-09-12T10:29:31","modified_gmt":"2023-09-12T09:29:31","slug":"relaunch","status":"publish","type":"page","link":"https:\/\/zh-test.co.uk\/de\/unsere-neue-marke\/","title":{"rendered":"Unsere neue Markenidentit\u00e4t"},"content":{"rendered":"<div style=\"height:100px\" aria-hidden=\"true\" class=\"wp-block-spacer\"><\/div>\n\n\n\n<div class=\"wp-block-group container is-layout-constrained wp-block-group-is-layout-constrained\"><div class=\"wp-block-group__inner-container\"><div class=\"wp-block-image img-responsive\">\n<figure class=\"aligncenter size-large is-resized\"><img loading=\"lazy\" decoding=\"async\" src=\"https:\/\/zh-test.co.uk\/wp-content\/uploads\/2023\/09\/ZH-Logo-comp-1024x101.png\" alt=\"\" class=\"wp-image-1870\" style=\"width:1164px;height:115px\" width=\"1164\" height=\"115\" srcset=\"https:\/\/zh-test.co.uk\/wp-content\/uploads\/2023\/09\/ZH-Logo-comp-1024x101.png 1024w, https:\/\/zh-test.co.uk\/wp-content\/uploads\/2023\/09\/ZH-Logo-comp-300x30.png 300w, https:\/\/zh-test.co.uk\/wp-content\/uploads\/2023\/09\/ZH-Logo-comp-768x76.png 768w, https:\/\/zh-test.co.uk\/wp-content\/uploads\/2023\/09\/ZH-Logo-comp-1536x152.png 1536w, https:\/\/zh-test.co.uk\/wp-content\/uploads\/2023\/09\/ZH-Logo-comp-2048x203.png 2048w, https:\/\/zh-test.co.uk\/wp-content\/uploads\/2023\/09\/ZH-Logo-comp-18x2.png 18w, https:\/\/zh-test.co.uk\/wp-content\/uploads\/2023\/09\/ZH-Logo-comp-600x59.png 600w, https:\/\/zh-test.co.uk\/wp-content\/uploads\/2023\/09\/ZH-Logo-comp-1200x119.png 1200w, https:\/\/zh-test.co.uk\/wp-content\/uploads\/2023\/09\/ZH-Logo-comp-1920x190.png 1920w\" sizes=\"(max-width: 1164px) 100vw, 1164px\" \/><\/figure><\/div><\/div><\/div>\n\n\n\n<div style=\"height:100px\" aria-hidden=\"true\" class=\"wp-block-spacer\"><\/div>\n\n\n\n<div class=\"wp-block-columns gap-none has-background is-layout-flex wp-container-core-columns-layout-1 wp-block-columns-is-layout-flex\" style=\"background-color:#eaeaea\">\n<div class=\"wp-block-column is-layout-flow wp-block-column-is-layout-flow\">\n<div class=\"wp-block-group left-container flex flex-center is-layout-constrained wp-block-group-is-layout-constrained\"><div class=\"wp-block-group__inner-container\">\n<h2 class=\"wp-block-heading has-theme-primary-color has-text-color\">\"Wir wollen unsere lange, gemeinsame Tradition noch st\u00e4rker und sichtbarer als Einheit pr\u00e4sentieren, aber auch unsere Orientierung Richtung Zukunft\"<\/h2>\n\n\n\n<h3 class=\"wp-block-heading\">erl\u00e4utert Gesch\u00e4ftsf\u00fchrer Florian Schneider den Relaunch des Markenauftritts von Ziemann Holvrieka.<\/h3>\n<\/div><\/div>\n<\/div>\n\n\n\n<div class=\"wp-block-column is-layout-flow wp-block-column-is-layout-flow\">\n<div class=\"wp-block-cover is-light\"><span aria-hidden=\"true\" class=\"wp-block-cover__background has-background-dim-0 has-background-dim\"><\/span><img loading=\"lazy\" decoding=\"async\" width=\"1286\" height=\"856\" class=\"wp-block-cover__image-background wp-image-1391\" alt=\"Florian Schneider\" src=\"https:\/\/zh-test.co.uk\/wp-content\/uploads\/2023\/09\/Florian-Schneider.jpg\" data-object-fit=\"cover\" srcset=\"https:\/\/zh-test.co.uk\/wp-content\/uploads\/2023\/09\/Florian-Schneider.jpg 1286w, https:\/\/zh-test.co.uk\/wp-content\/uploads\/2023\/09\/Florian-Schneider-300x200.jpg 300w, https:\/\/zh-test.co.uk\/wp-content\/uploads\/2023\/09\/Florian-Schneider-1024x682.jpg 1024w, https:\/\/zh-test.co.uk\/wp-content\/uploads\/2023\/09\/Florian-Schneider-768x511.jpg 768w, https:\/\/zh-test.co.uk\/wp-content\/uploads\/2023\/09\/Florian-Schneider-18x12.jpg 18w, https:\/\/zh-test.co.uk\/wp-content\/uploads\/2023\/09\/Florian-Schneider-600x399.jpg 600w, https:\/\/zh-test.co.uk\/wp-content\/uploads\/2023\/09\/Florian-Schneider-1200x799.jpg 1200w\" sizes=\"(max-width: 1286px) 100vw, 1286px\" \/><div class=\"wp-block-cover__inner-container is-layout-flow wp-block-cover-is-layout-flow\">\n<p class=\"has-text-align-center has-large-font-size\"><\/p>\n<\/div><\/div>\n<\/div>\n<\/div>\n\n\n\n<div class=\"wp-block-columns gap-none has-background is-layout-flex wp-container-core-columns-layout-2 wp-block-columns-is-layout-flex\" style=\"background-color:#eaeaea\">\n<div class=\"wp-block-column is-layout-flow wp-block-column-is-layout-flow\">\n<div class=\"wp-block-cover is-light\"><span aria-hidden=\"true\" class=\"wp-block-cover__background has-background-dim-0 has-background-dim\"><\/span><img loading=\"lazy\" decoding=\"async\" width=\"2000\" height=\"1333\" class=\"wp-block-cover__image-background wp-image-1622\" alt=\"\" src=\"https:\/\/zh-test.co.uk\/wp-content\/uploads\/2023\/09\/D2_Yards_Brewery_2019.jpg\" data-object-fit=\"cover\" srcset=\"https:\/\/zh-test.co.uk\/wp-content\/uploads\/2023\/09\/D2_Yards_Brewery_2019.jpg 2000w, https:\/\/zh-test.co.uk\/wp-content\/uploads\/2023\/09\/D2_Yards_Brewery_2019-300x200.jpg 300w, https:\/\/zh-test.co.uk\/wp-content\/uploads\/2023\/09\/D2_Yards_Brewery_2019-1024x682.jpg 1024w, https:\/\/zh-test.co.uk\/wp-content\/uploads\/2023\/09\/D2_Yards_Brewery_2019-768x512.jpg 768w, https:\/\/zh-test.co.uk\/wp-content\/uploads\/2023\/09\/D2_Yards_Brewery_2019-1536x1024.jpg 1536w, https:\/\/zh-test.co.uk\/wp-content\/uploads\/2023\/09\/D2_Yards_Brewery_2019-18x12.jpg 18w, https:\/\/zh-test.co.uk\/wp-content\/uploads\/2023\/09\/D2_Yards_Brewery_2019-600x400.jpg 600w, https:\/\/zh-test.co.uk\/wp-content\/uploads\/2023\/09\/D2_Yards_Brewery_2019-1200x800.jpg 1200w, https:\/\/zh-test.co.uk\/wp-content\/uploads\/2023\/09\/D2_Yards_Brewery_2019-1920x1280.jpg 1920w\" sizes=\"(max-width: 2000px) 100vw, 2000px\" \/><div class=\"wp-block-cover__inner-container is-layout-flow wp-block-cover-is-layout-flow\">\n<p class=\"has-text-align-center has-large-font-size\"><\/p>\n<\/div><\/div>\n<\/div>\n\n\n\n<div class=\"wp-block-column is-layout-flow wp-block-column-is-layout-flow\">\n<div class=\"wp-block-group right-container flex flex-center is-layout-constrained wp-block-group-is-layout-constrained\"><div class=\"wp-block-group__inner-container\">\n<h3 class=\"wp-block-heading has-theme-secondary-text-color has-text-color\">Ein einpr\u00e4gsamer Schriftzug, ein neues Icon und frische Farben vereinen sich im Logo. Das Symbol greift die Formen der Tanks und Gef\u00e4\u00dfe von Ziemann Holvrieka auf und strebt nach oben \u2013 ein Ausdruck von Hightech, Wandel und Dynamik.<\/h3>\n<\/div><\/div>\n<\/div>\n<\/div>\n\n\n\n<div style=\"height:100px\" aria-hidden=\"true\" class=\"wp-block-spacer\"><\/div>\n\n\n\n<div class=\"wp-block-group container is-layout-constrained wp-block-group-is-layout-constrained\"><div class=\"wp-block-group__inner-container\"><div class=\"wp-block-image img-responsive\">\n<figure class=\"aligncenter size-large is-resized\"><img loading=\"lazy\" decoding=\"async\" src=\"https:\/\/zh-test.co.uk\/wp-content\/uploads\/2023\/09\/Tanks-1024x243.png\" alt=\"\" class=\"wp-image-1887\" style=\"width:1298px;height:308px\" width=\"1298\" height=\"308\" srcset=\"https:\/\/zh-test.co.uk\/wp-content\/uploads\/2023\/09\/Tanks-1024x243.png 1024w, https:\/\/zh-test.co.uk\/wp-content\/uploads\/2023\/09\/Tanks-300x71.png 300w, https:\/\/zh-test.co.uk\/wp-content\/uploads\/2023\/09\/Tanks-768x182.png 768w, https:\/\/zh-test.co.uk\/wp-content\/uploads\/2023\/09\/Tanks-1536x365.png 1536w, https:\/\/zh-test.co.uk\/wp-content\/uploads\/2023\/09\/Tanks-2048x486.png 2048w, https:\/\/zh-test.co.uk\/wp-content\/uploads\/2023\/09\/Tanks-18x4.png 18w, https:\/\/zh-test.co.uk\/wp-content\/uploads\/2023\/09\/Tanks-600x142.png 600w, https:\/\/zh-test.co.uk\/wp-content\/uploads\/2023\/09\/Tanks-1200x285.png 1200w, https:\/\/zh-test.co.uk\/wp-content\/uploads\/2023\/09\/Tanks-1920x456.png 1920w\" sizes=\"(max-width: 1298px) 100vw, 1298px\" \/><\/figure><\/div><\/div><\/div>\n\n\n\n<div style=\"height:100px\" aria-hidden=\"true\" class=\"wp-block-spacer\"><\/div>\n\n\n\n<div class=\"wp-block-columns gap-none has-background is-layout-flex wp-container-core-columns-layout-3 wp-block-columns-is-layout-flex\" style=\"background-color:#eaeaea\">\n<div class=\"wp-block-column is-layout-flow wp-block-column-is-layout-flow\">\n<div class=\"wp-block-group left-container flex flex-center is-layout-constrained wp-block-group-is-layout-constrained\"><div class=\"wp-block-group__inner-container\">\n<h3 class=\"wp-block-heading has-theme-primary-color has-text-color\">Mit mehr als 170 Jahren Erfahrung setzt Ziemann Holvrieka auf nachhaltige Methoden und bleibt gleichzeitig an der Spitze der Innovation in den Bereichen Brauerei, Getr\u00e4nke und Fl\u00fcssignahrung. Unser neu gestaltetes Logo, das moderne Symbol und die lebendige Farbpalette spiegeln diese dynamische Entwicklung wider.<br><br>W\u00e4hrend wir unser Engagement f\u00fcr Qualit\u00e4t, Innovation und Nachhaltigkeit weiter vorantreiben, bauen wir unsere weltweiten Standorte aus und legen Wert auf Kundenn\u00e4he.<\/h3>\n\n\n\n<div style=\"height:100px\" aria-hidden=\"true\" class=\"wp-block-spacer\"><\/div>\n<\/div><\/div>\n<\/div>\n\n\n\n<div class=\"wp-block-column is-layout-flow wp-block-column-is-layout-flow\">\n<div class=\"wp-block-cover is-light\"><span aria-hidden=\"true\" class=\"wp-block-cover__background has-background-dim-0 has-background-dim\"><\/span><img loading=\"lazy\" decoding=\"async\" width=\"2500\" height=\"1738\" class=\"wp-block-cover__image-background wp-image-1807\" alt=\"\" src=\"https:\/\/zh-test.co.uk\/wp-content\/uploads\/2023\/09\/ZH-Website-Mockup-EN.jpg\" data-object-fit=\"cover\" srcset=\"https:\/\/zh-test.co.uk\/wp-content\/uploads\/2023\/09\/ZH-Website-Mockup-EN.jpg 2500w, https:\/\/zh-test.co.uk\/wp-content\/uploads\/2023\/09\/ZH-Website-Mockup-EN-300x209.jpg 300w, https:\/\/zh-test.co.uk\/wp-content\/uploads\/2023\/09\/ZH-Website-Mockup-EN-1024x712.jpg 1024w, https:\/\/zh-test.co.uk\/wp-content\/uploads\/2023\/09\/ZH-Website-Mockup-EN-768x534.jpg 768w, https:\/\/zh-test.co.uk\/wp-content\/uploads\/2023\/09\/ZH-Website-Mockup-EN-1536x1068.jpg 1536w, https:\/\/zh-test.co.uk\/wp-content\/uploads\/2023\/09\/ZH-Website-Mockup-EN-2048x1424.jpg 2048w, https:\/\/zh-test.co.uk\/wp-content\/uploads\/2023\/09\/ZH-Website-Mockup-EN-18x12.jpg 18w, https:\/\/zh-test.co.uk\/wp-content\/uploads\/2023\/09\/ZH-Website-Mockup-EN-600x417.jpg 600w, https:\/\/zh-test.co.uk\/wp-content\/uploads\/2023\/09\/ZH-Website-Mockup-EN-1200x834.jpg 1200w, https:\/\/zh-test.co.uk\/wp-content\/uploads\/2023\/09\/ZH-Website-Mockup-EN-1920x1335.jpg 1920w\" sizes=\"(max-width: 2500px) 100vw, 2500px\" \/><div class=\"wp-block-cover__inner-container is-layout-flow wp-block-cover-is-layout-flow\">\n<p class=\"has-text-align-center has-large-font-size\"><\/p>\n<\/div><\/div>\n<\/div>\n<\/div>","protected":false},"excerpt":{"rendered":"<p>\u201cWe wanted to present our long, shared tradition even more strongly and visibly as a unit, but also our orientation towards the future.\u201d says Managing [&hellip;]<\/p>\n","protected":false},"author":1,"featured_media":1534,"parent":0,"menu_order":0,"comment_status":"closed","ping_status":"closed","template":"templates\/half-intro.php","meta":{"footnotes":""},"yoast_head":"<!-- This site is optimized with the Yoast SEO Premium plugin v21.7 (Yoast SEO v23.5) - https:\/\/yoast.com\/wordpress\/plugins\/seo\/ -->\n<title>Our new brand identity - Ziemann Holvrieka<\/title>\n<meta name=\"robots\" content=\"noindex, follow, max-snippet:-1, max-image-preview:large, max-video-preview:-1\" \/>\n<meta property=\"og:locale\" content=\"de_DE\" \/>\n<meta property=\"og:type\" content=\"article\" \/>\n<meta property=\"og:title\" content=\"Our new brand identity\" \/>\n<meta property=\"og:description\" content=\"\u201cWe wanted to present our long, shared tradition even more strongly and visibly as a unit, but also our orientation towards the future.\u201d says Managing [&hellip;]\" \/>\n<meta property=\"og:url\" content=\"http:\/\/zh-test.co.uk\/de\/ja\/relaunch\/\" \/>\n<meta property=\"og:site_name\" content=\"Ziemann Holvrieka\" \/>\n<meta property=\"article:publisher\" content=\"https:\/\/www.linkedin.com\/company\/ziemann-international-gmbh\" \/>\n<meta property=\"article:modified_time\" content=\"2023-09-12T09:29:31+00:00\" \/>\n<meta property=\"og:image\" content=\"https:\/\/zh-test.co.uk\/wp-content\/uploads\/2023\/09\/Flags.jpg\" \/>\n\t<meta property=\"og:image:width\" content=\"2000\" \/>\n\t<meta property=\"og:image:height\" content=\"1331\" \/>\n\t<meta property=\"og:image:type\" content=\"image\/jpeg\" \/>\n<meta name=\"twitter:card\" content=\"summary_large_image\" \/>\n<meta name=\"twitter:label1\" content=\"Gesch\u00e4tzte Lesezeit\" \/>\n\t<meta name=\"twitter:data1\" content=\"2\u00a0Minuten\" \/>\n<script type=\"application\/ld+json\" class=\"yoast-schema-graph\">{\"@context\":\"https:\/\/schema.org\",\"@graph\":[{\"@type\":\"WebPage\",\"@id\":\"http:\/\/zh-test.co.uk\/ja\/relaunch\/\",\"url\":\"http:\/\/zh-test.co.uk\/ja\/relaunch\/\",\"name\":\"Our new brand identity - Ziemann Holvrieka\",\"isPartOf\":{\"@id\":\"https:\/\/zh-test.co.uk\/#website\"},\"primaryImageOfPage\":{\"@id\":\"http:\/\/zh-test.co.uk\/ja\/relaunch\/#primaryimage\"},\"image\":{\"@id\":\"http:\/\/zh-test.co.uk\/ja\/relaunch\/#primaryimage\"},\"thumbnailUrl\":\"https:\/\/zh-test.co.uk\/wp-content\/uploads\/2023\/09\/Flags.jpg\",\"datePublished\":\"2023-09-07T10:27:20+00:00\",\"dateModified\":\"2023-09-12T09:29:31+00:00\",\"breadcrumb\":{\"@id\":\"http:\/\/zh-test.co.uk\/ja\/relaunch\/#breadcrumb\"},\"inLanguage\":\"de\",\"potentialAction\":[{\"@type\":\"ReadAction\",\"target\":[\"http:\/\/zh-test.co.uk\/ja\/relaunch\/\"]}]},{\"@type\":\"ImageObject\",\"inLanguage\":\"de\",\"@id\":\"http:\/\/zh-test.co.uk\/ja\/relaunch\/#primaryimage\",\"url\":\"https:\/\/zh-test.co.uk\/wp-content\/uploads\/2023\/09\/Flags.jpg\",\"contentUrl\":\"https:\/\/zh-test.co.uk\/wp-content\/uploads\/2023\/09\/Flags.jpg\",\"width\":2000,\"height\":1331},{\"@type\":\"BreadcrumbList\",\"@id\":\"http:\/\/zh-test.co.uk\/ja\/relaunch\/#breadcrumb\",\"itemListElement\":[{\"@type\":\"ListItem\",\"position\":1,\"name\":\"Home\",\"item\":\"https:\/\/zh-test.co.uk\/\"},{\"@type\":\"ListItem\",\"position\":2,\"name\":\"Our new brand identity\"}]},{\"@type\":\"WebSite\",\"@id\":\"https:\/\/zh-test.co.uk\/#website\",\"url\":\"https:\/\/zh-test.co.uk\/\",\"name\":\"Ziemann Holvrieka\",\"description\":\"\",\"potentialAction\":[{\"@type\":\"SearchAction\",\"target\":{\"@type\":\"EntryPoint\",\"urlTemplate\":\"https:\/\/zh-test.co.uk\/?s={search_term_string}\"},\"query-input\":{\"@type\":\"PropertyValueSpecification\",\"valueRequired\":true,\"valueName\":\"search_term_string\"}}],\"inLanguage\":\"de\"}]}<\/script>\n<!-- \/ Yoast SEO Premium plugin. -->","yoast_head_json":{"title":"Unser neuer Markenauftritt - Ziemann Holvrieka","robots":{"index":"noindex","follow":"follow","max-snippet":"max-snippet:-1","max-image-preview":"max-image-preview:large","max-video-preview":"max-video-preview:-1"},"og_locale":"de_DE","og_type":"article","og_title":"Our new brand identity","og_description":"\u201cWe wanted to present our long, shared tradition even more strongly and visibly as a unit, but also our orientation towards the future.\u201d says Managing [&hellip;]","og_url":"http:\/\/zh-test.co.uk\/de\/ja\/relaunch\/","og_site_name":"Ziemann Holvrieka","article_publisher":"https:\/\/www.linkedin.com\/company\/ziemann-international-gmbh","article_modified_time":"2023-09-12T09:29:31+00:00","og_image":[{"width":2000,"height":1331,"url":"https:\/\/zh-test.co.uk\/wp-content\/uploads\/2023\/09\/Flags.jpg","type":"image\/jpeg"}],"twitter_card":"summary_large_image","twitter_misc":{"Gesch\u00e4tzte Lesezeit":"2\u00a0Minuten"},"schema":{"@context":"https:\/\/schema.org","@graph":[{"@type":"WebPage","@id":"http:\/\/zh-test.co.uk\/ja\/relaunch\/","url":"http:\/\/zh-test.co.uk\/ja\/relaunch\/","name":"Unser neuer Markenauftritt - Ziemann Holvrieka","isPartOf":{"@id":"https:\/\/zh-test.co.uk\/#website"},"primaryImageOfPage":{"@id":"http:\/\/zh-test.co.uk\/ja\/relaunch\/#primaryimage"},"image":{"@id":"http:\/\/zh-test.co.uk\/ja\/relaunch\/#primaryimage"},"thumbnailUrl":"https:\/\/zh-test.co.uk\/wp-content\/uploads\/2023\/09\/Flags.jpg","datePublished":"2023-09-07T10:27:20+00:00","dateModified":"2023-09-12T09:29:31+00:00","breadcrumb":{"@id":"http:\/\/zh-test.co.uk\/ja\/relaunch\/#breadcrumb"},"inLanguage":"de","potentialAction":[{"@type":"ReadAction","target":["http:\/\/zh-test.co.uk\/ja\/relaunch\/"]}]},{"@type":"ImageObject","inLanguage":"de","@id":"http:\/\/zh-test.co.uk\/ja\/relaunch\/#primaryimage","url":"https:\/\/zh-test.co.uk\/wp-content\/uploads\/2023\/09\/Flags.jpg","contentUrl":"https:\/\/zh-test.co.uk\/wp-content\/uploads\/2023\/09\/Flags.jpg","width":2000,"height":1331},{"@type":"BreadcrumbList","@id":"http:\/\/zh-test.co.uk\/ja\/relaunch\/#breadcrumb","itemListElement":[{"@type":"ListItem","position":1,"name":"Home","item":"https:\/\/zh-test.co.uk\/"},{"@type":"ListItem","position":2,"name":"Our new brand identity"}]},{"@type":"WebSite","@id":"https:\/\/zh-test.co.uk\/#website","url":"https:\/\/zh-test.co.uk\/","name":"Ziemann Holvrieka","description":"","potentialAction":[{"@type":"SearchAction","target":{"@type":"EntryPoint","urlTemplate":"https:\/\/zh-test.co.uk\/?s={search_term_string}"},"query-input":{"@type":"PropertyValueSpecification","valueRequired":true,"valueName":"search_term_string"}}],"inLanguage":"de"}]}},"_links":{"self":[{"href":"https:\/\/zh-test.co.uk\/de\/wp-json\/wp\/v2\/pages\/1818"}],"collection":[{"href":"https:\/\/zh-test.co.uk\/de\/wp-json\/wp\/v2\/pages"}],"about":[{"href":"https:\/\/zh-test.co.uk\/de\/wp-json\/wp\/v2\/types\/page"}],"author":[{"embeddable":true,"href":"https:\/\/zh-test.co.uk\/de\/wp-json\/wp\/v2\/users\/1"}],"replies":[{"embeddable":true,"href":"https:\/\/zh-test.co.uk\/de\/wp-json\/wp\/v2\/comments?post=1818"}],"version-history":[{"count":40,"href":"https:\/\/zh-test.co.uk\/de\/wp-json\/wp\/v2\/pages\/1818\/revisions"}],"predecessor-version":[{"id":1904,"href":"https:\/\/zh-test.co.uk\/de\/wp-json\/wp\/v2\/pages\/1818\/revisions\/1904"}],"wp:featuredmedia":[{"embeddable":true,"href":"https:\/\/zh-test.co.uk\/de\/wp-json\/wp\/v2\/media\/1534"}],"wp:attachment":[{"href":"https:\/\/zh-test.co.uk\/de\/wp-json\/wp\/v2\/media?parent=1818"}],"curies":[{"name":"wp","href":"https:\/\/api.w.org\/{rel}","templated":true}]}}