{"id":2516,"date":"2023-10-16T07:12:04","date_gmt":"2023-10-16T06:12:04","guid":{"rendered":"https:\/\/zh-test.co.uk\/?page_id=2516"},"modified":"2024-02-13T12:50:09","modified_gmt":"2024-02-13T12:50:09","slug":"apprentices","status":"publish","type":"page","link":"https:\/\/zh-test.co.uk\/de\/karriere\/auszubildende\/","title":{"rendered":"Auszubildende"},"content":{"rendered":"<section class=\"wp-block-group has-theme-white-background-color has-background is-layout-constrained wp-block-group-is-layout-constrained\"><div class=\"wp-block-group__inner-container\">\n<div class=\"wp-block-group container is-layout-constrained wp-block-group-is-layout-constrained\"><div class=\"wp-block-group__inner-container\">\n<h2 class=\"wp-block-heading h4 section-heading\" id=\"h-your-career-our-mission\">Ihre Karriere - Unser Auftrag<\/h2>\n\n\n\n<div class=\"wp-block-columns is-layout-flex wp-container-core-columns-layout-1 wp-block-columns-is-layout-flex\">\n<div class=\"wp-block-column is-layout-flow wp-block-column-is-layout-flow\" style=\"flex-basis:66.66%\">\n<p>Starte deine berufliche Zukunft mit Ziemann Holvrieka und sichere dir deine Ausbildung bei uns! Egal, f\u00fcr welchen Beruf du dich entscheidest - wir tun unser Bestes, um deine Ausbildung perfekt zu machen.<br><br>Wenn Sie Fragen haben, z\u00f6gern Sie bitte nicht, uns zu kontaktieren. Wir helfen Ihnen gerne weiter. Oder senden Sie uns direkt Ihre Unterlagen, wenn Sie sich bereits f\u00fcr eine Ausbildung entschieden haben.<br><br>\u00dcbrigens: F\u00fcr alle unsere Ausbildungspl\u00e4tze bieten wir auch Praktika auf freiwilliger Basis oder \u00fcber Ihre Schule an.<\/p>\n<\/div>\n\n\n\n<div class=\"wp-block-column is-layout-flow wp-block-column-is-layout-flow\" style=\"flex-basis:33.33%\"><\/div>\n<\/div>\n\n\n\n<h2 class=\"wp-block-heading h4 section-heading\" id=\"h-current-apprentices\">Derzeitige Auszubildende<\/h2>\n\n\n\n<figure class=\"wp-block-table careers-table\"><table class=\"has-fixed-layout\"><thead><tr><th class=\"has-text-align-left\" data-align=\"left\"><strong>Position<\/strong><\/th><th class=\"has-text-align-center\" data-align=\"center\"><strong>Stellenbeschreibung<\/strong><\/th><\/tr><\/thead><tbody><tr><td class=\"has-text-align-left\" data-align=\"left\"><strong>Metallbauer <\/strong>(m\/w\/d) Fachrichtung Konstruktionstechnik<\/td><td class=\"has-text-align-center\" data-align=\"center\"><a href=\"https:\/\/zh-test.co.uk\/de\/karriere\/auszubildende\/karriere-auszubildende-metallbauer\/\" target=\"_blank\" rel=\"noreferrer noopener\">Link<\/a><\/td><\/tr><tr><td class=\"has-text-align-left\" data-align=\"left\"><strong>Industriekaufmann <\/strong>(m\/w\/d)<\/td><td class=\"has-text-align-center\" data-align=\"center\"><a href=\"https:\/\/zh-test.co.uk\/de\/karriere\/auszubildende\/industriekaufmann\/\" target=\"_blank\" rel=\"noreferrer noopener\">Link<\/a><\/td><\/tr><tr><td class=\"has-text-align-left\" data-align=\"left\"><strong>Technischer Produktdesigner<\/strong> (m\/w\/d)<br>Fachrichtung Maschinen- und Anlagenbau<\/td><td class=\"has-text-align-center\" data-align=\"center\"><a href=\"https:\/\/zh-test.co.uk\/de\/karriere\/auszubildende\/technischer-produktdesigner\/\" target=\"_blank\" rel=\"noreferrer noopener\">Link<\/a><\/td><\/tr><tr><td class=\"has-text-align-left\" data-align=\"left\"><strong>Technischer Systemplaner<\/strong> (m\/w\/d) Fachrichtung Elektrotechnische Systeme<\/td><td class=\"has-text-align-center\" data-align=\"center\"><a href=\"https:\/\/zh-test.co.uk\/de\/karriere\/auszubildende\/technischer-systemplaner-m-w-d\/\">Link<\/a><\/td><\/tr><tr><td class=\"has-text-align-left\" data-align=\"left\"><strong>Fachinformatiker<\/strong> (m\/w\/d)<br>Fachrichtung Systemintegration<\/td><td class=\"has-text-align-center\" data-align=\"center\"><a href=\"https:\/\/zh-test.co.uk\/de\/karriere\/auszubildende\/fachinformatiker\/\" target=\"_blank\" rel=\"noreferrer noopener\">Link<\/a><\/td><\/tr><\/tbody><\/table><\/figure>\n<\/div><\/div>\n<\/div><\/section>\n\n\n\n<div class=\"wp-block-columns gap-none has-theme-primary-background-color has-background is-layout-flex wp-container-core-columns-layout-2 wp-block-columns-is-layout-flex\">\n<div class=\"wp-block-column is-layout-flow wp-block-column-is-layout-flow\">\n<div class=\"wp-block-cover\"><span aria-hidden=\"true\" class=\"wp-block-cover__background has-background-dim-0 has-background-dim\"><\/span><img loading=\"lazy\" decoding=\"async\" width=\"768\" height=\"994\" class=\"wp-block-cover__image-background wp-image-775\" alt=\"Hintergrundgrafik\" src=\"https:\/\/zh-test.co.uk\/wp-content\/uploads\/2023\/08\/background-graphic.png\" data-object-fit=\"cover\" srcset=\"https:\/\/zh-test.co.uk\/wp-content\/uploads\/2023\/08\/background-graphic.png 768w, https:\/\/zh-test.co.uk\/wp-content\/uploads\/2023\/08\/background-graphic-232x300.png 232w, https:\/\/zh-test.co.uk\/wp-content\/uploads\/2023\/08\/background-graphic-464x600.png 464w\" sizes=\"(max-width: 768px) 100vw, 768px\" \/><div class=\"wp-block-cover__inner-container is-layout-constrained wp-block-cover-is-layout-constrained\">\n<div class=\"wp-block-group left-container flex flex-center is-layout-constrained wp-block-group-is-layout-constrained\"><div class=\"wp-block-group__inner-container\">\n<h4 class=\"wp-block-heading has-theme-white-color has-text-color\" id=\"h-working-life-at-ziemann-holvrieka\">Arbeiten bei Ziemann Holvrieka <\/h4>\n\n\n\n<p>Bei Ziemann Holvrieka legen wir gro\u00dfen Wert auf das Wohlbefinden unserer Mitarbeiter. Daher bieten wir umfangreiche Leistungen an, um eine ausgewogene Work-Life-Balance zu erm\u00f6glichen.<\/p>\n<\/div><\/div>\n<\/div><\/div>\n<\/div>\n\n\n\n<div class=\"wp-block-column is-layout-flow wp-block-column-is-layout-flow\">\n<div class=\"wp-block-cover is-light\"><span aria-hidden=\"true\" class=\"wp-block-cover__background has-background-dim-0 has-background-dim\"><\/span><img loading=\"lazy\" decoding=\"async\" width=\"2000\" height=\"1332\" class=\"wp-block-cover__image-background wp-image-2033\" alt=\"\" src=\"https:\/\/zh-test.co.uk\/wp-content\/uploads\/2023\/09\/students.jpeg\" data-object-fit=\"cover\" srcset=\"https:\/\/zh-test.co.uk\/wp-content\/uploads\/2023\/09\/students.jpeg 2000w, https:\/\/zh-test.co.uk\/wp-content\/uploads\/2023\/09\/students-300x200.jpeg 300w, https:\/\/zh-test.co.uk\/wp-content\/uploads\/2023\/09\/students-1024x682.jpeg 1024w, https:\/\/zh-test.co.uk\/wp-content\/uploads\/2023\/09\/students-768x511.jpeg 768w, https:\/\/zh-test.co.uk\/wp-content\/uploads\/2023\/09\/students-1536x1023.jpeg 1536w, https:\/\/zh-test.co.uk\/wp-content\/uploads\/2023\/09\/students-18x12.jpeg 18w, https:\/\/zh-test.co.uk\/wp-content\/uploads\/2023\/09\/students-600x400.jpeg 600w, https:\/\/zh-test.co.uk\/wp-content\/uploads\/2023\/09\/students-1200x799.jpeg 1200w, https:\/\/zh-test.co.uk\/wp-content\/uploads\/2023\/09\/students-1920x1279.jpeg 1920w\" sizes=\"(max-width: 2000px) 100vw, 2000px\" \/><div class=\"wp-block-cover__inner-container is-layout-flow wp-block-cover-is-layout-flow\">\n<p class=\"has-text-align-center has-large-font-size\"><\/p>\n<\/div><\/div>\n<\/div>\n<\/div>\n\n\n\n<section class=\"wp-block-group has-theme-white-background-color has-background is-layout-constrained wp-block-group-is-layout-constrained\"><div class=\"wp-block-group__inner-container\">\n<div class=\"wp-block-group container is-layout-constrained wp-block-group-is-layout-constrained\"><div class=\"wp-block-group__inner-container\">\n<div class=\"wp-block-columns is-layout-flex wp-container-core-columns-layout-3 wp-block-columns-is-layout-flex\">\n<div class=\"wp-block-column is-layout-flow wp-block-column-is-layout-flow\" style=\"flex-basis:66.66%\">\n<h3 class=\"wp-block-heading has-theme-secondary-text-color has-text-color\" id=\"h-benefits-of-working-at-ziemann-holvrieka\">Leistungspaket f\u00fcr Mitarbeiter bei Ziemann Holvrieka<\/h3>\n\n\n\n<div style=\"height:20px\" aria-hidden=\"true\" class=\"wp-block-spacer\"><\/div>\n<\/div>\n\n\n\n<div class=\"wp-block-column is-layout-flow wp-block-column-is-layout-flow\" style=\"flex-basis:33.33%\"><\/div>\n<\/div>\n\n\n\n<div class=\"wp-block-columns gap-100 is-layout-flex wp-container-core-columns-layout-4 wp-block-columns-is-layout-flex\">\n<div class=\"wp-block-column is-layout-flow wp-block-column-is-layout-flow\">\n<ul>\n<li>Flexible Arbeitszeiten zwischen 6.00 und 20.00 Uhr*<\/li>\n\n\n\n<li>Bis zu 2 Tage mobiles Arbeiten pro Woche*<\/li>\n\n\n\n<li>Arbeitszeitkonto f\u00fcr individuelle Planung<\/li>\n\n\n\n<li>Tarifvertrag (Lohntarifvertrag der Metall- und Elektroindustrie)<\/li>\n\n\n\n<li>Jobrad f\u00fcr umweltfreundliche Mobilit\u00e4t<\/li>\n\n\n\n<li>Aus- und Weiterbildung zur pers\u00f6nlichen Weiterentwicklung<\/li>\n\n\n\n<li>Reisekostenerstattung f\u00fcr einfaches Reisen<\/li>\n\n\n\n<li>Betriebliche Altersvorsorge f\u00fcr eine sichere Zukunft<\/li>\n\n\n\n<li>Verm\u00f6genswirksame Leistungen f\u00fcr zus\u00e4tzliche Unterst\u00fctzung<\/li>\n<\/ul>\n<\/div>\n\n\n\n<div class=\"wp-block-column is-layout-flow wp-block-column-is-layout-flow\">\n<ul>\n<li>14 Geh\u00e4lter f\u00fcr finanzielle Stabilit\u00e4t<\/li>\n\n\n\n<li>30 Tage Urlaub f\u00fcr ausreichende Erholung<\/li>\n\n\n\n<li>35h\/Woche Arbeitszeit f\u00fcr mehr Freizeit<\/li>\n\n\n\n<li>Moderne Arbeitspl\u00e4tze f\u00fcr effizientes Arbeiten<\/li>\n\n\n\n<li>Zentrale Lage mit guter Anbindung an \u00f6ffentliche Verkehrsmittel f\u00fcr bequeme Erreichbarkeit<\/li>\n\n\n\n<li>Mitarbeiterparkpl\u00e4tze f\u00fcr stressfreies Pendeln<\/li>\n\n\n\n<li>Firmenveranstaltungen f\u00fcr ein starkes Teamgef\u00fchl<\/li>\n\n\n\n<li>Haustrunk als besonderes Dankesch\u00f6n<\/li>\n<\/ul>\n<\/div>\n<\/div>\n<\/div><\/div>\n<\/div><\/section>\n\n\n\n<div class=\"wp-block-group container no-padding is-layout-constrained wp-block-group-is-layout-constrained\"><div class=\"wp-block-group__inner-container\">\n<p class=\"has-text-align-left\">   *F\u00fcr B\u00fcrojobs<\/p>\n\n\n\n<div style=\"height:50px\" aria-hidden=\"true\" class=\"wp-block-spacer\"><\/div>\n<\/div><\/div>\n\n\n\n<div class=\"wp-block-group has-theme-grey-background-color has-background is-layout-constrained wp-block-group-is-layout-constrained\"><div class=\"wp-block-group__inner-container\">\n<div class=\"wp-block-group container video-block is-layout-constrained wp-block-group-is-layout-constrained\"><div class=\"wp-block-group__inner-container\">\n<div class=\"wp-block-columns is-layout-flex wp-container-core-columns-layout-5 wp-block-columns-is-layout-flex\">\n<div class=\"wp-block-column is-layout-flow wp-block-column-is-layout-flow\" style=\"flex-basis:10%\"><\/div>\n\n\n\n<div class=\"wp-block-column is-vertically-aligned-center is-layout-flow wp-block-column-is-layout-flow\" style=\"flex-basis:80%\">\n<br \/>\n<iframe width=\"1440\" height=\"762\" \nsrc=\"https:\/\/www.youtube-nocookie.com\/embed\/H9Wq6d6fz6I?feature=oembed\" frameborder=\"0\" allow=\"autoplay; encrypted-media\" allowfullscreen><\/iframe><br \/>\n\n\n\n<\/div>\n\n\n\n<div class=\"wp-block-column is-layout-flow wp-block-column-is-layout-flow\" style=\"flex-basis:10%\"><\/div>\n<\/div>\n<\/div><\/div>\n<\/div><\/div>","protected":false},"excerpt":{"rendered":"<p>Your career &#8211; Our mission Start your professional future with Ziemann Holvrieka and secure your apprenticeship with us! No matter which profession you choose &#8211; [&hellip;]<\/p>\n","protected":false},"author":2,"featured_media":2518,"parent":1181,"menu_order":0,"comment_status":"closed","ping_status":"closed","template":"templates\/careers.php","meta":{"footnotes":""},"yoast_head":"<!-- This site is optimized with the Yoast SEO Premium plugin v21.7 (Yoast SEO v23.5) - https:\/\/yoast.com\/wordpress\/plugins\/seo\/ -->\n<title>Apprentices - Ziemann Holvrieka<\/title>\n<meta name=\"description\" content=\"Shape your future with Ziemann Holvrieka! Explore rewarding apprenticeships in diverse fields. Join us for a fulfilling career with a perfect balance of work and life. Apply now!\" \/>\n<meta name=\"robots\" content=\"noindex, follow, max-snippet:-1, max-image-preview:large, max-video-preview:-1\" \/>\n<meta property=\"og:locale\" content=\"de_DE\" \/>\n<meta property=\"og:type\" content=\"article\" \/>\n<meta property=\"og:title\" content=\"Apprentices\" \/>\n<meta property=\"og:description\" content=\"Shape your future with Ziemann Holvrieka! Explore rewarding apprenticeships in diverse fields. Join us for a fulfilling career with a perfect balance of work and life. Apply now!\" \/>\n<meta property=\"og:url\" content=\"https:\/\/zh-test.co.uk\/de\/karriere\/auszubildende\/\" \/>\n<meta property=\"og:site_name\" content=\"Ziemann Holvrieka\" \/>\n<meta property=\"article:publisher\" content=\"https:\/\/www.linkedin.com\/company\/ziemann-international-gmbh\" \/>\n<meta property=\"article:modified_time\" content=\"2024-02-13T12:50:09+00:00\" \/>\n<meta property=\"og:image\" content=\"https:\/\/zh-test.co.uk\/wp-content\/uploads\/2023\/10\/Auzubildende-scaled.jpg\" \/>\n\t<meta property=\"og:image:width\" content=\"2560\" \/>\n\t<meta property=\"og:image:height\" content=\"1705\" \/>\n\t<meta property=\"og:image:type\" content=\"image\/jpeg\" \/>\n<meta name=\"twitter:card\" content=\"summary_large_image\" \/>\n<meta name=\"twitter:label1\" content=\"Gesch\u00e4tzte Lesezeit\" \/>\n\t<meta name=\"twitter:data1\" content=\"3\u00a0Minuten\" \/>\n<script type=\"application\/ld+json\" class=\"yoast-schema-graph\">{\"@context\":\"https:\/\/schema.org\",\"@graph\":[{\"@type\":\"WebPage\",\"@id\":\"https:\/\/zh-test.co.uk\/careers\/apprentices\/\",\"url\":\"https:\/\/zh-test.co.uk\/careers\/apprentices\/\",\"name\":\"Apprentices - Ziemann Holvrieka\",\"isPartOf\":{\"@id\":\"https:\/\/zh-test.co.uk\/#website\"},\"primaryImageOfPage\":{\"@id\":\"https:\/\/zh-test.co.uk\/careers\/apprentices\/#primaryimage\"},\"image\":{\"@id\":\"https:\/\/zh-test.co.uk\/careers\/apprentices\/#primaryimage\"},\"thumbnailUrl\":\"https:\/\/zh-test.co.uk\/wp-content\/uploads\/2023\/10\/Auzubildende-scaled.jpg\",\"datePublished\":\"2023-10-16T06:12:04+00:00\",\"dateModified\":\"2024-02-13T12:50:09+00:00\",\"description\":\"Shape your future with Ziemann Holvrieka! Explore rewarding apprenticeships in diverse fields. Join us for a fulfilling career with a perfect balance of work and life. Apply now!\",\"breadcrumb\":{\"@id\":\"https:\/\/zh-test.co.uk\/careers\/apprentices\/#breadcrumb\"},\"inLanguage\":\"de\",\"potentialAction\":[{\"@type\":\"ReadAction\",\"target\":[\"https:\/\/zh-test.co.uk\/careers\/apprentices\/\"]}]},{\"@type\":\"ImageObject\",\"inLanguage\":\"de\",\"@id\":\"https:\/\/zh-test.co.uk\/careers\/apprentices\/#primaryimage\",\"url\":\"https:\/\/zh-test.co.uk\/wp-content\/uploads\/2023\/10\/Auzubildende-scaled.jpg\",\"contentUrl\":\"https:\/\/zh-test.co.uk\/wp-content\/uploads\/2023\/10\/Auzubildende-scaled.jpg\",\"width\":2560,\"height\":1705},{\"@type\":\"BreadcrumbList\",\"@id\":\"https:\/\/zh-test.co.uk\/careers\/apprentices\/#breadcrumb\",\"itemListElement\":[{\"@type\":\"ListItem\",\"position\":1,\"name\":\"Home\",\"item\":\"https:\/\/zh-test.co.uk\/\"},{\"@type\":\"ListItem\",\"position\":2,\"name\":\"Careers\",\"item\":\"https:\/\/zh-test.co.uk\/careers\/\"},{\"@type\":\"ListItem\",\"position\":3,\"name\":\"Apprentices\"}]},{\"@type\":\"WebSite\",\"@id\":\"https:\/\/zh-test.co.uk\/#website\",\"url\":\"https:\/\/zh-test.co.uk\/\",\"name\":\"Ziemann Holvrieka\",\"description\":\"\",\"potentialAction\":[{\"@type\":\"SearchAction\",\"target\":{\"@type\":\"EntryPoint\",\"urlTemplate\":\"https:\/\/zh-test.co.uk\/?s={search_term_string}\"},\"query-input\":{\"@type\":\"PropertyValueSpecification\",\"valueRequired\":true,\"valueName\":\"search_term_string\"}}],\"inLanguage\":\"de\"}]}<\/script>\n<!-- \/ Yoast SEO Premium plugin. -->","yoast_head_json":{"title":"Auszubildende - Ziemann Holvrieka","description":"Gestalten Sie Ihre Zukunft mit Ziemann Holvrieka! Entdecken Sie lohnende Ausbildungspl\u00e4tze in verschiedenen Bereichen. Steigen Sie bei uns ein in eine erf\u00fcllende Karriere mit einer perfekten Balance zwischen Arbeit und Leben. Bewirb dich jetzt!","robots":{"index":"noindex","follow":"follow","max-snippet":"max-snippet:-1","max-image-preview":"max-image-preview:large","max-video-preview":"max-video-preview:-1"},"og_locale":"de_DE","og_type":"article","og_title":"Apprentices","og_description":"Shape your future with Ziemann Holvrieka! Explore rewarding apprenticeships in diverse fields. Join us for a fulfilling career with a perfect balance of work and life. Apply now!","og_url":"https:\/\/zh-test.co.uk\/de\/karriere\/auszubildende\/","og_site_name":"Ziemann Holvrieka","article_publisher":"https:\/\/www.linkedin.com\/company\/ziemann-international-gmbh","article_modified_time":"2024-02-13T12:50:09+00:00","og_image":[{"width":2560,"height":1705,"url":"https:\/\/zh-test.co.uk\/wp-content\/uploads\/2023\/10\/Auzubildende-scaled.jpg","type":"image\/jpeg"}],"twitter_card":"summary_large_image","twitter_misc":{"Gesch\u00e4tzte Lesezeit":"3\u00a0Minuten"},"schema":{"@context":"https:\/\/schema.org","@graph":[{"@type":"WebPage","@id":"https:\/\/zh-test.co.uk\/careers\/apprentices\/","url":"https:\/\/zh-test.co.uk\/careers\/apprentices\/","name":"Auszubildende - Ziemann Holvrieka","isPartOf":{"@id":"https:\/\/zh-test.co.uk\/#website"},"primaryImageOfPage":{"@id":"https:\/\/zh-test.co.uk\/careers\/apprentices\/#primaryimage"},"image":{"@id":"https:\/\/zh-test.co.uk\/careers\/apprentices\/#primaryimage"},"thumbnailUrl":"https:\/\/zh-test.co.uk\/wp-content\/uploads\/2023\/10\/Auzubildende-scaled.jpg","datePublished":"2023-10-16T06:12:04+00:00","dateModified":"2024-02-13T12:50:09+00:00","description":"Gestalten Sie Ihre Zukunft mit Ziemann Holvrieka! Entdecken Sie lohnende Ausbildungspl\u00e4tze in verschiedenen Bereichen. Steigen Sie bei uns ein in eine erf\u00fcllende Karriere mit einer perfekten Balance zwischen Arbeit und Leben. Bewirb dich jetzt!","breadcrumb":{"@id":"https:\/\/zh-test.co.uk\/careers\/apprentices\/#breadcrumb"},"inLanguage":"de","potentialAction":[{"@type":"ReadAction","target":["https:\/\/zh-test.co.uk\/careers\/apprentices\/"]}]},{"@type":"ImageObject","inLanguage":"de","@id":"https:\/\/zh-test.co.uk\/careers\/apprentices\/#primaryimage","url":"https:\/\/zh-test.co.uk\/wp-content\/uploads\/2023\/10\/Auzubildende-scaled.jpg","contentUrl":"https:\/\/zh-test.co.uk\/wp-content\/uploads\/2023\/10\/Auzubildende-scaled.jpg","width":2560,"height":1705},{"@type":"BreadcrumbList","@id":"https:\/\/zh-test.co.uk\/careers\/apprentices\/#breadcrumb","itemListElement":[{"@type":"ListItem","position":1,"name":"Home","item":"https:\/\/zh-test.co.uk\/"},{"@type":"ListItem","position":2,"name":"Careers","item":"https:\/\/zh-test.co.uk\/careers\/"},{"@type":"ListItem","position":3,"name":"Apprentices"}]},{"@type":"WebSite","@id":"https:\/\/zh-test.co.uk\/#website","url":"https:\/\/zh-test.co.uk\/","name":"Ziemann Holvrieka","description":"","potentialAction":[{"@type":"SearchAction","target":{"@type":"EntryPoint","urlTemplate":"https:\/\/zh-test.co.uk\/?s={search_term_string}"},"query-input":{"@type":"PropertyValueSpecification","valueRequired":true,"valueName":"search_term_string"}}],"inLanguage":"de"}]}},"_links":{"self":[{"href":"https:\/\/zh-test.co.uk\/de\/wp-json\/wp\/v2\/pages\/2516"}],"collection":[{"href":"https:\/\/zh-test.co.uk\/de\/wp-json\/wp\/v2\/pages"}],"about":[{"href":"https:\/\/zh-test.co.uk\/de\/wp-json\/wp\/v2\/types\/page"}],"author":[{"embeddable":true,"href":"https:\/\/zh-test.co.uk\/de\/wp-json\/wp\/v2\/users\/2"}],"replies":[{"embeddable":true,"href":"https:\/\/zh-test.co.uk\/de\/wp-json\/wp\/v2\/comments?post=2516"}],"version-history":[{"count":12,"href":"https:\/\/zh-test.co.uk\/de\/wp-json\/wp\/v2\/pages\/2516\/revisions"}],"predecessor-version":[{"id":6050,"href":"https:\/\/zh-test.co.uk\/de\/wp-json\/wp\/v2\/pages\/2516\/revisions\/6050"}],"up":[{"embeddable":true,"href":"https:\/\/zh-test.co.uk\/de\/wp-json\/wp\/v2\/pages\/1181"}],"wp:featuredmedia":[{"embeddable":true,"href":"https:\/\/zh-test.co.uk\/de\/wp-json\/wp\/v2\/media\/2518"}],"wp:attachment":[{"href":"https:\/\/zh-test.co.uk\/de\/wp-json\/wp\/v2\/media?parent=2516"}],"curies":[{"name":"wp","href":"https:\/\/api.w.org\/{rel}","templated":true}]}}