{"id":3,"date":"2023-05-16T10:01:33","date_gmt":"2023-05-16T09:01:33","guid":{"rendered":"https:\/\/zh-test.co.uk\/?page_id=3"},"modified":"2024-02-14T13:29:52","modified_gmt":"2024-02-14T13:29:52","slug":"privacy-policy","status":"publish","type":"page","link":"https:\/\/zh-test.co.uk\/de\/datenschutzbestimmungen\/","title":{"rendered":"Erkl\u00e4rung zum Datenschutz"},"content":{"rendered":"<p>Vielen Dank f\u00fcr Ihren Besuch auf unserer Website. Der Schutz personenbezogener Daten und damit Ihrer Privatsph\u00e4re ist f\u00fcr Ziemann Holvrieka von gro\u00dfer Bedeutung. Nachfolgend finden Sie Informationen dar\u00fcber, wie wir Ihre Daten nutzen und sch\u00fctzen. Die Einhaltung der gesetzlichen Bestimmungen zum Datenschutz ist f\u00fcr Ziemann Holvrieka eine Selbstverst\u00e4ndlichkeit. Bitte bedenken Sie, dass die Daten\u00fcbertragung im Internet Sicherheitsl\u00fccken aufweisen kann. Ein l\u00fcckenloser Schutz vor dem Zugriff durch Dritte ist nicht m\u00f6glich.<\/p>\n\n\n\n<h4 class=\"wp-block-heading\" id=\"h-access-data\">Zugangsdaten<\/h4>\n\n\n\n<p class=\"translation-block\">Sie k\u00f6nnen unsere Website besuchen, ohne Angaben zu Ihrer Person zu machen. Der Websitebetreiber erhebt Daten \u00fcber Zugriffe auf die Website und speichert diese als \"Server-Logfiles\" ab. Dabei werden folgende Daten protokolliert: besuchte Website, Uhrzeit des Zugriffs, Menge der gesendeten Daten in Bytes, Quelle\/Referenz, von der aus Sie auf die Website zugegriffen haben, verwendeter Browser, verwendetes Betriebssystem, verwendete IP-Adresse.\nDie gesammelten Daten werden ausschlie\u00dflich f\u00fcr statistische Auswertungen und zur Verbesserung der Website verwendet. Der Websitebetreiber beh\u00e4lt sich jedoch vor, die Server-Logfiles nachtr\u00e4glich zu \u00fcberpr\u00fcfen, wenn konkrete Anhaltspunkte f\u00fcr eine rechtswidrige Nutzung vorliegen. Diese Daten werden nur dann an Dritte weitergegeben, wenn dies gesetzlich vorgeschrieben oder durch Gerichtsbeschluss geregelt ist. Eine Weitergabe zu kommerziellen oder nichtkommerziellen Zwecken findet nicht statt.<\/p>\n\n\n\n<h4 class=\"wp-block-heading\" id=\"h-data-collection-and-data-processing-for-contract-closure\">Datenerfassung und Datenverarbeitung f\u00fcr den Vertragsabschluss<\/h4>\n\n\n\n<p>Wir erheben und verarbeiten Ihre personenbezogenen Daten, die Sie uns freiwillig zur Verf\u00fcgung stellen, um mit uns in Kontakt zu treten (z.B. zur Registrierung, per Kontaktformular oder per E-Mail) oder um unsere vertraglichen Verpflichtungen zu erf\u00fcllen und abzuwickeln und um Ihre Anfragen zu beantworten. Zum Zwecke der Vertragserf\u00fcllung k\u00f6nnen Ihre Daten an von uns beauftragte Dienstleister, z.B. an Lieferanten und Logistikunternehmen, weitergegeben werden. Nach vollst\u00e4ndiger Vertragsabwicklung werden Ihre Daten f\u00fcr die weitere Verwendung gesperrt und nach Ablauf der steuer- und handelsrechtlichen Aufbewahrungsfristen gel\u00f6scht, sofern Sie nicht ausdr\u00fccklich in die weitere Datenverwendung eingewilligt haben, wie nachfolgend beschrieben:<\/p>\n\n\n\n<p><\/p>\n\n\n\n<h4 class=\"wp-block-heading\" id=\"h-cookies\">Cookies<\/h4>\n\n\n\n<p>Diese Website verwendet Cookies. Dabei handelt es sich um kleine Textdateien, die auf Ihrem Ger\u00e4t gespeichert werden. Ihr Browser greift auf diese Dateien zu. Die Verwendung von Cookies erh\u00f6ht die Benutzerfreundlichkeit und Sicherheit dieser Website.<br>G\u00e4ngige Browser bieten die Einstellm\u00f6glichkeit, Cookies nicht zu akzeptieren. Hinweis: Es kann nicht garantiert werden, dass Sie auf alle Funktionen dieser Website ohne Einschr\u00e4nkungen zugreifen k\u00f6nnen, wenn Sie die entsprechenden Einstellungen vornehmen.<\/p>\n\n\n\n<h4 class=\"wp-block-heading\" id=\"h-google-analytics\">Google Analytics<\/h4>\n\n\n\n<p class=\"translation-block\">Diese Website benutzt den Dienst \"Google Analytics\", der von der Google Inc. (1600 Amphitheatre Parkway Mountain View, CA 94043, USA) zur Analyse der Benutzung der Website durch die Nutzer bereitgestellt wird. Der Dienst verwendet \"Cookies\" - Textdateien, die auf Ihrem Ger\u00e4t gespeichert werden. Die durch die Cookies gesammelten Informationen werden in der Regel an einen Server von Google in den USA gesendet und dort gespeichert.<br>Diese Website unterliegt der IP-Anonymisierung. Die IP-Adresse von Nutzern innerhalb der Mitgliedsstaaten der EU und des Europ\u00e4ischen Wirtschaftsraums wird abgek\u00fcrzt. Diese Abk\u00fcrzung eliminiert den pers\u00f6nlichen Bezug zu Ihrer IP-Adresse.<br>Sie haben die M\u00f6glichkeit, die Speicherung von Cookies auf Ihrem Ger\u00e4t durch entsprechende Einstellungen in Ihrem Browser zu verhindern. Es kann nicht garantiert werden, dass Sie alle Funktionen dieser Website ohne Einschr\u00e4nkungen nutzen k\u00f6nnen, wenn Ihr Browser keine Cookies zul\u00e4sst.<br>Sie k\u00f6nnen auch ein Browser-Plugin verwenden, um zu verhindern, dass die durch Cookies gesammelten Informationen (einschlie\u00dflich Ihrer IP-Adresse) an die Google Inc. gesendet und von dieser verwendet werden. Der folgende Link f\u00fchrt Sie zu dem entsprechenden Plugin:&nbsp;<a href=\"https:\/\/tools.google.com\/dlpage\/gaoptout?hl=en\">https:\/\/tools.google.com\/dlpage\/gaoptout?hl=en<\/a><br>Alternativ k\u00f6nnen Sie die Erfassung durch Google Analytics innerhalb dieser Website verhindern, indem Sie auf folgenden Link klicken&nbsp;<a href=\"https:\/\/zh-test.co.uk\/de\/privacy\/\">Google Analytics deaktivieren<\/a>. Mit einem Klick auf den obigen Link k\u00f6nnen Sie ein \"Opt-Out-Cookie\" herunterladen. Ihr Browser muss also grunds\u00e4tzlich das Speichern von Cookies zulassen. Wenn Sie Ihre Cookies regelm\u00e4\u00dfig l\u00f6schen, m\u00fcssen Sie bei jedem Besuch dieser Website erneut auf den Link klicken.<br>Klicken Sie hier, um weitere Informationen \u00fcber die Verwendung von Daten durch Google Inc. zu erhalten:&nbsp;<a href=\"https:\/\/support.google.com\/analytics\/answer\/6004245?hl=en\">https:\/\/support.google.com\/analytics\/answer\/6004245?hl=en<\/a><\/p><\/p>\n\n\n\n<h4 class=\"wp-block-heading\" id=\"h-google-tag-manager\">Google Tag Manager<\/h4>\n\n\n\n<p class=\"translation-block\"><p>Diese Website verwendet den Google Tag Manager. Dieser erm\u00f6glicht es uns als Betreiber der Website, Website-Tags zu verwalten. Bei diesen Tags handelt es sich um JavaScript- und\/oder HTML-Code-Bausteine, mit denen zus\u00e4tzliche Funktionen auf unserer Website ausgel\u00f6st oder bereitgestellt werden k\u00f6nnen. Insbesondere verwenden wir diese Bausteine, um Webanalysedienste (wie z.B. Google Analytics) zu aktivieren, die die Ankunft, das Verhalten, die Besuchsdauer und den Abbruch der Website durch die Nutzer aufzeichnen. Einzelheiten zu den Webanalysediensten, die auf unserer Website verwendet werden, sind oben aufgef\u00fchrt. Google Tag Manager verwaltet diese Tags und aktiviert sie w\u00e4hrend der Interaktion mit dem Nutzer. Die Erhebung, Speicherung und Verarbeitung personenbezogener Daten erfolgt nur durch die entsprechenden Webanalysedienste und nicht durch Google Tag Manager selbst. Wenn ein Webanalysedienst vom Nutzer deaktiviert wird, kann Google Tag Manager den Dienst auch nicht aktivieren.<br><br>F\u00fcr weitere Informationen \u00fcber Google Tag Manager folgen Sie bitte diesem Link:&nbsp;<strong><a href=\"https:\/\/www.google.com\/intl\/de\/tagmanager\/use-policy.html\"><\/a><a href=\"https:\/\/www.google.com\/intl\/de\/tagmanager\/use-policy.html\">https:\/\/www.google.com\/intl\/de\/tagmanager\/use-policy.html<\/a><\/strong><\/p><\/p>\n\n\n\n<h4 class=\"wp-block-heading\" id=\"h-the-use-of-linkedin\">Die Nutzung von LinkedIn<\/h4>\n\n\n\n<p class=\"translation-block\"><p>Unsere Website nutzt die Funktionen des Netzwerks LinkedIn. Der Anbieter ist die LinkedIn Corporation, 2029 Stierlin Court, Mountain View, CA 94043, USA. Jedes Mal, wenn Sie eine unserer Seiten mit LinkedIn-Funktionen besuchen, wird eine Verbindung zu den Servern von LinkedIn hergestellt. LinkedIn erh\u00e4lt dadurch die Information, dass Sie mit Ihrer IP-Adresse unsere Seite besucht haben. Wenn Sie den \"Recommend-Button\" von LinkedIn anklicken und in Ihrem LinkedIn-Konto eingeloggt sind, kann LinkedIn den Besuch unserer Website Ihnen und Ihrem Benutzerkonto zuordnen. Bitte beachten Sie, dass wir als Anbieter der Seiten keine Kenntnis vom Inhalt der \u00fcbermittelten Daten sowie deren Nutzung durch LinkedIn erhalten.<br>Weitere Informationen finden Sie in der Datenschutzrichtlinie von LinkedIn:&nbsp;<a href=\"https:\/\/www.linkedin.com\/legal\/privacy-policy\">https:\/\/www.linkedin.com\/legal\/privacy-policy<\/a><\/p><\/p>\n\n\n\n<h4 class=\"wp-block-heading\" id=\"h-the-right-to-objection\">Das Recht auf Einspruch<\/h4>\n\n\n\n<p>Sie k\u00f6nnen der Verarbeitung Ihrer personenbezogenen Daten jederzeit und ohne Angabe von Gr\u00fcnden widersprechen. Wenn Sie hiervon Gebrauch machen oder Ihre Daten nicht zur Verf\u00fcgung stellen, kann der Vertrag nicht erf\u00fcllt werden. Wenn wir Ihre Daten zur Wahrung berechtigter Interessen verarbeiten, k\u00f6nnen Sie aus Gr\u00fcnden, die sich aus Ihrer besonderen Situation ergeben, Widerspruch gegen diese Verarbeitung einlegen. Wir werden Ihre personenbezogenen Daten dann nicht mehr verarbeiten, es sei denn, wir k\u00f6nnen zwingende schutzw\u00fcrdige Gr\u00fcnde f\u00fcr die Verarbeitung nachweisen, die Ihre Interessen, Rechte und Grundfreiheiten \u00fcberwiegen, oder die Verarbeitung dient der Geltendmachung, Aus\u00fcbung oder Verteidigung von Rechtsanspr\u00fcchen (Art. 6 Abs. 1 lit. f DSGVO).<\/p>\n\n\n\n<h4 class=\"wp-block-heading\" id=\"h-the-right-to-information-correction-and-erasure\">Das Recht auf Information, Berichtigung und L\u00f6schung<\/h4>\n\n\n\n<p class=\"translation-block\"><p>Sie haben das Recht, jederzeit und ohne Angabe von Gr\u00fcnden Auskunft dar\u00fcber zu verlangen, ob und welche Daten wir \u00fcber Sie gespeichert haben. Dar\u00fcber hinaus k\u00f6nnen Sie die von uns \u00fcber Sie erhobenen Daten sperren, l\u00f6schen oder berichtigen lassen. Wenden Sie sich dazu bitte an den im Impressum genannten Verantwortlichen in unserem Unternehmen oder an den folgenden Ansprechpartner f\u00fcr Datenschutz:<br><a href=\"mailto:datenschutz@ziemann-holvrieka.com\">datenschutz@ziemann-holvrieka.com<\/a><br><strong>Datenschutzbeauftragter:<\/strong><br>Rechtsanwalt Gerald W.H. Ott, Alexanderstr. 14 B, 70184 Stuttgart, Deutschland<br>Tel.: +49 711 248 6612 Fax: +49 711 248 6618<\/p><\/p>\n\n\n\n<h4 class=\"wp-block-heading\" id=\"h-further-rights\">Weitere Rechte<\/h4>\n\n\n\n<p class=\"translation-block\"><p>Im Falle von Datenschutzverletzungen k\u00f6nnen Sie sich direkt an den oben genannten Datenschutzbeauftragten oder an die zust\u00e4ndige Aufsichtsbeh\u00f6rde wenden: (<a href=\"https:\/\/www.baden-wuerttemberg.datenschutz.de\/\">https:\/\/www.baden-wuerttemberg.datenschutz.de<\/a>).<br>Wir behalten uns das Recht vor, die Datenschutzbestimmungen zu \u00e4ndern.<br>Stand: Mai 2018.<\/p><\/p>","protected":false},"excerpt":{"rendered":"<p>Thank you for visiting our website. The protection of personal data and therefore your privacy is of great relevance to Ziemann Holvrieka. Please find information [&hellip;]<\/p>\n","protected":false},"author":1,"featured_media":0,"parent":0,"menu_order":0,"comment_status":"closed","ping_status":"open","template":"templates\/simple-page.php","meta":{"footnotes":""},"yoast_head":"<!-- This site is optimized with the Yoast SEO Premium plugin v21.7 (Yoast SEO v23.5) - https:\/\/yoast.com\/wordpress\/plugins\/seo\/ -->\n<title>Data protection declaration - Ziemann Holvrieka<\/title>\n<meta name=\"description\" content=\"Your privacy matters. Ziemann Holvrieka values the protection of your personal data. Learn how we handle and safeguard your information in compliance with data protection regulations. Please note, internet data transmission may have vulnerabilities.\" \/>\n<meta name=\"robots\" content=\"noindex, follow, max-snippet:-1, max-image-preview:large, max-video-preview:-1\" \/>\n<meta property=\"og:locale\" content=\"de_DE\" \/>\n<meta property=\"og:type\" content=\"article\" \/>\n<meta property=\"og:title\" content=\"Data protection declaration\" \/>\n<meta property=\"og:description\" content=\"Your privacy matters. Ziemann Holvrieka values the protection of your personal data. Learn how we handle and safeguard your information in compliance with data protection regulations. Please note, internet data transmission may have vulnerabilities.\" \/>\n<meta property=\"og:url\" content=\"https:\/\/zh-test.co.uk\/de\/datenschutzbestimmungen\/\" \/>\n<meta property=\"og:site_name\" content=\"Ziemann Holvrieka\" \/>\n<meta property=\"article:publisher\" content=\"https:\/\/www.linkedin.com\/company\/ziemann-international-gmbh\" \/>\n<meta property=\"article:modified_time\" content=\"2024-02-14T13:29:52+00:00\" \/>\n<meta name=\"twitter:card\" content=\"summary_large_image\" \/>\n<meta name=\"twitter:label1\" content=\"Gesch\u00e4tzte Lesezeit\" \/>\n\t<meta name=\"twitter:data1\" content=\"7\u00a0Minuten\" \/>\n<script type=\"application\/ld+json\" class=\"yoast-schema-graph\">{\"@context\":\"https:\/\/schema.org\",\"@graph\":[{\"@type\":\"WebPage\",\"@id\":\"https:\/\/zh-test.co.uk\/en\/privacy-policy\/\",\"url\":\"https:\/\/zh-test.co.uk\/en\/privacy-policy\/\",\"name\":\"Data protection declaration - Ziemann Holvrieka\",\"isPartOf\":{\"@id\":\"https:\/\/zh-test.co.uk\/#website\"},\"datePublished\":\"2023-05-16T09:01:33+00:00\",\"dateModified\":\"2024-02-14T13:29:52+00:00\",\"description\":\"Your privacy matters. Ziemann Holvrieka values the protection of your personal data. Learn how we handle and safeguard your information in compliance with data protection regulations. Please note, internet data transmission may have vulnerabilities.\",\"breadcrumb\":{\"@id\":\"https:\/\/zh-test.co.uk\/en\/privacy-policy\/#breadcrumb\"},\"inLanguage\":\"de\",\"potentialAction\":[{\"@type\":\"ReadAction\",\"target\":[\"https:\/\/zh-test.co.uk\/en\/privacy-policy\/\"]}]},{\"@type\":\"BreadcrumbList\",\"@id\":\"https:\/\/zh-test.co.uk\/en\/privacy-policy\/#breadcrumb\",\"itemListElement\":[{\"@type\":\"ListItem\",\"position\":1,\"name\":\"Home\",\"item\":\"https:\/\/zh-test.co.uk\/\"},{\"@type\":\"ListItem\",\"position\":2,\"name\":\"Data protection declaration\"}]},{\"@type\":\"WebSite\",\"@id\":\"https:\/\/zh-test.co.uk\/#website\",\"url\":\"https:\/\/zh-test.co.uk\/\",\"name\":\"Ziemann Holvrieka\",\"description\":\"\",\"potentialAction\":[{\"@type\":\"SearchAction\",\"target\":{\"@type\":\"EntryPoint\",\"urlTemplate\":\"https:\/\/zh-test.co.uk\/?s={search_term_string}\"},\"query-input\":{\"@type\":\"PropertyValueSpecification\",\"valueRequired\":true,\"valueName\":\"search_term_string\"}}],\"inLanguage\":\"de\"}]}<\/script>\n<!-- \/ Yoast SEO Premium plugin. -->","yoast_head_json":{"title":"Erkl\u00e4rung zum Datenschutz - Ziemann Holvrieka","description":"Ihre Privatsph\u00e4re ist uns wichtig. Ziemann Holvrieka legt gro\u00dfen Wert auf den Schutz Ihrer pers\u00f6nlichen Daten. Erfahren Sie, wie wir Ihre Daten unter Einhaltung der Datenschutzbestimmungen behandeln und sch\u00fctzen. Bitte beachten Sie, dass die Daten\u00fcbertragung im Internet Schwachstellen aufweisen kann.","robots":{"index":"noindex","follow":"follow","max-snippet":"max-snippet:-1","max-image-preview":"max-image-preview:large","max-video-preview":"max-video-preview:-1"},"og_locale":"de_DE","og_type":"article","og_title":"Data protection declaration","og_description":"Your privacy matters. Ziemann Holvrieka values the protection of your personal data. Learn how we handle and safeguard your information in compliance with data protection regulations. Please note, internet data transmission may have vulnerabilities.","og_url":"https:\/\/zh-test.co.uk\/de\/datenschutzbestimmungen\/","og_site_name":"Ziemann Holvrieka","article_publisher":"https:\/\/www.linkedin.com\/company\/ziemann-international-gmbh","article_modified_time":"2024-02-14T13:29:52+00:00","twitter_card":"summary_large_image","twitter_misc":{"Gesch\u00e4tzte Lesezeit":"7\u00a0Minuten"},"schema":{"@context":"https:\/\/schema.org","@graph":[{"@type":"WebPage","@id":"https:\/\/zh-test.co.uk\/en\/privacy-policy\/","url":"https:\/\/zh-test.co.uk\/en\/privacy-policy\/","name":"Erkl\u00e4rung zum Datenschutz - Ziemann Holvrieka","isPartOf":{"@id":"https:\/\/zh-test.co.uk\/#website"},"datePublished":"2023-05-16T09:01:33+00:00","dateModified":"2024-02-14T13:29:52+00:00","description":"Ihre Privatsph\u00e4re ist uns wichtig. Ziemann Holvrieka legt gro\u00dfen Wert auf den Schutz Ihrer pers\u00f6nlichen Daten. Erfahren Sie, wie wir Ihre Daten unter Einhaltung der Datenschutzbestimmungen behandeln und sch\u00fctzen. Bitte beachten Sie, dass die Daten\u00fcbertragung im Internet Schwachstellen aufweisen kann.","breadcrumb":{"@id":"https:\/\/zh-test.co.uk\/en\/privacy-policy\/#breadcrumb"},"inLanguage":"de","potentialAction":[{"@type":"ReadAction","target":["https:\/\/zh-test.co.uk\/en\/privacy-policy\/"]}]},{"@type":"BreadcrumbList","@id":"https:\/\/zh-test.co.uk\/en\/privacy-policy\/#breadcrumb","itemListElement":[{"@type":"ListItem","position":1,"name":"Home","item":"https:\/\/zh-test.co.uk\/"},{"@type":"ListItem","position":2,"name":"Data protection declaration"}]},{"@type":"WebSite","@id":"https:\/\/zh-test.co.uk\/#website","url":"https:\/\/zh-test.co.uk\/","name":"Ziemann Holvrieka","description":"","potentialAction":[{"@type":"SearchAction","target":{"@type":"EntryPoint","urlTemplate":"https:\/\/zh-test.co.uk\/?s={search_term_string}"},"query-input":{"@type":"PropertyValueSpecification","valueRequired":true,"valueName":"search_term_string"}}],"inLanguage":"de"}]}},"_links":{"self":[{"href":"https:\/\/zh-test.co.uk\/de\/wp-json\/wp\/v2\/pages\/3"}],"collection":[{"href":"https:\/\/zh-test.co.uk\/de\/wp-json\/wp\/v2\/pages"}],"about":[{"href":"https:\/\/zh-test.co.uk\/de\/wp-json\/wp\/v2\/types\/page"}],"author":[{"embeddable":true,"href":"https:\/\/zh-test.co.uk\/de\/wp-json\/wp\/v2\/users\/1"}],"replies":[{"embeddable":true,"href":"https:\/\/zh-test.co.uk\/de\/wp-json\/wp\/v2\/comments?post=3"}],"version-history":[{"count":3,"href":"https:\/\/zh-test.co.uk\/de\/wp-json\/wp\/v2\/pages\/3\/revisions"}],"predecessor-version":[{"id":6530,"href":"https:\/\/zh-test.co.uk\/de\/wp-json\/wp\/v2\/pages\/3\/revisions\/6530"}],"wp:attachment":[{"href":"https:\/\/zh-test.co.uk\/de\/wp-json\/wp\/v2\/media?parent=3"}],"curies":[{"name":"wp","href":"https:\/\/api.w.org\/{rel}","templated":true}]}}