{"id":5636,"date":"2023-11-22T13:35:43","date_gmt":"2023-11-22T13:35:43","guid":{"rendered":"https:\/\/zh-test.co.uk\/?page_id=5636"},"modified":"2023-12-06T12:00:50","modified_gmt":"2023-12-06T12:00:50","slug":"technischer-produktdesigner","status":"publish","type":"page","link":"https:\/\/zh-test.co.uk\/de\/karriere\/auszubildende\/technischer-produktdesigner\/","title":{"rendered":"Technischer Produktdesigner (m\/w\/d)"},"content":{"rendered":"<p><\/p>\n\n\n\n<div class=\"wp-block-group container is-layout-constrained wp-block-group-is-layout-constrained\"><div class=\"wp-block-group__inner-container\">\n<section class=\"wp-block-group has-theme-white-background-color has-background is-layout-constrained wp-block-group-is-layout-constrained\"><div class=\"wp-block-group__inner-container\">\n<div class=\"wp-block-columns has-theme-primary-background-color has-background is-layout-flex wp-container-core-columns-layout-1 wp-block-columns-is-layout-flex\">\n<div class=\"wp-block-column is-layout-flow wp-block-column-is-layout-flow\">\n<figure class=\"wp-block-image size-large is-resized\" style=\"text-align: center; margin-top: 20px;\">\n    <img decoding=\"async\" src=\"https:\/\/zh-test.co.uk\/wp-content\/uploads\/2023\/11\/2014_technischer_designer-scaled.jpg\" alt=\"\" class=\"wp-image-1572\" style=\"object-fit: cover; width: 550px; height: 750px; display: inline-block;\"\/>\n<\/figure>\n<\/div>\n\n\n\n<div class=\"wp-block-column has-theme-white-color has-theme-primary-background-color has-text-color has-background has-link-color has-medium-font-size wp-elements-b034a4220a35863427ea61040fa52cb9 is-layout-flow wp-block-column-is-layout-flow\">\n<p class=\"has-theme-white-color has-theme-primary-background-color has-text-color has-background has-link-color wp-elements-610acd37f040fc33f00fee59205f590e\"><br>Ausbildungsst\u00e4tte: Ludwigsburg oder B\u00fcrgstadt<br><br>Ausbildungsdauer: 3\u00bd Jahre<br><br>Anforderung: Mind. Mittlere Reife<\/p>\n\n\n\n<h5 class=\"wp-block-heading\" id=\"h-ausbildungsinhalte\">Ausbildungsinhalte:<\/h5>\n\n\n\n<ul>\n<li>Arbeitssicherheit, Umweltschutz und Qualit\u00e4tssicherung<\/li>\n\n\n\n<li>Grundlagen des technischen Zeichnens<\/li>\n\n\n\n<li>Lesen und Anwenden technischer Unterlagen<\/li>\n\n\n\n<li>Ausf\u00fchrung technischer Berechnungen<\/li>\n\n\n\n<li>Planung und Projektierung verschiedener Teilbereiche von<br>Brauereianlagen<\/li>\n\n\n\n<li>Detailkonstruktion von Tanks und Sudgef\u00e4\u00dfen<\/li>\n\n\n\n<li>Ermittlung des Materialbedarfs<\/li>\n\n\n\n<li>Erstellung der technischen Dokumente<br><br><br>Qualifizierungslehrg\u00e4nge und Weiterbildungsm\u00f6glichkeiten:<br><\/li>\n\n\n\n<li>Techniker (m\/w\/d), Fachrichtung Maschinenbau<\/li>\n\n\n\n<li>Nach dem Erwerb der Hochschulreife:<br>Studium zum Ingenieur (m\/w\/d),<br>Fachrichtung Maschinenbau oder Verfahrenstechnik<br><br><\/li>\n<\/ul>\n\n\n\n<p>Fragen Sie bei uns an - wir freuen uns auf Sie!<br><\/p>\n\n\n\n<p>Ansprechpartnerin f\u00fcr den Standort Ludwigsburg<br>Adriana D'Amico<br>Tel.. +49 7141 408-419<br>E-Mail: ausbildung@ziemann-holvrieka.com<\/p>\n<\/div>\n<\/div>\n<\/div><\/section>\n<\/div><\/div>\n\n\n\n<div class=\"wp-block-group container is-nowrap is-layout-flex wp-container-core-group-layout-3 wp-block-group-is-layout-flex\">\n<p><\/p>\n<\/div>\n\n\n\n<div class=\"wp-block-columns gap-none has-theme-primary-background-color has-background is-layout-flex wp-container-core-columns-layout-2 wp-block-columns-is-layout-flex\">\n<div class=\"wp-block-column is-layout-flow wp-block-column-is-layout-flow\">\n<div class=\"wp-block-cover\"><span aria-hidden=\"true\" class=\"wp-block-cover__background has-background-dim-0 has-background-dim\"><\/span><img loading=\"lazy\" decoding=\"async\" width=\"768\" height=\"994\" class=\"wp-block-cover__image-background wp-image-775\" alt=\"Hintergrundgrafik\" src=\"https:\/\/zh-test.co.uk\/wp-content\/uploads\/2023\/08\/background-graphic.png\" data-object-fit=\"cover\" srcset=\"https:\/\/zh-test.co.uk\/wp-content\/uploads\/2023\/08\/background-graphic.png 768w, https:\/\/zh-test.co.uk\/wp-content\/uploads\/2023\/08\/background-graphic-232x300.png 232w, https:\/\/zh-test.co.uk\/wp-content\/uploads\/2023\/08\/background-graphic-464x600.png 464w\" sizes=\"(max-width: 768px) 100vw, 768px\" \/><div class=\"wp-block-cover__inner-container is-layout-constrained wp-block-cover-is-layout-constrained\">\n<div class=\"wp-block-group left-container flex flex-center is-layout-constrained wp-block-group-is-layout-constrained\"><div class=\"wp-block-group__inner-container\">\n<h4 class=\"wp-block-heading has-theme-white-color has-text-color\" id=\"h-working-life-at-ziemann-holvrieka\">Arbeiten bei Ziemann Holvrieka <\/h4>\n\n\n\n<p>Bei Ziemann Holvrieka legen wir gro\u00dfen Wert auf das Wohlbefinden unserer Mitarbeiter. Daher bieten wir umfangreiche Leistungen an, um eine ausgewogene Work-Life-Balance zu erm\u00f6glichen.<\/p>\n<\/div><\/div>\n<\/div><\/div>\n<\/div>\n\n\n\n<div class=\"wp-block-column is-layout-flow wp-block-column-is-layout-flow\">\n<div class=\"wp-block-cover is-light\"><span aria-hidden=\"true\" class=\"wp-block-cover__background has-background-dim-0 has-background-dim\"><\/span><img loading=\"lazy\" decoding=\"async\" width=\"2000\" height=\"1332\" class=\"wp-block-cover__image-background wp-image-2033\" alt=\"\" src=\"https:\/\/zh-test.co.uk\/wp-content\/uploads\/2023\/09\/students.jpeg\" data-object-fit=\"cover\" srcset=\"https:\/\/zh-test.co.uk\/wp-content\/uploads\/2023\/09\/students.jpeg 2000w, https:\/\/zh-test.co.uk\/wp-content\/uploads\/2023\/09\/students-300x200.jpeg 300w, https:\/\/zh-test.co.uk\/wp-content\/uploads\/2023\/09\/students-1024x682.jpeg 1024w, https:\/\/zh-test.co.uk\/wp-content\/uploads\/2023\/09\/students-768x511.jpeg 768w, https:\/\/zh-test.co.uk\/wp-content\/uploads\/2023\/09\/students-1536x1023.jpeg 1536w, https:\/\/zh-test.co.uk\/wp-content\/uploads\/2023\/09\/students-18x12.jpeg 18w, https:\/\/zh-test.co.uk\/wp-content\/uploads\/2023\/09\/students-600x400.jpeg 600w, https:\/\/zh-test.co.uk\/wp-content\/uploads\/2023\/09\/students-1200x799.jpeg 1200w, https:\/\/zh-test.co.uk\/wp-content\/uploads\/2023\/09\/students-1920x1279.jpeg 1920w\" sizes=\"(max-width: 2000px) 100vw, 2000px\" \/><div class=\"wp-block-cover__inner-container is-layout-flow wp-block-cover-is-layout-flow\">\n<p class=\"has-text-align-center has-large-font-size\"><\/p>\n<\/div><\/div>\n<\/div>\n<\/div>\n\n\n\n<section class=\"wp-block-group has-theme-white-background-color has-background is-layout-constrained wp-block-group-is-layout-constrained\"><div class=\"wp-block-group__inner-container\">\n<div class=\"wp-block-group container is-layout-constrained wp-block-group-is-layout-constrained\"><div class=\"wp-block-group__inner-container\">\n<div class=\"wp-block-columns is-layout-flex wp-container-core-columns-layout-3 wp-block-columns-is-layout-flex\">\n<div class=\"wp-block-column is-layout-flow wp-block-column-is-layout-flow\" style=\"flex-basis:66.66%\">\n<h3 class=\"wp-block-heading has-theme-secondary-text-color has-text-color\" id=\"h-benefits-of-working-at-ziemann-holvrieka\">Leistungspaket f\u00fcr Mitarbeiter bei Ziemann Holvrieka<\/h3>\n\n\n\n<div style=\"height:20px\" aria-hidden=\"true\" class=\"wp-block-spacer\"><\/div>\n<\/div>\n\n\n\n<div class=\"wp-block-column is-layout-flow wp-block-column-is-layout-flow\" style=\"flex-basis:33.33%\"><\/div>\n<\/div>\n\n\n\n<div class=\"wp-block-columns gap-100 is-layout-flex wp-container-core-columns-layout-4 wp-block-columns-is-layout-flex\">\n<div class=\"wp-block-column is-layout-flow wp-block-column-is-layout-flow\">\n<ul>\n<li>Flexible Arbeitszeiten zwischen 6.00 und 20.00 Uhr*<\/li>\n\n\n\n<li>Bis zu 2 Tage mobiles Arbeiten pro Woche*<\/li>\n\n\n\n<li>Arbeitszeitkonto f\u00fcr individuelle Planung<\/li>\n\n\n\n<li>Tarifvertrag (Lohntarifvertrag der Metall- und Elektroindustrie)<\/li>\n\n\n\n<li>Jobrad f\u00fcr umweltfreundliche Mobilit\u00e4t<\/li>\n\n\n\n<li>Aus- und Weiterbildung zur pers\u00f6nlichen Weiterentwicklung<\/li>\n\n\n\n<li>Reisekostenerstattung f\u00fcr einfaches Reisen<\/li>\n\n\n\n<li>Betriebliche Altersvorsorge f\u00fcr eine sichere Zukunft<\/li>\n\n\n\n<li>Verm\u00f6genswirksame Leistungen f\u00fcr zus\u00e4tzliche Unterst\u00fctzung<\/li>\n<\/ul>\n<\/div>\n\n\n\n<div class=\"wp-block-column is-layout-flow wp-block-column-is-layout-flow\">\n<ul>\n<li>14 Geh\u00e4lter f\u00fcr finanzielle Stabilit\u00e4t<\/li>\n\n\n\n<li>30 Tage Urlaub f\u00fcr ausreichende Erholung<\/li>\n\n\n\n<li>35h\/Woche Arbeitszeit f\u00fcr mehr Freizeit<\/li>\n\n\n\n<li>Moderne Arbeitspl\u00e4tze f\u00fcr effizientes Arbeiten<\/li>\n\n\n\n<li>Zentrale Lage mit guter Anbindung an \u00f6ffentliche Verkehrsmittel f\u00fcr bequeme Erreichbarkeit<\/li>\n\n\n\n<li>Mitarbeiterparkpl\u00e4tze f\u00fcr stressfreies Pendeln<\/li>\n\n\n\n<li>Firmenveranstaltungen f\u00fcr ein starkes Teamgef\u00fchl<\/li>\n\n\n\n<li>Haustrunk als besonderes Dankesch\u00f6n<\/li>\n<\/ul>\n<\/div>\n<\/div>\n<\/div><\/div>\n<\/div><\/section>\n\n\n\n<div class=\"wp-block-group container no-padding is-layout-constrained wp-block-group-is-layout-constrained\"><div class=\"wp-block-group__inner-container\">\n<p class=\"has-text-align-left\">   *F\u00fcr B\u00fcrojobs<\/p>\n\n\n\n<div style=\"height:50px\" aria-hidden=\"true\" class=\"wp-block-spacer\"><\/div>\n<\/div><\/div>","protected":false},"excerpt":{"rendered":"<p>Ausbildungsst\u00e4tte: Ludwigsburg Ausbildungsdauer: 3\u00bd Jahre Anforderung: Mind. Mittlere Reife Ausbildungsinhalte: Fragen Sie bei uns an \u2013 wir freuen uns auf Sie! Ansprechpartnerin f\u00fcr den Standort [&hellip;]<\/p>\n","protected":false},"author":2,"featured_media":5632,"parent":2516,"menu_order":0,"comment_status":"closed","ping_status":"closed","template":"templates\/careers.php","meta":{"footnotes":""},"yoast_head":"<!-- This site is optimized with the Yoast SEO Premium plugin v21.7 (Yoast SEO v23.5) - https:\/\/yoast.com\/wordpress\/plugins\/seo\/ -->\n<title>Technischer Produktdesigner (m\/w\/d) - Ziemann Holvrieka<\/title>\n<meta name=\"robots\" content=\"noindex, follow, max-snippet:-1, max-image-preview:large, max-video-preview:-1\" \/>\n<meta property=\"og:locale\" content=\"de_DE\" \/>\n<meta property=\"og:type\" content=\"article\" \/>\n<meta property=\"og:title\" content=\"Technischer Produktdesigner (m\/w\/d)\" \/>\n<meta property=\"og:description\" content=\"Ausbildungsst\u00e4tte: Ludwigsburg Ausbildungsdauer: 3\u00bd Jahre Anforderung: Mind. Mittlere Reife Ausbildungsinhalte: Fragen Sie bei uns an \u2013 wir freuen uns auf Sie! Ansprechpartnerin f\u00fcr den Standort [&hellip;]\" \/>\n<meta property=\"og:url\" content=\"https:\/\/zh-test.co.uk\/de\/karriere\/auszubildende\/technischer-produktdesigner\/\" \/>\n<meta property=\"og:site_name\" content=\"Ziemann Holvrieka\" \/>\n<meta property=\"article:publisher\" content=\"https:\/\/www.linkedin.com\/company\/ziemann-international-gmbh\" \/>\n<meta property=\"article:modified_time\" content=\"2023-12-06T12:00:50+00:00\" \/>\n<meta property=\"og:image\" content=\"https:\/\/zh-test.co.uk\/wp-content\/uploads\/2023\/11\/Klindtworth_M669853-scaled.jpg\" \/>\n\t<meta property=\"og:image:width\" content=\"2560\" \/>\n\t<meta property=\"og:image:height\" content=\"1705\" \/>\n\t<meta property=\"og:image:type\" content=\"image\/jpeg\" \/>\n<meta name=\"twitter:card\" content=\"summary_large_image\" \/>\n<meta name=\"twitter:label1\" content=\"Gesch\u00e4tzte Lesezeit\" \/>\n\t<meta name=\"twitter:data1\" content=\"3\u00a0Minuten\" \/>\n<script type=\"application\/ld+json\" class=\"yoast-schema-graph\">{\"@context\":\"https:\/\/schema.org\",\"@graph\":[{\"@type\":\"WebPage\",\"@id\":\"https:\/\/zh-test.co.uk\/careers\/apprentices\/technischer-produktdesigner\/\",\"url\":\"https:\/\/zh-test.co.uk\/careers\/apprentices\/technischer-produktdesigner\/\",\"name\":\"Technischer Produktdesigner (m\/w\/d) - Ziemann Holvrieka\",\"isPartOf\":{\"@id\":\"https:\/\/zh-test.co.uk\/#website\"},\"primaryImageOfPage\":{\"@id\":\"https:\/\/zh-test.co.uk\/careers\/apprentices\/technischer-produktdesigner\/#primaryimage\"},\"image\":{\"@id\":\"https:\/\/zh-test.co.uk\/careers\/apprentices\/technischer-produktdesigner\/#primaryimage\"},\"thumbnailUrl\":\"https:\/\/zh-test.co.uk\/wp-content\/uploads\/2023\/11\/Klindtworth_M669853-scaled.jpg\",\"datePublished\":\"2023-11-22T13:35:43+00:00\",\"dateModified\":\"2023-12-06T12:00:50+00:00\",\"breadcrumb\":{\"@id\":\"https:\/\/zh-test.co.uk\/careers\/apprentices\/technischer-produktdesigner\/#breadcrumb\"},\"inLanguage\":\"de\",\"potentialAction\":[{\"@type\":\"ReadAction\",\"target\":[\"https:\/\/zh-test.co.uk\/careers\/apprentices\/technischer-produktdesigner\/\"]}]},{\"@type\":\"ImageObject\",\"inLanguage\":\"de\",\"@id\":\"https:\/\/zh-test.co.uk\/careers\/apprentices\/technischer-produktdesigner\/#primaryimage\",\"url\":\"https:\/\/zh-test.co.uk\/wp-content\/uploads\/2023\/11\/Klindtworth_M669853-scaled.jpg\",\"contentUrl\":\"https:\/\/zh-test.co.uk\/wp-content\/uploads\/2023\/11\/Klindtworth_M669853-scaled.jpg\",\"width\":2560,\"height\":1705},{\"@type\":\"BreadcrumbList\",\"@id\":\"https:\/\/zh-test.co.uk\/careers\/apprentices\/technischer-produktdesigner\/#breadcrumb\",\"itemListElement\":[{\"@type\":\"ListItem\",\"position\":1,\"name\":\"Home\",\"item\":\"https:\/\/zh-test.co.uk\/\"},{\"@type\":\"ListItem\",\"position\":2,\"name\":\"Careers\",\"item\":\"https:\/\/zh-test.co.uk\/careers\/\"},{\"@type\":\"ListItem\",\"position\":3,\"name\":\"Apprentices\",\"item\":\"https:\/\/zh-test.co.uk\/careers\/apprentices\/\"},{\"@type\":\"ListItem\",\"position\":4,\"name\":\"Technischer Produktdesigner (m\/w\/d)\"}]},{\"@type\":\"WebSite\",\"@id\":\"https:\/\/zh-test.co.uk\/#website\",\"url\":\"https:\/\/zh-test.co.uk\/\",\"name\":\"Ziemann Holvrieka\",\"description\":\"\",\"potentialAction\":[{\"@type\":\"SearchAction\",\"target\":{\"@type\":\"EntryPoint\",\"urlTemplate\":\"https:\/\/zh-test.co.uk\/?s={search_term_string}\"},\"query-input\":{\"@type\":\"PropertyValueSpecification\",\"valueRequired\":true,\"valueName\":\"search_term_string\"}}],\"inLanguage\":\"de\"}]}<\/script>\n<!-- \/ Yoast SEO Premium plugin. -->","yoast_head_json":{"title":"Technischer Produktdesigner (m\/w\/d) - Ziemann Holvrieka","robots":{"index":"noindex","follow":"follow","max-snippet":"max-snippet:-1","max-image-preview":"max-image-preview:large","max-video-preview":"max-video-preview:-1"},"og_locale":"de_DE","og_type":"article","og_title":"Technischer Produktdesigner (m\/w\/d)","og_description":"Ausbildungsst\u00e4tte: Ludwigsburg Ausbildungsdauer: 3\u00bd Jahre Anforderung: Mind. Mittlere Reife Ausbildungsinhalte: Fragen Sie bei uns an \u2013 wir freuen uns auf Sie! Ansprechpartnerin f\u00fcr den Standort [&hellip;]","og_url":"https:\/\/zh-test.co.uk\/de\/karriere\/auszubildende\/technischer-produktdesigner\/","og_site_name":"Ziemann Holvrieka","article_publisher":"https:\/\/www.linkedin.com\/company\/ziemann-international-gmbh","article_modified_time":"2023-12-06T12:00:50+00:00","og_image":[{"width":2560,"height":1705,"url":"https:\/\/zh-test.co.uk\/wp-content\/uploads\/2023\/11\/Klindtworth_M669853-scaled.jpg","type":"image\/jpeg"}],"twitter_card":"summary_large_image","twitter_misc":{"Gesch\u00e4tzte Lesezeit":"3\u00a0Minuten"},"schema":{"@context":"https:\/\/schema.org","@graph":[{"@type":"WebPage","@id":"https:\/\/zh-test.co.uk\/careers\/apprentices\/technischer-produktdesigner\/","url":"https:\/\/zh-test.co.uk\/careers\/apprentices\/technischer-produktdesigner\/","name":"Technischer Produktdesigner (m\/w\/d) - Ziemann Holvrieka","isPartOf":{"@id":"https:\/\/zh-test.co.uk\/#website"},"primaryImageOfPage":{"@id":"https:\/\/zh-test.co.uk\/careers\/apprentices\/technischer-produktdesigner\/#primaryimage"},"image":{"@id":"https:\/\/zh-test.co.uk\/careers\/apprentices\/technischer-produktdesigner\/#primaryimage"},"thumbnailUrl":"https:\/\/zh-test.co.uk\/wp-content\/uploads\/2023\/11\/Klindtworth_M669853-scaled.jpg","datePublished":"2023-11-22T13:35:43+00:00","dateModified":"2023-12-06T12:00:50+00:00","breadcrumb":{"@id":"https:\/\/zh-test.co.uk\/careers\/apprentices\/technischer-produktdesigner\/#breadcrumb"},"inLanguage":"de","potentialAction":[{"@type":"ReadAction","target":["https:\/\/zh-test.co.uk\/careers\/apprentices\/technischer-produktdesigner\/"]}]},{"@type":"ImageObject","inLanguage":"de","@id":"https:\/\/zh-test.co.uk\/careers\/apprentices\/technischer-produktdesigner\/#primaryimage","url":"https:\/\/zh-test.co.uk\/wp-content\/uploads\/2023\/11\/Klindtworth_M669853-scaled.jpg","contentUrl":"https:\/\/zh-test.co.uk\/wp-content\/uploads\/2023\/11\/Klindtworth_M669853-scaled.jpg","width":2560,"height":1705},{"@type":"BreadcrumbList","@id":"https:\/\/zh-test.co.uk\/careers\/apprentices\/technischer-produktdesigner\/#breadcrumb","itemListElement":[{"@type":"ListItem","position":1,"name":"Home","item":"https:\/\/zh-test.co.uk\/"},{"@type":"ListItem","position":2,"name":"Careers","item":"https:\/\/zh-test.co.uk\/careers\/"},{"@type":"ListItem","position":3,"name":"Apprentices","item":"https:\/\/zh-test.co.uk\/careers\/apprentices\/"},{"@type":"ListItem","position":4,"name":"Technischer Produktdesigner (m\/w\/d)"}]},{"@type":"WebSite","@id":"https:\/\/zh-test.co.uk\/#website","url":"https:\/\/zh-test.co.uk\/","name":"Ziemann Holvrieka","description":"","potentialAction":[{"@type":"SearchAction","target":{"@type":"EntryPoint","urlTemplate":"https:\/\/zh-test.co.uk\/?s={search_term_string}"},"query-input":{"@type":"PropertyValueSpecification","valueRequired":true,"valueName":"search_term_string"}}],"inLanguage":"de"}]}},"_links":{"self":[{"href":"https:\/\/zh-test.co.uk\/de\/wp-json\/wp\/v2\/pages\/5636"}],"collection":[{"href":"https:\/\/zh-test.co.uk\/de\/wp-json\/wp\/v2\/pages"}],"about":[{"href":"https:\/\/zh-test.co.uk\/de\/wp-json\/wp\/v2\/types\/page"}],"author":[{"embeddable":true,"href":"https:\/\/zh-test.co.uk\/de\/wp-json\/wp\/v2\/users\/2"}],"replies":[{"embeddable":true,"href":"https:\/\/zh-test.co.uk\/de\/wp-json\/wp\/v2\/comments?post=5636"}],"version-history":[{"count":7,"href":"https:\/\/zh-test.co.uk\/de\/wp-json\/wp\/v2\/pages\/5636\/revisions"}],"predecessor-version":[{"id":6013,"href":"https:\/\/zh-test.co.uk\/de\/wp-json\/wp\/v2\/pages\/5636\/revisions\/6013"}],"up":[{"embeddable":true,"href":"https:\/\/zh-test.co.uk\/de\/wp-json\/wp\/v2\/pages\/2516"}],"wp:featuredmedia":[{"embeddable":true,"href":"https:\/\/zh-test.co.uk\/de\/wp-json\/wp\/v2\/media\/5632"}],"wp:attachment":[{"href":"https:\/\/zh-test.co.uk\/de\/wp-json\/wp\/v2\/media?parent=5636"}],"curies":[{"name":"wp","href":"https:\/\/api.w.org\/{rel}","templated":true}]}}