{"id":5350,"date":"2023-11-20T09:00:21","date_gmt":"2023-11-20T09:00:21","guid":{"rendered":"https:\/\/zh-test.co.uk\/?page_id=5350"},"modified":"2023-12-06T12:06:24","modified_gmt":"2023-12-06T12:06:24","slug":"metallbauer","status":"publish","type":"page","link":"https:\/\/zh-test.co.uk\/en\/careers\/apprentices\/metallbauer\/","title":{"rendered":"Metallbauer (m\/w\/d) Fachrichtung Konstruktionstechnik"},"content":{"rendered":"\n<div class=\"wp-block-group container is-layout-constrained wp-block-group-is-layout-constrained\"><div class=\"wp-block-group__inner-container\">\n<section class=\"wp-block-group has-theme-white-background-color has-background is-layout-constrained wp-block-group-is-layout-constrained\"><div class=\"wp-block-group__inner-container\">\n<div class=\"wp-block-columns has-theme-primary-background-color has-background is-layout-flex wp-container-core-columns-layout-1 wp-block-columns-is-layout-flex\">\n<div class=\"wp-block-column is-layout-flow wp-block-column-is-layout-flow\">\n<figure class=\"wp-block-image size-large is-resized\" style=\"text-align: center; margin-top: 20px;\">\n    <img loading=\"lazy\" decoding=\"async\" width=\"1024\" height=\"681\" src=\"https:\/\/zh-test.co.uk\/wp-content\/uploads\/2023\/09\/Klindtworth_M666741-1024x681.jpg\" alt=\"\" class=\"wp-image-1572\" style=\"object-fit: cover; width: 550px; height: 750px; display: inline-block;\" srcset=\"https:\/\/zh-test.co.uk\/wp-content\/uploads\/2023\/09\/Klindtworth_M666741-1024x681.jpg 1024w, https:\/\/zh-test.co.uk\/wp-content\/uploads\/2023\/09\/Klindtworth_M666741-300x200.jpg 300w, https:\/\/zh-test.co.uk\/wp-content\/uploads\/2023\/09\/Klindtworth_M666741-768x511.jpg 768w, https:\/\/zh-test.co.uk\/wp-content\/uploads\/2023\/09\/Klindtworth_M666741-1536x1022.jpg 1536w, https:\/\/zh-test.co.uk\/wp-content\/uploads\/2023\/09\/Klindtworth_M666741-2048x1362.jpg 2048w, https:\/\/zh-test.co.uk\/wp-content\/uploads\/2023\/09\/Klindtworth_M666741-18x12.jpg 18w, https:\/\/zh-test.co.uk\/wp-content\/uploads\/2023\/09\/Klindtworth_M666741-600x399.jpg 600w, https:\/\/zh-test.co.uk\/wp-content\/uploads\/2023\/09\/Klindtworth_M666741-1200x798.jpg 1200w, https:\/\/zh-test.co.uk\/wp-content\/uploads\/2023\/09\/Klindtworth_M666741-1920x1277.jpg 1920w\" sizes=\"(max-width: 1024px) 100vw, 1024px\" \/>\n<\/figure>\n<\/div>\n\n\n\n<div class=\"wp-block-column has-theme-white-color has-theme-primary-background-color has-text-color has-background has-link-color has-medium-font-size wp-elements-85d5f0949360575c772b7eeafb8b3985 is-layout-flow wp-block-column-is-layout-flow\">\n<p class=\"has-theme-white-color has-theme-primary-background-color has-text-color has-background has-link-color wp-elements-9916541f9e99ec2efbd8cde54b98ad79\"><br>Ausbildungsst\u00e4tte: B\u00fcrgstadt<br><br>Ausbildungsdauer:  3\u00bd Jahre<br><br>Anforderung: Mind. Hauptschulabschluss<\/p>\n\n\n\n<h5 class=\"wp-block-heading\" id=\"h-ausbildungsinhalte\">Ausbildungsinhalte:<\/h5>\n\n\n\n<ul>\n<li>Arbeitssicherheit, Umweltschutz und Qualit\u00e4tssicherung<br><\/li>\n\n\n\n<li>Lesen, Anwenden und Erstellen von technischen Unterlagen<\/li>\n\n\n\n<li>Pr\u00fcfen und Messen<br><\/li>\n\n\n\n<li>Maschinelles Bearbeiten<br><\/li>\n\n\n\n<li>Planen und Vorbereiten des Arbeitsablaufes sowie Kontrollieren<br>und Bewerten der Arbeitsergebnisse<br><\/li>\n\n\n\n<li>Spannen und Umformen von Blechen und Profilen<\/li>\n\n\n\n<li>Schwei\u00dfen<br><\/li>\n\n\n\n<li>Herstellen von l\u00f6sbaren und unl\u00f6sbaren Verbindungen<br><br>Qualifizierungslehrg\u00e4nge und Weiterbildungsm\u00f6glichkeiten:<br><\/li>\n\n\n\n<li>Meister (m\/w\/d)<br><\/li>\n\n\n\n<li>Techniker (m\/w\/d)<br><\/li>\n\n\n\n<li>Nach dem Erwerb der Hochschulreife:<br>Studium zum Ingenieur (m\/w\/d)<br><br><br><\/li>\n<\/ul>\n\n\n\n<p>Fragen Sie bei uns an \u2013 wir freuen uns auf Sie!<br>Ansprechpartnerin f\u00fcr den Standort B\u00fcrgstadt<br>Leonie Sch\u00fcller<br>Tel. +49 9371 4002-623<br>E-Mail: ausbildung@ziemann-holvrieka.com<\/p>\n<\/div>\n<\/div>\n<\/div><\/section>\n<\/div><\/div>\n\n\n\n<div class=\"wp-block-group container is-nowrap is-layout-flex wp-container-core-group-layout-3 wp-block-group-is-layout-flex\">\n<p><\/p>\n<\/div>\n\n\n\n<div class=\"wp-block-columns gap-none has-theme-primary-background-color has-background is-layout-flex wp-container-core-columns-layout-2 wp-block-columns-is-layout-flex\">\n<div class=\"wp-block-column is-layout-flow wp-block-column-is-layout-flow\">\n<div class=\"wp-block-cover\"><span aria-hidden=\"true\" class=\"wp-block-cover__background has-background-dim-0 has-background-dim\"><\/span><img loading=\"lazy\" decoding=\"async\" width=\"768\" height=\"994\" class=\"wp-block-cover__image-background wp-image-775\" alt=\"background graphic\" src=\"https:\/\/zh-test.co.uk\/wp-content\/uploads\/2023\/08\/background-graphic.png\" data-object-fit=\"cover\" srcset=\"https:\/\/zh-test.co.uk\/wp-content\/uploads\/2023\/08\/background-graphic.png 768w, https:\/\/zh-test.co.uk\/wp-content\/uploads\/2023\/08\/background-graphic-232x300.png 232w, https:\/\/zh-test.co.uk\/wp-content\/uploads\/2023\/08\/background-graphic-464x600.png 464w\" sizes=\"(max-width: 768px) 100vw, 768px\" \/><div class=\"wp-block-cover__inner-container is-layout-constrained wp-block-cover-is-layout-constrained\">\n<div class=\"wp-block-group left-container flex flex-center is-layout-constrained wp-block-group-is-layout-constrained\"><div class=\"wp-block-group__inner-container\">\n<h4 class=\"wp-block-heading has-theme-white-color has-text-color\" id=\"h-working-life-at-ziemann-holvrieka\">Working life at Ziemann Holvrieka <\/h4>\n\n\n\n<p>At Ziemann Holvrieka we know that a good work-life balance is of great importance. That&#8217;s why we offer our employees a wide range of benefits that enable them to achieve the best possible work-life balance.<\/p>\n<\/div><\/div>\n<\/div><\/div>\n<\/div>\n\n\n\n<div class=\"wp-block-column is-layout-flow wp-block-column-is-layout-flow\">\n<div class=\"wp-block-cover is-light\"><span aria-hidden=\"true\" class=\"wp-block-cover__background has-background-dim-0 has-background-dim\"><\/span><img loading=\"lazy\" decoding=\"async\" width=\"2000\" height=\"1332\" class=\"wp-block-cover__image-background wp-image-2033\" alt=\"\" src=\"https:\/\/zh-test.co.uk\/wp-content\/uploads\/2023\/09\/students.jpeg\" data-object-fit=\"cover\" srcset=\"https:\/\/zh-test.co.uk\/wp-content\/uploads\/2023\/09\/students.jpeg 2000w, https:\/\/zh-test.co.uk\/wp-content\/uploads\/2023\/09\/students-300x200.jpeg 300w, https:\/\/zh-test.co.uk\/wp-content\/uploads\/2023\/09\/students-1024x682.jpeg 1024w, https:\/\/zh-test.co.uk\/wp-content\/uploads\/2023\/09\/students-768x511.jpeg 768w, https:\/\/zh-test.co.uk\/wp-content\/uploads\/2023\/09\/students-1536x1023.jpeg 1536w, https:\/\/zh-test.co.uk\/wp-content\/uploads\/2023\/09\/students-18x12.jpeg 18w, https:\/\/zh-test.co.uk\/wp-content\/uploads\/2023\/09\/students-600x400.jpeg 600w, https:\/\/zh-test.co.uk\/wp-content\/uploads\/2023\/09\/students-1200x799.jpeg 1200w, https:\/\/zh-test.co.uk\/wp-content\/uploads\/2023\/09\/students-1920x1279.jpeg 1920w\" sizes=\"(max-width: 2000px) 100vw, 2000px\" \/><div class=\"wp-block-cover__inner-container is-layout-flow wp-block-cover-is-layout-flow\">\n<p class=\"has-text-align-center has-large-font-size\"><\/p>\n<\/div><\/div>\n<\/div>\n<\/div>\n\n\n\n<section class=\"wp-block-group has-theme-white-background-color has-background is-layout-constrained wp-block-group-is-layout-constrained\"><div class=\"wp-block-group__inner-container\">\n<div class=\"wp-block-group container is-layout-constrained wp-block-group-is-layout-constrained\"><div class=\"wp-block-group__inner-container\">\n<div class=\"wp-block-columns is-layout-flex wp-container-core-columns-layout-3 wp-block-columns-is-layout-flex\">\n<div class=\"wp-block-column is-layout-flow wp-block-column-is-layout-flow\" style=\"flex-basis:66.66%\">\n<h3 class=\"wp-block-heading has-theme-secondary-text-color has-text-color\" id=\"h-benefits-of-working-at-ziemann-holvrieka\">Benefits of working at Ziemann Holvrieka<\/h3>\n\n\n\n<div style=\"height:20px\" aria-hidden=\"true\" class=\"wp-block-spacer\"><\/div>\n<\/div>\n\n\n\n<div class=\"wp-block-column is-layout-flow wp-block-column-is-layout-flow\" style=\"flex-basis:33.33%\"><\/div>\n<\/div>\n\n\n\n<div class=\"wp-block-columns gap-100 is-layout-flex wp-container-core-columns-layout-4 wp-block-columns-is-layout-flex\">\n<div class=\"wp-block-column is-layout-flow wp-block-column-is-layout-flow\">\n<ul>\n<li>Flexible working hours between 6 a.m. &#8211; 8 p.m.*<\/li>\n\n\n\n<li>Up to 2 days of mobile working per week*<\/li>\n\n\n\n<li>Working time account for individual planning<\/li>\n\n\n\n<li>Collective wage agreement (collective wage agreement of the metal and electrical industry)<\/li>\n\n\n\n<li>Job bike for environmentally friendly mobility<\/li>\n\n\n\n<li>Training and continuing education for personal growth<\/li>\n\n\n\n<li>Travel allowance for easy travel<\/li>\n\n\n\n<li>Company pension plan for a secure future<\/li>\n\n\n\n<li>Capital-forming benefits for additional support<\/li>\n<\/ul>\n<\/div>\n\n\n\n<div class=\"wp-block-column is-layout-flow wp-block-column-is-layout-flow\">\n<ul>\n<li>14 salaries for financial stability<\/li>\n\n\n\n<li>30 days vacation for sufficient rest<\/li>\n\n\n\n<li>35h\/week working hours for more free time<\/li>\n\n\n\n<li>Modern workplaces for efficient work<\/li>\n\n\n\n<li>Central location with good public transport connections for convenient accessibility<\/li>\n\n\n\n<li>Employee parking for stress-free commuting<\/li>\n\n\n\n<li>Company events for a strong team feeling<\/li>\n\n\n\n<li>Drinks as a special thank you<\/li>\n<\/ul>\n<\/div>\n<\/div>\n<\/div><\/div>\n<\/div><\/section>\n\n\n\n<div class=\"wp-block-group container no-padding is-layout-constrained wp-block-group-is-layout-constrained\"><div class=\"wp-block-group__inner-container\">\n<p class=\"has-text-align-left\">   *For Office Jobs<\/p>\n\n\n\n<div style=\"height:50px\" aria-hidden=\"true\" class=\"wp-block-spacer\"><\/div>\n<\/div><\/div>\n","protected":false},"excerpt":{"rendered":"<p>Ausbildungsst\u00e4tte: B\u00fcrgstadt Ausbildungsdauer: 3\u00bd Jahre Anforderung: Mind. Hauptschulabschluss Ausbildungsinhalte: Fragen Sie bei uns an \u2013 wir freuen uns auf Sie!Ansprechpartnerin f\u00fcr den Standort B\u00fcrgstadtLeonie Sch\u00fcllerTel. [&hellip;]<\/p>\n","protected":false},"author":2,"featured_media":3840,"parent":2516,"menu_order":0,"comment_status":"closed","ping_status":"closed","template":"templates\/careers.php","meta":{"footnotes":""},"yoast_head":"<!-- This site is optimized with the Yoast SEO Premium plugin v21.7 (Yoast SEO v23.5) - https:\/\/yoast.com\/wordpress\/plugins\/seo\/ -->\n<title>Metallbauer (m\/w\/d) Fachrichtung Konstruktionstechnik - Ziemann Holvrieka<\/title>\n<meta name=\"robots\" content=\"noindex, follow, max-snippet:-1, max-image-preview:large, max-video-preview:-1\" \/>\n<meta property=\"og:locale\" content=\"en_GB\" \/>\n<meta property=\"og:type\" content=\"article\" \/>\n<meta property=\"og:title\" content=\"Metallbauer (m\/w\/d) Fachrichtung Konstruktionstechnik\" \/>\n<meta property=\"og:description\" content=\"Ausbildungsst\u00e4tte: B\u00fcrgstadt Ausbildungsdauer: 3\u00bd Jahre Anforderung: Mind. Hauptschulabschluss Ausbildungsinhalte: Fragen Sie bei uns an \u2013 wir freuen uns auf Sie!Ansprechpartnerin f\u00fcr den Standort B\u00fcrgstadtLeonie Sch\u00fcllerTel. [&hellip;]\" \/>\n<meta property=\"og:url\" content=\"https:\/\/zh-test.co.uk\/en\/careers\/apprentices\/metallbauer\/\" \/>\n<meta property=\"og:site_name\" content=\"Ziemann Holvrieka\" \/>\n<meta property=\"article:publisher\" content=\"https:\/\/www.linkedin.com\/company\/ziemann-international-gmbh\" \/>\n<meta property=\"article:modified_time\" content=\"2023-12-06T12:06:24+00:00\" \/>\n<meta property=\"og:image\" content=\"https:\/\/zh-test.co.uk\/wp-content\/uploads\/2023\/11\/Ziemann-Jolvrieka_BrewTank-InstallationDay1_071-scaled.jpg\" \/>\n\t<meta property=\"og:image:width\" content=\"2560\" \/>\n\t<meta property=\"og:image:height\" content=\"1708\" \/>\n\t<meta property=\"og:image:type\" content=\"image\/jpeg\" \/>\n<meta name=\"twitter:card\" content=\"summary_large_image\" \/>\n<meta name=\"twitter:label1\" content=\"Estimated reading time\" \/>\n\t<meta name=\"twitter:data1\" content=\"3 minutes\" \/>\n<script type=\"application\/ld+json\" class=\"yoast-schema-graph\">{\"@context\":\"https:\/\/schema.org\",\"@graph\":[{\"@type\":\"WebPage\",\"@id\":\"https:\/\/zh-test.co.uk\/careers\/apprentices\/metallbauer\/\",\"url\":\"https:\/\/zh-test.co.uk\/careers\/apprentices\/metallbauer\/\",\"name\":\"Metallbauer (m\/w\/d) Fachrichtung Konstruktionstechnik - Ziemann Holvrieka\",\"isPartOf\":{\"@id\":\"https:\/\/zh-test.co.uk\/#website\"},\"primaryImageOfPage\":{\"@id\":\"https:\/\/zh-test.co.uk\/careers\/apprentices\/metallbauer\/#primaryimage\"},\"image\":{\"@id\":\"https:\/\/zh-test.co.uk\/careers\/apprentices\/metallbauer\/#primaryimage\"},\"thumbnailUrl\":\"https:\/\/zh-test.co.uk\/wp-content\/uploads\/2023\/11\/Ziemann-Jolvrieka_BrewTank-InstallationDay1_071-scaled.jpg\",\"datePublished\":\"2023-11-20T09:00:21+00:00\",\"dateModified\":\"2023-12-06T12:06:24+00:00\",\"breadcrumb\":{\"@id\":\"https:\/\/zh-test.co.uk\/careers\/apprentices\/metallbauer\/#breadcrumb\"},\"inLanguage\":\"en-GB\",\"potentialAction\":[{\"@type\":\"ReadAction\",\"target\":[\"https:\/\/zh-test.co.uk\/careers\/apprentices\/metallbauer\/\"]}]},{\"@type\":\"ImageObject\",\"inLanguage\":\"en-GB\",\"@id\":\"https:\/\/zh-test.co.uk\/careers\/apprentices\/metallbauer\/#primaryimage\",\"url\":\"https:\/\/zh-test.co.uk\/wp-content\/uploads\/2023\/11\/Ziemann-Jolvrieka_BrewTank-InstallationDay1_071-scaled.jpg\",\"contentUrl\":\"https:\/\/zh-test.co.uk\/wp-content\/uploads\/2023\/11\/Ziemann-Jolvrieka_BrewTank-InstallationDay1_071-scaled.jpg\",\"width\":2560,\"height\":1708},{\"@type\":\"BreadcrumbList\",\"@id\":\"https:\/\/zh-test.co.uk\/careers\/apprentices\/metallbauer\/#breadcrumb\",\"itemListElement\":[{\"@type\":\"ListItem\",\"position\":1,\"name\":\"Home\",\"item\":\"https:\/\/zh-test.co.uk\/\"},{\"@type\":\"ListItem\",\"position\":2,\"name\":\"Careers\",\"item\":\"https:\/\/zh-test.co.uk\/careers\/\"},{\"@type\":\"ListItem\",\"position\":3,\"name\":\"Apprentices\",\"item\":\"https:\/\/zh-test.co.uk\/careers\/apprentices\/\"},{\"@type\":\"ListItem\",\"position\":4,\"name\":\"Metallbauer (m\/w\/d) Fachrichtung Konstruktionstechnik\"}]},{\"@type\":\"WebSite\",\"@id\":\"https:\/\/zh-test.co.uk\/#website\",\"url\":\"https:\/\/zh-test.co.uk\/\",\"name\":\"Ziemann Holvrieka\",\"description\":\"\",\"potentialAction\":[{\"@type\":\"SearchAction\",\"target\":{\"@type\":\"EntryPoint\",\"urlTemplate\":\"https:\/\/zh-test.co.uk\/?s={search_term_string}\"},\"query-input\":{\"@type\":\"PropertyValueSpecification\",\"valueRequired\":true,\"valueName\":\"search_term_string\"}}],\"inLanguage\":\"en-GB\"}]}<\/script>\n<!-- \/ Yoast SEO Premium plugin. -->","yoast_head_json":{"title":"Metallbauer (m\/w\/d) Fachrichtung Konstruktionstechnik - Ziemann Holvrieka","robots":{"index":"noindex","follow":"follow","max-snippet":"max-snippet:-1","max-image-preview":"max-image-preview:large","max-video-preview":"max-video-preview:-1"},"og_locale":"en_GB","og_type":"article","og_title":"Metallbauer (m\/w\/d) Fachrichtung Konstruktionstechnik","og_description":"Ausbildungsst\u00e4tte: B\u00fcrgstadt Ausbildungsdauer: 3\u00bd Jahre Anforderung: Mind. Hauptschulabschluss Ausbildungsinhalte: Fragen Sie bei uns an \u2013 wir freuen uns auf Sie!Ansprechpartnerin f\u00fcr den Standort B\u00fcrgstadtLeonie Sch\u00fcllerTel. [&hellip;]","og_url":"https:\/\/zh-test.co.uk\/en\/careers\/apprentices\/metallbauer\/","og_site_name":"Ziemann Holvrieka","article_publisher":"https:\/\/www.linkedin.com\/company\/ziemann-international-gmbh","article_modified_time":"2023-12-06T12:06:24+00:00","og_image":[{"width":2560,"height":1708,"url":"https:\/\/zh-test.co.uk\/wp-content\/uploads\/2023\/11\/Ziemann-Jolvrieka_BrewTank-InstallationDay1_071-scaled.jpg","type":"image\/jpeg"}],"twitter_card":"summary_large_image","twitter_misc":{"Estimated reading time":"3 minutes"},"schema":{"@context":"https:\/\/schema.org","@graph":[{"@type":"WebPage","@id":"https:\/\/zh-test.co.uk\/careers\/apprentices\/metallbauer\/","url":"https:\/\/zh-test.co.uk\/careers\/apprentices\/metallbauer\/","name":"Metallbauer (m\/w\/d) Fachrichtung Konstruktionstechnik - Ziemann Holvrieka","isPartOf":{"@id":"https:\/\/zh-test.co.uk\/#website"},"primaryImageOfPage":{"@id":"https:\/\/zh-test.co.uk\/careers\/apprentices\/metallbauer\/#primaryimage"},"image":{"@id":"https:\/\/zh-test.co.uk\/careers\/apprentices\/metallbauer\/#primaryimage"},"thumbnailUrl":"https:\/\/zh-test.co.uk\/wp-content\/uploads\/2023\/11\/Ziemann-Jolvrieka_BrewTank-InstallationDay1_071-scaled.jpg","datePublished":"2023-11-20T09:00:21+00:00","dateModified":"2023-12-06T12:06:24+00:00","breadcrumb":{"@id":"https:\/\/zh-test.co.uk\/careers\/apprentices\/metallbauer\/#breadcrumb"},"inLanguage":"en-GB","potentialAction":[{"@type":"ReadAction","target":["https:\/\/zh-test.co.uk\/careers\/apprentices\/metallbauer\/"]}]},{"@type":"ImageObject","inLanguage":"en-GB","@id":"https:\/\/zh-test.co.uk\/careers\/apprentices\/metallbauer\/#primaryimage","url":"https:\/\/zh-test.co.uk\/wp-content\/uploads\/2023\/11\/Ziemann-Jolvrieka_BrewTank-InstallationDay1_071-scaled.jpg","contentUrl":"https:\/\/zh-test.co.uk\/wp-content\/uploads\/2023\/11\/Ziemann-Jolvrieka_BrewTank-InstallationDay1_071-scaled.jpg","width":2560,"height":1708},{"@type":"BreadcrumbList","@id":"https:\/\/zh-test.co.uk\/careers\/apprentices\/metallbauer\/#breadcrumb","itemListElement":[{"@type":"ListItem","position":1,"name":"Home","item":"https:\/\/zh-test.co.uk\/"},{"@type":"ListItem","position":2,"name":"Careers","item":"https:\/\/zh-test.co.uk\/careers\/"},{"@type":"ListItem","position":3,"name":"Apprentices","item":"https:\/\/zh-test.co.uk\/careers\/apprentices\/"},{"@type":"ListItem","position":4,"name":"Metallbauer (m\/w\/d) Fachrichtung Konstruktionstechnik"}]},{"@type":"WebSite","@id":"https:\/\/zh-test.co.uk\/#website","url":"https:\/\/zh-test.co.uk\/","name":"Ziemann Holvrieka","description":"","potentialAction":[{"@type":"SearchAction","target":{"@type":"EntryPoint","urlTemplate":"https:\/\/zh-test.co.uk\/?s={search_term_string}"},"query-input":{"@type":"PropertyValueSpecification","valueRequired":true,"valueName":"search_term_string"}}],"inLanguage":"en-GB"}]}},"_links":{"self":[{"href":"https:\/\/zh-test.co.uk\/en\/wp-json\/wp\/v2\/pages\/5350"}],"collection":[{"href":"https:\/\/zh-test.co.uk\/en\/wp-json\/wp\/v2\/pages"}],"about":[{"href":"https:\/\/zh-test.co.uk\/en\/wp-json\/wp\/v2\/types\/page"}],"author":[{"embeddable":true,"href":"https:\/\/zh-test.co.uk\/en\/wp-json\/wp\/v2\/users\/2"}],"replies":[{"embeddable":true,"href":"https:\/\/zh-test.co.uk\/en\/wp-json\/wp\/v2\/comments?post=5350"}],"version-history":[{"count":21,"href":"https:\/\/zh-test.co.uk\/en\/wp-json\/wp\/v2\/pages\/5350\/revisions"}],"predecessor-version":[{"id":6020,"href":"https:\/\/zh-test.co.uk\/en\/wp-json\/wp\/v2\/pages\/5350\/revisions\/6020"}],"up":[{"embeddable":true,"href":"https:\/\/zh-test.co.uk\/en\/wp-json\/wp\/v2\/pages\/2516"}],"wp:featuredmedia":[{"embeddable":true,"href":"https:\/\/zh-test.co.uk\/en\/wp-json\/wp\/v2\/media\/3840"}],"wp:attachment":[{"href":"https:\/\/zh-test.co.uk\/en\/wp-json\/wp\/v2\/media?parent=5350"}],"curies":[{"name":"wp","href":"https:\/\/api.w.org\/{rel}","templated":true}]}}