{"id":1382,"date":"2023-09-05T18:01:23","date_gmt":"2023-09-05T17:01:23","guid":{"rendered":"https:\/\/zh-test.co.uk\/?page_id=1382"},"modified":"2023-10-13T09:41:08","modified_gmt":"2023-10-13T08:41:08","slug":"leadership-team","status":"publish","type":"page","link":"https:\/\/zh-test.co.uk\/es\/gestion\/","title":{"rendered":"Gesti\u00f3n"},"content":{"rendered":"<div class=\"wp-block-group is-layout-constrained wp-block-group-is-layout-constrained\"><div class=\"wp-block-group__inner-container\">\n<div class=\"wp-block-group container is-layout-constrained wp-block-group-is-layout-constrained\"><div class=\"wp-block-group__inner-container\">\n<h2 class=\"wp-block-heading h4 section-heading\" id=\"h-board-of-directors\">Managing Directors<\/h2>\n\n\n\n<div class=\"wp-block-columns gap-100 is-layout-flex wp-container-core-columns-layout-1 wp-block-columns-is-layout-flex\">\n<div class=\"wp-block-column is-layout-flow wp-block-column-is-layout-flow\">\n<div class=\"wp-block-group leadership-team-block is-layout-constrained wp-block-group-is-layout-constrained\"><div class=\"wp-block-group__inner-container\">\n<div class=\"wp-block-cover is-light\"><span aria-hidden=\"true\" class=\"wp-block-cover__background has-background-dim-0 has-background-dim\"><\/span><img loading=\"lazy\" decoding=\"async\" width=\"1286\" height=\"856\" class=\"wp-block-cover__image-background wp-image-1392\" alt=\"Klaus Gehrig\" src=\"https:\/\/zh-test.co.uk\/wp-content\/uploads\/2023\/09\/Klaus-Gehrig.jpg\" data-object-fit=\"cover\" srcset=\"https:\/\/zh-test.co.uk\/wp-content\/uploads\/2023\/09\/Klaus-Gehrig.jpg 1286w, https:\/\/zh-test.co.uk\/wp-content\/uploads\/2023\/09\/Klaus-Gehrig-300x200.jpg 300w, https:\/\/zh-test.co.uk\/wp-content\/uploads\/2023\/09\/Klaus-Gehrig-1024x682.jpg 1024w, https:\/\/zh-test.co.uk\/wp-content\/uploads\/2023\/09\/Klaus-Gehrig-768x511.jpg 768w, https:\/\/zh-test.co.uk\/wp-content\/uploads\/2023\/09\/Klaus-Gehrig-18x12.jpg 18w, https:\/\/zh-test.co.uk\/wp-content\/uploads\/2023\/09\/Klaus-Gehrig-600x399.jpg 600w, https:\/\/zh-test.co.uk\/wp-content\/uploads\/2023\/09\/Klaus-Gehrig-1200x799.jpg 1200w\" sizes=\"(max-width: 1286px) 100vw, 1286px\" \/><div class=\"wp-block-cover__inner-container is-layout-constrained wp-block-cover-is-layout-constrained\">\n<p class=\"has-text-align-center has-large-font-size\"><\/p>\n<\/div><\/div>\n\n\n\n<div style=\"height:15px\" aria-hidden=\"true\" class=\"wp-block-spacer\"><\/div>\n\n\n\n<h4 class=\"wp-block-heading small-margin\" id=\"h-klaus-gehrig\"><strong>Klaus Gehrig<\/strong><\/h4>\n\n\n\n<p class=\"has-theme-secondary-color has-text-color\">Chief Executive Officer (CEO) de Ziemann Holvrieka GmbH<\/p>\n\n\n\n<p>La experiencia marca la diferencia, y esto tambi\u00e9n se aplica al Director general, Klaus Gehrig. En Ziemann desde hace m\u00e1s de 30 a\u00f1os, comenz\u00f3 su carrera en 1984 como aprendiz, pas\u00f3 por varios puestos internos y finalmente se convirti\u00f3 en director t\u00e9cnico en B\u00fcrgstadt. En 2003, Gehrig fue nombrado Director de operaciones (COO) en Ludwigsburgo, y desde 2015 dirige la empresa como CEO. Con sus amplios conocimientos de ambos centros y su extraordinaria capacidad anal\u00edtica, Gehrig demuestra un firme compromiso con el bienestar de la empresa, sus empleados y la industria cervecera mundial.<\/p>\n\n\n\n<div style=\"height:70px\" aria-hidden=\"true\" class=\"wp-block-spacer\"><\/div>\n<\/div><\/div>\n<\/div>\n\n\n\n<div class=\"wp-block-column is-layout-flow wp-block-column-is-layout-flow\">\n<div class=\"wp-block-group leadership-team-block is-layout-constrained wp-block-group-is-layout-constrained\"><div class=\"wp-block-group__inner-container\">\n<div class=\"wp-block-cover is-light\"><span aria-hidden=\"true\" class=\"wp-block-cover__background has-background-dim-0 has-background-dim\"><\/span><img loading=\"lazy\" decoding=\"async\" width=\"1286\" height=\"856\" class=\"wp-block-cover__image-background wp-image-1391\" alt=\"Florian Schneider\" src=\"https:\/\/zh-test.co.uk\/wp-content\/uploads\/2023\/09\/Florian-Schneider.jpg\" data-object-fit=\"cover\" srcset=\"https:\/\/zh-test.co.uk\/wp-content\/uploads\/2023\/09\/Florian-Schneider.jpg 1286w, https:\/\/zh-test.co.uk\/wp-content\/uploads\/2023\/09\/Florian-Schneider-300x200.jpg 300w, https:\/\/zh-test.co.uk\/wp-content\/uploads\/2023\/09\/Florian-Schneider-1024x682.jpg 1024w, https:\/\/zh-test.co.uk\/wp-content\/uploads\/2023\/09\/Florian-Schneider-768x511.jpg 768w, https:\/\/zh-test.co.uk\/wp-content\/uploads\/2023\/09\/Florian-Schneider-18x12.jpg 18w, https:\/\/zh-test.co.uk\/wp-content\/uploads\/2023\/09\/Florian-Schneider-600x399.jpg 600w, https:\/\/zh-test.co.uk\/wp-content\/uploads\/2023\/09\/Florian-Schneider-1200x799.jpg 1200w\" sizes=\"(max-width: 1286px) 100vw, 1286px\" \/><div class=\"wp-block-cover__inner-container is-layout-constrained wp-block-cover-is-layout-constrained\">\n<p class=\"has-text-align-center has-large-font-size\"><\/p>\n<\/div><\/div>\n\n\n\n<div style=\"height:15px\" aria-hidden=\"true\" class=\"wp-block-spacer\"><\/div>\n\n\n\n<h4 class=\"wp-block-heading small-margin\" id=\"h-florian-schneider\"><strong>Florian Schneider<\/strong><\/h4>\n\n\n\n<p class=\"has-theme-secondary-color has-text-color\">Chief Commercial Officer (CCO) and Managing Director of Sales and Marketing en Ziemann Holvrieka GmbH<\/p>\n\n\n\n<p>La impresionante trayectoria de Florian Schneider como Director de ventas para EMEA y tecnolog\u00eda de procesos, as\u00ed como su amplia red mundial y su comprensi\u00f3n intercultural, le convierten en el l\u00edder perfecto. Desde 2022, ha impulsado con \u00e9xito el crecimiento y desarrollo de Ziemann Holvrieka como CCO. Gracias a su gran inter\u00e9s por la satisfacci\u00f3n del cliente y el \u00e9xito en la ejecuci\u00f3n de los proyectos, Florian Schneider es un activo inestimable para Ziemann Holvrieka.<\/p>\n<\/div><\/div>\n\n\n\n<div style=\"height:70px\" aria-hidden=\"true\" class=\"wp-block-spacer\"><\/div>\n<\/div>\n<\/div>\n\n\n\n<div class=\"wp-block-columns gap-100 is-layout-flex wp-container-core-columns-layout-2 wp-block-columns-is-layout-flex\">\n<div class=\"wp-block-column is-layout-flow wp-block-column-is-layout-flow\">\n<div class=\"wp-block-group leadership-team-block is-layout-constrained wp-block-group-is-layout-constrained\"><div class=\"wp-block-group__inner-container\">\n<div class=\"wp-block-cover is-light\"><span aria-hidden=\"true\" class=\"wp-block-cover__background has-background-dim-0 has-background-dim\"><\/span><img loading=\"lazy\" decoding=\"async\" width=\"1288\" height=\"858\" class=\"wp-block-cover__image-background wp-image-1393\" alt=\"Thorsten Engel\" src=\"https:\/\/zh-test.co.uk\/wp-content\/uploads\/2023\/09\/Thorsten-Engel.jpg\" data-object-fit=\"cover\" srcset=\"https:\/\/zh-test.co.uk\/wp-content\/uploads\/2023\/09\/Thorsten-Engel.jpg 1288w, https:\/\/zh-test.co.uk\/wp-content\/uploads\/2023\/09\/Thorsten-Engel-300x200.jpg 300w, https:\/\/zh-test.co.uk\/wp-content\/uploads\/2023\/09\/Thorsten-Engel-1024x682.jpg 1024w, https:\/\/zh-test.co.uk\/wp-content\/uploads\/2023\/09\/Thorsten-Engel-768x512.jpg 768w, https:\/\/zh-test.co.uk\/wp-content\/uploads\/2023\/09\/Thorsten-Engel-18x12.jpg 18w, https:\/\/zh-test.co.uk\/wp-content\/uploads\/2023\/09\/Thorsten-Engel-600x400.jpg 600w, https:\/\/zh-test.co.uk\/wp-content\/uploads\/2023\/09\/Thorsten-Engel-1200x799.jpg 1200w\" sizes=\"(max-width: 1288px) 100vw, 1288px\" \/><div class=\"wp-block-cover__inner-container is-layout-constrained wp-block-cover-is-layout-constrained\">\n<p class=\"has-text-align-center has-large-font-size\"><\/p>\n<\/div><\/div>\n\n\n\n<div style=\"height:15px\" aria-hidden=\"true\" class=\"wp-block-spacer\"><\/div>\n\n\n\n<h4 class=\"wp-block-heading small-margin\" id=\"h-torsten-engel\"><strong>Torsten Engel<\/strong><\/h4>\n\n\n\n<p class=\"has-theme-secondary-color has-text-color\">Director financiero (CFO) en Ziemann Holvrieka GmbH<\/p>\n\n\n\n<p>El experto financiero Torsten Engel cuenta con una amplia experiencia en la gesti\u00f3n de todo el departamento financiero a escala local, regional y mundial. Como cintur\u00f3n negro certificado en Six Sigma Lean Management, aporta una eficiencia sin igual a nuestras operaciones financieras. Torsten se incorpor\u00f3 a ZHG en enero de 2020 y fue nombrado Managing Director\/CFO el 4 de junio de 2020. Bajo la direcci\u00f3n de Torsten, nuestro departamento financiero est\u00e1 en las mejores manos posibles.<\/p>\n\n\n\n<div style=\"height:70px\" aria-hidden=\"true\" class=\"wp-block-spacer\"><\/div>\n<\/div><\/div>\n<\/div>\n\n\n\n<div class=\"wp-block-column is-layout-flow wp-block-column-is-layout-flow\">\n<div class=\"wp-block-group leadership-team-block is-layout-constrained wp-block-group-is-layout-constrained\"><div class=\"wp-block-group__inner-container\">\n<div class=\"wp-block-cover is-light\"><span aria-hidden=\"true\" class=\"wp-block-cover__background has-background-dim-0 has-background-dim\"><\/span><img loading=\"lazy\" decoding=\"async\" width=\"1286\" height=\"858\" class=\"wp-block-cover__image-background wp-image-1394\" alt=\"Axel Z\u00fcgel\" src=\"https:\/\/zh-test.co.uk\/wp-content\/uploads\/2023\/09\/Axel-Zugel.jpg\" data-object-fit=\"cover\" srcset=\"https:\/\/zh-test.co.uk\/wp-content\/uploads\/2023\/09\/Axel-Zugel.jpg 1286w, https:\/\/zh-test.co.uk\/wp-content\/uploads\/2023\/09\/Axel-Zugel-300x200.jpg 300w, https:\/\/zh-test.co.uk\/wp-content\/uploads\/2023\/09\/Axel-Zugel-1024x683.jpg 1024w, https:\/\/zh-test.co.uk\/wp-content\/uploads\/2023\/09\/Axel-Zugel-768x512.jpg 768w, https:\/\/zh-test.co.uk\/wp-content\/uploads\/2023\/09\/Axel-Zugel-18x12.jpg 18w, https:\/\/zh-test.co.uk\/wp-content\/uploads\/2023\/09\/Axel-Zugel-600x400.jpg 600w, https:\/\/zh-test.co.uk\/wp-content\/uploads\/2023\/09\/Axel-Zugel-1200x801.jpg 1200w\" sizes=\"(max-width: 1286px) 100vw, 1286px\" \/><div class=\"wp-block-cover__inner-container is-layout-constrained wp-block-cover-is-layout-constrained\">\n<p class=\"has-text-align-center has-large-font-size\"><\/p>\n<\/div><\/div>\n\n\n\n<div style=\"height:15px\" aria-hidden=\"true\" class=\"wp-block-spacer\"><\/div>\n\n\n\n<h4 class=\"wp-block-heading small-margin\" id=\"h-axel-zugel\"><strong>Axel Z\u00fcgel<\/strong><\/h4>\n\n\n\n<p class=\"has-theme-secondary-color has-text-color\">Director general (COO) en Ziemann Holvrieka GmbH<\/p>\n\n\n\n<p>Con casi 20 a\u00f1os en Ziemann Holvrieka, el COO Axel Z\u00fcgel aporta unos conocimientos t\u00e9cnicos excepcionales en la tramitaci\u00f3n de pedidos, compras, gesti\u00f3n de proyectos, montaje, log\u00edstica e ingenier\u00eda para optimizar los procesos internos y ofrecer un excelente servicio al cliente. El 1 de enero de 2023, Axel Z\u00fcgel asumi\u00f3 la direcci\u00f3n de las \u00e1reas operativas de Ziemann Holvrieka.<\/p>\n<\/div><\/div>\n\n\n\n<div style=\"height:70px\" aria-hidden=\"true\" class=\"wp-block-spacer\"><\/div>\n<\/div>\n<\/div>\n<\/div><\/div>\n<\/div><\/div>","protected":false},"excerpt":{"rendered":"<p>Board of Directors Klaus Gehrig Chief Executive Officer (CEO) at Ziemann Holvrieka GmbH Experience makes the difference &#8211; this also applies to CEO Klaus Gehrig. [&hellip;]<\/p>\n","protected":false},"author":1,"featured_media":1534,"parent":0,"menu_order":0,"comment_status":"closed","ping_status":"closed","template":"templates\/leadership-team.php","meta":{"footnotes":""},"yoast_head":"<!-- This site is optimized with the Yoast SEO Premium plugin v21.7 (Yoast SEO v23.5) - https:\/\/yoast.com\/wordpress\/plugins\/seo\/ -->\n<title>Meet Ziemann Holvrieka&#039;s Visionary Leadership Team<\/title>\n<meta name=\"description\" content=\"Ziemann&#039;s leadership team, led by CEO Klaus Gehrig, is committed to the well-being of the company, its employees, and the global brewing industry.\" \/>\n<meta name=\"robots\" content=\"noindex, follow, max-snippet:-1, max-image-preview:large, max-video-preview:-1\" \/>\n<meta property=\"og:locale\" content=\"es_ES\" \/>\n<meta property=\"og:type\" content=\"article\" \/>\n<meta property=\"og:title\" content=\"Leadership Team\" \/>\n<meta property=\"og:description\" content=\"Ziemann&#039;s leadership team, led by CEO Klaus Gehrig, is committed to the well-being of the company, its employees, and the global brewing industry.\" \/>\n<meta property=\"og:url\" content=\"https:\/\/zh-test.co.uk\/es\/gestion\/\" \/>\n<meta property=\"og:site_name\" content=\"Ziemann Holvrieka\" \/>\n<meta property=\"article:publisher\" content=\"https:\/\/www.linkedin.com\/company\/ziemann-international-gmbh\" \/>\n<meta property=\"article:modified_time\" content=\"2023-10-13T08:41:08+00:00\" \/>\n<meta property=\"og:image\" content=\"https:\/\/zh-test.co.uk\/wp-content\/uploads\/2023\/09\/Flags.jpg\" \/>\n\t<meta property=\"og:image:width\" content=\"2000\" \/>\n\t<meta property=\"og:image:height\" content=\"1331\" \/>\n\t<meta property=\"og:image:type\" content=\"image\/jpeg\" \/>\n<meta name=\"twitter:card\" content=\"summary_large_image\" \/>\n<meta name=\"twitter:label1\" content=\"Tiempo de lectura\" \/>\n\t<meta name=\"twitter:data1\" content=\"3 minutos\" \/>\n<script type=\"application\/ld+json\" class=\"yoast-schema-graph\">{\"@context\":\"https:\/\/schema.org\",\"@graph\":[{\"@type\":\"WebPage\",\"@id\":\"https:\/\/zh-test.co.uk\/leadership-team\/\",\"url\":\"https:\/\/zh-test.co.uk\/leadership-team\/\",\"name\":\"Meet Ziemann Holvrieka's Visionary Leadership Team\",\"isPartOf\":{\"@id\":\"https:\/\/zh-test.co.uk\/#website\"},\"primaryImageOfPage\":{\"@id\":\"https:\/\/zh-test.co.uk\/leadership-team\/#primaryimage\"},\"image\":{\"@id\":\"https:\/\/zh-test.co.uk\/leadership-team\/#primaryimage\"},\"thumbnailUrl\":\"https:\/\/zh-test.co.uk\/wp-content\/uploads\/2023\/09\/Flags.jpg\",\"datePublished\":\"2023-09-05T17:01:23+00:00\",\"dateModified\":\"2023-10-13T08:41:08+00:00\",\"description\":\"Ziemann's leadership team, led by CEO Klaus Gehrig, is committed to the well-being of the company, its employees, and the global brewing industry.\",\"breadcrumb\":{\"@id\":\"https:\/\/zh-test.co.uk\/leadership-team\/#breadcrumb\"},\"inLanguage\":\"es\",\"potentialAction\":[{\"@type\":\"ReadAction\",\"target\":[\"https:\/\/zh-test.co.uk\/leadership-team\/\"]}]},{\"@type\":\"ImageObject\",\"inLanguage\":\"es\",\"@id\":\"https:\/\/zh-test.co.uk\/leadership-team\/#primaryimage\",\"url\":\"https:\/\/zh-test.co.uk\/wp-content\/uploads\/2023\/09\/Flags.jpg\",\"contentUrl\":\"https:\/\/zh-test.co.uk\/wp-content\/uploads\/2023\/09\/Flags.jpg\",\"width\":2000,\"height\":1331},{\"@type\":\"BreadcrumbList\",\"@id\":\"https:\/\/zh-test.co.uk\/leadership-team\/#breadcrumb\",\"itemListElement\":[{\"@type\":\"ListItem\",\"position\":1,\"name\":\"Home\",\"item\":\"https:\/\/zh-test.co.uk\/\"},{\"@type\":\"ListItem\",\"position\":2,\"name\":\"Leadership Team\"}]},{\"@type\":\"WebSite\",\"@id\":\"https:\/\/zh-test.co.uk\/#website\",\"url\":\"https:\/\/zh-test.co.uk\/\",\"name\":\"Ziemann Holvrieka\",\"description\":\"\",\"potentialAction\":[{\"@type\":\"SearchAction\",\"target\":{\"@type\":\"EntryPoint\",\"urlTemplate\":\"https:\/\/zh-test.co.uk\/?s={search_term_string}\"},\"query-input\":{\"@type\":\"PropertyValueSpecification\",\"valueRequired\":true,\"valueName\":\"search_term_string\"}}],\"inLanguage\":\"es\"}]}<\/script>\n<!-- \/ Yoast SEO Premium plugin. -->","yoast_head_json":{"title":"Conozca al equipo directivo visionario de Ziemann Holvrieka","description":"El equipo directivo de Ziemann, encabezado por el CEO Klaus Gehrig, est\u00e1 comprometido con el bienestar de la empresa, sus empleados y la industria cervecera mundial.","robots":{"index":"noindex","follow":"follow","max-snippet":"max-snippet:-1","max-image-preview":"max-image-preview:large","max-video-preview":"max-video-preview:-1"},"og_locale":"es_ES","og_type":"article","og_title":"Leadership Team","og_description":"Ziemann's leadership team, led by CEO Klaus Gehrig, is committed to the well-being of the company, its employees, and the global brewing industry.","og_url":"https:\/\/zh-test.co.uk\/es\/gestion\/","og_site_name":"Ziemann Holvrieka","article_publisher":"https:\/\/www.linkedin.com\/company\/ziemann-international-gmbh","article_modified_time":"2023-10-13T08:41:08+00:00","og_image":[{"width":2000,"height":1331,"url":"https:\/\/zh-test.co.uk\/wp-content\/uploads\/2023\/09\/Flags.jpg","type":"image\/jpeg"}],"twitter_card":"summary_large_image","twitter_misc":{"Tiempo de lectura":"3 minutos"},"schema":{"@context":"https:\/\/schema.org","@graph":[{"@type":"WebPage","@id":"https:\/\/zh-test.co.uk\/leadership-team\/","url":"https:\/\/zh-test.co.uk\/leadership-team\/","name":"Conozca al equipo directivo visionario de Ziemann Holvrieka","isPartOf":{"@id":"https:\/\/zh-test.co.uk\/#website"},"primaryImageOfPage":{"@id":"https:\/\/zh-test.co.uk\/leadership-team\/#primaryimage"},"image":{"@id":"https:\/\/zh-test.co.uk\/leadership-team\/#primaryimage"},"thumbnailUrl":"https:\/\/zh-test.co.uk\/wp-content\/uploads\/2023\/09\/Flags.jpg","datePublished":"2023-09-05T17:01:23+00:00","dateModified":"2023-10-13T08:41:08+00:00","description":"El equipo directivo de Ziemann, encabezado por el CEO Klaus Gehrig, est\u00e1 comprometido con el bienestar de la empresa, sus empleados y la industria cervecera mundial.","breadcrumb":{"@id":"https:\/\/zh-test.co.uk\/leadership-team\/#breadcrumb"},"inLanguage":"es","potentialAction":[{"@type":"ReadAction","target":["https:\/\/zh-test.co.uk\/leadership-team\/"]}]},{"@type":"ImageObject","inLanguage":"es","@id":"https:\/\/zh-test.co.uk\/leadership-team\/#primaryimage","url":"https:\/\/zh-test.co.uk\/wp-content\/uploads\/2023\/09\/Flags.jpg","contentUrl":"https:\/\/zh-test.co.uk\/wp-content\/uploads\/2023\/09\/Flags.jpg","width":2000,"height":1331},{"@type":"BreadcrumbList","@id":"https:\/\/zh-test.co.uk\/leadership-team\/#breadcrumb","itemListElement":[{"@type":"ListItem","position":1,"name":"Home","item":"https:\/\/zh-test.co.uk\/"},{"@type":"ListItem","position":2,"name":"Leadership Team"}]},{"@type":"WebSite","@id":"https:\/\/zh-test.co.uk\/#website","url":"https:\/\/zh-test.co.uk\/","name":"Ziemann Holvrieka","description":"","potentialAction":[{"@type":"SearchAction","target":{"@type":"EntryPoint","urlTemplate":"https:\/\/zh-test.co.uk\/?s={search_term_string}"},"query-input":{"@type":"PropertyValueSpecification","valueRequired":true,"valueName":"search_term_string"}}],"inLanguage":"es"}]}},"_links":{"self":[{"href":"https:\/\/zh-test.co.uk\/es\/wp-json\/wp\/v2\/pages\/1382"}],"collection":[{"href":"https:\/\/zh-test.co.uk\/es\/wp-json\/wp\/v2\/pages"}],"about":[{"href":"https:\/\/zh-test.co.uk\/es\/wp-json\/wp\/v2\/types\/page"}],"author":[{"embeddable":true,"href":"https:\/\/zh-test.co.uk\/es\/wp-json\/wp\/v2\/users\/1"}],"replies":[{"embeddable":true,"href":"https:\/\/zh-test.co.uk\/es\/wp-json\/wp\/v2\/comments?post=1382"}],"version-history":[{"count":29,"href":"https:\/\/zh-test.co.uk\/es\/wp-json\/wp\/v2\/pages\/1382\/revisions"}],"predecessor-version":[{"id":2466,"href":"https:\/\/zh-test.co.uk\/es\/wp-json\/wp\/v2\/pages\/1382\/revisions\/2466"}],"wp:featuredmedia":[{"embeddable":true,"href":"https:\/\/zh-test.co.uk\/es\/wp-json\/wp\/v2\/media\/1534"}],"wp:attachment":[{"href":"https:\/\/zh-test.co.uk\/es\/wp-json\/wp\/v2\/media?parent=1382"}],"curies":[{"name":"wp","href":"https:\/\/api.w.org\/{rel}","templated":true}]}}