{"id":1975,"date":"2023-09-07T21:36:56","date_gmt":"2023-09-07T20:36:56","guid":{"rendered":"https:\/\/zh-test.co.uk\/?page_id=1975"},"modified":"2024-02-05T15:39:59","modified_gmt":"2024-02-05T15:39:59","slug":"group-structure","status":"publish","type":"page","link":"https:\/\/zh-test.co.uk\/es\/estructura-del-grupo\/","title":{"rendered":"Estructura del grupo"},"content":{"rendered":"<div class=\"wp-block-group is-layout-constrained wp-block-group-is-layout-constrained\"><div class=\"wp-block-group__inner-container\">\n<div class=\"wp-block-group container is-layout-constrained wp-block-group-is-layout-constrained\"><div class=\"wp-block-group__inner-container\">\n<div class=\"wp-block-columns is-layout-flex wp-container-core-columns-layout-1 wp-block-columns-is-layout-flex\">\n<div class=\"wp-block-column is-layout-flow wp-block-column-is-layout-flow\" style=\"flex-basis:10%\"><\/div>\n\n\n\n<div class=\"wp-block-column is-layout-flow wp-block-column-is-layout-flow\" style=\"flex-basis:80%\">\n<h2 class=\"wp-block-heading small-margin has-theme-secondary-color has-text-color\">Compromiso con la responsabilidad y la transparencia<\/h2>\n\n\n\n<div style=\"height:20px\" aria-hidden=\"true\" class=\"wp-block-spacer\"><\/div>\n\n\n\n<h4 class=\"wp-block-heading\">Nuestro objetivo es mejorar continuamente la relaci\u00f3n de confianza con nuestras partes interesadas, que incluyen empleados, clientes, proveedores y la sociedad.<\/h4>\n<\/div>\n\n\n\n<div class=\"wp-block-column is-layout-flow wp-block-column-is-layout-flow\" style=\"flex-basis:10%\"><\/div>\n<\/div>\n<\/div><\/div>\n<\/div><\/div>\n\n\n\n<section class=\"block company-structure\">\n                <div class=\"container diagram-container\">\n                    <div class=\"cs-diagram-outer\">\n                        <div class=\"cs-diagram diagram-1\">\n                            <div class=\"col one animate-on-view\">\n                                <div class=\"title-container\">\n                                    <h3 class=\"title animate-on-view delay-1\"><strong>Managing Directors<\/strong><\/h3>\n                                <\/div>\n                                <div class=\"arrow down\">\n                                    <div class=\"arrow-inner animate-on-view delay-2\">\n                                        <div class=\"arrow-end\"><\/div>\n                                    <\/div>\n                                <\/div>\n                                <div class=\"floating-arrow-end\"><\/div>\n                                <div class=\"title-container animate-on-view delay-3\">\n                                    <h3 class=\"title animate-on-view\">Executive Management Board<\/h3>\n                                <\/div>\n                                <div class=\"arrow down\">\n                                    <div class=\"arrow-inner animate-on-view delay-4\">\n                                    <\/div>\n                                <\/div>\n                            <\/div>\n                            <div class=\"col two animate-on-view\">\n                                <div class=\"inner-col\">\n                                    <div class=\"arrow down\">\n                                        <div class=\"arrow-inner animate-on-view delay-5\">\n                                            <div class=\"arrow-end\"><\/div>\n                                        <\/div>\n                                    <\/div>\n                                    <div class=\"title-container lower animate-on-view delay-6\">\n                                        <h3 class=\"title animate-on-view\">Empresas internacionales<\/h3>\n                                    <\/div>\n                                <\/div>\n                                <div class=\"inner-col\">\n                                    <div class=\"arrow down\">\n                                        <div class=\"arrow-inner animate-on-view delay-7\">\n                                            <div class=\"arrow-end\"><\/div>\n                                        <\/div>\n                                    <\/div>\n                                    <div class=\"title-container lower animate-on-view delay-8\">\n                                        <h3 class=\"title animate-on-view\">Funciones empresariales<\/h3>\n                                    <\/div>\n                                <\/div>\n                                <div class=\"inner-col\">\n                                    <div class=\"arrow down\">\n                                        <div class=\"arrow-inner animate-on-view delay-9\">\n                                            <div class=\"arrow-end\"><\/div>\n                                        <\/div>\n                                    <\/div>\n                                    <div class=\"title-container lower animate-on-view delay-10\">\n                                        <h3 class=\"title animate-on-view\">Funciones centrales<\/h3>\n                                    <\/div>\n                                <\/div>\n                            <\/div>\n                        <\/div>\n                    <\/div>\n                <\/div>\n            <\/section>\n\n\n\n<div style=\"height:40px\" aria-hidden=\"true\" class=\"wp-block-spacer\"><\/div>\n\n\n\n<div class=\"wp-block-group is-layout-constrained wp-block-group-is-layout-constrained\"><div class=\"wp-block-group__inner-container\">\n<div class=\"wp-block-group container is-layout-constrained wp-block-group-is-layout-constrained\"><div class=\"wp-block-group__inner-container\">\n<div class=\"wp-block-columns is-layout-flex wp-container-core-columns-layout-2 wp-block-columns-is-layout-flex\">\n<div class=\"wp-block-column is-layout-flow wp-block-column-is-layout-flow\" style=\"flex-basis:10%\"><\/div>\n\n\n\n<div class=\"wp-block-column is-layout-flow wp-block-column-is-layout-flow\" style=\"flex-basis:80%\">\n<h3 class=\"wp-block-heading small-margin has-theme-secondary-color has-text-color\">CLPT Board of Directors<\/h3>\n\n\n\n<p>El CLPT Board of Directors est\u00e1 formado por siete profesionales experimentados de los \u00e1mbitos empresarial, financiero y de cumplimiento de la normativa. No solo supervisan las actividades empresariales, sino que tambi\u00e9n vigilan la gesti\u00f3n de riesgos, la estrategia corporativa y las relaciones de la empresa con los accionistas. Garantizan y salvaguardan nuestra integridad en t\u00e9rminos de informaci\u00f3n y cumplimiento.<\/p>\n\n\n\n<div style=\"height:25px\" aria-hidden=\"true\" class=\"wp-block-spacer\"><\/div>\n\n\n\n<h3 class=\"wp-block-heading small-margin has-theme-secondary-color has-text-color\">Executive Management Board<\/h3>\n\n\n\n<p>Nuestro Executive Management Board fija los objetivos, la estrategia y las pol\u00edticas del CLPT y regula los asuntos generales. Apoyan y capacitan a los equipos directivos de nuestras empresas globales, dirigen e impulsan la colaboraci\u00f3n interempresarial a trav\u00e9s de las funciones empresariales asignadas y cuentan con el apoyo de las funciones corporativas. Los Executive Management Boards est\u00e1n formados por cuatro miembros apoyados por tres miembros adicionales. El Sr. Klaus Gehrig act\u00faa como Presidente y el Sr. Lars Roed como Vicepresidente.<\/p>\n\n\n\n<div style=\"height:25px\" aria-hidden=\"true\" class=\"wp-block-spacer\"><\/div>\n\n\n\n<h3 class=\"wp-block-heading small-margin has-theme-secondary-color has-text-color\">CIMC Liquid Process Technologies (CLPT)<\/h3>\n\n\n\n<p>Ziemann Holvrieka forma parte de CIMC Liquid Process Technologies (CLPT). CLPT es un holding din\u00e1mico que re\u00fane una cartera diversa de empresas que operan en el campo de las tecnolog\u00edas de procesamiento de l\u00edquidos. CLPT apoya y capacita a los equipos directivos locales y desarrolla conjuntamente estrategias de crecimiento. Cada empresa del grupo conserva su propia identidad y aporta conocimientos, recursos y puntos fuertes \u00fanicos. El grupo se compromete a compartir conocimientos y a trabajar juntos para alcanzar objetivos comunes y lograr un mayor \u00e9xito en los mercados en los que opera. Como grupo, tenemos unos s\u00f3lidos resultados financieros y estamos decididos a crecer.<\/p>\n\n\n\n<div style=\"height:25px\" aria-hidden=\"true\" class=\"wp-block-spacer\"><\/div>\n\n\n\n<h3 class=\"wp-block-heading small-margin has-theme-secondary-color has-text-color\">C\u00f3digo de conducta<\/h3>\n\n\n\n<p>Promovemos un comportamiento \u00e9tico interna y externamente. M\u00e1s informaci\u00f3n sobre nuestro C\u00f3digo de conducta.<\/p>\n\n\n\n<div class=\"wp-block-buttons is-layout-flex wp-block-buttons-is-layout-flex\">\n<div class=\"wp-block-button\"><a class=\"wp-block-button__link wp-element-button\" href=\"https:\/\/zh-test.co.uk\/es\/codigo-de-conducta\/\">C\u00f3digo de conducta<\/a><\/div>\n<\/div>\n<\/div>\n\n\n\n<div class=\"wp-block-column is-layout-flow wp-block-column-is-layout-flow\" style=\"flex-basis:10%\"><\/div>\n<\/div>\n\n\n\n<div style=\"height:40px\" aria-hidden=\"true\" class=\"wp-block-spacer\"><\/div>\n<\/div><\/div>\n<\/div><\/div>","protected":false},"excerpt":{"rendered":"<p>Committed to accountability &amp; transparency Our goal is to continuously improve our relationship of trust with stakeholders, which include employees, customers, suppliers, shareholders and society. [&hellip;]<\/p>\n","protected":false},"author":1,"featured_media":1259,"parent":0,"menu_order":0,"comment_status":"closed","ping_status":"closed","template":"templates\/company-structure.php","meta":{"footnotes":""},"yoast_head":"<!-- This site is optimized with the Yoast SEO Premium plugin v21.7 (Yoast SEO v23.5) - https:\/\/yoast.com\/wordpress\/plugins\/seo\/ -->\n<title>Building Trust &amp; Transparency: Ziemann Holvrieka&#039;s Group Organization<\/title>\n<meta name=\"description\" content=\"Learn how Ziemann Holvrieka and its affiliated companies collaborate and create a strong, interconnected group structure dedicated to excellence.\" \/>\n<meta name=\"robots\" content=\"noindex, follow, max-snippet:-1, max-image-preview:large, max-video-preview:-1\" \/>\n<meta property=\"og:locale\" content=\"es_ES\" \/>\n<meta property=\"og:type\" content=\"article\" \/>\n<meta property=\"og:title\" content=\"Group Structure\" \/>\n<meta property=\"og:description\" content=\"Learn how Ziemann Holvrieka and its affiliated companies collaborate and create a strong, interconnected group structure dedicated to excellence.\" \/>\n<meta property=\"og:url\" content=\"https:\/\/zh-test.co.uk\/es\/estructura-del-grupo\/\" \/>\n<meta property=\"og:site_name\" content=\"Ziemann Holvrieka\" \/>\n<meta property=\"article:publisher\" content=\"https:\/\/www.linkedin.com\/company\/ziemann-international-gmbh\" \/>\n<meta property=\"article:modified_time\" content=\"2024-02-05T15:39:59+00:00\" \/>\n<meta property=\"og:image\" content=\"https:\/\/zh-test.co.uk\/wp-content\/uploads\/2023\/09\/hero-1-scaled.jpg\" \/>\n\t<meta property=\"og:image:width\" content=\"2560\" \/>\n\t<meta property=\"og:image:height\" content=\"1797\" \/>\n\t<meta property=\"og:image:type\" content=\"image\/jpeg\" \/>\n<meta name=\"twitter:card\" content=\"summary_large_image\" \/>\n<meta name=\"twitter:label1\" content=\"Tiempo de lectura\" \/>\n\t<meta name=\"twitter:data1\" content=\"2 minutos\" \/>\n<script type=\"application\/ld+json\" class=\"yoast-schema-graph\">{\"@context\":\"https:\/\/schema.org\",\"@graph\":[{\"@type\":\"WebPage\",\"@id\":\"http:\/\/zh-test.co.uk\/es\/estructura-del-grupo\/\",\"url\":\"http:\/\/zh-test.co.uk\/es\/estructura-del-grupo\/\",\"name\":\"Building Trust & Transparency: Ziemann Holvrieka's Group Organization\",\"isPartOf\":{\"@id\":\"https:\/\/zh-test.co.uk\/#website\"},\"primaryImageOfPage\":{\"@id\":\"http:\/\/zh-test.co.uk\/es\/estructura-del-grupo\/#primaryimage\"},\"image\":{\"@id\":\"http:\/\/zh-test.co.uk\/es\/estructura-del-grupo\/#primaryimage\"},\"thumbnailUrl\":\"https:\/\/zh-test.co.uk\/wp-content\/uploads\/2023\/09\/hero-1-scaled.jpg\",\"datePublished\":\"2023-09-07T20:36:56+00:00\",\"dateModified\":\"2024-02-05T15:39:59+00:00\",\"description\":\"Learn how Ziemann Holvrieka and its affiliated companies collaborate and create a strong, interconnected group structure dedicated to excellence.\",\"breadcrumb\":{\"@id\":\"http:\/\/zh-test.co.uk\/es\/estructura-del-grupo\/#breadcrumb\"},\"inLanguage\":\"es\",\"potentialAction\":[{\"@type\":\"ReadAction\",\"target\":[\"http:\/\/zh-test.co.uk\/es\/estructura-del-grupo\/\"]}]},{\"@type\":\"ImageObject\",\"inLanguage\":\"es\",\"@id\":\"http:\/\/zh-test.co.uk\/es\/estructura-del-grupo\/#primaryimage\",\"url\":\"https:\/\/zh-test.co.uk\/wp-content\/uploads\/2023\/09\/hero-1-scaled.jpg\",\"contentUrl\":\"https:\/\/zh-test.co.uk\/wp-content\/uploads\/2023\/09\/hero-1-scaled.jpg\",\"width\":2560,\"height\":1797,\"caption\":\"Marine Cargo Systems\"},{\"@type\":\"BreadcrumbList\",\"@id\":\"http:\/\/zh-test.co.uk\/es\/estructura-del-grupo\/#breadcrumb\",\"itemListElement\":[{\"@type\":\"ListItem\",\"position\":1,\"name\":\"Home\",\"item\":\"https:\/\/zh-test.co.uk\/\"},{\"@type\":\"ListItem\",\"position\":2,\"name\":\"Group Structure\"}]},{\"@type\":\"WebSite\",\"@id\":\"https:\/\/zh-test.co.uk\/#website\",\"url\":\"https:\/\/zh-test.co.uk\/\",\"name\":\"Ziemann Holvrieka\",\"description\":\"\",\"potentialAction\":[{\"@type\":\"SearchAction\",\"target\":{\"@type\":\"EntryPoint\",\"urlTemplate\":\"https:\/\/zh-test.co.uk\/?s={search_term_string}\"},\"query-input\":{\"@type\":\"PropertyValueSpecification\",\"valueRequired\":true,\"valueName\":\"search_term_string\"}}],\"inLanguage\":\"es\"}]}<\/script>\n<!-- \/ Yoast SEO Premium plugin. -->","yoast_head_json":{"title":"Crear confianza y transparencia: Organizaci\u00f3n del Grupo Ziemann Holvrieka","description":"Descubra c\u00f3mo Ziemann Holvrieka y sus empresas afiliadas colaboran y crean una estructura de grupo s\u00f3lida e interconectada dedicada a la excelencia.","robots":{"index":"noindex","follow":"follow","max-snippet":"max-snippet:-1","max-image-preview":"max-image-preview:large","max-video-preview":"max-video-preview:-1"},"og_locale":"es_ES","og_type":"article","og_title":"Group Structure","og_description":"Learn how Ziemann Holvrieka and its affiliated companies collaborate and create a strong, interconnected group structure dedicated to excellence.","og_url":"https:\/\/zh-test.co.uk\/es\/estructura-del-grupo\/","og_site_name":"Ziemann Holvrieka","article_publisher":"https:\/\/www.linkedin.com\/company\/ziemann-international-gmbh","article_modified_time":"2024-02-05T15:39:59+00:00","og_image":[{"width":2560,"height":1797,"url":"https:\/\/zh-test.co.uk\/wp-content\/uploads\/2023\/09\/hero-1-scaled.jpg","type":"image\/jpeg"}],"twitter_card":"summary_large_image","twitter_misc":{"Tiempo de lectura":"2 minutos"},"schema":{"@context":"https:\/\/schema.org","@graph":[{"@type":"WebPage","@id":"http:\/\/zh-test.co.uk\/es\/estructura-del-grupo\/","url":"http:\/\/zh-test.co.uk\/es\/estructura-del-grupo\/","name":"Crear confianza y transparencia: Organizaci\u00f3n del Grupo Ziemann Holvrieka","isPartOf":{"@id":"https:\/\/zh-test.co.uk\/#website"},"primaryImageOfPage":{"@id":"http:\/\/zh-test.co.uk\/es\/estructura-del-grupo\/#primaryimage"},"image":{"@id":"http:\/\/zh-test.co.uk\/es\/estructura-del-grupo\/#primaryimage"},"thumbnailUrl":"https:\/\/zh-test.co.uk\/wp-content\/uploads\/2023\/09\/hero-1-scaled.jpg","datePublished":"2023-09-07T20:36:56+00:00","dateModified":"2024-02-05T15:39:59+00:00","description":"Descubra c\u00f3mo Ziemann Holvrieka y sus empresas afiliadas colaboran y crean una estructura de grupo s\u00f3lida e interconectada dedicada a la excelencia.","breadcrumb":{"@id":"http:\/\/zh-test.co.uk\/es\/estructura-del-grupo\/#breadcrumb"},"inLanguage":"es","potentialAction":[{"@type":"ReadAction","target":["http:\/\/zh-test.co.uk\/es\/estructura-del-grupo\/"]}]},{"@type":"ImageObject","inLanguage":"es","@id":"http:\/\/zh-test.co.uk\/es\/estructura-del-grupo\/#primaryimage","url":"https:\/\/zh-test.co.uk\/wp-content\/uploads\/2023\/09\/hero-1-scaled.jpg","contentUrl":"https:\/\/zh-test.co.uk\/wp-content\/uploads\/2023\/09\/hero-1-scaled.jpg","width":2560,"height":1797,"caption":"Marine Cargo Systems"},{"@type":"BreadcrumbList","@id":"http:\/\/zh-test.co.uk\/es\/estructura-del-grupo\/#breadcrumb","itemListElement":[{"@type":"ListItem","position":1,"name":"Home","item":"https:\/\/zh-test.co.uk\/"},{"@type":"ListItem","position":2,"name":"Group Structure"}]},{"@type":"WebSite","@id":"https:\/\/zh-test.co.uk\/#website","url":"https:\/\/zh-test.co.uk\/","name":"Ziemann Holvrieka","description":"","potentialAction":[{"@type":"SearchAction","target":{"@type":"EntryPoint","urlTemplate":"https:\/\/zh-test.co.uk\/?s={search_term_string}"},"query-input":{"@type":"PropertyValueSpecification","valueRequired":true,"valueName":"search_term_string"}}],"inLanguage":"es"}]}},"_links":{"self":[{"href":"https:\/\/zh-test.co.uk\/es\/wp-json\/wp\/v2\/pages\/1975"}],"collection":[{"href":"https:\/\/zh-test.co.uk\/es\/wp-json\/wp\/v2\/pages"}],"about":[{"href":"https:\/\/zh-test.co.uk\/es\/wp-json\/wp\/v2\/types\/page"}],"author":[{"embeddable":true,"href":"https:\/\/zh-test.co.uk\/es\/wp-json\/wp\/v2\/users\/1"}],"replies":[{"embeddable":true,"href":"https:\/\/zh-test.co.uk\/es\/wp-json\/wp\/v2\/comments?post=1975"}],"version-history":[{"count":9,"href":"https:\/\/zh-test.co.uk\/es\/wp-json\/wp\/v2\/pages\/1975\/revisions"}],"predecessor-version":[{"id":6399,"href":"https:\/\/zh-test.co.uk\/es\/wp-json\/wp\/v2\/pages\/1975\/revisions\/6399"}],"wp:featuredmedia":[{"embeddable":true,"href":"https:\/\/zh-test.co.uk\/es\/wp-json\/wp\/v2\/media\/1259"}],"wp:attachment":[{"href":"https:\/\/zh-test.co.uk\/es\/wp-json\/wp\/v2\/media?parent=1975"}],"curies":[{"name":"wp","href":"https:\/\/api.w.org\/{rel}","templated":true}]}}