{"id":2516,"date":"2023-10-16T07:12:04","date_gmt":"2023-10-16T06:12:04","guid":{"rendered":"https:\/\/zh-test.co.uk\/?page_id=2516"},"modified":"2024-02-13T12:50:09","modified_gmt":"2024-02-13T12:50:09","slug":"apprentices","status":"publish","type":"page","link":"https:\/\/zh-test.co.uk\/es\/carreras-profesional\/aprendices\/","title":{"rendered":"Aprendices"},"content":{"rendered":"<section class=\"wp-block-group has-theme-white-background-color has-background is-layout-constrained wp-block-group-is-layout-constrained\"><div class=\"wp-block-group__inner-container\">\n<div class=\"wp-block-group container is-layout-constrained wp-block-group-is-layout-constrained\"><div class=\"wp-block-group__inner-container\">\n<h2 class=\"wp-block-heading h4 section-heading\" id=\"h-your-career-our-mission\">Su carrera - Nuestra misi\u00f3n<\/h2>\n\n\n\n<div class=\"wp-block-columns is-layout-flex wp-container-core-columns-layout-1 wp-block-columns-is-layout-flex\">\n<div class=\"wp-block-column is-layout-flow wp-block-column-is-layout-flow\" style=\"flex-basis:66.66%\">\n<p>Comienza tu futuro profesional con Ziemann Holvrieka y asegura tu aprendizaje con nosotros. No importa qu\u00e9 profesi\u00f3n elijas: haremos todo lo posible para que tu formaci\u00f3n sea perfecta.<br><br>Si tiene alguna pregunta, no dude en ponerse en contacto con nosotros. Estaremos encantados de ayudarle. O env\u00edanos directamente tus documentos si ya te has decidido por un aprendizaje.<br><br>Por cierto, para todos nuestros aprendizajes tambi\u00e9n ofrecemos pr\u00e1cticas de forma voluntaria o a trav\u00e9s de su centro de estudios.<\/p>\n<\/div>\n\n\n\n<div class=\"wp-block-column is-layout-flow wp-block-column-is-layout-flow\" style=\"flex-basis:33.33%\"><\/div>\n<\/div>\n\n\n\n<h2 class=\"wp-block-heading h4 section-heading\" id=\"h-current-apprentices\">Aprendices actuales<\/h2>\n\n\n\n<figure class=\"wp-block-table careers-table\"><table class=\"has-fixed-layout\"><thead><tr><th class=\"has-text-align-left\" data-align=\"left\"><strong>Posici\u00f3n<\/strong><\/th><th class=\"has-text-align-center\" data-align=\"center\"><strong>Descripci\u00f3n del trabajo<\/strong><\/th><\/tr><\/thead><tbody><tr><td class=\"has-text-align-left\" data-align=\"left\"><strong>Metallbauer <\/strong>(m\/w\/d) Fachrichtung Konstruktionstechnik<\/td><td class=\"has-text-align-center\" data-align=\"center\"><a href=\"https:\/\/zh-test.co.uk\/es\/carreras-profesional\/aprendices\/carreras-aprendices-metallbauer\/\" target=\"_blank\" rel=\"noreferrer noopener\">Enlace<\/a><\/td><\/tr><tr><td class=\"has-text-align-left\" data-align=\"left\"><strong>Industriekaufmann <\/strong>(m\/w\/d)<\/td><td class=\"has-text-align-center\" data-align=\"center\"><a href=\"https:\/\/zh-test.co.uk\/es\/carreras-profesional\/aprendices\/carreras-aprendices-industriekaufmann\/\" target=\"_blank\" rel=\"noreferrer noopener\">Enlace<\/a><\/td><\/tr><tr><td class=\"has-text-align-left\" data-align=\"left\"><strong>Dise\u00f1ador t\u00e9cnico de productos<\/strong> (m\/w\/d)<br>Fachrichtung Maschinen- und Anlagenkonstruktion<\/td><td class=\"has-text-align-center\" data-align=\"center\"><a href=\"https:\/\/zh-test.co.uk\/es\/carreras-profesional\/aprendices\/disenador-tecnico-de-productos\/\" target=\"_blank\" rel=\"noreferrer noopener\">Enlace<\/a><\/td><\/tr><tr><td class=\"has-text-align-left\" data-align=\"left\"><strong>Planificador t\u00e9cnico de sistemas<\/strong> (m\/w\/d) Fachrichtung Elektrotechnische Systeme<\/td><td class=\"has-text-align-center\" data-align=\"center\"><a href=\"https:\/\/zh-test.co.uk\/es\/carreras-profesional\/aprendices\/technischer-systemplaner-m-w-d\/\">Enlace<\/a><\/td><\/tr><tr><td class=\"has-text-align-left\" data-align=\"left\"><strong>Fachinformatiker<\/strong> (m\/w\/d)<br>Fachrichtung Systemintegration<\/td><td class=\"has-text-align-center\" data-align=\"center\"><a href=\"https:\/\/zh-test.co.uk\/es\/carreras-profesional\/aprendices\/fachinformatiker\/\" target=\"_blank\" rel=\"noreferrer noopener\">Enlace<\/a><\/td><\/tr><\/tbody><\/table><\/figure>\n<\/div><\/div>\n<\/div><\/section>\n\n\n\n<div class=\"wp-block-columns gap-none has-theme-primary-background-color has-background is-layout-flex wp-container-core-columns-layout-2 wp-block-columns-is-layout-flex\">\n<div class=\"wp-block-column is-layout-flow wp-block-column-is-layout-flow\">\n<div class=\"wp-block-cover\"><span aria-hidden=\"true\" class=\"wp-block-cover__background has-background-dim-0 has-background-dim\"><\/span><img loading=\"lazy\" decoding=\"async\" width=\"768\" height=\"994\" class=\"wp-block-cover__image-background wp-image-775\" alt=\"gr\u00e1fico de fondo\" src=\"https:\/\/zh-test.co.uk\/wp-content\/uploads\/2023\/08\/background-graphic.png\" data-object-fit=\"cover\" srcset=\"https:\/\/zh-test.co.uk\/wp-content\/uploads\/2023\/08\/background-graphic.png 768w, https:\/\/zh-test.co.uk\/wp-content\/uploads\/2023\/08\/background-graphic-232x300.png 232w, https:\/\/zh-test.co.uk\/wp-content\/uploads\/2023\/08\/background-graphic-464x600.png 464w\" sizes=\"(max-width: 768px) 100vw, 768px\" \/><div class=\"wp-block-cover__inner-container is-layout-constrained wp-block-cover-is-layout-constrained\">\n<div class=\"wp-block-group left-container flex flex-center is-layout-constrained wp-block-group-is-layout-constrained\"><div class=\"wp-block-group__inner-container\">\n<h4 class=\"wp-block-heading has-theme-white-color has-text-color\" id=\"h-working-life-at-ziemann-holvrieka\">Trabajar en Ziemann Holvrieka <\/h4>\n\n\n\n<p>En Ziemann Holvrieka damos mucha importancia al bienestar de nuestros empleados. Por ello, ofrecemos amplias prestaciones para lograr la conciliaci\u00f3n entre vida laboral y personal.<\/p>\n<\/div><\/div>\n<\/div><\/div>\n<\/div>\n\n\n\n<div class=\"wp-block-column is-layout-flow wp-block-column-is-layout-flow\">\n<div class=\"wp-block-cover is-light\"><span aria-hidden=\"true\" class=\"wp-block-cover__background has-background-dim-0 has-background-dim\"><\/span><img loading=\"lazy\" decoding=\"async\" width=\"2000\" height=\"1332\" class=\"wp-block-cover__image-background wp-image-2033\" alt=\"\" src=\"https:\/\/zh-test.co.uk\/wp-content\/uploads\/2023\/09\/students.jpeg\" data-object-fit=\"cover\" srcset=\"https:\/\/zh-test.co.uk\/wp-content\/uploads\/2023\/09\/students.jpeg 2000w, https:\/\/zh-test.co.uk\/wp-content\/uploads\/2023\/09\/students-300x200.jpeg 300w, https:\/\/zh-test.co.uk\/wp-content\/uploads\/2023\/09\/students-1024x682.jpeg 1024w, https:\/\/zh-test.co.uk\/wp-content\/uploads\/2023\/09\/students-768x511.jpeg 768w, https:\/\/zh-test.co.uk\/wp-content\/uploads\/2023\/09\/students-1536x1023.jpeg 1536w, https:\/\/zh-test.co.uk\/wp-content\/uploads\/2023\/09\/students-18x12.jpeg 18w, https:\/\/zh-test.co.uk\/wp-content\/uploads\/2023\/09\/students-600x400.jpeg 600w, https:\/\/zh-test.co.uk\/wp-content\/uploads\/2023\/09\/students-1200x799.jpeg 1200w, https:\/\/zh-test.co.uk\/wp-content\/uploads\/2023\/09\/students-1920x1279.jpeg 1920w\" sizes=\"(max-width: 2000px) 100vw, 2000px\" \/><div class=\"wp-block-cover__inner-container is-layout-flow wp-block-cover-is-layout-flow\">\n<p class=\"has-text-align-center has-large-font-size\"><\/p>\n<\/div><\/div>\n<\/div>\n<\/div>\n\n\n\n<section class=\"wp-block-group has-theme-white-background-color has-background is-layout-constrained wp-block-group-is-layout-constrained\"><div class=\"wp-block-group__inner-container\">\n<div class=\"wp-block-group container is-layout-constrained wp-block-group-is-layout-constrained\"><div class=\"wp-block-group__inner-container\">\n<div class=\"wp-block-columns is-layout-flex wp-container-core-columns-layout-3 wp-block-columns-is-layout-flex\">\n<div class=\"wp-block-column is-layout-flow wp-block-column-is-layout-flow\" style=\"flex-basis:66.66%\">\n<h3 class=\"wp-block-heading has-theme-secondary-text-color has-text-color\" id=\"h-benefits-of-working-at-ziemann-holvrieka\">Paquete de servicios para empleados en Ziemann Holvrieka<\/h3>\n\n\n\n<div style=\"height:20px\" aria-hidden=\"true\" class=\"wp-block-spacer\"><\/div>\n<\/div>\n\n\n\n<div class=\"wp-block-column is-layout-flow wp-block-column-is-layout-flow\" style=\"flex-basis:33.33%\"><\/div>\n<\/div>\n\n\n\n<div class=\"wp-block-columns gap-100 is-layout-flex wp-container-core-columns-layout-4 wp-block-columns-is-layout-flex\">\n<div class=\"wp-block-column is-layout-flow wp-block-column-is-layout-flow\">\n<ul>\n<li>Horario de trabajo flexible entre las 6.00 y las 20.00 horas*.<\/li>\n\n\n\n<li>Hasta 2 d\u00edas de trabajo m\u00f3vil a la semana*.<\/li>\n\n\n\n<li>Cuenta del tiempo de trabajo para la planificaci\u00f3n individual<\/li>\n\n\n\n<li>Convenio colectivo (convenio colectivo de la industria metal\u00fargica y el\u00e9ctrica)<\/li>\n\n\n\n<li>Bicicleta de trabajo para una movilidad respetuosa con el medio ambiente<\/li>\n\n\n\n<li>Formaci\u00f3n y perfeccionamiento para el desarrollo personal<\/li>\n\n\n\n<li>Reembolso de gastos de viaje por desplazamiento simple<\/li>\n\n\n\n<li>Plan de pensiones de empresa para un futuro seguro<\/li>\n\n\n\n<li>Beneficios de formaci\u00f3n de capital para ayudas adicionales<\/li>\n<\/ul>\n<\/div>\n\n\n\n<div class=\"wp-block-column is-layout-flow wp-block-column-is-layout-flow\">\n<ul>\n<li>14 salarios para la estabilidad financiera<\/li>\n\n\n\n<li>30 d\u00edas libres para vacaciones<\/li>\n\n\n\n<li>35h\/semana de trabajo para disponer de m\u00e1s tiempo libre<\/li>\n\n\n\n<li>Puestos de trabajo modernos para trabajar con eficacia<\/li>\n\n\n\n<li>Ubicaci\u00f3n c\u00e9ntrica con buenas conexiones de transporte p\u00fablico para una c\u00f3moda accesibilidad<\/li>\n\n\n\n<li>Aparcamiento para poder desplazarse sin estr\u00e9s<\/li>\n\n\n\n<li>Eventos corporativos para un fuerte sentimiento de equipo<\/li>\n\n\n\n<li>Bebidas (Haustrunk) como agradecimiento especial<\/li>\n<\/ul>\n<\/div>\n<\/div>\n<\/div><\/div>\n<\/div><\/section>\n\n\n\n<div class=\"wp-block-group container no-padding is-layout-constrained wp-block-group-is-layout-constrained\"><div class=\"wp-block-group__inner-container\">\n<p class=\"has-text-align-left\">   *Para trabajos de oficina<\/p>\n\n\n\n<div style=\"height:50px\" aria-hidden=\"true\" class=\"wp-block-spacer\"><\/div>\n<\/div><\/div>\n\n\n\n<div class=\"wp-block-group has-theme-grey-background-color has-background is-layout-constrained wp-block-group-is-layout-constrained\"><div class=\"wp-block-group__inner-container\">\n<div class=\"wp-block-group container video-block is-layout-constrained wp-block-group-is-layout-constrained\"><div class=\"wp-block-group__inner-container\">\n<div class=\"wp-block-columns is-layout-flex wp-container-core-columns-layout-5 wp-block-columns-is-layout-flex\">\n<div class=\"wp-block-column is-layout-flow wp-block-column-is-layout-flow\" style=\"flex-basis:10%\"><\/div>\n\n\n\n<div class=\"wp-block-column is-vertically-aligned-center is-layout-flow wp-block-column-is-layout-flow\" style=\"flex-basis:80%\">\n\n<br \/>\n<iframe width=\"1440\" height=\"762\" \nsrc=\"https:\/\/www.youtube-nocookie.com\/embed\/H9Wq6d6fz6I?feature=oembed\" frameborder=\"0\" allow=\"autoplay; encrypted-media\" allowfullscreen><\/iframe><br \/>\n\n<br \/>\n<iframe width=\"1440\" height=\"762\" \nsrc=\"https:\/\/www.youtube-nocookie.com\/embed\/7gKAQ_lxcM4?feature=oembed\" frameborder=\"0\" allow=\"autoplay; encrypted-media\" allowfullscreen><\/iframe><br \/>\n\n<\/div>\n\n\n\n<div class=\"wp-block-column is-layout-flow wp-block-column-is-layout-flow\" style=\"flex-basis:10%\"><\/div>\n<\/div>\n<\/div><\/div>\n<\/div><\/div>","protected":false},"excerpt":{"rendered":"<p>Your career &#8211; Our mission Start your professional future with Ziemann Holvrieka and secure your apprenticeship with us! No matter which profession you choose &#8211; [&hellip;]<\/p>\n","protected":false},"author":2,"featured_media":2518,"parent":1181,"menu_order":0,"comment_status":"closed","ping_status":"closed","template":"templates\/careers.php","meta":{"footnotes":""},"yoast_head":"<!-- This site is optimized with the Yoast SEO Premium plugin v21.7 (Yoast SEO v23.5) - https:\/\/yoast.com\/wordpress\/plugins\/seo\/ -->\n<title>Apprentices - Ziemann Holvrieka<\/title>\n<meta name=\"description\" content=\"Shape your future with Ziemann Holvrieka! Explore rewarding apprenticeships in diverse fields. Join us for a fulfilling career with a perfect balance of work and life. Apply now!\" \/>\n<meta name=\"robots\" content=\"noindex, follow, max-snippet:-1, max-image-preview:large, max-video-preview:-1\" \/>\n<meta property=\"og:locale\" content=\"es_ES\" \/>\n<meta property=\"og:type\" content=\"article\" \/>\n<meta property=\"og:title\" content=\"Apprentices\" \/>\n<meta property=\"og:description\" content=\"Shape your future with Ziemann Holvrieka! Explore rewarding apprenticeships in diverse fields. Join us for a fulfilling career with a perfect balance of work and life. Apply now!\" \/>\n<meta property=\"og:url\" content=\"https:\/\/zh-test.co.uk\/es\/carreras-profesional\/aprendices\/\" \/>\n<meta property=\"og:site_name\" content=\"Ziemann Holvrieka\" \/>\n<meta property=\"article:publisher\" content=\"https:\/\/www.linkedin.com\/company\/ziemann-international-gmbh\" \/>\n<meta property=\"article:modified_time\" content=\"2024-02-13T12:50:09+00:00\" \/>\n<meta property=\"og:image\" content=\"https:\/\/zh-test.co.uk\/wp-content\/uploads\/2023\/10\/Auzubildende-scaled.jpg\" \/>\n\t<meta property=\"og:image:width\" content=\"2560\" \/>\n\t<meta property=\"og:image:height\" content=\"1705\" \/>\n\t<meta property=\"og:image:type\" content=\"image\/jpeg\" \/>\n<meta name=\"twitter:card\" content=\"summary_large_image\" \/>\n<meta name=\"twitter:label1\" content=\"Tiempo de lectura\" \/>\n\t<meta name=\"twitter:data1\" content=\"3 minutos\" \/>\n<script type=\"application\/ld+json\" class=\"yoast-schema-graph\">{\"@context\":\"https:\/\/schema.org\",\"@graph\":[{\"@type\":\"WebPage\",\"@id\":\"https:\/\/zh-test.co.uk\/careers\/apprentices\/\",\"url\":\"https:\/\/zh-test.co.uk\/careers\/apprentices\/\",\"name\":\"Apprentices - Ziemann Holvrieka\",\"isPartOf\":{\"@id\":\"https:\/\/zh-test.co.uk\/#website\"},\"primaryImageOfPage\":{\"@id\":\"https:\/\/zh-test.co.uk\/careers\/apprentices\/#primaryimage\"},\"image\":{\"@id\":\"https:\/\/zh-test.co.uk\/careers\/apprentices\/#primaryimage\"},\"thumbnailUrl\":\"https:\/\/zh-test.co.uk\/wp-content\/uploads\/2023\/10\/Auzubildende-scaled.jpg\",\"datePublished\":\"2023-10-16T06:12:04+00:00\",\"dateModified\":\"2024-02-13T12:50:09+00:00\",\"description\":\"Shape your future with Ziemann Holvrieka! Explore rewarding apprenticeships in diverse fields. Join us for a fulfilling career with a perfect balance of work and life. Apply now!\",\"breadcrumb\":{\"@id\":\"https:\/\/zh-test.co.uk\/careers\/apprentices\/#breadcrumb\"},\"inLanguage\":\"es\",\"potentialAction\":[{\"@type\":\"ReadAction\",\"target\":[\"https:\/\/zh-test.co.uk\/careers\/apprentices\/\"]}]},{\"@type\":\"ImageObject\",\"inLanguage\":\"es\",\"@id\":\"https:\/\/zh-test.co.uk\/careers\/apprentices\/#primaryimage\",\"url\":\"https:\/\/zh-test.co.uk\/wp-content\/uploads\/2023\/10\/Auzubildende-scaled.jpg\",\"contentUrl\":\"https:\/\/zh-test.co.uk\/wp-content\/uploads\/2023\/10\/Auzubildende-scaled.jpg\",\"width\":2560,\"height\":1705},{\"@type\":\"BreadcrumbList\",\"@id\":\"https:\/\/zh-test.co.uk\/careers\/apprentices\/#breadcrumb\",\"itemListElement\":[{\"@type\":\"ListItem\",\"position\":1,\"name\":\"Home\",\"item\":\"https:\/\/zh-test.co.uk\/\"},{\"@type\":\"ListItem\",\"position\":2,\"name\":\"Careers\",\"item\":\"https:\/\/zh-test.co.uk\/careers\/\"},{\"@type\":\"ListItem\",\"position\":3,\"name\":\"Apprentices\"}]},{\"@type\":\"WebSite\",\"@id\":\"https:\/\/zh-test.co.uk\/#website\",\"url\":\"https:\/\/zh-test.co.uk\/\",\"name\":\"Ziemann Holvrieka\",\"description\":\"\",\"potentialAction\":[{\"@type\":\"SearchAction\",\"target\":{\"@type\":\"EntryPoint\",\"urlTemplate\":\"https:\/\/zh-test.co.uk\/?s={search_term_string}\"},\"query-input\":{\"@type\":\"PropertyValueSpecification\",\"valueRequired\":true,\"valueName\":\"search_term_string\"}}],\"inLanguage\":\"es\"}]}<\/script>\n<!-- \/ Yoast SEO Premium plugin. -->","yoast_head_json":{"title":"Aprendices - Ziemann Holvrieka","description":"\u00a1Forja tu futuro con Ziemann Holvrieka! Explora pr\u00e1cticas gratificantes en diversos campos. \u00danete a nosotros para una carrera satisfactoria con un equilibrio perfecto entre trabajo y vida personal. \u00a1Inscr\u00edbete ya!","robots":{"index":"noindex","follow":"follow","max-snippet":"max-snippet:-1","max-image-preview":"max-image-preview:large","max-video-preview":"max-video-preview:-1"},"og_locale":"es_ES","og_type":"article","og_title":"Apprentices","og_description":"Shape your future with Ziemann Holvrieka! Explore rewarding apprenticeships in diverse fields. Join us for a fulfilling career with a perfect balance of work and life. Apply now!","og_url":"https:\/\/zh-test.co.uk\/es\/carreras-profesional\/aprendices\/","og_site_name":"Ziemann Holvrieka","article_publisher":"https:\/\/www.linkedin.com\/company\/ziemann-international-gmbh","article_modified_time":"2024-02-13T12:50:09+00:00","og_image":[{"width":2560,"height":1705,"url":"https:\/\/zh-test.co.uk\/wp-content\/uploads\/2023\/10\/Auzubildende-scaled.jpg","type":"image\/jpeg"}],"twitter_card":"summary_large_image","twitter_misc":{"Tiempo de lectura":"3 minutos"},"schema":{"@context":"https:\/\/schema.org","@graph":[{"@type":"WebPage","@id":"https:\/\/zh-test.co.uk\/careers\/apprentices\/","url":"https:\/\/zh-test.co.uk\/careers\/apprentices\/","name":"Aprendices - Ziemann Holvrieka","isPartOf":{"@id":"https:\/\/zh-test.co.uk\/#website"},"primaryImageOfPage":{"@id":"https:\/\/zh-test.co.uk\/careers\/apprentices\/#primaryimage"},"image":{"@id":"https:\/\/zh-test.co.uk\/careers\/apprentices\/#primaryimage"},"thumbnailUrl":"https:\/\/zh-test.co.uk\/wp-content\/uploads\/2023\/10\/Auzubildende-scaled.jpg","datePublished":"2023-10-16T06:12:04+00:00","dateModified":"2024-02-13T12:50:09+00:00","description":"\u00a1Forja tu futuro con Ziemann Holvrieka! Explora pr\u00e1cticas gratificantes en diversos campos. \u00danete a nosotros para una carrera satisfactoria con un equilibrio perfecto entre trabajo y vida personal. \u00a1Inscr\u00edbete ya!","breadcrumb":{"@id":"https:\/\/zh-test.co.uk\/careers\/apprentices\/#breadcrumb"},"inLanguage":"es","potentialAction":[{"@type":"ReadAction","target":["https:\/\/zh-test.co.uk\/careers\/apprentices\/"]}]},{"@type":"ImageObject","inLanguage":"es","@id":"https:\/\/zh-test.co.uk\/careers\/apprentices\/#primaryimage","url":"https:\/\/zh-test.co.uk\/wp-content\/uploads\/2023\/10\/Auzubildende-scaled.jpg","contentUrl":"https:\/\/zh-test.co.uk\/wp-content\/uploads\/2023\/10\/Auzubildende-scaled.jpg","width":2560,"height":1705},{"@type":"BreadcrumbList","@id":"https:\/\/zh-test.co.uk\/careers\/apprentices\/#breadcrumb","itemListElement":[{"@type":"ListItem","position":1,"name":"Home","item":"https:\/\/zh-test.co.uk\/"},{"@type":"ListItem","position":2,"name":"Careers","item":"https:\/\/zh-test.co.uk\/careers\/"},{"@type":"ListItem","position":3,"name":"Apprentices"}]},{"@type":"WebSite","@id":"https:\/\/zh-test.co.uk\/#website","url":"https:\/\/zh-test.co.uk\/","name":"Ziemann Holvrieka","description":"","potentialAction":[{"@type":"SearchAction","target":{"@type":"EntryPoint","urlTemplate":"https:\/\/zh-test.co.uk\/?s={search_term_string}"},"query-input":{"@type":"PropertyValueSpecification","valueRequired":true,"valueName":"search_term_string"}}],"inLanguage":"es"}]}},"_links":{"self":[{"href":"https:\/\/zh-test.co.uk\/es\/wp-json\/wp\/v2\/pages\/2516"}],"collection":[{"href":"https:\/\/zh-test.co.uk\/es\/wp-json\/wp\/v2\/pages"}],"about":[{"href":"https:\/\/zh-test.co.uk\/es\/wp-json\/wp\/v2\/types\/page"}],"author":[{"embeddable":true,"href":"https:\/\/zh-test.co.uk\/es\/wp-json\/wp\/v2\/users\/2"}],"replies":[{"embeddable":true,"href":"https:\/\/zh-test.co.uk\/es\/wp-json\/wp\/v2\/comments?post=2516"}],"version-history":[{"count":12,"href":"https:\/\/zh-test.co.uk\/es\/wp-json\/wp\/v2\/pages\/2516\/revisions"}],"predecessor-version":[{"id":6050,"href":"https:\/\/zh-test.co.uk\/es\/wp-json\/wp\/v2\/pages\/2516\/revisions\/6050"}],"up":[{"embeddable":true,"href":"https:\/\/zh-test.co.uk\/es\/wp-json\/wp\/v2\/pages\/1181"}],"wp:featuredmedia":[{"embeddable":true,"href":"https:\/\/zh-test.co.uk\/es\/wp-json\/wp\/v2\/media\/2518"}],"wp:attachment":[{"href":"https:\/\/zh-test.co.uk\/es\/wp-json\/wp\/v2\/media?parent=2516"}],"curies":[{"name":"wp","href":"https:\/\/api.w.org\/{rel}","templated":true}]}}