{"id":3,"date":"2023-05-16T10:01:33","date_gmt":"2023-05-16T09:01:33","guid":{"rendered":"https:\/\/zh-test.co.uk\/?page_id=3"},"modified":"2024-02-14T13:29:52","modified_gmt":"2024-02-14T13:29:52","slug":"privacy-policy","status":"publish","type":"page","link":"https:\/\/zh-test.co.uk\/es\/politica-de-privacidad\/","title":{"rendered":"Declaraci\u00f3n de protecci\u00f3n de datos"},"content":{"rendered":"<p>Gracias por visitar nuestra p\u00e1gina web. La protecci\u00f3n de los datos personales y, por tanto, de su intimidad es de gran importancia para Ziemann Holvrieka. A continuaci\u00f3n encontrar\u00e1 informaci\u00f3n sobre c\u00f3mo utilizamos y protegemos sus datos. Naturalmente, Ziemann Holvrieka cumple todas las disposiciones legales en materia de protecci\u00f3n de datos. Tenga en cuenta que la transmisi\u00f3n de datos a trav\u00e9s de Internet puede estar sujeta a vulnerabilidades de seguridad. No es posible una protecci\u00f3n completa contra el acceso por parte de terceros.<\/p>\n\n\n\n<h4 class=\"wp-block-heading\" id=\"h-access-data\">Datos de acceso<\/h4>\n\n\n\n<p class=\"translation-block\">Puede visitar nuestro sitio web sin facilitar ninguna informaci\u00f3n personal. El proveedor del sitio web recopila datos sobre los accesos al sitio y los guarda como \"archivos de registro del servidor\". De este modo se registran los siguientes datos: sitio web visitado, hora de acceso, cantidad de datos enviados en bytes, fuente\/referencia desde la que accedi\u00f3 al sitio, navegador utilizado, sistema operativo utilizado, direcci\u00f3n IP utilizada.\nLos datos recogidos se utilizan exclusivamente para evaluaciones estad\u00edsticas y para mejorar el sitio web. No obstante, el proveedor del sitio web se reserva el derecho a comprobar posteriormente los archivos de registro del servidor si existen indicios concretos de uso ilegal. Estos datos s\u00f3lo se transmitir\u00e1n a terceros si as\u00ed lo exige la ley o si una resoluci\u00f3n judicial ordena su divulgaci\u00f3n. No se transmitir\u00e1n con fines comerciales o no comerciales.<\/p>\n\n\n\n<h4 class=\"wp-block-heading\" id=\"h-data-collection-and-data-processing-for-contract-closure\">Recogida y tratamiento de datos para el cierre de contratos<\/h4>\n\n\n\n<p>Recopilamos y procesamos los datos personales que nos facilita voluntariamente para ponerse en contacto con nosotros (por ejemplo, para registrarse, a trav\u00e9s del formulario de contacto o por correo electr\u00f3nico) o para cumplir y procesar nuestras obligaciones contractuales y responder a sus consultas. A efectos del cumplimiento de contratos, sus datos podr\u00e1n ser transmitidos a proveedores de servicios encargados por nosotros, por ejemplo, a proveedores y empresas de log\u00edstica. Tras el cumplimiento del contrato, sus datos se bloquear\u00e1n para usos posteriores y se eliminar\u00e1n una vez transcurridos los plazos de conservaci\u00f3n previstos en la legislaci\u00f3n fiscal y mercantil, a menos que usted acepte expresamente el uso posterior de los datos, tal como se describe a continuaci\u00f3n:<\/p>\n\n\n\n<p><\/p>\n\n\n\n<h4 class=\"wp-block-heading\" id=\"h-cookies\">Cookies<\/h4>\n\n\n\n<p>Este sitio web utiliza cookies. Se trata de peque\u00f1os archivos de texto que se almacenan en su dispositivo. Su navegador accede a estos archivos. El uso de cookies aumenta la facilidad de uso y la seguridad de este sitio web.<br>Los navegadores m\u00e1s comunes ofrecen la opci\u00f3n de no aceptar cookies. Nota: No se garantiza que pueda acceder a todas las funciones de este sitio web sin restricciones si realiza los ajustes adecuados.<\/p>\n\n\n\n<h4 class=\"wp-block-heading\" id=\"h-google-analytics\">Google Analytics<\/h4>\n\n\n\n<p class=\"translation-block\">Este sitio web utiliza el servicio \"Google Analytics\", prestado por Google Inc. (1600 Amphitheatre Parkway Mountain View, CA 94043, EE.UU.) para analizar el uso que hacen los usuarios del sitio web. El servicio utiliza \"cookies\", archivos de texto que se almacenan en su dispositivo. La informaci\u00f3n recopilada por las cookies se env\u00eda normalmente a un servidor de Google en EE.UU. y se almacena all\u00ed.<br>Este sitio web est\u00e1 sujeto a la anonimizaci\u00f3n de IP. La direcci\u00f3n IP de los usuarios de los Estados miembros de la UE y del Espacio Econ\u00f3mico Europeo se abrevia. Esta abreviatura elimina la referencia personal a su direcci\u00f3n IP.<br>Usted tiene la opci\u00f3n de impedir el almacenamiento de cookies en su dispositivo realizando los ajustes adecuados en su navegador. No se garantiza que pueda acceder a todas las funciones de este sitio web sin restricciones si su navegador no permite las cookies.<br>Tambi\u00e9n puede utilizar un complemento del navegador para evitar que la informaci\u00f3n recopilada por las cookies (incluida su direcci\u00f3n IP) sea enviada a Google Inc. y utilizada por esta. El siguiente enlace le lleva al plugin correspondiente:&nbsp;<a href=\"https:\/\/tools.google.com\/dlpage\/gaoptout?hl=en\">https:\/\/tools.google.com\/dlpage\/gaoptout?hl=en<\/a><br>Tambi\u00e9n puede evitar que Google Analytics recopile datos sobre usted en este sitio web haciendo clic en este enlace&nbsp;<a href=\"https:\/\/zh-test.co.uk\/es\/privacy\/\">Inhabilitar Google Analytics<\/a>. Haciendo clic en el enlace anterior puede descargar una \"Opt-Out-Cookie\". Por tanto, su navegador debe permitir esencialmente el almacenamiento de cookies. Si borra las cookies con regularidad, tendr\u00e1 que volver a hacer clic en el enlace cada vez que visite este sitio web.<br>Haga clic aqu\u00ed para obtener m\u00e1s informaci\u00f3n sobre el uso de datos por parte de Google Inc:&nbsp;<a href=\"https:\/\/support.google.com\/analytics\/answer\/6004245?hl=en\">https:\/\/support.google.com\/analytics\/answer\/6004245?hl=en<\/a><\/p><\/p>\n\n\n\n<h4 class=\"wp-block-heading\" id=\"h-google-tag-manager\">Google Tag Manager<\/h4>\n\n\n\n<p class=\"translation-block\"><p>Este sitio web utiliza Google Tag Manager. Esto nos permite, como operador del sitio web, gestionar las etiquetas del sitio web. Estas etiquetas son bloques de c\u00f3digo JavaScript y\/o html que pueden utilizarse para activar o proporcionar funciones adicionales en nuestro sitio web. En particular, utilizamos estos bloques de construcci\u00f3n para habilitar servicios de an\u00e1lisis web (como Google Analytics) que registran la llegada, el comportamiento, la duraci\u00f3n de la visita y el abandono del sitio web por parte de los usuarios. Los detalles de los servicios de an\u00e1lisis web utilizados en nuestro sitio web se especifican m\u00e1s arriba. Google Tag Manager gestiona estas etiquetas y las activa durante la interacci\u00f3n con el usuario. La recopilaci\u00f3n, el almacenamiento y el tratamiento de los datos personales s\u00f3lo se llevan a cabo a trav\u00e9s de los servicios de an\u00e1lisis web correspondientes y no del propio Google Tag Manager. Si el usuario desactiva un servicio de an\u00e1lisis web, Google Tag Manager tampoco podr\u00e1 activarlo.<br><br>Para obtener m\u00e1s informaci\u00f3n sobre Google Tag Manager, siga el enlace:&nbsp;<strong><a href=\"https:\/\/www.google.com\/intl\/de\/tagmanager\/use-policy.html\"><\/a><a href=\"https:\/\/www.google.com\/intl\/de\/tagmanager\/use-policy.html\">https:\/\/www.google.com\/intl\/de\/tagmanager\/use-policy.html<\/a><\/strong><\/p><\/p>\n\n\n\n<h4 class=\"wp-block-heading\" id=\"h-the-use-of-linkedin\">El uso de LinkedIn<\/h4>\n\n\n\n<p class=\"translation-block\"><p>Nuestro sitio web utiliza funciones de la red LinkedIn. El proveedor es LinkedIn Corporation, 2029 Stierlin Court, Mountain View, CA 94043, EE.UU.. Cada vez que visita una de nuestras p\u00e1ginas que contiene funciones de LinkedIn, se establece una conexi\u00f3n con los servidores de LinkedIn. LinkedIn es informada de que has visitado nuestro sitio web con tu direcci\u00f3n IP. Si hace clic en el \"bot\u00f3n Recomendar\" de LinkedIn y ha iniciado sesi\u00f3n en su cuenta de LinkedIn, LinkedIn puede asociar su visita a nuestro sitio web con usted y su cuenta de usuario. Tenga en cuenta que nosotros, como proveedores de las p\u00e1ginas web, no tenemos conocimiento del contenido de los datos transmitidos ni de su uso por parte de LinkedIn.<br>Para m\u00e1s informaci\u00f3n, consulta la pol\u00edtica de privacidad de LinkedIn:&nbsp;<a href=\"https:\/\/www.linkedin.com\/legal\/privacy-policy\">https:\/\/www.linkedin.com\/legal\/privacy-policy<\/a><\/p><\/p>\n\n\n\n<h4 class=\"wp-block-heading\" id=\"h-the-right-to-objection\">Derecho de oposici\u00f3n<\/h4>\n\n\n\n<p>Puede oponerse al tratamiento de sus datos personales en cualquier momento sin indicar los motivos. Si hace uso de esta posibilidad o no facilita sus datos, el contrato no podr\u00e1 cumplirse. Si tratamos sus datos para proteger intereses leg\u00edtimos, puede oponerse a dicho tratamiento por motivos derivados de su situaci\u00f3n particular. En ese caso, dejaremos de tratar sus datos personales, a menos que podamos demostrar razones imperiosas dignas de protecci\u00f3n para el tratamiento que prevalezcan sobre sus intereses, derechos y libertades fundamentales, o que el tratamiento sirva para hacer valer, ejercer o defender reclamaciones legales (art. 6, apdo. 1 lit. f GDPR).<\/p>\n\n\n\n<h4 class=\"wp-block-heading\" id=\"h-the-right-to-information-correction-and-erasure\">Derecho de informaci\u00f3n, rectificaci\u00f3n y supresi\u00f3n<\/h4>\n\n\n\n<p class=\"translation-block\"><p>Tiene derecho a solicitar informaci\u00f3n sobre si hemos almacenado datos sobre usted y cu\u00e1les son, en cualquier momento y sin necesidad de justificaci\u00f3n. Adem\u00e1s, puede hacer que se bloqueen, borren o corrijan los datos que hemos recopilado sobre usted. Para ello, dir\u00edjase al responsable de nuestra empresa indicado en el pie de imprenta o a la siguiente persona de contacto para la protecci\u00f3n de datos:<br><a href=\"mailto:datenschutz@ziemann-holvrieka.com\">datenschutz@ziemann-holvrieka.com<\/a><br><strong>Responsable de protecci\u00f3n de datos:<\/strong><br>Abogado Gerald W.H. Ott, Alexanderstr. 14 B, 70184 Stuttgart, Alemania<br>Tel: +49 711 248 6612 Fax: +49 711 248 6618<\/p><\/p>\n\n\n\n<h4 class=\"wp-block-heading\" id=\"h-further-rights\">Otros derechos<\/h4>\n\n\n\n<p class=\"translation-block\"><p>En caso de infracci\u00f3n en materia de protecci\u00f3n de datos, puede dirigir su reclamaci\u00f3n directamente al responsable de la protecci\u00f3n de datos mencionado anteriormente o a la autoridad de control responsable: (<a href=\"https:\/\/www.baden-wuerttemberg.datenschutz.de\/\">https:\/\/www.baden-wuerttemberg.datenschutz.de<\/a>).<br>Nos reservamos el derecho a modificar la pol\u00edtica de privacidad.<br>A partir de mayo de 2018.<\/p><\/p>","protected":false},"excerpt":{"rendered":"<p>Thank you for visiting our website. The protection of personal data and therefore your privacy is of great relevance to Ziemann Holvrieka. Please find information [&hellip;]<\/p>\n","protected":false},"author":1,"featured_media":0,"parent":0,"menu_order":0,"comment_status":"closed","ping_status":"open","template":"templates\/simple-page.php","meta":{"footnotes":""},"yoast_head":"<!-- This site is optimized with the Yoast SEO Premium plugin v21.7 (Yoast SEO v23.5) - https:\/\/yoast.com\/wordpress\/plugins\/seo\/ -->\n<title>Data protection declaration - Ziemann Holvrieka<\/title>\n<meta name=\"description\" content=\"Your privacy matters. Ziemann Holvrieka values the protection of your personal data. Learn how we handle and safeguard your information in compliance with data protection regulations. Please note, internet data transmission may have vulnerabilities.\" \/>\n<meta name=\"robots\" content=\"noindex, follow, max-snippet:-1, max-image-preview:large, max-video-preview:-1\" \/>\n<meta property=\"og:locale\" content=\"es_ES\" \/>\n<meta property=\"og:type\" content=\"article\" \/>\n<meta property=\"og:title\" content=\"Data protection declaration\" \/>\n<meta property=\"og:description\" content=\"Your privacy matters. Ziemann Holvrieka values the protection of your personal data. Learn how we handle and safeguard your information in compliance with data protection regulations. Please note, internet data transmission may have vulnerabilities.\" \/>\n<meta property=\"og:url\" content=\"https:\/\/zh-test.co.uk\/es\/politica-de-privacidad\/\" \/>\n<meta property=\"og:site_name\" content=\"Ziemann Holvrieka\" \/>\n<meta property=\"article:publisher\" content=\"https:\/\/www.linkedin.com\/company\/ziemann-international-gmbh\" \/>\n<meta property=\"article:modified_time\" content=\"2024-02-14T13:29:52+00:00\" \/>\n<meta name=\"twitter:card\" content=\"summary_large_image\" \/>\n<meta name=\"twitter:label1\" content=\"Tiempo de lectura\" \/>\n\t<meta name=\"twitter:data1\" content=\"7 minutos\" \/>\n<script type=\"application\/ld+json\" class=\"yoast-schema-graph\">{\"@context\":\"https:\/\/schema.org\",\"@graph\":[{\"@type\":\"WebPage\",\"@id\":\"https:\/\/zh-test.co.uk\/en\/privacy-policy\/\",\"url\":\"https:\/\/zh-test.co.uk\/en\/privacy-policy\/\",\"name\":\"Data protection declaration - Ziemann Holvrieka\",\"isPartOf\":{\"@id\":\"https:\/\/zh-test.co.uk\/#website\"},\"datePublished\":\"2023-05-16T09:01:33+00:00\",\"dateModified\":\"2024-02-14T13:29:52+00:00\",\"description\":\"Your privacy matters. Ziemann Holvrieka values the protection of your personal data. Learn how we handle and safeguard your information in compliance with data protection regulations. Please note, internet data transmission may have vulnerabilities.\",\"breadcrumb\":{\"@id\":\"https:\/\/zh-test.co.uk\/en\/privacy-policy\/#breadcrumb\"},\"inLanguage\":\"es\",\"potentialAction\":[{\"@type\":\"ReadAction\",\"target\":[\"https:\/\/zh-test.co.uk\/en\/privacy-policy\/\"]}]},{\"@type\":\"BreadcrumbList\",\"@id\":\"https:\/\/zh-test.co.uk\/en\/privacy-policy\/#breadcrumb\",\"itemListElement\":[{\"@type\":\"ListItem\",\"position\":1,\"name\":\"Home\",\"item\":\"https:\/\/zh-test.co.uk\/\"},{\"@type\":\"ListItem\",\"position\":2,\"name\":\"Data protection declaration\"}]},{\"@type\":\"WebSite\",\"@id\":\"https:\/\/zh-test.co.uk\/#website\",\"url\":\"https:\/\/zh-test.co.uk\/\",\"name\":\"Ziemann Holvrieka\",\"description\":\"\",\"potentialAction\":[{\"@type\":\"SearchAction\",\"target\":{\"@type\":\"EntryPoint\",\"urlTemplate\":\"https:\/\/zh-test.co.uk\/?s={search_term_string}\"},\"query-input\":{\"@type\":\"PropertyValueSpecification\",\"valueRequired\":true,\"valueName\":\"search_term_string\"}}],\"inLanguage\":\"es\"}]}<\/script>\n<!-- \/ Yoast SEO Premium plugin. -->","yoast_head_json":{"title":"Declaraci\u00f3n de protecci\u00f3n de datos - Ziemann Holvrieka","description":"Su privacidad es importante. Ziemann Holvrieka valora la protecci\u00f3n de sus datos personales. Sepa c\u00f3mo tratamos y salvaguardamos su informaci\u00f3n en cumplimiento de la normativa sobre protecci\u00f3n de datos. Tenga en cuenta que la transmisi\u00f3n de datos por Internet puede presentar vulnerabilidades.","robots":{"index":"noindex","follow":"follow","max-snippet":"max-snippet:-1","max-image-preview":"max-image-preview:large","max-video-preview":"max-video-preview:-1"},"og_locale":"es_ES","og_type":"article","og_title":"Data protection declaration","og_description":"Your privacy matters. Ziemann Holvrieka values the protection of your personal data. Learn how we handle and safeguard your information in compliance with data protection regulations. Please note, internet data transmission may have vulnerabilities.","og_url":"https:\/\/zh-test.co.uk\/es\/politica-de-privacidad\/","og_site_name":"Ziemann Holvrieka","article_publisher":"https:\/\/www.linkedin.com\/company\/ziemann-international-gmbh","article_modified_time":"2024-02-14T13:29:52+00:00","twitter_card":"summary_large_image","twitter_misc":{"Tiempo de lectura":"7 minutos"},"schema":{"@context":"https:\/\/schema.org","@graph":[{"@type":"WebPage","@id":"https:\/\/zh-test.co.uk\/en\/privacy-policy\/","url":"https:\/\/zh-test.co.uk\/en\/privacy-policy\/","name":"Declaraci\u00f3n de protecci\u00f3n de datos - Ziemann Holvrieka","isPartOf":{"@id":"https:\/\/zh-test.co.uk\/#website"},"datePublished":"2023-05-16T09:01:33+00:00","dateModified":"2024-02-14T13:29:52+00:00","description":"Su privacidad es importante. Ziemann Holvrieka valora la protecci\u00f3n de sus datos personales. Sepa c\u00f3mo tratamos y salvaguardamos su informaci\u00f3n en cumplimiento de la normativa sobre protecci\u00f3n de datos. Tenga en cuenta que la transmisi\u00f3n de datos por Internet puede presentar vulnerabilidades.","breadcrumb":{"@id":"https:\/\/zh-test.co.uk\/en\/privacy-policy\/#breadcrumb"},"inLanguage":"es","potentialAction":[{"@type":"ReadAction","target":["https:\/\/zh-test.co.uk\/en\/privacy-policy\/"]}]},{"@type":"BreadcrumbList","@id":"https:\/\/zh-test.co.uk\/en\/privacy-policy\/#breadcrumb","itemListElement":[{"@type":"ListItem","position":1,"name":"Home","item":"https:\/\/zh-test.co.uk\/"},{"@type":"ListItem","position":2,"name":"Data protection declaration"}]},{"@type":"WebSite","@id":"https:\/\/zh-test.co.uk\/#website","url":"https:\/\/zh-test.co.uk\/","name":"Ziemann Holvrieka","description":"","potentialAction":[{"@type":"SearchAction","target":{"@type":"EntryPoint","urlTemplate":"https:\/\/zh-test.co.uk\/?s={search_term_string}"},"query-input":{"@type":"PropertyValueSpecification","valueRequired":true,"valueName":"search_term_string"}}],"inLanguage":"es"}]}},"_links":{"self":[{"href":"https:\/\/zh-test.co.uk\/es\/wp-json\/wp\/v2\/pages\/3"}],"collection":[{"href":"https:\/\/zh-test.co.uk\/es\/wp-json\/wp\/v2\/pages"}],"about":[{"href":"https:\/\/zh-test.co.uk\/es\/wp-json\/wp\/v2\/types\/page"}],"author":[{"embeddable":true,"href":"https:\/\/zh-test.co.uk\/es\/wp-json\/wp\/v2\/users\/1"}],"replies":[{"embeddable":true,"href":"https:\/\/zh-test.co.uk\/es\/wp-json\/wp\/v2\/comments?post=3"}],"version-history":[{"count":3,"href":"https:\/\/zh-test.co.uk\/es\/wp-json\/wp\/v2\/pages\/3\/revisions"}],"predecessor-version":[{"id":6530,"href":"https:\/\/zh-test.co.uk\/es\/wp-json\/wp\/v2\/pages\/3\/revisions\/6530"}],"wp:attachment":[{"href":"https:\/\/zh-test.co.uk\/es\/wp-json\/wp\/v2\/media?parent=3"}],"curies":[{"name":"wp","href":"https:\/\/api.w.org\/{rel}","templated":true}]}}