{"id":5651,"date":"2023-11-22T14:04:46","date_gmt":"2023-11-22T14:04:46","guid":{"rendered":"https:\/\/zh-test.co.uk\/?page_id=5651"},"modified":"2023-12-06T12:07:14","modified_gmt":"2023-12-06T12:07:14","slug":"fachkraft-fuer-lagerlogistik","status":"publish","type":"page","link":"https:\/\/zh-test.co.uk\/jp\/\u30ad\u30e3\u30ea\u30a2\/\u5f1f\u5b50\/\u7d4c\u55b6\u5b66\u7814\u7a76\u79d1\/","title":{"rendered":"\u30e9\u30ac\u30fc\u30ed\u30b8\u30b9\u30c6\u30a3\u30af\u30b9\u306e\u5c02\u9580\u8077 (m\/w\/d)"},"content":{"rendered":"<div class=\"wp-block-group container is-layout-constrained wp-block-group-is-layout-constrained\"><div class=\"wp-block-group__inner-container\">\n<section class=\"wp-block-group has-theme-white-background-color has-background is-layout-constrained wp-block-group-is-layout-constrained\"><div class=\"wp-block-group__inner-container\">\n<div class=\"wp-block-columns has-theme-primary-background-color has-background is-layout-flex wp-container-core-columns-layout-1 wp-block-columns-is-layout-flex\">\n<div class=\"wp-block-column is-layout-flow wp-block-column-is-layout-flow\">\n<figure class=\"wp-block-image size-large is-resized\" style=\"text-align: center; margin-top: 20px;\">\n    <img decoding=\"async\" src=\"https:\/\/zh-test.co.uk\/wp-content\/uploads\/2023\/11\/fachkraft_lagerlogistik-scaled.jpg\" alt=\"\" class=\"wp-image-1572\" style=\"object-fit: cover; width: 550px; height: 750px; display: inline-block;\"\/>\n<\/figure>\n<\/div>\n\n\n\n<div class=\"wp-block-column has-theme-white-color has-theme-primary-background-color has-text-color has-background has-link-color has-medium-font-size wp-elements-90af519f356d7c09f8eea2dbacdced7b is-layout-flow wp-block-column-is-layout-flow\">\n<p class=\"has-theme-white-color has-theme-primary-background-color has-text-color has-background has-link-color wp-elements-be0d0f0cd9e8973ca0847ad7571d77d0\"><br>\u6559\u80b2\u6a5f\u95a2\u30d3\u30e5\u30eb\u30af\u30b7\u30e5\u30bf\u30c3\u30c8<br><br>\u6559\u80b2\u671f\u9593\uff1a3\u5e74<br><br>\u8981\u6c42\u30de\u30a4\u30f3\u30c9\u5352\u696d\u8a3c\u66f8<\/p>\n\n\n\n<h5 class=\"wp-block-heading\" id=\"h-ausbildungsinhalte\">\u6559\u80b2\u30ab\u30ea\u30ad\u30e5\u30e9\u30e0\uff1a<\/h5>\n\n\n\n<ul>\n<li>\u52b4\u50cd\u7d44\u7e54\u3001\u60c5\u5831\u3001\u30b3\u30df\u30e5\u30cb\u30b1\u30fc\u30b7\u30e7\u30f3<\/li>\n\n\n\n<li>\u30ed\u30b8\u30b9\u30c6\u30a3\u30af\u30b9\u30fb\u30d7\u30ed\u30bb\u30b9\u3068\u54c1\u8cea\u7ba1\u7406<\/li>\n\n\n\n<li>\u52b4\u50cd\u8cc7\u6750\u306e\u4f7f\u7528<\/li>\n\n\n\n<li>\u30ac\u30c1\u30e7\u30a6\u306e\u89b3\u5bdf\u3068\u98fc\u80b2<\/li>\n\n\n\n<li>\u30ac\u30b9\u30bf\u30f3\u30af\u306e\u88fd\u9020\u3068\u68b1\u5305<\/li>\n\n\n\n<li>\u30ae\u30d5\u30c8\u5305\u88c5<\/li>\n\n\n\n<li>\u5b89\u5168\u6027\u3068\u5065\u5eb7\u7ba1\u7406<\/li>\n\n\n\n<li>\u74b0\u5883\u4fdd\u8b77<br><br><br>\u8cc7\u683c\u53d6\u5f97\u3068\u6559\u80b2\u6a5f\u4f1a\uff1a<br><\/li>\n\n\n\n<li>\u30ed\u30b8\u30b9\u30c6\u30a3\u30c3\u30af\u30de\u30a4\u30b9\u30bf\u30fc (m\/w\/d)<\/li>\n\n\n\n<li>\u30ed\u30b8\u30b9\u30c6\u30a3\u30af\u30b9\u30b7\u30b9\u30c6\u30e0\u62c5\u5f53\u8005 (m\/w\/d)<\/li>\n\n\n\n<li>\u30ed\u30b8\u30b9\u30c6\u30a3\u30af\u30b9\u30d9\u30c6\u30e9\u30f3 (m\/w\/d)<br><br><\/li>\n<\/ul>\n\n\n\n<p>\u304a\u6c17\u8efd\u306b\u304a\u554f\u3044\u5408\u308f\u305b\u304f\u3060\u3055\u3044\uff01<br><\/p>\n\n\n\n<p>\u30d3\u30e5\u30eb\u30af\u30b7\u30e5\u30bf\u30c3\u30c8\u99d0\u5728\u54e1\u4e8b\u52d9\u6240\u30d1\u30fc\u30c8\u30ca\u30fc<br>\u30ec\u30aa\u30cb\u30fc\u30fb\u30b7\u30e5\u30e9\u30fc<br>\u96fb\u8a71\uff1a+49+49 9371 4002-623<br>E\u30e1\u30fc\u30eb\uff1aausbildung@ziemann-holvrieka.com<\/p>\n<\/div>\n<\/div>\n<\/div><\/section>\n<\/div><\/div>\n\n\n\n<div class=\"wp-block-group container is-nowrap is-layout-flex wp-container-core-group-layout-3 wp-block-group-is-layout-flex\">\n<p><\/p>\n<\/div>\n\n\n\n<div class=\"wp-block-columns gap-none has-theme-primary-background-color has-background is-layout-flex wp-container-core-columns-layout-2 wp-block-columns-is-layout-flex\">\n<div class=\"wp-block-column is-layout-flow wp-block-column-is-layout-flow\">\n<div class=\"wp-block-cover\"><span aria-hidden=\"true\" class=\"wp-block-cover__background has-background-dim-0 has-background-dim\"><\/span><img loading=\"lazy\" decoding=\"async\" width=\"768\" height=\"994\" class=\"wp-block-cover__image-background wp-image-775\" alt=\"\u80cc\u666f\u753b\u50cf\" src=\"https:\/\/zh-test.co.uk\/wp-content\/uploads\/2023\/08\/background-graphic.png\" data-object-fit=\"cover\" srcset=\"https:\/\/zh-test.co.uk\/wp-content\/uploads\/2023\/08\/background-graphic.png 768w, https:\/\/zh-test.co.uk\/wp-content\/uploads\/2023\/08\/background-graphic-232x300.png 232w, https:\/\/zh-test.co.uk\/wp-content\/uploads\/2023\/08\/background-graphic-464x600.png 464w\" sizes=\"(max-width: 768px) 100vw, 768px\" \/><div class=\"wp-block-cover__inner-container is-layout-constrained wp-block-cover-is-layout-constrained\">\n<div class=\"wp-block-group left-container flex flex-center is-layout-constrained wp-block-group-is-layout-constrained\"><div class=\"wp-block-group__inner-container\">\n<h4 class=\"wp-block-heading has-theme-white-color has-text-color\" id=\"h-working-life-at-ziemann-holvrieka\">\u30b8\u30fc\u30de\u30f3\u30fb\u30db\u30eb\u30d6\u30ea\u30a8\u30ab\u3067\u306e\u4ed5\u4e8b\u751f\u6d3b <\/h4>\n\n\n\n<p>Ziemann Holvrieka\u3067\u306f\u3001\u30ef\u30fc\u30af\u30e9\u30a4\u30d5\u30d0\u30e9\u30f3\u30b9\u304c\u975e\u5e38\u306b\u91cd\u8981\u3067\u3042\u308b\u3053\u3068\u3092\u77e5\u3063\u3066\u3044\u307e\u3059\u3002\u305d\u306e\u305f\u3081\u3001\u5f93\u696d\u54e1\u304c\u6700\u9ad8\u306e\u30ef\u30fc\u30af\u30fb\u30e9\u30a4\u30d5\u30fb\u30d0\u30e9\u30f3\u30b9\u3092\u5b9f\u73fe\u3067\u304d\u308b\u3088\u3046\u3001\u3055\u307e\u3056\u307e\u306a\u798f\u5229\u539a\u751f\u3092\u63d0\u4f9b\u3057\u3066\u3044\u307e\u3059\u3002<\/p>\n<\/div><\/div>\n<\/div><\/div>\n<\/div>\n\n\n\n<div class=\"wp-block-column is-layout-flow wp-block-column-is-layout-flow\">\n<div class=\"wp-block-cover is-light\"><span aria-hidden=\"true\" class=\"wp-block-cover__background has-background-dim-0 has-background-dim\"><\/span><img loading=\"lazy\" decoding=\"async\" width=\"2000\" height=\"1332\" class=\"wp-block-cover__image-background wp-image-2033\" alt=\"\" src=\"https:\/\/zh-test.co.uk\/wp-content\/uploads\/2023\/09\/students.jpeg\" data-object-fit=\"cover\" srcset=\"https:\/\/zh-test.co.uk\/wp-content\/uploads\/2023\/09\/students.jpeg 2000w, https:\/\/zh-test.co.uk\/wp-content\/uploads\/2023\/09\/students-300x200.jpeg 300w, https:\/\/zh-test.co.uk\/wp-content\/uploads\/2023\/09\/students-1024x682.jpeg 1024w, https:\/\/zh-test.co.uk\/wp-content\/uploads\/2023\/09\/students-768x511.jpeg 768w, https:\/\/zh-test.co.uk\/wp-content\/uploads\/2023\/09\/students-1536x1023.jpeg 1536w, https:\/\/zh-test.co.uk\/wp-content\/uploads\/2023\/09\/students-18x12.jpeg 18w, https:\/\/zh-test.co.uk\/wp-content\/uploads\/2023\/09\/students-600x400.jpeg 600w, https:\/\/zh-test.co.uk\/wp-content\/uploads\/2023\/09\/students-1200x799.jpeg 1200w, https:\/\/zh-test.co.uk\/wp-content\/uploads\/2023\/09\/students-1920x1279.jpeg 1920w\" sizes=\"(max-width: 2000px) 100vw, 2000px\" \/><div class=\"wp-block-cover__inner-container is-layout-flow wp-block-cover-is-layout-flow\">\n<p class=\"has-text-align-center has-large-font-size\"><\/p>\n<\/div><\/div>\n<\/div>\n<\/div>\n\n\n\n<section class=\"wp-block-group has-theme-white-background-color has-background is-layout-constrained wp-block-group-is-layout-constrained\"><div class=\"wp-block-group__inner-container\">\n<div class=\"wp-block-group container is-layout-constrained wp-block-group-is-layout-constrained\"><div class=\"wp-block-group__inner-container\">\n<div class=\"wp-block-columns is-layout-flex wp-container-core-columns-layout-3 wp-block-columns-is-layout-flex\">\n<div class=\"wp-block-column is-layout-flow wp-block-column-is-layout-flow\" style=\"flex-basis:66.66%\">\n<h3 class=\"wp-block-heading has-theme-secondary-text-color has-text-color\" id=\"h-benefits-of-working-at-ziemann-holvrieka\">\u30b8\u30fc\u30de\u30f3\u30fb\u30db\u30eb\u30d6\u30ea\u30a8\u30ab\u3067\u50cd\u304f\u30e1\u30ea\u30c3\u30c8<\/h3>\n\n\n\n<div style=\"height:20px\" aria-hidden=\"true\" class=\"wp-block-spacer\"><\/div>\n<\/div>\n\n\n\n<div class=\"wp-block-column is-layout-flow wp-block-column-is-layout-flow\" style=\"flex-basis:33.33%\"><\/div>\n<\/div>\n\n\n\n<div class=\"wp-block-columns gap-100 is-layout-flex wp-container-core-columns-layout-4 wp-block-columns-is-layout-flex\">\n<div class=\"wp-block-column is-layout-flow wp-block-column-is-layout-flow\">\n<ul>\n<li>\u5348\u524d6\u6642\u304b\u3089\u5348\u5f8c8\u6642\u307e\u3067\u306e\u30d5\u30ec\u30ad\u30b7\u30d6\u30eb\u306a\u52e4\u52d9\u6642\u9593*\u3002<\/li>\n\n\n\n<li>\u6700\u5927\u90312\u65e5\u306e\u30e2\u30d0\u30a4\u30eb\u30ef\u30fc\u30af*\u3002<\/li>\n\n\n\n<li>\u500b\u5225\u8a08\u753b\u306e\u305f\u3081\u306e\u52b4\u50cd\u6642\u9593\u52d8\u5b9a<\/li>\n\n\n\n<li>\u52b4\u50cd\u5354\u7d04\uff08\u91d1\u5c5e\u30fb\u96fb\u6c17\u7523\u696d\u306e\u52b4\u50cd\u5354\u7d04\uff09<\/li>\n\n\n\n<li>\u74b0\u5883\u306b\u512a\u3057\u3044\u30e2\u30d3\u30ea\u30c6\u30a3\u306e\u305f\u3081\u306e\u30b8\u30e7\u30d6\u30fb\u30d0\u30a4\u30af<\/li>\n\n\n\n<li>\u81ea\u5df1\u6210\u9577\u306e\u305f\u3081\u306e\u30c8\u30ec\u30fc\u30cb\u30f3\u30b0\u3068\u7d99\u7d9a\u6559\u80b2<\/li>\n\n\n\n<li>\u65c5\u884c\u3057\u3084\u3059\u3044\u3088\u3046\u306b\u51fa\u5f35\u624b\u5f53\u3092\u652f\u7d66<\/li>\n\n\n\n<li>\u5b89\u5fc3\u3067\u304d\u308b\u5c06\u6765\u306e\u305f\u3081\u306e\u4f01\u696d\u5e74\u91d1\u5236\u5ea6<\/li>\n\n\n\n<li>\u8ffd\u52a0\u30b5\u30dd\u30fc\u30c8\u306e\u8cc7\u672c\u5f62\u6210\u30e1\u30ea\u30c3\u30c8<\/li>\n<\/ul>\n<\/div>\n\n\n\n<div class=\"wp-block-column is-layout-flow wp-block-column-is-layout-flow\">\n<ul>\n<li>\u7d4c\u6e08\u7684\u5b89\u5b9a\u306e\u305f\u3081\u306e14\u306e\u7d66\u4e0e<\/li>\n\n\n\n<li>\u5341\u5206\u306a\u4f11\u606f\u306e\u305f\u3081\u306e30\u65e5\u9593\u306e\u4f11\u6687<\/li>\n\n\n\n<li>\u903135\u6642\u9593\u306e\u52b4\u50cd\u6642\u9593\u3067\u81ea\u7531\u306a\u6642\u9593\u3092\u78ba\u4fdd<\/li>\n\n\n\n<li>\u52b9\u7387\u7684\u306a\u4f5c\u696d\u306e\u305f\u3081\u306e\u8fd1\u4ee3\u7684\u306a\u8077\u5834<\/li>\n\n\n\n<li>\u4ea4\u901a\u306e\u4fbf\u304c\u826f\u304f\u3001\u30a2\u30af\u30bb\u30b9\u306b\u4fbf\u5229\u306a\u4e2d\u5fc3\u90e8\u306b\u4f4d\u7f6e\u3059\u308b\u3002<\/li>\n\n\n\n<li>\u30b9\u30c8\u30ec\u30b9\u306e\u306a\u3044\u901a\u52e4\u306e\u305f\u3081\u306e\u5f93\u696d\u54e1\u7528\u99d0\u8eca\u5834<\/li>\n\n\n\n<li>\u5f37\u529b\u306a\u30c1\u30fc\u30e0\u611f\u306e\u305f\u3081\u306e\u793e\u5185\u30a4\u30d9\u30f3\u30c8<\/li>\n\n\n\n<li>\u304a\u793c\u306e\u30c9\u30ea\u30f3\u30af<\/li>\n<\/ul>\n<\/div>\n<\/div>\n<\/div><\/div>\n<\/div><\/section>\n\n\n\n<div class=\"wp-block-group container no-padding is-layout-constrained wp-block-group-is-layout-constrained\"><div class=\"wp-block-group__inner-container\">\n<p class=\"has-text-align-left\">   *\u30aa\u30d5\u30a3\u30b9\u30ef\u30fc\u30af\u306e\u5834\u5408<\/p>\n\n\n\n<div style=\"height:50px\" aria-hidden=\"true\" class=\"wp-block-spacer\"><\/div>\n<\/div><\/div>","protected":false},"excerpt":{"rendered":"<p>Ausbildungsst\u00e4tte: B\u00fcrgstadt Ausbildungsdauer: 3 Jahre Anforderung: Mind. Hauptschulabschluss Ausbildungsinhalte: Fragen Sie bei uns an \u2013 wir freuen uns auf Sie! Ansprechpartnerin f\u00fcr den Standort B\u00fcrgstadtLeonie [&hellip;]<\/p>\n","protected":false},"author":2,"featured_media":5654,"parent":2516,"menu_order":0,"comment_status":"closed","ping_status":"closed","template":"templates\/careers.php","meta":{"footnotes":""},"yoast_head":"<!-- This site is optimized with the Yoast SEO Premium plugin v21.7 (Yoast SEO v23.5) - https:\/\/yoast.com\/wordpress\/plugins\/seo\/ -->\n<title>Fachkraft (m\/w\/d) f\u00fcr Lagerlogistik - Ziemann Holvrieka<\/title>\n<meta name=\"robots\" content=\"noindex, follow, max-snippet:-1, max-image-preview:large, max-video-preview:-1\" \/>\n<meta property=\"og:locale\" content=\"ja_JP\" \/>\n<meta property=\"og:type\" content=\"article\" \/>\n<meta property=\"og:title\" content=\"Fachkraft (m\/w\/d) f\u00fcr Lagerlogistik\" \/>\n<meta property=\"og:description\" content=\"Ausbildungsst\u00e4tte: B\u00fcrgstadt Ausbildungsdauer: 3 Jahre Anforderung: Mind. Hauptschulabschluss Ausbildungsinhalte: Fragen Sie bei uns an \u2013 wir freuen uns auf Sie! Ansprechpartnerin f\u00fcr den Standort B\u00fcrgstadtLeonie [&hellip;]\" \/>\n<meta property=\"og:url\" content=\"https:\/\/zh-test.co.uk\/jp\/\u30ad\u30e3\u30ea\u30a2\/\u5f1f\u5b50\/\u7d4c\u55b6\u5b66\u7814\u7a76\u79d1\/\" \/>\n<meta property=\"og:site_name\" content=\"Ziemann Holvrieka\" \/>\n<meta property=\"article:publisher\" content=\"https:\/\/www.linkedin.com\/company\/ziemann-international-gmbh\" \/>\n<meta property=\"article:modified_time\" content=\"2023-12-06T12:07:14+00:00\" \/>\n<meta property=\"og:image\" content=\"https:\/\/zh-test.co.uk\/wp-content\/uploads\/2023\/11\/MFS9677-scaled.jpg\" \/>\n\t<meta property=\"og:image:width\" content=\"2560\" \/>\n\t<meta property=\"og:image:height\" content=\"1707\" \/>\n\t<meta property=\"og:image:type\" content=\"image\/jpeg\" \/>\n<meta name=\"twitter:card\" content=\"summary_large_image\" \/>\n<meta name=\"twitter:label1\" content=\"\u63a8\u5b9a\u8aad\u307f\u53d6\u308a\u6642\u9593\" \/>\n\t<meta name=\"twitter:data1\" content=\"2\u5206\" \/>\n<script type=\"application\/ld+json\" class=\"yoast-schema-graph\">{\"@context\":\"https:\/\/schema.org\",\"@graph\":[{\"@type\":\"WebPage\",\"@id\":\"https:\/\/zh-test.co.uk\/careers\/apprentices\/fachkraft-fuer-lagerlogistik\/\",\"url\":\"https:\/\/zh-test.co.uk\/careers\/apprentices\/fachkraft-fuer-lagerlogistik\/\",\"name\":\"Fachkraft (m\/w\/d) f\u00fcr Lagerlogistik - Ziemann Holvrieka\",\"isPartOf\":{\"@id\":\"https:\/\/zh-test.co.uk\/#website\"},\"primaryImageOfPage\":{\"@id\":\"https:\/\/zh-test.co.uk\/careers\/apprentices\/fachkraft-fuer-lagerlogistik\/#primaryimage\"},\"image\":{\"@id\":\"https:\/\/zh-test.co.uk\/careers\/apprentices\/fachkraft-fuer-lagerlogistik\/#primaryimage\"},\"thumbnailUrl\":\"https:\/\/zh-test.co.uk\/wp-content\/uploads\/2023\/11\/MFS9677-scaled.jpg\",\"datePublished\":\"2023-11-22T14:04:46+00:00\",\"dateModified\":\"2023-12-06T12:07:14+00:00\",\"breadcrumb\":{\"@id\":\"https:\/\/zh-test.co.uk\/careers\/apprentices\/fachkraft-fuer-lagerlogistik\/#breadcrumb\"},\"inLanguage\":\"ja\",\"potentialAction\":[{\"@type\":\"ReadAction\",\"target\":[\"https:\/\/zh-test.co.uk\/careers\/apprentices\/fachkraft-fuer-lagerlogistik\/\"]}]},{\"@type\":\"ImageObject\",\"inLanguage\":\"ja\",\"@id\":\"https:\/\/zh-test.co.uk\/careers\/apprentices\/fachkraft-fuer-lagerlogistik\/#primaryimage\",\"url\":\"https:\/\/zh-test.co.uk\/wp-content\/uploads\/2023\/11\/MFS9677-scaled.jpg\",\"contentUrl\":\"https:\/\/zh-test.co.uk\/wp-content\/uploads\/2023\/11\/MFS9677-scaled.jpg\",\"width\":2560,\"height\":1707},{\"@type\":\"BreadcrumbList\",\"@id\":\"https:\/\/zh-test.co.uk\/careers\/apprentices\/fachkraft-fuer-lagerlogistik\/#breadcrumb\",\"itemListElement\":[{\"@type\":\"ListItem\",\"position\":1,\"name\":\"Home\",\"item\":\"https:\/\/zh-test.co.uk\/\"},{\"@type\":\"ListItem\",\"position\":2,\"name\":\"Careers\",\"item\":\"https:\/\/zh-test.co.uk\/careers\/\"},{\"@type\":\"ListItem\",\"position\":3,\"name\":\"Apprentices\",\"item\":\"https:\/\/zh-test.co.uk\/careers\/apprentices\/\"},{\"@type\":\"ListItem\",\"position\":4,\"name\":\"Fachkraft (m\/w\/d) f\u00fcr Lagerlogistik\"}]},{\"@type\":\"WebSite\",\"@id\":\"https:\/\/zh-test.co.uk\/#website\",\"url\":\"https:\/\/zh-test.co.uk\/\",\"name\":\"Ziemann Holvrieka\",\"description\":\"\",\"potentialAction\":[{\"@type\":\"SearchAction\",\"target\":{\"@type\":\"EntryPoint\",\"urlTemplate\":\"https:\/\/zh-test.co.uk\/?s={search_term_string}\"},\"query-input\":{\"@type\":\"PropertyValueSpecification\",\"valueRequired\":true,\"valueName\":\"search_term_string\"}}],\"inLanguage\":\"ja\"}]}<\/script>\n<!-- \/ Yoast SEO Premium plugin. -->","yoast_head_json":{"title":"\u30e9\u30ac\u30fc\u30ed\u30b8\u30b9\u30c6\u30a3\u30af\u30b9\u306e\u5c02\u9580\u8077 (m\/w\/d) - Ziemann Holvrieka","robots":{"index":"noindex","follow":"follow","max-snippet":"max-snippet:-1","max-image-preview":"max-image-preview:large","max-video-preview":"max-video-preview:-1"},"og_locale":"ja_JP","og_type":"article","og_title":"Fachkraft (m\/w\/d) f\u00fcr Lagerlogistik","og_description":"Ausbildungsst\u00e4tte: B\u00fcrgstadt Ausbildungsdauer: 3 Jahre Anforderung: Mind. Hauptschulabschluss Ausbildungsinhalte: Fragen Sie bei uns an \u2013 wir freuen uns auf Sie! Ansprechpartnerin f\u00fcr den Standort B\u00fcrgstadtLeonie [&hellip;]","og_url":"https:\/\/zh-test.co.uk\/jp\/\u30ad\u30e3\u30ea\u30a2\/\u5f1f\u5b50\/\u7d4c\u55b6\u5b66\u7814\u7a76\u79d1\/","og_site_name":"Ziemann Holvrieka","article_publisher":"https:\/\/www.linkedin.com\/company\/ziemann-international-gmbh","article_modified_time":"2023-12-06T12:07:14+00:00","og_image":[{"width":2560,"height":1707,"url":"https:\/\/zh-test.co.uk\/wp-content\/uploads\/2023\/11\/MFS9677-scaled.jpg","type":"image\/jpeg"}],"twitter_card":"summary_large_image","twitter_misc":{"\u63a8\u5b9a\u8aad\u307f\u53d6\u308a\u6642\u9593":"2\u5206"},"schema":{"@context":"https:\/\/schema.org","@graph":[{"@type":"WebPage","@id":"https:\/\/zh-test.co.uk\/careers\/apprentices\/fachkraft-fuer-lagerlogistik\/","url":"https:\/\/zh-test.co.uk\/careers\/apprentices\/fachkraft-fuer-lagerlogistik\/","name":"\u30e9\u30ac\u30fc\u30ed\u30b8\u30b9\u30c6\u30a3\u30af\u30b9\u306e\u5c02\u9580\u8077 (m\/w\/d) - Ziemann Holvrieka","isPartOf":{"@id":"https:\/\/zh-test.co.uk\/#website"},"primaryImageOfPage":{"@id":"https:\/\/zh-test.co.uk\/careers\/apprentices\/fachkraft-fuer-lagerlogistik\/#primaryimage"},"image":{"@id":"https:\/\/zh-test.co.uk\/careers\/apprentices\/fachkraft-fuer-lagerlogistik\/#primaryimage"},"thumbnailUrl":"https:\/\/zh-test.co.uk\/wp-content\/uploads\/2023\/11\/MFS9677-scaled.jpg","datePublished":"2023-11-22T14:04:46+00:00","dateModified":"2023-12-06T12:07:14+00:00","breadcrumb":{"@id":"https:\/\/zh-test.co.uk\/careers\/apprentices\/fachkraft-fuer-lagerlogistik\/#breadcrumb"},"inLanguage":"ja","potentialAction":[{"@type":"ReadAction","target":["https:\/\/zh-test.co.uk\/careers\/apprentices\/fachkraft-fuer-lagerlogistik\/"]}]},{"@type":"ImageObject","inLanguage":"ja","@id":"https:\/\/zh-test.co.uk\/careers\/apprentices\/fachkraft-fuer-lagerlogistik\/#primaryimage","url":"https:\/\/zh-test.co.uk\/wp-content\/uploads\/2023\/11\/MFS9677-scaled.jpg","contentUrl":"https:\/\/zh-test.co.uk\/wp-content\/uploads\/2023\/11\/MFS9677-scaled.jpg","width":2560,"height":1707},{"@type":"BreadcrumbList","@id":"https:\/\/zh-test.co.uk\/careers\/apprentices\/fachkraft-fuer-lagerlogistik\/#breadcrumb","itemListElement":[{"@type":"ListItem","position":1,"name":"Home","item":"https:\/\/zh-test.co.uk\/"},{"@type":"ListItem","position":2,"name":"Careers","item":"https:\/\/zh-test.co.uk\/careers\/"},{"@type":"ListItem","position":3,"name":"Apprentices","item":"https:\/\/zh-test.co.uk\/careers\/apprentices\/"},{"@type":"ListItem","position":4,"name":"Fachkraft (m\/w\/d) f\u00fcr Lagerlogistik"}]},{"@type":"WebSite","@id":"https:\/\/zh-test.co.uk\/#website","url":"https:\/\/zh-test.co.uk\/","name":"\u30b8\u30fc\u30de\u30f3\u30fb\u30db\u30eb\u30d6\u30ea\u30a8\u30ab","description":"","potentialAction":[{"@type":"SearchAction","target":{"@type":"EntryPoint","urlTemplate":"https:\/\/zh-test.co.uk\/?s={search_term_string}"},"query-input":{"@type":"PropertyValueSpecification","valueRequired":true,"valueName":"search_term_string"}}],"inLanguage":"ja"}]}},"_links":{"self":[{"href":"https:\/\/zh-test.co.uk\/jp\/wp-json\/wp\/v2\/pages\/5651"}],"collection":[{"href":"https:\/\/zh-test.co.uk\/jp\/wp-json\/wp\/v2\/pages"}],"about":[{"href":"https:\/\/zh-test.co.uk\/jp\/wp-json\/wp\/v2\/types\/page"}],"author":[{"embeddable":true,"href":"https:\/\/zh-test.co.uk\/jp\/wp-json\/wp\/v2\/users\/2"}],"replies":[{"embeddable":true,"href":"https:\/\/zh-test.co.uk\/jp\/wp-json\/wp\/v2\/comments?post=5651"}],"version-history":[{"count":5,"href":"https:\/\/zh-test.co.uk\/jp\/wp-json\/wp\/v2\/pages\/5651\/revisions"}],"predecessor-version":[{"id":6021,"href":"https:\/\/zh-test.co.uk\/jp\/wp-json\/wp\/v2\/pages\/5651\/revisions\/6021"}],"up":[{"embeddable":true,"href":"https:\/\/zh-test.co.uk\/jp\/wp-json\/wp\/v2\/pages\/2516"}],"wp:featuredmedia":[{"embeddable":true,"href":"https:\/\/zh-test.co.uk\/jp\/wp-json\/wp\/v2\/media\/5654"}],"wp:attachment":[{"href":"https:\/\/zh-test.co.uk\/jp\/wp-json\/wp\/v2\/media?parent=5651"}],"curies":[{"name":"wp","href":"https:\/\/api.w.org\/{rel}","templated":true}]}}