{"id":1020,"date":"2024-01-10T08:43:53","date_gmt":"2024-01-10T08:43:53","guid":{"rendered":"https:\/\/zh-test.co.uk\/?page_id=1020"},"modified":"2024-03-22T08:31:57","modified_gmt":"2024-03-22T08:31:57","slug":"contact","status":"publish","type":"page","link":"https:\/\/zh-test.co.uk\/pt\/contato\/","title":{"rendered":"Contato"},"content":{"rendered":"<div class=\"wp-block-group is-layout-constrained wp-block-group-is-layout-constrained\"><div class=\"wp-block-group__inner-container\">\n<div class=\"wp-block-group container is-layout-constrained wp-block-group-is-layout-constrained\"><div class=\"wp-block-group__inner-container\">\n<h2 class=\"wp-block-heading h4 section-heading\" id=\"h-ziemann-holvrieka-worldwide\">Ziemann Holvrieka em todo o mundo<\/h2>\n\n\n\n<div class=\"wp-block-columns gap-100 is-layout-flex wp-container-core-columns-layout-1 wp-block-columns-is-layout-flex\">\n<div class=\"wp-block-column is-layout-flow wp-block-column-is-layout-flow\">\n<div class=\"wp-block-group address-block is-layout-constrained wp-block-group-is-layout-constrained\"><div class=\"wp-block-group__inner-container\">\n<h4 class=\"wp-block-heading no-margin\" id=\"h-after-sales-service\"><strong>Servi\u00e7o p\u00f3s-venda<\/strong><\/h4>\n\n\n\n<hr class=\"wp-block-separator has-alpha-channel-opacity\"\/>\n\n\n\n<ul>\n<li>Schwieberdinger Str. 86<\/li>\n\n\n\n<li>71636 Ludwigsburg<\/li>\n\n\n\n<li>Alemanha<\/li>\n\n\n\n<li><strong>Telefone:<\/strong> <a href=\"tel:+49 7141 408 - 0\">+49 7141 408 - 0<\/a><\/li>\n\n\n\n<li><strong>Linha direta de atendimento:<\/strong>&nbsp;- 444<\/li>\n\n\n\n<li><strong>Fax:<\/strong>&nbsp;+49 7141 408 335<\/li>\n\n\n\n<li><a href=\"mailto:service@ziemann-holvrieka.com\">service@ziemann-holvrieka.com<\/a><\/li>\n\n\n\n<li><a href=\"mailto:spareparts@ziemann-holvrieka.com\">spareparts@ziemann-holvrieka.com<\/a><\/li>\n<\/ul>\n<\/div><\/div>\n<\/div>\n\n\n\n<div class=\"wp-block-column is-layout-flow wp-block-column-is-layout-flow\">\n<div class=\"wp-block-group address-block is-layout-constrained wp-block-group-is-layout-constrained\"><div class=\"wp-block-group__inner-container\">\n<h4 class=\"wp-block-heading no-margin\" id=\"h-belgium\">B\u00e9lgica<\/h4>\n\n\n\n<hr class=\"wp-block-separator has-alpha-channel-opacity\"\/>\n\n\n\n<ul>\n<li>Ziemann Holvrieka NV<\/li>\n\n\n\n<li>Wervikstraat 350<\/li>\n\n\n\n<li>8930 Menen<\/li>\n\n\n\n<li>B\u00e9lgica<\/li>\n\n\n\n<li><strong>Telefone:<\/strong>&nbsp;<a href=\"tel:+32 565 14251\">+32 565 14251<\/a><\/li>\n\n\n\n<li><a href=\"mailto:sales.belgium@ziemann-holvrieka.com\">sales.belgium@ziemann-holvrieka.com<\/a><\/li>\n\n\n\n<li><strong>Diretor administrativo:<\/strong>&nbsp;Anton Dirven<\/li>\n<\/ul>\n<\/div><\/div>\n<\/div>\n\n\n\n<div class=\"wp-block-column is-layout-flow wp-block-column-is-layout-flow\">\n<div class=\"wp-block-group address-block is-layout-constrained wp-block-group-is-layout-constrained\"><div class=\"wp-block-group__inner-container\">\n<h4 class=\"wp-block-heading no-margin\" id=\"h-brazil\">Brasil<\/h4>\n\n\n\n<hr class=\"wp-block-separator has-alpha-channel-opacity\"\/>\n\n\n\n<ul>\n<li>Ziemann Holvrieka GmbH <\/li>\n\n\n\n<li>Escrit\u00f3rio de S\u00e3o Paulo<\/li>\n\n\n\n<li>Brasil<\/li>\n\n\n\n<li><strong>Telefone<\/strong>: <a href=\"tel:+55 81 98890 1452\">+55 81 98890 1452<\/a><\/li>\n\n\n\n<li><a href=\"mailto:sales.brazil@ziemann-holvrieka.com\">sales.brazil@ziemann-holvrieka.com<\/a><\/li>\n\n\n\n<li><strong>Contato local:<\/strong>&nbsp;Gustavo Acioli<\/li>\n<\/ul>\n<\/div><\/div>\n<\/div>\n<\/div>\n\n\n\n<div class=\"wp-block-columns gap-100 is-layout-flex wp-container-core-columns-layout-2 wp-block-columns-is-layout-flex\">\n<div class=\"wp-block-column is-layout-flow wp-block-column-is-layout-flow\">\n<div class=\"wp-block-group address-block is-layout-constrained wp-block-group-is-layout-constrained\"><div class=\"wp-block-group__inner-container\">\n<h4 class=\"wp-block-heading no-margin\" id=\"h-china\">China<\/h4>\n\n\n\n<hr class=\"wp-block-separator has-alpha-channel-opacity\"\/>\n\n\n\n<ul>\n<li>CIMC Liquid Process (Nantong) Technology Co., Ltd.<\/li>\n\n\n\n<li>109 South Hexing Road<\/li>\n\n\n\n<li>Nantong 226010<\/li>\n\n\n\n<li>R.P. China<\/li>\n\n\n\n<li><strong>Telefone:<\/strong>&nbsp;<a href=\"tel:+86 513 81151888\">+86 513 81151888<\/a><\/li>\n\n\n\n<li><strong>Fax:&nbsp;<\/strong><a href=\"tel:+86 513 81151166\">+86 513 81151166<\/a><\/li>\n\n\n\n<li><a href=\"mailto:sales.china@ziemann-holvrieka.com\">sales.china@ziemann-holvrieka.com<\/a><\/li>\n\n\n\n<li><strong>Diretor administrativo:<\/strong>&nbsp;Lars Roed Nielsen<\/li>\n<\/ul>\n<\/div><\/div>\n<\/div>\n\n\n\n<div class=\"wp-block-column is-layout-flow wp-block-column-is-layout-flow\">\n<div class=\"wp-block-group address-block is-layout-constrained wp-block-group-is-layout-constrained\"><div class=\"wp-block-group__inner-container\">\n<h4 class=\"wp-block-heading no-margin\" id=\"h-denmark\">Dinamarca<\/h4>\n\n\n\n<hr class=\"wp-block-separator has-alpha-channel-opacity\"\/>\n\n\n\n<ul>\n<li>Ziemann Holvrieka A\/S<\/li>\n\n\n\n<li>Kulholmsvej 24<\/li>\n\n\n\n<li>8930 Randers NO<\/li>\n\n\n\n<li>Dinamarca<\/li>\n\n\n\n<li><strong>Telefone<\/strong>: <a href=\"tel:+45 86 42 84 00\">+45 86 42 84 00<\/a><\/li>\n\n\n\n<li><a href=\"mailto:sales.denmark@ziemann-holvrieka.com\">sales.denmark@ziemann-holvrieka.com<\/a><\/li>\n\n\n\n<li><strong>Contato local:<\/strong>&nbsp;Allan Ejgaard Jensen<\/li>\n<\/ul>\n<\/div><\/div>\n<\/div>\n\n\n\n<div class=\"wp-block-column is-layout-flow wp-block-column-is-layout-flow\">\n<div class=\"wp-block-group address-block is-layout-constrained wp-block-group-is-layout-constrained\"><div class=\"wp-block-group__inner-container\">\n<h4 class=\"wp-block-heading no-margin\" id=\"h-germany\">Alemanha<\/h4>\n\n\n\n<hr class=\"wp-block-separator has-alpha-channel-opacity\"\/>\n\n\n\n<ul>\n<li>Ziemann Holvrieka GmbH<\/li>\n\n\n\n<li>Schwieberdinger Str. 86<\/li>\n\n\n\n<li>71636 Ludwigsburg<\/li>\n\n\n\n<li>Alemanha<\/li>\n\n\n\n<li><strong>Telefone<\/strong>: <a href=\"tel:+49 7141 408 0\">+49 7141 408 0<\/a><\/li>\n\n\n\n<li><strong>Fax:<\/strong>&nbsp;<a href=\"tel:+49 7141 408 335\">+49 7141 408 335<\/a><\/li>\n\n\n\n<li><a href=\"mailto:sales.germany@ziemann-holvrieka.com\">sales.germany@ziemann-holvrieka.com<\/a><\/li>\n\n\n\n<li><strong>Diretores executivos:<\/strong>&nbsp;Klaus Gehrig, Torsten Engel, Florian Schneider, Axel Z\u00fcgel<\/li>\n<\/ul>\n<\/div><\/div>\n<\/div>\n<\/div>\n\n\n\n<div style=\"height:40px\" aria-hidden=\"true\" class=\"wp-block-spacer\"><\/div>\n\n\n\n<div class=\"wp-block-columns gap-100 is-layout-flex wp-container-core-columns-layout-3 wp-block-columns-is-layout-flex\">\n<div class=\"wp-block-column is-layout-flow wp-block-column-is-layout-flow\">\n<div class=\"wp-block-group address-block is-layout-constrained wp-block-group-is-layout-constrained\"><div class=\"wp-block-group__inner-container\">\n<h4 class=\"wp-block-heading no-margin\" id=\"h-netherlands\">Pa\u00edses Baixos<\/h4>\n\n\n\n<hr class=\"wp-block-separator has-alpha-channel-opacity\"\/>\n\n\n\n<ul>\n<li>Ziemann Holvrieka B.V<\/li>\n\n\n\n<li>Burgemeester Roelenweg 30<\/li>\n\n\n\n<li>8021 EV Zwolle<\/li>\n\n\n\n<li>Pa\u00edses Baixos<\/li>\n\n\n\n<li><strong>Telefone:<\/strong>&nbsp;<a href=\"tel:+31 38 3034 600\">+31 38 3034 600<\/a><\/li>\n\n\n\n<li><a href=\"mailto:sales.netherlands@ziemann-holvrieka.com\">sales.netherlands@ziemann-holvrieka.com<\/a><\/li>\n<\/ul>\n<\/div><\/div>\n<\/div>\n\n\n\n<div class=\"wp-block-column is-layout-flow wp-block-column-is-layout-flow\">\n<div class=\"wp-block-group address-block is-layout-constrained wp-block-group-is-layout-constrained\"><div class=\"wp-block-group__inner-container\">\n<h4 class=\"wp-block-heading no-margin\" id=\"h-thailand\">Tail\u00e2ndia<\/h4>\n\n\n\n<hr class=\"wp-block-separator has-alpha-channel-opacity\"\/>\n\n\n\n<ul>\n<li>Ziemann Holvrieka Asia-Pacific, Co. Ltd.<\/li>\n\n\n\n<li>75\/91 Ocean Tower 2, 34\u00ba andar, Unidade 34D<\/li>\n\n\n\n<li>Soi Sukhumvit 19, Sukhumvit Road, Klongtoey Nua<\/li>\n\n\n\n<li>Wattana, Bangcoc 10110<\/li>\n\n\n\n<li>Tail\u00e2ndia<\/li>\n\n\n\n<li><strong>Telefone<\/strong>:&nbsp;<a href=\"tel:+66 (0) 2004-7688\">+66 (0) 2004-7688<\/a><\/li>\n\n\n\n<li><a href=\"mailto:sales.asia@ziemann-holvrieka.com\">sales.asia@ziemann-holvrieka.com<\/a><\/li>\n\n\n\n<li><strong>Contato local:<\/strong>&nbsp;Panucha Silpi, Eric Borremans<\/li>\n<\/ul>\n<\/div><\/div>\n<\/div>\n\n\n\n<div class=\"wp-block-column is-layout-flow wp-block-column-is-layout-flow\">\n<div class=\"wp-block-group address-block is-layout-constrained wp-block-group-is-layout-constrained\"><div class=\"wp-block-group__inner-container\">\n<h4 class=\"wp-block-heading no-margin\" id=\"h-usa\">EUA<\/h4>\n\n\n\n<hr class=\"wp-block-separator has-alpha-channel-opacity\"\/>\n\n\n\n<ul>\n<li>Ziemann Holvrieka Inc.<\/li>\n\n\n\n<li>EUA<\/li>\n\n\n\n<li><strong>Telefone:<\/strong>&nbsp;<a href=\"tel:+1 410 241 4085\">+1 410 241 4085<\/a><\/li>\n\n\n\n<li><a href=\"mailto:sales.usa@ziemann-holvrieka.com\">sales.usa@ziemann-holvrieka.com<\/a><\/li>\n\n\n\n<li><strong>Diretor de Vendas e Desenvolvimento de Neg\u00f3cios na Am\u00e9rica do Norte:&nbsp;<\/strong>Gregg Norris<\/li>\n<\/ul>\n<\/div><\/div>\n<\/div>\n<\/div>\n\n\n\n<div class=\"wp-block-columns gap-100 is-layout-flex wp-container-core-columns-layout-4 wp-block-columns-is-layout-flex\">\n<div class=\"wp-block-column is-layout-flow wp-block-column-is-layout-flow\">\n<div class=\"wp-block-group address-block is-layout-constrained wp-block-group-is-layout-constrained\"><div class=\"wp-block-group__inner-container\">\n<h4 class=\"wp-block-heading no-margin\" id=\"h-vietnam\">Vietn\u00e3<\/h4>\n\n\n\n<hr class=\"wp-block-separator has-alpha-channel-opacity\"\/>\n\n\n\n<ul>\n<li>Escrit\u00f3rio de representa\u00e7\u00e3o da Ziemann Holvrieka GmbH<\/li>\n\n\n\n<li>Escrit\u00f3rio em Han\u00f3i<\/li>\n\n\n\n<li>No. 46, Lane 76 Yen Phu<\/li>\n\n\n\n<li>Ala Yen Phu, distrito de Tay Ho<\/li>\n\n\n\n<li>Han\u00f3i, 100000<\/li>\n\n\n\n<li>Vietn\u00e3<\/li>\n\n\n\n<li><strong>Telefone:<\/strong>&nbsp;<a href=\"tel:+66 (0) 2004-7688\">+66 (0) 2004-7688<\/a><\/li>\n\n\n\n<li><a href=\"mailto:sales.asia@ziemann-holvrieka.com\">sales.asia@ziemann-holvrieka.com<\/a><\/li>\n\n\n\n<li><strong>Contato:&nbsp;<\/strong>Eric Borremans<\/li>\n<\/ul>\n<\/div><\/div>\n<\/div>\n\n\n\n<div class=\"wp-block-column is-layout-flow wp-block-column-is-layout-flow\"><\/div>\n\n\n\n<div class=\"wp-block-column is-layout-flow wp-block-column-is-layout-flow\"><\/div>\n<\/div>\n\n\n\n<div style=\"height:40px\" aria-hidden=\"true\" class=\"wp-block-spacer\"><\/div>\n<\/div><\/div>\n<\/div><\/div>","protected":false},"excerpt":{"rendered":"<p>Ziemann Holvrieka em todo o mundo Servi\u00e7o p\u00f3s-venda B\u00e9lgica Brasil China Dinamarca Alemanha Holanda Tail\u00e2ndia EUA Vietn\u00e3<\/p>","protected":false},"author":1,"featured_media":1534,"parent":0,"menu_order":0,"comment_status":"closed","ping_status":"closed","template":"templates\/contact.php","meta":{"footnotes":""},"yoast_head":"<!-- This site is optimized with the Yoast SEO Premium plugin v21.7 (Yoast SEO v23.5) - https:\/\/yoast.com\/wordpress\/plugins\/seo\/ -->\n<title>Contact Our Dedicated Experts | Ziemann Holvrieka<\/title>\n<meta name=\"description\" content=\"Contact us for inquiries, collaborations, or any assistance you need. We&#039;re just a message away.\" \/>\n<meta name=\"robots\" content=\"noindex, follow, max-snippet:-1, max-image-preview:large, max-video-preview:-1\" \/>\n<meta property=\"og:locale\" content=\"pt_BR\" \/>\n<meta property=\"og:type\" content=\"article\" \/>\n<meta property=\"og:title\" content=\"Contact\" \/>\n<meta property=\"og:description\" content=\"Contact us for inquiries, collaborations, or any assistance you need. We&#039;re just a message away.\" \/>\n<meta property=\"og:url\" content=\"https:\/\/zh-test.co.uk\/pt\/contato\/\" \/>\n<meta property=\"og:site_name\" content=\"Ziemann Holvrieka\" \/>\n<meta property=\"article:publisher\" content=\"https:\/\/www.linkedin.com\/company\/ziemann-international-gmbh\" \/>\n<meta property=\"article:modified_time\" content=\"2024-03-22T08:31:57+00:00\" \/>\n<meta property=\"og:image\" content=\"https:\/\/zh-test.co.uk\/wp-content\/uploads\/2023\/09\/Flags.jpg\" \/>\n\t<meta property=\"og:image:width\" content=\"2000\" \/>\n\t<meta property=\"og:image:height\" content=\"1331\" \/>\n\t<meta property=\"og:image:type\" content=\"image\/jpeg\" \/>\n<meta name=\"twitter:card\" content=\"summary_large_image\" \/>\n<meta name=\"twitter:label1\" content=\"Est. tempo de leitura\" \/>\n\t<meta name=\"twitter:data1\" content=\"2 minutos\" \/>\n<script type=\"application\/ld+json\" class=\"yoast-schema-graph\">{\"@context\":\"https:\/\/schema.org\",\"@graph\":[{\"@type\":\"WebPage\",\"@id\":\"https:\/\/zh-test.co.uk\/contact\/\",\"url\":\"https:\/\/zh-test.co.uk\/contact\/\",\"name\":\"Contact Our Dedicated Experts | Ziemann Holvrieka\",\"isPartOf\":{\"@id\":\"https:\/\/zh-test.co.uk\/#website\"},\"primaryImageOfPage\":{\"@id\":\"https:\/\/zh-test.co.uk\/contact\/#primaryimage\"},\"image\":{\"@id\":\"https:\/\/zh-test.co.uk\/contact\/#primaryimage\"},\"thumbnailUrl\":\"https:\/\/zh-test.co.uk\/wp-content\/uploads\/2023\/09\/Flags.jpg\",\"datePublished\":\"2024-01-10T08:43:53+00:00\",\"dateModified\":\"2024-03-22T08:31:57+00:00\",\"description\":\"Contact us for inquiries, collaborations, or any assistance you need. We're just a message away.\",\"breadcrumb\":{\"@id\":\"https:\/\/zh-test.co.uk\/contact\/#breadcrumb\"},\"inLanguage\":\"pt-BR\",\"potentialAction\":[{\"@type\":\"ReadAction\",\"target\":[\"https:\/\/zh-test.co.uk\/contact\/\"]}]},{\"@type\":\"ImageObject\",\"inLanguage\":\"pt-BR\",\"@id\":\"https:\/\/zh-test.co.uk\/contact\/#primaryimage\",\"url\":\"https:\/\/zh-test.co.uk\/wp-content\/uploads\/2023\/09\/Flags.jpg\",\"contentUrl\":\"https:\/\/zh-test.co.uk\/wp-content\/uploads\/2023\/09\/Flags.jpg\",\"width\":2000,\"height\":1331},{\"@type\":\"BreadcrumbList\",\"@id\":\"https:\/\/zh-test.co.uk\/contact\/#breadcrumb\",\"itemListElement\":[{\"@type\":\"ListItem\",\"position\":1,\"name\":\"Home\",\"item\":\"https:\/\/zh-test.co.uk\/\"},{\"@type\":\"ListItem\",\"position\":2,\"name\":\"Contact\"}]},{\"@type\":\"WebSite\",\"@id\":\"https:\/\/zh-test.co.uk\/#website\",\"url\":\"https:\/\/zh-test.co.uk\/\",\"name\":\"Ziemann Holvrieka\",\"description\":\"\",\"potentialAction\":[{\"@type\":\"SearchAction\",\"target\":{\"@type\":\"EntryPoint\",\"urlTemplate\":\"https:\/\/zh-test.co.uk\/?s={search_term_string}\"},\"query-input\":{\"@type\":\"PropertyValueSpecification\",\"valueRequired\":true,\"valueName\":\"search_term_string\"}}],\"inLanguage\":\"pt-BR\"}]}<\/script>\n<!-- \/ Yoast SEO Premium plugin. -->","yoast_head_json":{"title":"Entre em contato com nossos especialistas dedicados | Ziemann Holvrieka","description":"Entre em contato conosco para consultas, colabora\u00e7\u00f5es ou qualquer assist\u00eancia que precisar. Estamos a apenas uma mensagem de dist\u00e2ncia.","robots":{"index":"noindex","follow":"follow","max-snippet":"max-snippet:-1","max-image-preview":"max-image-preview:large","max-video-preview":"max-video-preview:-1"},"og_locale":"pt_BR","og_type":"article","og_title":"Contact","og_description":"Contact us for inquiries, collaborations, or any assistance you need. We're just a message away.","og_url":"https:\/\/zh-test.co.uk\/pt\/contato\/","og_site_name":"Ziemann Holvrieka","article_publisher":"https:\/\/www.linkedin.com\/company\/ziemann-international-gmbh","article_modified_time":"2024-03-22T08:31:57+00:00","og_image":[{"width":2000,"height":1331,"url":"https:\/\/zh-test.co.uk\/wp-content\/uploads\/2023\/09\/Flags.jpg","type":"image\/jpeg"}],"twitter_card":"summary_large_image","twitter_misc":{"Est. tempo de leitura":"2 minutos"},"schema":{"@context":"https:\/\/schema.org","@graph":[{"@type":"WebPage","@id":"https:\/\/zh-test.co.uk\/contact\/","url":"https:\/\/zh-test.co.uk\/contact\/","name":"Entre em contato com nossos especialistas dedicados | Ziemann Holvrieka","isPartOf":{"@id":"https:\/\/zh-test.co.uk\/#website"},"primaryImageOfPage":{"@id":"https:\/\/zh-test.co.uk\/contact\/#primaryimage"},"image":{"@id":"https:\/\/zh-test.co.uk\/contact\/#primaryimage"},"thumbnailUrl":"https:\/\/zh-test.co.uk\/wp-content\/uploads\/2023\/09\/Flags.jpg","datePublished":"2024-01-10T08:43:53+00:00","dateModified":"2024-03-22T08:31:57+00:00","description":"Entre em contato conosco para consultas, colabora\u00e7\u00f5es ou qualquer assist\u00eancia que precisar. Estamos a apenas uma mensagem de dist\u00e2ncia.","breadcrumb":{"@id":"https:\/\/zh-test.co.uk\/contact\/#breadcrumb"},"inLanguage":"pt-BR","potentialAction":[{"@type":"ReadAction","target":["https:\/\/zh-test.co.uk\/contact\/"]}]},{"@type":"ImageObject","inLanguage":"pt-BR","@id":"https:\/\/zh-test.co.uk\/contact\/#primaryimage","url":"https:\/\/zh-test.co.uk\/wp-content\/uploads\/2023\/09\/Flags.jpg","contentUrl":"https:\/\/zh-test.co.uk\/wp-content\/uploads\/2023\/09\/Flags.jpg","width":2000,"height":1331},{"@type":"BreadcrumbList","@id":"https:\/\/zh-test.co.uk\/contact\/#breadcrumb","itemListElement":[{"@type":"ListItem","position":1,"name":"Home","item":"https:\/\/zh-test.co.uk\/"},{"@type":"ListItem","position":2,"name":"Contact"}]},{"@type":"WebSite","@id":"https:\/\/zh-test.co.uk\/#website","url":"https:\/\/zh-test.co.uk\/","name":"Ziemann Holvrieka","description":"","potentialAction":[{"@type":"SearchAction","target":{"@type":"EntryPoint","urlTemplate":"https:\/\/zh-test.co.uk\/?s={search_term_string}"},"query-input":{"@type":"PropertyValueSpecification","valueRequired":true,"valueName":"search_term_string"}}],"inLanguage":"pt-BR"}]}},"_links":{"self":[{"href":"https:\/\/zh-test.co.uk\/pt\/wp-json\/wp\/v2\/pages\/1020"}],"collection":[{"href":"https:\/\/zh-test.co.uk\/pt\/wp-json\/wp\/v2\/pages"}],"about":[{"href":"https:\/\/zh-test.co.uk\/pt\/wp-json\/wp\/v2\/types\/page"}],"author":[{"embeddable":true,"href":"https:\/\/zh-test.co.uk\/pt\/wp-json\/wp\/v2\/users\/1"}],"replies":[{"embeddable":true,"href":"https:\/\/zh-test.co.uk\/pt\/wp-json\/wp\/v2\/comments?post=1020"}],"version-history":[{"count":38,"href":"https:\/\/zh-test.co.uk\/pt\/wp-json\/wp\/v2\/pages\/1020\/revisions"}],"predecessor-version":[{"id":6577,"href":"https:\/\/zh-test.co.uk\/pt\/wp-json\/wp\/v2\/pages\/1020\/revisions\/6577"}],"wp:featuredmedia":[{"embeddable":true,"href":"https:\/\/zh-test.co.uk\/pt\/wp-json\/wp\/v2\/media\/1534"}],"wp:attachment":[{"href":"https:\/\/zh-test.co.uk\/pt\/wp-json\/wp\/v2\/media?parent=1020"}],"curies":[{"name":"wp","href":"https:\/\/api.w.org\/{rel}","templated":true}]}}