{"id":1146,"date":"2023-09-01T13:12:05","date_gmt":"2023-09-01T12:12:05","guid":{"rendered":"https:\/\/zh-test.co.uk\/?page_id=1146"},"modified":"2024-02-14T13:43:13","modified_gmt":"2024-02-14T13:43:13","slug":"imprint","status":"publish","type":"page","link":"https:\/\/zh-test.co.uk\/pt\/impressao\/","title":{"rendered":"Impress\u00e3o"},"content":{"rendered":"<p class=\"translation-block\"><strong>Endere\u00e7o da empresa:<\/strong><br>Ziemann Holvrieka GmbH<br>Schwieberdinger Str. 86<br>71636 Ludwigsburg, Alemanha<\/p>\n\n\n\n<p class=\"translation-block\">Phone+49 7141 408 0<br>Fax +49 7141 408 335<br><a href=\"mailto:sales@ziemann-holvrieka.com\" target=\"_self\">sales@ziemann-holvrieka.com<\/a><\/p>\n\n\n\n<p class=\"translation-block\"><strong>Diretores administrativos autorizados a representar a empresa:<\/strong><br>Klaus Gehrig, Torsten Engel, Florian Schneider, Axel Z\u00fcgel<\/p>\n\n\n\n<p class=\"translation-block\"><strong>Tribunal de registro:<\/strong><br>Amtsgericht Stuttgart<\/p>\n\n\n\n<p class=\"translation-block\"><strong>N\u00famero de registro:<\/strong><br>HRB 742212<\/p>\n\n\n\n<p class=\"translation-block\"><strong>N\u00famero de identifica\u00e7\u00e3o do IVA de acordo com a Lei do Imposto sobre Vendas:<\/strong><br>DE 815 379 396<\/p>\n\n\n\n<p class=\"translation-block\"><strong>Respons\u00e1vel pelo conte\u00fado de acordo com o \u00a7 10, par\u00e1grafo 3 do MDStV:<\/strong><br>Lucas Goebel (endere\u00e7o, veja acima)<\/p>\n\n\n\n<p class=\"translation-block\"><strong>Disclaimer legal:<\/strong><br>Apesar do controle cuidadoso, n\u00e3o podemos ser responsabilizados pelo conte\u00fado de sites de terceiros.<br>Somente o respectivo operador \u00e9 respons\u00e1vel pelo conte\u00fado das p\u00e1ginas vinculadas.<\/p>\n\n\n\n<p><\/p>","protected":false},"excerpt":{"rendered":"<p>Company address:Ziemann Holvrieka GmbHSchwieberdinger Str. 8671636 Ludwigsburg, Germany Phone+49 7141 408 0Fax +49 7141 408 335sales@ziemann-holvrieka.com Managing Directors authorized to represent the company:Klaus Gehrig, Torsten [&hellip;]<\/p>\n","protected":false},"author":1,"featured_media":0,"parent":0,"menu_order":0,"comment_status":"closed","ping_status":"closed","template":"templates\/simple-page.php","meta":{"footnotes":""},"yoast_head":"<!-- This site is optimized with the Yoast SEO Premium plugin v21.7 (Yoast SEO v23.5) - https:\/\/yoast.com\/wordpress\/plugins\/seo\/ -->\n<title>Imprint | Ziemann Holvrieka<\/title>\n<meta name=\"description\" content=\"Here you can find the imprint of Ziemann Holvrieka GmbH wiHere you will find the imprint of Ziemann Holvrieka GmbH with all legal information and contact data.\" \/>\n<meta name=\"robots\" content=\"noindex, follow, max-snippet:-1, max-image-preview:large, max-video-preview:-1\" \/>\n<meta property=\"og:locale\" content=\"pt_BR\" \/>\n<meta property=\"og:type\" content=\"article\" \/>\n<meta property=\"og:title\" content=\"Imprint\" \/>\n<meta property=\"og:description\" content=\"Here you can find the imprint of Ziemann Holvrieka GmbH wiHere you will find the imprint of Ziemann Holvrieka GmbH with all legal information and contact data.\" \/>\n<meta property=\"og:url\" content=\"https:\/\/zh-test.co.uk\/pt\/impressao\/\" \/>\n<meta property=\"og:site_name\" content=\"Ziemann Holvrieka\" \/>\n<meta property=\"article:publisher\" content=\"https:\/\/www.linkedin.com\/company\/ziemann-international-gmbh\" \/>\n<meta property=\"article:modified_time\" content=\"2024-02-14T13:43:13+00:00\" \/>\n<meta name=\"twitter:card\" content=\"summary_large_image\" \/>\n<meta name=\"twitter:label1\" content=\"Est. tempo de leitura\" \/>\n\t<meta name=\"twitter:data1\" content=\"1 minuto\" \/>\n<script type=\"application\/ld+json\" class=\"yoast-schema-graph\">{\"@context\":\"https:\/\/schema.org\",\"@graph\":[{\"@type\":\"WebPage\",\"@id\":\"https:\/\/zh-test.co.uk\/imprint\/\",\"url\":\"https:\/\/zh-test.co.uk\/imprint\/\",\"name\":\"Imprint | Ziemann Holvrieka\",\"isPartOf\":{\"@id\":\"https:\/\/zh-test.co.uk\/#website\"},\"datePublished\":\"2023-09-01T12:12:05+00:00\",\"dateModified\":\"2024-02-14T13:43:13+00:00\",\"description\":\"Here you can find the imprint of Ziemann Holvrieka GmbH wiHere you will find the imprint of Ziemann Holvrieka GmbH with all legal information and contact data.\",\"breadcrumb\":{\"@id\":\"https:\/\/zh-test.co.uk\/imprint\/#breadcrumb\"},\"inLanguage\":\"pt-BR\",\"potentialAction\":[{\"@type\":\"ReadAction\",\"target\":[\"https:\/\/zh-test.co.uk\/imprint\/\"]}]},{\"@type\":\"BreadcrumbList\",\"@id\":\"https:\/\/zh-test.co.uk\/imprint\/#breadcrumb\",\"itemListElement\":[{\"@type\":\"ListItem\",\"position\":1,\"name\":\"Home\",\"item\":\"https:\/\/zh-test.co.uk\/\"},{\"@type\":\"ListItem\",\"position\":2,\"name\":\"Imprint\"}]},{\"@type\":\"WebSite\",\"@id\":\"https:\/\/zh-test.co.uk\/#website\",\"url\":\"https:\/\/zh-test.co.uk\/\",\"name\":\"Ziemann Holvrieka\",\"description\":\"\",\"potentialAction\":[{\"@type\":\"SearchAction\",\"target\":{\"@type\":\"EntryPoint\",\"urlTemplate\":\"https:\/\/zh-test.co.uk\/?s={search_term_string}\"},\"query-input\":{\"@type\":\"PropertyValueSpecification\",\"valueRequired\":true,\"valueName\":\"search_term_string\"}}],\"inLanguage\":\"pt-BR\"}]}<\/script>\n<!-- \/ Yoast SEO Premium plugin. -->","yoast_head_json":{"title":"Impress\u00e3o | Ziemann Holvrieka","description":"Aqui voc\u00ea pode encontrar a marca da Ziemann Holvrieka GmbH com todas as informa\u00e7\u00f5es legais e dados de contato.","robots":{"index":"noindex","follow":"follow","max-snippet":"max-snippet:-1","max-image-preview":"max-image-preview:large","max-video-preview":"max-video-preview:-1"},"og_locale":"pt_BR","og_type":"article","og_title":"Imprint","og_description":"Here you can find the imprint of Ziemann Holvrieka GmbH wiHere you will find the imprint of Ziemann Holvrieka GmbH with all legal information and contact data.","og_url":"https:\/\/zh-test.co.uk\/pt\/impressao\/","og_site_name":"Ziemann Holvrieka","article_publisher":"https:\/\/www.linkedin.com\/company\/ziemann-international-gmbh","article_modified_time":"2024-02-14T13:43:13+00:00","twitter_card":"summary_large_image","twitter_misc":{"Est. tempo de leitura":"1 minuto"},"schema":{"@context":"https:\/\/schema.org","@graph":[{"@type":"WebPage","@id":"https:\/\/zh-test.co.uk\/imprint\/","url":"https:\/\/zh-test.co.uk\/imprint\/","name":"Impress\u00e3o | Ziemann Holvrieka","isPartOf":{"@id":"https:\/\/zh-test.co.uk\/#website"},"datePublished":"2023-09-01T12:12:05+00:00","dateModified":"2024-02-14T13:43:13+00:00","description":"Aqui voc\u00ea pode encontrar a marca da Ziemann Holvrieka GmbH com todas as informa\u00e7\u00f5es legais e dados de contato.","breadcrumb":{"@id":"https:\/\/zh-test.co.uk\/imprint\/#breadcrumb"},"inLanguage":"pt-BR","potentialAction":[{"@type":"ReadAction","target":["https:\/\/zh-test.co.uk\/imprint\/"]}]},{"@type":"BreadcrumbList","@id":"https:\/\/zh-test.co.uk\/imprint\/#breadcrumb","itemListElement":[{"@type":"ListItem","position":1,"name":"Home","item":"https:\/\/zh-test.co.uk\/"},{"@type":"ListItem","position":2,"name":"Imprint"}]},{"@type":"WebSite","@id":"https:\/\/zh-test.co.uk\/#website","url":"https:\/\/zh-test.co.uk\/","name":"Ziemann Holvrieka","description":"","potentialAction":[{"@type":"SearchAction","target":{"@type":"EntryPoint","urlTemplate":"https:\/\/zh-test.co.uk\/?s={search_term_string}"},"query-input":{"@type":"PropertyValueSpecification","valueRequired":true,"valueName":"search_term_string"}}],"inLanguage":"pt-BR"}]}},"_links":{"self":[{"href":"https:\/\/zh-test.co.uk\/pt\/wp-json\/wp\/v2\/pages\/1146"}],"collection":[{"href":"https:\/\/zh-test.co.uk\/pt\/wp-json\/wp\/v2\/pages"}],"about":[{"href":"https:\/\/zh-test.co.uk\/pt\/wp-json\/wp\/v2\/types\/page"}],"author":[{"embeddable":true,"href":"https:\/\/zh-test.co.uk\/pt\/wp-json\/wp\/v2\/users\/1"}],"replies":[{"embeddable":true,"href":"https:\/\/zh-test.co.uk\/pt\/wp-json\/wp\/v2\/comments?post=1146"}],"version-history":[{"count":4,"href":"https:\/\/zh-test.co.uk\/pt\/wp-json\/wp\/v2\/pages\/1146\/revisions"}],"predecessor-version":[{"id":6531,"href":"https:\/\/zh-test.co.uk\/pt\/wp-json\/wp\/v2\/pages\/1146\/revisions\/6531"}],"wp:attachment":[{"href":"https:\/\/zh-test.co.uk\/pt\/wp-json\/wp\/v2\/media?parent=1146"}],"curies":[{"name":"wp","href":"https:\/\/api.w.org\/{rel}","templated":true}]}}