{"id":1181,"date":"2023-09-01T16:29:34","date_gmt":"2023-09-01T15:29:34","guid":{"rendered":"https:\/\/zh-test.co.uk\/?page_id=1181"},"modified":"2024-06-18T14:20:36","modified_gmt":"2024-06-18T13:20:36","slug":"careers","status":"publish","type":"page","link":"https:\/\/zh-test.co.uk\/pt\/carreiras\/","title":{"rendered":"Carreiras"},"content":{"rendered":"<section class=\"wp-block-group has-theme-white-background-color has-background is-layout-constrained wp-block-group-is-layout-constrained\"><div class=\"wp-block-group__inner-container\">\n<div class=\"wp-block-group container is-layout-constrained wp-block-group-is-layout-constrained\"><div class=\"wp-block-group__inner-container\">\n<h2 class=\"wp-block-heading h4 section-heading\" id=\"h-working-at-ziemann-holvrieka\">Trabalhando na Ziemann Holvrieka<\/h2>\n\n\n\n<div class=\"wp-block-columns is-layout-flex wp-container-core-columns-layout-1 wp-block-columns-is-layout-flex\">\n<div class=\"wp-block-column is-layout-flow wp-block-column-is-layout-flow\" style=\"flex-basis:66.66%\">\n<p class=\"translation-block\">Como l\u00edder do mercado global em fabrica\u00e7\u00e3o de tanques e tecnologia de processos, com 170 anos de hist\u00f3ria, temos orgulho de ter constru\u00eddo cervejarias para muitas marcas de cerveja conhecidas. Conosco, voc\u00ea pode contar com benef\u00edcios empolgantes, sua pr\u00f3pria \u00e1rea de responsabilidade, remunera\u00e7\u00e3o atraente, 35h\/semana e conta de tempo de trabalho. Desenvolva suas habilidades e molde sua carreira conosco.<br><br>Candidate-se agora e descubra suas possibilidades! Carreira Ziemann Holvrieka - Comece agora!<\/p>\n<\/div>\n\n\n\n<div class=\"wp-block-column is-layout-flow wp-block-column-is-layout-flow\" style=\"flex-basis:33.33%\"><\/div>\n<\/div>\n\n\n\n<h2 class=\"wp-block-heading h4 section-heading\" id=\"h-current-vacancies\">Vagas atuais<\/h2>\n\n\n\n<div style=\"height:40px\" aria-hidden=\"true\" class=\"wp-block-spacer\"><\/div>\n\n\n\n            <figure class=\"wp-block-table careers-table\">\n            <table class=\"has-fixed-layout\">\n            <thead>\n            <tr><th class=\"has-text-align-left\" data-align=\"left\"><strong>T\u00edtulo<\/strong><\/th>\n            <th class=\"has-text-align-left\" data-align=\"left\"><strong>Localiza\u00e7\u00e3o<\/strong><\/th>\n            <th class=\"has-text-align-left\" data-align=\"left\"><strong>Tempo integral\/parcial<\/strong><\/th><\/tr>\n            <\/thead>\n            <tbody>\n            <\/tbody>\n            <\/table>\n            <\/figure>\n<\/div><\/div>\n<\/div><\/section>\n\n\n\n<div class=\"wp-block-group container is-layout-constrained wp-block-group-is-layout-constrained\"><div class=\"wp-block-group__inner-container\"><\/div><\/div>\n\n\n\n<div class=\"wp-block-columns gap-none has-theme-primary-background-color has-background is-layout-flex wp-container-core-columns-layout-2 wp-block-columns-is-layout-flex\">\n<div class=\"wp-block-column is-layout-flow wp-block-column-is-layout-flow\">\n<div class=\"wp-block-cover\"><span aria-hidden=\"true\" class=\"wp-block-cover__background has-background-dim-0 has-background-dim\"><\/span><img loading=\"lazy\" decoding=\"async\" width=\"768\" height=\"994\" class=\"wp-block-cover__image-background wp-image-775\" alt=\"gr\u00e1fico de fundo\" src=\"https:\/\/zh-test.co.uk\/wp-content\/uploads\/2023\/08\/background-graphic.png\" data-object-fit=\"cover\" srcset=\"https:\/\/zh-test.co.uk\/wp-content\/uploads\/2023\/08\/background-graphic.png 768w, https:\/\/zh-test.co.uk\/wp-content\/uploads\/2023\/08\/background-graphic-232x300.png 232w, https:\/\/zh-test.co.uk\/wp-content\/uploads\/2023\/08\/background-graphic-464x600.png 464w\" sizes=\"(max-width: 768px) 100vw, 768px\" \/><div class=\"wp-block-cover__inner-container is-layout-constrained wp-block-cover-is-layout-constrained\">\n<div class=\"wp-block-group left-container flex flex-center is-layout-constrained wp-block-group-is-layout-constrained\"><div class=\"wp-block-group__inner-container\">\n<h4 class=\"wp-block-heading has-theme-white-color has-text-color\" id=\"h-working-life-at-ziemann-holvrieka\">Vida profissional na Ziemann Holvrieka <\/h4>\n\n\n\n<p>Na Ziemann Holvrieka, sabemos que um bom equil\u00edbrio entre vida pessoal e profissional \u00e9 de grande import\u00e2ncia. \u00c9 por isso que oferecemos aos nossos funcion\u00e1rios uma ampla gama de benef\u00edcios que lhes permitem alcan\u00e7ar o melhor equil\u00edbrio poss\u00edvel entre vida pessoal e profissional.<\/p>\n<\/div><\/div>\n<\/div><\/div>\n<\/div>\n\n\n\n<div class=\"wp-block-column is-layout-flow wp-block-column-is-layout-flow\">\n<div class=\"wp-block-cover is-light\"><span aria-hidden=\"true\" class=\"wp-block-cover__background has-background-dim-0 has-background-dim\"><\/span><img loading=\"lazy\" decoding=\"async\" width=\"1500\" height=\"998\" class=\"wp-block-cover__image-background wp-image-1558\" alt=\"\" src=\"https:\/\/zh-test.co.uk\/wp-content\/uploads\/2023\/09\/Klindtworth_M667095.jpg\" style=\"object-position:51% 40%\" data-object-fit=\"cover\" data-object-position=\"51% 40%\" srcset=\"https:\/\/zh-test.co.uk\/wp-content\/uploads\/2023\/09\/Klindtworth_M667095.jpg 1500w, https:\/\/zh-test.co.uk\/wp-content\/uploads\/2023\/09\/Klindtworth_M667095-300x200.jpg 300w, https:\/\/zh-test.co.uk\/wp-content\/uploads\/2023\/09\/Klindtworth_M667095-1024x681.jpg 1024w, https:\/\/zh-test.co.uk\/wp-content\/uploads\/2023\/09\/Klindtworth_M667095-768x511.jpg 768w, https:\/\/zh-test.co.uk\/wp-content\/uploads\/2023\/09\/Klindtworth_M667095-18x12.jpg 18w, https:\/\/zh-test.co.uk\/wp-content\/uploads\/2023\/09\/Klindtworth_M667095-600x399.jpg 600w, https:\/\/zh-test.co.uk\/wp-content\/uploads\/2023\/09\/Klindtworth_M667095-1200x798.jpg 1200w\" sizes=\"(max-width: 1500px) 100vw, 1500px\" \/><div class=\"wp-block-cover__inner-container is-layout-flow wp-block-cover-is-layout-flow\">\n<p class=\"has-text-align-center has-large-font-size\"><\/p>\n<\/div><\/div>\n<\/div>\n<\/div>\n\n\n\n<section class=\"wp-block-group has-theme-white-background-color has-background is-layout-constrained wp-block-group-is-layout-constrained\"><div class=\"wp-block-group__inner-container\">\n<div class=\"wp-block-group container is-layout-constrained wp-block-group-is-layout-constrained\"><div class=\"wp-block-group__inner-container\">\n<div class=\"wp-block-columns is-layout-flex wp-container-core-columns-layout-3 wp-block-columns-is-layout-flex\">\n<div class=\"wp-block-column is-layout-flow wp-block-column-is-layout-flow\" style=\"flex-basis:66.66%\">\n<h3 class=\"wp-block-heading has-theme-secondary-text-color has-text-color\" id=\"h-benefits-of-working-at-ziemann-holvrieka\">Benef\u00edcios de trabalhar na Ziemann Holvrieka<\/h3>\n\n\n\n<div style=\"height:20px\" aria-hidden=\"true\" class=\"wp-block-spacer\"><\/div>\n<\/div>\n\n\n\n<div class=\"wp-block-column is-layout-flow wp-block-column-is-layout-flow\" style=\"flex-basis:33.33%\"><\/div>\n<\/div>\n\n\n\n<div class=\"wp-block-columns gap-100 is-layout-flex wp-container-core-columns-layout-4 wp-block-columns-is-layout-flex\">\n<div class=\"wp-block-column is-layout-flow wp-block-column-is-layout-flow\">\n<ul>\n<li>Hor\u00e1rio de trabalho flex\u00edvel entre 6h e 20h*.<\/li>\n\n\n\n<li>At\u00e9 2 dias de trabalho m\u00f3vel por semana*<\/li>\n\n\n\n<li>Conta de tempo de trabalho para planejamento individual<\/li>\n\n\n\n<li>Acordo coletivo de sal\u00e1rios (acordo coletivo de sal\u00e1rios do setor metal\u00fargico e el\u00e9trico)<\/li>\n\n\n\n<li>Job bike para uma mobilidade ecologicamente correta<\/li>\n\n\n\n<li>Treinamento e educa\u00e7\u00e3o continuada para o crescimento pessoal<\/li>\n\n\n\n<li>Subs\u00eddio de viagem para facilitar o deslocamento<\/li>\n\n\n\n<li>Plano de pens\u00e3o da empresa para um futuro seguro<\/li>\n\n\n\n<li>Benef\u00edcios de forma\u00e7\u00e3o de capital para suporte adicional<\/li>\n<\/ul>\n<\/div>\n\n\n\n<div class=\"wp-block-column is-layout-flow wp-block-column-is-layout-flow\">\n<ul>\n<li>14 sal\u00e1rios para estabilidade financeira<\/li>\n\n\n\n<li>30 dias de f\u00e9rias para descanso suficiente<\/li>\n\n\n\n<li>35 horas semanais de trabalho para mais tempo livre<\/li>\n\n\n\n<li>Locais de trabalho modernos para um trabalho eficiente<\/li>\n\n\n\n<li>Localiza\u00e7\u00e3o central com boas conex\u00f5es de transporte p\u00fablico para acessibilidade conveniente<\/li>\n\n\n\n<li>Estacionamento para funcion\u00e1rios para um deslocamento sem estresse<\/li>\n\n\n\n<li>Eventos da empresa para um forte sentimento de equipe<\/li>\n\n\n\n<li>Bebidas como agradecimento especial<\/li>\n<\/ul>\n<\/div>\n<\/div>\n<\/div><\/div>\n<\/div><\/section>\n\n\n\n<div class=\"wp-block-group container no-padding is-layout-constrained wp-block-group-is-layout-constrained\"><div class=\"wp-block-group__inner-container\">\n<p class=\"has-text-align-left\">   *Para trabalhos de escrit\u00f3rio<\/p>\n\n\n\n<div style=\"height:50px\" aria-hidden=\"true\" class=\"wp-block-spacer\"><\/div>\n<\/div><\/div>\n\n\n\n<div class=\"wp-block-columns gap-none has-theme-primary-color has-theme-grey-background-color has-text-color has-background has-link-color wp-elements-0f20e08dbcb0007fe46e242791b2f7c1 is-layout-flex wp-container-core-columns-layout-5 wp-block-columns-is-layout-flex\">\n<div class=\"wp-block-column is-layout-flow wp-block-column-is-layout-flow\">\n<div class=\"wp-block-group left-container flex flex-center is-layout-constrained wp-block-group-is-layout-constrained\"><div class=\"wp-block-group__inner-container\">\n<h3 class=\"wp-block-heading has-theme-secondary-text-color has-text-color\" id=\"h-apprentices-at-ziemann-holvrieka\">Aprendizes na Ziemann Holvrieka<\/h3>\n\n\n\n<p>Embarque em uma jornada de carreira gratificante com a Ziemann Holvrieka! Explore nossas diversas oportunidades de aprendizado, incluindo cargos como<\/p>\n\n\n\n<ul>\n<li><a href=\"https:\/\/zh-test.co.uk\/pt\/carreiras\/aprendizes\/metalbauer\/\" target=\"_blank\" rel=\"noreferrer noopener\"><strong>Metal\u00fargico (m\/w\/d)<\/strong><\/a><\/li>\n\n\n\n<li><a href=\"https:\/\/zh-test.co.uk\/pt\/carreiras\/aprendizes\/industria\/\" target=\"_blank\" rel=\"noreferrer noopener\"><strong>Gerente industrial (m\/w\/d)<\/strong><\/a><\/li>\n\n\n\n<li><a href=\"https:\/\/zh-test.co.uk\/pt\/carreiras\/aprendizes\/designer-tecnico-de-produtos\/\" target=\"_blank\" rel=\"noreferrer noopener\"><strong>Designer t\u00e9cnico de produtos (m\/w\/d)<\/strong><\/a><\/li>\n\n\n\n<li> <a href=\"https:\/\/zh-test.co.uk\/pt\/carreiras\/aprendizes\/planejador-de-sistema-tecnico-m-w-d\/\" target=\"_blank\" rel=\"noreferrer noopener\"><strong>Planejador de sistemas t\u00e9cnico (m\/w\/d)<\/strong><\/a><\/li>\n\n\n\n<li><a href=\"https:\/\/zh-test.co.uk\/pt\/carreiras\/aprendizes\/escritorio-de-logistica\/\" target=\"_blank\" rel=\"noreferrer noopener\"><strong>Especializa\u00e7\u00e3o em Log\u00edstica (m\/w\/d)<\/strong><\/a><\/li>\n\n\n\n<li>e<a href=\"https:\/\/zh-test.co.uk\/pt\/carreiras\/aprendizes\/informatizador\/\" target=\"_blank\" rel=\"noreferrer noopener\"><strong> Inform\u00e1tico (m\/w\/d)<\/strong><\/a><br><br>Comprometidos com o seu crescimento, oferecemos treinamento perfeito e est\u00e1gios opcionais. Entre em contato conosco em caso de d\u00favidas ou candidate-se diretamente com seus documentos. Seu futuro come\u00e7a <a href=\"https:\/\/zh-test.co.uk\/pt\/carreiras\/aprendizes\/\"><strong>aqui<\/strong><\/a>!<\/li>\n<\/ul>\n<\/div><\/div>\n<\/div>\n\n\n\n<div class=\"wp-block-column is-layout-flow wp-block-column-is-layout-flow\">\n<div class=\"wp-block-cover is-light\"><span aria-hidden=\"true\" class=\"wp-block-cover__background has-background-dim-0 has-background-dim\"><\/span><img loading=\"lazy\" decoding=\"async\" width=\"2560\" height=\"1705\" class=\"wp-block-cover__image-background wp-image-5634\" alt=\"\" src=\"https:\/\/zh-test.co.uk\/wp-content\/uploads\/2023\/11\/Klindtworth_M669682-scaled.jpg\" data-object-fit=\"cover\" srcset=\"https:\/\/zh-test.co.uk\/wp-content\/uploads\/2023\/11\/Klindtworth_M669682-scaled.jpg 2560w, https:\/\/zh-test.co.uk\/wp-content\/uploads\/2023\/11\/Klindtworth_M669682-300x200.jpg 300w, https:\/\/zh-test.co.uk\/wp-content\/uploads\/2023\/11\/Klindtworth_M669682-1024x682.jpg 1024w, https:\/\/zh-test.co.uk\/wp-content\/uploads\/2023\/11\/Klindtworth_M669682-768x512.jpg 768w, https:\/\/zh-test.co.uk\/wp-content\/uploads\/2023\/11\/Klindtworth_M669682-250x167.jpg 250w, https:\/\/zh-test.co.uk\/wp-content\/uploads\/2023\/11\/Klindtworth_M669682-450x300.jpg 450w, https:\/\/zh-test.co.uk\/wp-content\/uploads\/2023\/11\/Klindtworth_M669682-1536x1023.jpg 1536w, https:\/\/zh-test.co.uk\/wp-content\/uploads\/2023\/11\/Klindtworth_M669682-2048x1364.jpg 2048w, https:\/\/zh-test.co.uk\/wp-content\/uploads\/2023\/11\/Klindtworth_M669682-18x12.jpg 18w, https:\/\/zh-test.co.uk\/wp-content\/uploads\/2023\/11\/Klindtworth_M669682-600x400.jpg 600w, https:\/\/zh-test.co.uk\/wp-content\/uploads\/2023\/11\/Klindtworth_M669682-1200x799.jpg 1200w, https:\/\/zh-test.co.uk\/wp-content\/uploads\/2023\/11\/Klindtworth_M669682-1920x1279.jpg 1920w\" sizes=\"(max-width: 2560px) 100vw, 2560px\" \/><div class=\"wp-block-cover__inner-container is-layout-flow wp-block-cover-is-layout-flow\">\n<p class=\"has-text-align-center has-large-font-size\"><\/p>\n<\/div><\/div>\n<\/div>\n<\/div>","protected":false},"excerpt":{"rendered":"<p>Working at Ziemann Holvrieka As a global market leader in tank manufacturing and process technology with 170 years of company history, we are proud to [&hellip;]<\/p>\n","protected":false},"author":1,"featured_media":1556,"parent":0,"menu_order":0,"comment_status":"closed","ping_status":"closed","template":"templates\/careers.php","meta":{"footnotes":""},"yoast_head":"<!-- This site is optimized with the Yoast SEO Premium plugin v21.7 (Yoast SEO v23.5) - https:\/\/yoast.com\/wordpress\/plugins\/seo\/ -->\n<title>Jobs in Ludwigsburg &amp; B\u00fcrgstadt at Ziemann Holvrieka<\/title>\n<meta name=\"description\" content=\"Explore career opportunities at Ziemann Holvrieka Join a team that values your growth and success. Your next adventure starts here.\" \/>\n<meta name=\"robots\" content=\"noindex, follow, max-snippet:-1, max-image-preview:large, max-video-preview:-1\" \/>\n<meta property=\"og:locale\" content=\"pt_BR\" \/>\n<meta property=\"og:type\" content=\"article\" \/>\n<meta property=\"og:title\" content=\"Careers\" \/>\n<meta property=\"og:description\" content=\"Explore career opportunities at Ziemann Holvrieka Join a team that values your growth and success. Your next adventure starts here.\" \/>\n<meta property=\"og:url\" content=\"https:\/\/zh-test.co.uk\/pt\/carreiras\/\" \/>\n<meta property=\"og:site_name\" content=\"Ziemann Holvrieka\" \/>\n<meta property=\"article:publisher\" content=\"https:\/\/www.linkedin.com\/company\/ziemann-international-gmbh\" \/>\n<meta property=\"article:modified_time\" content=\"2024-06-18T13:20:36+00:00\" \/>\n<meta property=\"og:image\" content=\"https:\/\/zh-test.co.uk\/wp-content\/uploads\/2023\/09\/Klindtworth_M668977.jpg\" \/>\n\t<meta property=\"og:image:width\" content=\"1500\" \/>\n\t<meta property=\"og:image:height\" content=\"998\" \/>\n\t<meta property=\"og:image:type\" content=\"image\/jpeg\" \/>\n<meta name=\"twitter:card\" content=\"summary_large_image\" \/>\n<meta name=\"twitter:label1\" content=\"Est. tempo de leitura\" \/>\n\t<meta name=\"twitter:data1\" content=\"3 minutos\" \/>\n<script type=\"application\/ld+json\" class=\"yoast-schema-graph\">{\"@context\":\"https:\/\/schema.org\",\"@graph\":[{\"@type\":\"WebPage\",\"@id\":\"https:\/\/zh-test.co.uk\/careers\/\",\"url\":\"https:\/\/zh-test.co.uk\/careers\/\",\"name\":\"Jobs in Ludwigsburg & B\u00fcrgstadt at Ziemann Holvrieka\",\"isPartOf\":{\"@id\":\"https:\/\/zh-test.co.uk\/#website\"},\"primaryImageOfPage\":{\"@id\":\"https:\/\/zh-test.co.uk\/careers\/#primaryimage\"},\"image\":{\"@id\":\"https:\/\/zh-test.co.uk\/careers\/#primaryimage\"},\"thumbnailUrl\":\"https:\/\/zh-test.co.uk\/wp-content\/uploads\/2023\/09\/Klindtworth_M668977.jpg\",\"datePublished\":\"2023-09-01T15:29:34+00:00\",\"dateModified\":\"2024-06-18T13:20:36+00:00\",\"description\":\"Explore career opportunities at Ziemann Holvrieka Join a team that values your growth and success. Your next adventure starts here.\",\"breadcrumb\":{\"@id\":\"https:\/\/zh-test.co.uk\/careers\/#breadcrumb\"},\"inLanguage\":\"pt-BR\",\"potentialAction\":[{\"@type\":\"ReadAction\",\"target\":[\"https:\/\/zh-test.co.uk\/careers\/\"]}]},{\"@type\":\"ImageObject\",\"inLanguage\":\"pt-BR\",\"@id\":\"https:\/\/zh-test.co.uk\/careers\/#primaryimage\",\"url\":\"https:\/\/zh-test.co.uk\/wp-content\/uploads\/2023\/09\/Klindtworth_M668977.jpg\",\"contentUrl\":\"https:\/\/zh-test.co.uk\/wp-content\/uploads\/2023\/09\/Klindtworth_M668977.jpg\",\"width\":1500,\"height\":998},{\"@type\":\"BreadcrumbList\",\"@id\":\"https:\/\/zh-test.co.uk\/careers\/#breadcrumb\",\"itemListElement\":[{\"@type\":\"ListItem\",\"position\":1,\"name\":\"Home\",\"item\":\"https:\/\/zh-test.co.uk\/\"},{\"@type\":\"ListItem\",\"position\":2,\"name\":\"Careers\"}]},{\"@type\":\"WebSite\",\"@id\":\"https:\/\/zh-test.co.uk\/#website\",\"url\":\"https:\/\/zh-test.co.uk\/\",\"name\":\"Ziemann Holvrieka\",\"description\":\"\",\"potentialAction\":[{\"@type\":\"SearchAction\",\"target\":{\"@type\":\"EntryPoint\",\"urlTemplate\":\"https:\/\/zh-test.co.uk\/?s={search_term_string}\"},\"query-input\":{\"@type\":\"PropertyValueSpecification\",\"valueRequired\":true,\"valueName\":\"search_term_string\"}}],\"inLanguage\":\"pt-BR\"}]}<\/script>\n<!-- \/ Yoast SEO Premium plugin. -->","yoast_head_json":{"title":"Empregos em Ludwigsburg &amp; B\u00fcrgstadt na Ziemann Holvrieka","description":"Explore as oportunidades de carreira na Ziemann Holvrieka Junte-se a uma equipe que valoriza seu crescimento e sucesso. Sua pr\u00f3xima aventura come\u00e7a aqui.","robots":{"index":"noindex","follow":"follow","max-snippet":"max-snippet:-1","max-image-preview":"max-image-preview:large","max-video-preview":"max-video-preview:-1"},"og_locale":"pt_BR","og_type":"article","og_title":"Careers","og_description":"Explore career opportunities at Ziemann Holvrieka Join a team that values your growth and success. Your next adventure starts here.","og_url":"https:\/\/zh-test.co.uk\/pt\/carreiras\/","og_site_name":"Ziemann Holvrieka","article_publisher":"https:\/\/www.linkedin.com\/company\/ziemann-international-gmbh","article_modified_time":"2024-06-18T13:20:36+00:00","og_image":[{"width":1500,"height":998,"url":"https:\/\/zh-test.co.uk\/wp-content\/uploads\/2023\/09\/Klindtworth_M668977.jpg","type":"image\/jpeg"}],"twitter_card":"summary_large_image","twitter_misc":{"Est. tempo de leitura":"3 minutos"},"schema":{"@context":"https:\/\/schema.org","@graph":[{"@type":"WebPage","@id":"https:\/\/zh-test.co.uk\/careers\/","url":"https:\/\/zh-test.co.uk\/careers\/","name":"Empregos em Ludwigsburg &amp; B\u00fcrgstadt na Ziemann Holvrieka","isPartOf":{"@id":"https:\/\/zh-test.co.uk\/#website"},"primaryImageOfPage":{"@id":"https:\/\/zh-test.co.uk\/careers\/#primaryimage"},"image":{"@id":"https:\/\/zh-test.co.uk\/careers\/#primaryimage"},"thumbnailUrl":"https:\/\/zh-test.co.uk\/wp-content\/uploads\/2023\/09\/Klindtworth_M668977.jpg","datePublished":"2023-09-01T15:29:34+00:00","dateModified":"2024-06-18T13:20:36+00:00","description":"Explore as oportunidades de carreira na Ziemann Holvrieka Junte-se a uma equipe que valoriza seu crescimento e sucesso. Sua pr\u00f3xima aventura come\u00e7a aqui.","breadcrumb":{"@id":"https:\/\/zh-test.co.uk\/careers\/#breadcrumb"},"inLanguage":"pt-BR","potentialAction":[{"@type":"ReadAction","target":["https:\/\/zh-test.co.uk\/careers\/"]}]},{"@type":"ImageObject","inLanguage":"pt-BR","@id":"https:\/\/zh-test.co.uk\/careers\/#primaryimage","url":"https:\/\/zh-test.co.uk\/wp-content\/uploads\/2023\/09\/Klindtworth_M668977.jpg","contentUrl":"https:\/\/zh-test.co.uk\/wp-content\/uploads\/2023\/09\/Klindtworth_M668977.jpg","width":1500,"height":998},{"@type":"BreadcrumbList","@id":"https:\/\/zh-test.co.uk\/careers\/#breadcrumb","itemListElement":[{"@type":"ListItem","position":1,"name":"Home","item":"https:\/\/zh-test.co.uk\/"},{"@type":"ListItem","position":2,"name":"Careers"}]},{"@type":"WebSite","@id":"https:\/\/zh-test.co.uk\/#website","url":"https:\/\/zh-test.co.uk\/","name":"Ziemann Holvrieka","description":"","potentialAction":[{"@type":"SearchAction","target":{"@type":"EntryPoint","urlTemplate":"https:\/\/zh-test.co.uk\/?s={search_term_string}"},"query-input":{"@type":"PropertyValueSpecification","valueRequired":true,"valueName":"search_term_string"}}],"inLanguage":"pt-BR"}]}},"_links":{"self":[{"href":"https:\/\/zh-test.co.uk\/pt\/wp-json\/wp\/v2\/pages\/1181"}],"collection":[{"href":"https:\/\/zh-test.co.uk\/pt\/wp-json\/wp\/v2\/pages"}],"about":[{"href":"https:\/\/zh-test.co.uk\/pt\/wp-json\/wp\/v2\/types\/page"}],"author":[{"embeddable":true,"href":"https:\/\/zh-test.co.uk\/pt\/wp-json\/wp\/v2\/users\/1"}],"replies":[{"embeddable":true,"href":"https:\/\/zh-test.co.uk\/pt\/wp-json\/wp\/v2\/comments?post=1181"}],"version-history":[{"count":179,"href":"https:\/\/zh-test.co.uk\/pt\/wp-json\/wp\/v2\/pages\/1181\/revisions"}],"predecessor-version":[{"id":6816,"href":"https:\/\/zh-test.co.uk\/pt\/wp-json\/wp\/v2\/pages\/1181\/revisions\/6816"}],"wp:featuredmedia":[{"embeddable":true,"href":"https:\/\/zh-test.co.uk\/pt\/wp-json\/wp\/v2\/media\/1556"}],"wp:attachment":[{"href":"https:\/\/zh-test.co.uk\/pt\/wp-json\/wp\/v2\/media?parent=1181"}],"curies":[{"name":"wp","href":"https:\/\/api.w.org\/{rel}","templated":true}]}}