{"id":1975,"date":"2023-09-07T21:36:56","date_gmt":"2023-09-07T20:36:56","guid":{"rendered":"https:\/\/zh-test.co.uk\/?page_id=1975"},"modified":"2024-02-05T15:39:59","modified_gmt":"2024-02-05T15:39:59","slug":"group-structure","status":"publish","type":"page","link":"https:\/\/zh-test.co.uk\/pt\/estrutura-do-grupo\/","title":{"rendered":"Estrutura do grupo"},"content":{"rendered":"<div class=\"wp-block-group is-layout-constrained wp-block-group-is-layout-constrained\"><div class=\"wp-block-group__inner-container\">\n<div class=\"wp-block-group container is-layout-constrained wp-block-group-is-layout-constrained\"><div class=\"wp-block-group__inner-container\">\n<div class=\"wp-block-columns is-layout-flex wp-container-core-columns-layout-1 wp-block-columns-is-layout-flex\">\n<div class=\"wp-block-column is-layout-flow wp-block-column-is-layout-flow\" style=\"flex-basis:10%\"><\/div>\n\n\n\n<div class=\"wp-block-column is-layout-flow wp-block-column-is-layout-flow\" style=\"flex-basis:80%\">\n<h2 class=\"wp-block-heading small-margin has-theme-secondary-color has-text-color\">Comprometida com a responsabilidade e a transpar\u00eancia<\/h2>\n\n\n\n<div style=\"height:20px\" aria-hidden=\"true\" class=\"wp-block-spacer\"><\/div>\n\n\n\n<h4 class=\"wp-block-heading\">Nosso objetivo \u00e9 melhorar continuamente nossa rela\u00e7\u00e3o de confian\u00e7a com as partes interessadas, que incluem funcion\u00e1rios, clientes, fornecedores, acionistas e a sociedade.<\/h4>\n<\/div>\n\n\n\n<div class=\"wp-block-column is-layout-flow wp-block-column-is-layout-flow\" style=\"flex-basis:10%\"><\/div>\n<\/div>\n<\/div><\/div>\n<\/div><\/div>\n\n\n\n<section class=\"block company-structure\">\n                <div class=\"container diagram-container\">\n                    <div class=\"cs-diagram-outer\">\n                        <div class=\"cs-diagram diagram-1\">\n                            <div class=\"col one animate-on-view\">\n                                <div class=\"title-container\">\n                                    <h3 class=\"title animate-on-view delay-1\"><strong>Conselho de Administra\u00e7\u00e3o<\/strong><\/h3>\n                                <\/div>\n                                <div class=\"arrow down\">\n                                    <div class=\"arrow-inner animate-on-view delay-2\">\n                                        <div class=\"arrow-end\"><\/div>\n                                    <\/div>\n                                <\/div>\n                                <div class=\"floating-arrow-end\"><\/div>\n                                <div class=\"title-container animate-on-view delay-3\">\n                                    <h3 class=\"title animate-on-view\">Conselho de Administra\u00e7\u00e3o Executivo<\/h3>\n                                <\/div>\n                                <div class=\"arrow down\">\n                                    <div class=\"arrow-inner animate-on-view delay-4\">\n                                    <\/div>\n                                <\/div>\n                            <\/div>\n                            <div class=\"col two animate-on-view\">\n                                <div class=\"inner-col\">\n                                    <div class=\"arrow down\">\n                                        <div class=\"arrow-inner animate-on-view delay-5\">\n                                            <div class=\"arrow-end\"><\/div>\n                                        <\/div>\n                                    <\/div>\n                                    <div class=\"title-container lower animate-on-view delay-6\">\n                                        <h3 class=\"title animate-on-view\">Empresas globais<\/h3>\n                                    <\/div>\n                                <\/div>\n                                <div class=\"inner-col\">\n                                    <div class=\"arrow down\">\n                                        <div class=\"arrow-inner animate-on-view delay-7\">\n                                            <div class=\"arrow-end\"><\/div>\n                                        <\/div>\n                                    <\/div>\n                                    <div class=\"title-container lower animate-on-view delay-8\">\n                                        <h3 class=\"title animate-on-view\">Fun\u00e7\u00f5es de neg\u00f3cios<\/h3>\n                                    <\/div>\n                                <\/div>\n                                <div class=\"inner-col\">\n                                    <div class=\"arrow down\">\n                                        <div class=\"arrow-inner animate-on-view delay-9\">\n                                            <div class=\"arrow-end\"><\/div>\n                                        <\/div>\n                                    <\/div>\n                                    <div class=\"title-container lower animate-on-view delay-10\">\n                                        <h3 class=\"title animate-on-view\">Fun\u00e7\u00f5es corporativas<\/h3>\n                                    <\/div>\n                                <\/div>\n                            <\/div>\n                        <\/div>\n                    <\/div>\n                <\/div>\n            <\/section>\n\n\n\n<div style=\"height:40px\" aria-hidden=\"true\" class=\"wp-block-spacer\"><\/div>\n\n\n\n<div class=\"wp-block-group is-layout-constrained wp-block-group-is-layout-constrained\"><div class=\"wp-block-group__inner-container\">\n<div class=\"wp-block-group container is-layout-constrained wp-block-group-is-layout-constrained\"><div class=\"wp-block-group__inner-container\">\n<div class=\"wp-block-columns is-layout-flex wp-container-core-columns-layout-2 wp-block-columns-is-layout-flex\">\n<div class=\"wp-block-column is-layout-flow wp-block-column-is-layout-flow\" style=\"flex-basis:10%\"><\/div>\n\n\n\n<div class=\"wp-block-column is-layout-flow wp-block-column-is-layout-flow\" style=\"flex-basis:80%\">\n<h3 class=\"wp-block-heading small-margin has-theme-secondary-color has-text-color\">Conselho de Administra\u00e7\u00e3o do CLPT<\/h3>\n\n\n\n<p>O Conselho de Administra\u00e7\u00e3o do CLPT \u00e9 composto por sete profissionais experientes em neg\u00f3cios, finan\u00e7as e conformidade. Al\u00e9m de supervisionar as atividades comerciais, eles ficam atentos ao gerenciamento de riscos, \u00e0 estrat\u00e9gia da empresa e ao relacionamento da empresa com os acionistas. Eles garantem e salvaguardam nossa integridade nos relat\u00f3rios e na conformidade.<\/p>\n\n\n\n<div style=\"height:25px\" aria-hidden=\"true\" class=\"wp-block-spacer\"><\/div>\n\n\n\n<h3 class=\"wp-block-heading small-margin has-theme-secondary-color has-text-color\">Conselho de Administra\u00e7\u00e3o Executivo<\/h3>\n\n\n\n<p>Nosso Conselho de Administra\u00e7\u00e3o Executivo define e alcan\u00e7a os objetivos, a estrat\u00e9gia e as pol\u00edticas da CLPT e gerencia os assuntos gerais. Eles apoiam e capacitam as equipes de gerenciamento de nossas empresas operacionais globais, orientam e promovem a colabora\u00e7\u00e3o entre empresas por meio de fun\u00e7\u00f5es comerciais designadas e s\u00e3o apoiados por fun\u00e7\u00f5es corporativas. O Conselho de Administra\u00e7\u00e3o Executivo \u00e9 composto por quatro membros, apoiados por tr\u00eas membros estendidos. O Sr. Klaus Gehrig atua como nosso Presidente e o Sr. Lars Roed como nosso Vice-Presidente.<\/p>\n\n\n\n<div style=\"height:25px\" aria-hidden=\"true\" class=\"wp-block-spacer\"><\/div>\n\n\n\n<h3 class=\"wp-block-heading small-margin has-theme-secondary-color has-text-color\">Tecnologias de processos l\u00edquidos da CIMC (CLPT)<\/h3>\n\n\n\n<p>A Ziemann Holvrieka faz parte da CIMC Liquid Process Technologies (CLPT). A CLPT \u00e9 uma organiza\u00e7\u00e3o holding din\u00e2mica que re\u00fane um portf\u00f3lio diversificado de empresas ativas em tecnologias de processamento de l\u00edquidos. A CLPT apoia e capacita as equipes de gest\u00e3o locais e desenvolve estrat\u00e9gias de crescimento em conjunto. Cada empresa do grupo mant\u00e9m sua pr\u00f3pria identidade e contribui com conhecimentos, recursos e pontos fortes exclusivos. O grupo tem o compromisso de compartilhar conhecimento e colaborar para atingir objetivos comuns e obter maior sucesso nos mercados em que atua. Como grupo, temos um desempenho financeiro s\u00f3lido e um compromisso firme com o crescimento.<\/p>\n\n\n\n<div style=\"height:25px\" aria-hidden=\"true\" class=\"wp-block-spacer\"><\/div>\n\n\n\n<h3 class=\"wp-block-heading small-margin has-theme-secondary-color has-text-color\">C\u00f3digo de Conduta<\/h3>\n\n\n\n<p>Incentivamos o comportamento \u00e9tico dentro e fora da empresa. Leia mais sobre nosso C\u00f3digo de Conduta.<\/p>\n\n\n\n<div class=\"wp-block-buttons is-layout-flex wp-block-buttons-is-layout-flex\">\n<div class=\"wp-block-button\"><a class=\"wp-block-button__link wp-element-button\" href=\"https:\/\/zh-test.co.uk\/pt\/codigo-de-conduta\/\">C\u00f3digo de Conduta<\/a><\/div>\n<\/div>\n<\/div>\n\n\n\n<div class=\"wp-block-column is-layout-flow wp-block-column-is-layout-flow\" style=\"flex-basis:10%\"><\/div>\n<\/div>\n\n\n\n<div style=\"height:40px\" aria-hidden=\"true\" class=\"wp-block-spacer\"><\/div>\n<\/div><\/div>\n<\/div><\/div>","protected":false},"excerpt":{"rendered":"<p>Committed to accountability &amp; transparency Our goal is to continuously improve our relationship of trust with stakeholders, which include employees, customers, suppliers, shareholders and society. [&hellip;]<\/p>\n","protected":false},"author":1,"featured_media":1259,"parent":0,"menu_order":0,"comment_status":"closed","ping_status":"closed","template":"templates\/company-structure.php","meta":{"footnotes":""},"yoast_head":"<!-- This site is optimized with the Yoast SEO Premium plugin v21.7 (Yoast SEO v23.5) - https:\/\/yoast.com\/wordpress\/plugins\/seo\/ -->\n<title>Building Trust &amp; Transparency: Ziemann Holvrieka&#039;s Group Organization<\/title>\n<meta name=\"description\" content=\"Learn how Ziemann Holvrieka and its affiliated companies collaborate and create a strong, interconnected group structure dedicated to excellence.\" \/>\n<meta name=\"robots\" content=\"noindex, follow, max-snippet:-1, max-image-preview:large, max-video-preview:-1\" \/>\n<meta property=\"og:locale\" content=\"pt_BR\" \/>\n<meta property=\"og:type\" content=\"article\" \/>\n<meta property=\"og:title\" content=\"Group Structure\" \/>\n<meta property=\"og:description\" content=\"Learn how Ziemann Holvrieka and its affiliated companies collaborate and create a strong, interconnected group structure dedicated to excellence.\" \/>\n<meta property=\"og:url\" content=\"http:\/\/zh-test.co.uk\/pt\/estructura-del-grupo\/\" \/>\n<meta property=\"og:site_name\" content=\"Ziemann Holvrieka\" \/>\n<meta property=\"article:publisher\" content=\"https:\/\/www.linkedin.com\/company\/ziemann-international-gmbh\" \/>\n<meta property=\"article:modified_time\" content=\"2024-02-05T15:39:59+00:00\" \/>\n<meta property=\"og:image\" content=\"https:\/\/zh-test.co.uk\/wp-content\/uploads\/2023\/09\/hero-1-scaled.jpg\" \/>\n\t<meta property=\"og:image:width\" content=\"2560\" \/>\n\t<meta property=\"og:image:height\" content=\"1797\" \/>\n\t<meta property=\"og:image:type\" content=\"image\/jpeg\" \/>\n<meta name=\"twitter:card\" content=\"summary_large_image\" \/>\n<meta name=\"twitter:label1\" content=\"Est. tempo de leitura\" \/>\n\t<meta name=\"twitter:data1\" content=\"2 minutos\" \/>\n<script type=\"application\/ld+json\" class=\"yoast-schema-graph\">{\"@context\":\"https:\/\/schema.org\",\"@graph\":[{\"@type\":\"WebPage\",\"@id\":\"http:\/\/zh-test.co.uk\/es\/estructura-del-grupo\/\",\"url\":\"http:\/\/zh-test.co.uk\/es\/estructura-del-grupo\/\",\"name\":\"Building Trust & Transparency: Ziemann Holvrieka's Group Organization\",\"isPartOf\":{\"@id\":\"https:\/\/zh-test.co.uk\/#website\"},\"primaryImageOfPage\":{\"@id\":\"http:\/\/zh-test.co.uk\/es\/estructura-del-grupo\/#primaryimage\"},\"image\":{\"@id\":\"http:\/\/zh-test.co.uk\/es\/estructura-del-grupo\/#primaryimage\"},\"thumbnailUrl\":\"https:\/\/zh-test.co.uk\/wp-content\/uploads\/2023\/09\/hero-1-scaled.jpg\",\"datePublished\":\"2023-09-07T20:36:56+00:00\",\"dateModified\":\"2024-02-05T15:39:59+00:00\",\"description\":\"Learn how Ziemann Holvrieka and its affiliated companies collaborate and create a strong, interconnected group structure dedicated to excellence.\",\"breadcrumb\":{\"@id\":\"http:\/\/zh-test.co.uk\/es\/estructura-del-grupo\/#breadcrumb\"},\"inLanguage\":\"pt-BR\",\"potentialAction\":[{\"@type\":\"ReadAction\",\"target\":[\"http:\/\/zh-test.co.uk\/es\/estructura-del-grupo\/\"]}]},{\"@type\":\"ImageObject\",\"inLanguage\":\"pt-BR\",\"@id\":\"http:\/\/zh-test.co.uk\/es\/estructura-del-grupo\/#primaryimage\",\"url\":\"https:\/\/zh-test.co.uk\/wp-content\/uploads\/2023\/09\/hero-1-scaled.jpg\",\"contentUrl\":\"https:\/\/zh-test.co.uk\/wp-content\/uploads\/2023\/09\/hero-1-scaled.jpg\",\"width\":2560,\"height\":1797,\"caption\":\"Marine Cargo Systems\"},{\"@type\":\"BreadcrumbList\",\"@id\":\"http:\/\/zh-test.co.uk\/es\/estructura-del-grupo\/#breadcrumb\",\"itemListElement\":[{\"@type\":\"ListItem\",\"position\":1,\"name\":\"Home\",\"item\":\"https:\/\/zh-test.co.uk\/\"},{\"@type\":\"ListItem\",\"position\":2,\"name\":\"Group Structure\"}]},{\"@type\":\"WebSite\",\"@id\":\"https:\/\/zh-test.co.uk\/#website\",\"url\":\"https:\/\/zh-test.co.uk\/\",\"name\":\"Ziemann Holvrieka\",\"description\":\"\",\"potentialAction\":[{\"@type\":\"SearchAction\",\"target\":{\"@type\":\"EntryPoint\",\"urlTemplate\":\"https:\/\/zh-test.co.uk\/?s={search_term_string}\"},\"query-input\":{\"@type\":\"PropertyValueSpecification\",\"valueRequired\":true,\"valueName\":\"search_term_string\"}}],\"inLanguage\":\"pt-BR\"}]}<\/script>\n<!-- \/ Yoast SEO Premium plugin. -->","yoast_head_json":{"title":"Construindo confian\u00e7a e transpar\u00eancia: Organiza\u00e7\u00e3o do Grupo Ziemann Holvrieka","description":"Saiba como a Ziemann Holvrieka e suas empresas afiliadas colaboram e criam uma estrutura de grupo forte e interconectada, dedicada \u00e0 excel\u00eancia.","robots":{"index":"noindex","follow":"follow","max-snippet":"max-snippet:-1","max-image-preview":"max-image-preview:large","max-video-preview":"max-video-preview:-1"},"og_locale":"pt_BR","og_type":"article","og_title":"Group Structure","og_description":"Learn how Ziemann Holvrieka and its affiliated companies collaborate and create a strong, interconnected group structure dedicated to excellence.","og_url":"http:\/\/zh-test.co.uk\/pt\/estructura-del-grupo\/","og_site_name":"Ziemann Holvrieka","article_publisher":"https:\/\/www.linkedin.com\/company\/ziemann-international-gmbh","article_modified_time":"2024-02-05T15:39:59+00:00","og_image":[{"width":2560,"height":1797,"url":"https:\/\/zh-test.co.uk\/wp-content\/uploads\/2023\/09\/hero-1-scaled.jpg","type":"image\/jpeg"}],"twitter_card":"summary_large_image","twitter_misc":{"Est. tempo de leitura":"2 minutos"},"schema":{"@context":"https:\/\/schema.org","@graph":[{"@type":"WebPage","@id":"http:\/\/zh-test.co.uk\/es\/estructura-del-grupo\/","url":"http:\/\/zh-test.co.uk\/es\/estructura-del-grupo\/","name":"Construindo confian\u00e7a e transpar\u00eancia: Organiza\u00e7\u00e3o do Grupo Ziemann Holvrieka","isPartOf":{"@id":"https:\/\/zh-test.co.uk\/#website"},"primaryImageOfPage":{"@id":"http:\/\/zh-test.co.uk\/es\/estructura-del-grupo\/#primaryimage"},"image":{"@id":"http:\/\/zh-test.co.uk\/es\/estructura-del-grupo\/#primaryimage"},"thumbnailUrl":"https:\/\/zh-test.co.uk\/wp-content\/uploads\/2023\/09\/hero-1-scaled.jpg","datePublished":"2023-09-07T20:36:56+00:00","dateModified":"2024-02-05T15:39:59+00:00","description":"Saiba como a Ziemann Holvrieka e suas empresas afiliadas colaboram e criam uma estrutura de grupo forte e interconectada, dedicada \u00e0 excel\u00eancia.","breadcrumb":{"@id":"http:\/\/zh-test.co.uk\/es\/estructura-del-grupo\/#breadcrumb"},"inLanguage":"pt-BR","potentialAction":[{"@type":"ReadAction","target":["http:\/\/zh-test.co.uk\/es\/estructura-del-grupo\/"]}]},{"@type":"ImageObject","inLanguage":"pt-BR","@id":"http:\/\/zh-test.co.uk\/es\/estructura-del-grupo\/#primaryimage","url":"https:\/\/zh-test.co.uk\/wp-content\/uploads\/2023\/09\/hero-1-scaled.jpg","contentUrl":"https:\/\/zh-test.co.uk\/wp-content\/uploads\/2023\/09\/hero-1-scaled.jpg","width":2560,"height":1797,"caption":"Marine Cargo Systems"},{"@type":"BreadcrumbList","@id":"http:\/\/zh-test.co.uk\/es\/estructura-del-grupo\/#breadcrumb","itemListElement":[{"@type":"ListItem","position":1,"name":"Home","item":"https:\/\/zh-test.co.uk\/"},{"@type":"ListItem","position":2,"name":"Group Structure"}]},{"@type":"WebSite","@id":"https:\/\/zh-test.co.uk\/#website","url":"https:\/\/zh-test.co.uk\/","name":"Ziemann Holvrieka","description":"","potentialAction":[{"@type":"SearchAction","target":{"@type":"EntryPoint","urlTemplate":"https:\/\/zh-test.co.uk\/?s={search_term_string}"},"query-input":{"@type":"PropertyValueSpecification","valueRequired":true,"valueName":"search_term_string"}}],"inLanguage":"pt-BR"}]}},"_links":{"self":[{"href":"https:\/\/zh-test.co.uk\/pt\/wp-json\/wp\/v2\/pages\/1975"}],"collection":[{"href":"https:\/\/zh-test.co.uk\/pt\/wp-json\/wp\/v2\/pages"}],"about":[{"href":"https:\/\/zh-test.co.uk\/pt\/wp-json\/wp\/v2\/types\/page"}],"author":[{"embeddable":true,"href":"https:\/\/zh-test.co.uk\/pt\/wp-json\/wp\/v2\/users\/1"}],"replies":[{"embeddable":true,"href":"https:\/\/zh-test.co.uk\/pt\/wp-json\/wp\/v2\/comments?post=1975"}],"version-history":[{"count":9,"href":"https:\/\/zh-test.co.uk\/pt\/wp-json\/wp\/v2\/pages\/1975\/revisions"}],"predecessor-version":[{"id":6399,"href":"https:\/\/zh-test.co.uk\/pt\/wp-json\/wp\/v2\/pages\/1975\/revisions\/6399"}],"wp:featuredmedia":[{"embeddable":true,"href":"https:\/\/zh-test.co.uk\/pt\/wp-json\/wp\/v2\/media\/1259"}],"wp:attachment":[{"href":"https:\/\/zh-test.co.uk\/pt\/wp-json\/wp\/v2\/media?parent=1975"}],"curies":[{"name":"wp","href":"https:\/\/api.w.org\/{rel}","templated":true}]}}