{"id":1984,"date":"2023-09-07T21:56:05","date_gmt":"2023-09-07T20:56:05","guid":{"rendered":"https:\/\/zh-test.co.uk\/?page_id=1984"},"modified":"2024-02-13T12:53:36","modified_gmt":"2024-02-13T12:53:36","slug":"code-of-conduct","status":"publish","type":"page","link":"https:\/\/zh-test.co.uk\/pt\/codigo-de-conduta\/","title":{"rendered":"C\u00f3digo de Conduta"},"content":{"rendered":"<div class=\"wp-block-group is-layout-constrained wp-block-group-is-layout-constrained\"><div class=\"wp-block-group__inner-container\">\n<div class=\"wp-block-group container is-layout-constrained wp-block-group-is-layout-constrained\"><div class=\"wp-block-group__inner-container\">\n<div class=\"wp-block-group is-layout-constrained wp-block-group-is-layout-constrained\"><div class=\"wp-block-group__inner-container\">\n<div class=\"wp-block-columns is-layout-flex wp-container-core-columns-layout-2 wp-block-columns-is-layout-flex\">\n<div class=\"wp-block-column is-layout-flow wp-block-column-is-layout-flow\" style=\"flex-basis:66.66%\">\n<h2 class=\"wp-block-heading has-theme-secondary-color has-text-color\">A ess\u00eancia de nosso C\u00f3digo de Conduta se expressa todos os dias por meio dos valores pelos quais nosso pessoal vive e trabalha, ou seja, ser sempre seguro, sustent\u00e1vel, focado no cliente, honesto e sempre entregar.<\/h2>\n\n\n\n<h4 class=\"wp-block-heading\">Nossa ambi\u00e7\u00e3o \u00e9 ser o fornecedor global de tanques e sistemas de processo com melhor desempenho e mais respeitado em uma ampla gama de setores. Para isso, temos o compromisso de conduzir os neg\u00f3cios com integridade, respeito e justi\u00e7a.<\/h4>\n\n\n\n<div style=\"height:40px\" aria-hidden=\"true\" class=\"wp-block-spacer\"><\/div>\n\n\n\n<div class=\"wp-block-columns is-layout-flex wp-container-core-columns-layout-1 wp-block-columns-is-layout-flex\">\n<div class=\"wp-block-column is-layout-flow wp-block-column-is-layout-flow\">\n<figure class=\"wp-block-image size-full img-responsive\"><img loading=\"lazy\" decoding=\"async\" width=\"344\" height=\"488\" src=\"https:\/\/zh-test.co.uk\/wp-content\/uploads\/2023\/09\/ENG.png\" alt=\"ENG\" class=\"wp-image-1994\" srcset=\"https:\/\/zh-test.co.uk\/wp-content\/uploads\/2023\/09\/ENG.png 344w, https:\/\/zh-test.co.uk\/wp-content\/uploads\/2023\/09\/ENG-211x300.png 211w, https:\/\/zh-test.co.uk\/wp-content\/uploads\/2023\/09\/ENG-8x12.png 8w\" sizes=\"(max-width: 344px) 100vw, 344px\" \/><\/figure>\n\n\n\n<p class=\"download-pdf-link\"><a href=\"\/wp-content\/uploads\/2023\/09\/Code_of_Conduct-ENG_070923.pdf\" target=\"_blank\" rel=\"noreferrer noopener\">Download em ingl\u00eas<\/a><\/p>\n<\/div>\n\n\n\n<div class=\"wp-block-column is-layout-flow wp-block-column-is-layout-flow\">\n<figure class=\"wp-block-image size-full img-responsive\"><img loading=\"lazy\" decoding=\"async\" width=\"344\" height=\"488\" src=\"https:\/\/zh-test.co.uk\/wp-content\/uploads\/2023\/09\/GER.png\" alt=\"GER\" class=\"wp-image-2061\" srcset=\"https:\/\/zh-test.co.uk\/wp-content\/uploads\/2023\/09\/GER.png 344w, https:\/\/zh-test.co.uk\/wp-content\/uploads\/2023\/09\/GER-211x300.png 211w, https:\/\/zh-test.co.uk\/wp-content\/uploads\/2023\/09\/GER-8x12.png 8w\" sizes=\"(max-width: 344px) 100vw, 344px\" \/><\/figure>\n\n\n\n<p class=\"download-pdf-link\"><a href=\"\/wp-content\/uploads\/2023\/09\/Code_of_Conduct-GER_070923.pdf\" target=\"_blank\" rel=\"noreferrer noopener\">Baixar alem\u00e3o<\/a><\/p>\n<\/div>\n\n\n\n<div class=\"wp-block-column is-layout-flow wp-block-column-is-layout-flow\">\n<figure class=\"wp-block-image size-full img-responsive\"><img loading=\"lazy\" decoding=\"async\" width=\"344\" height=\"488\" src=\"https:\/\/zh-test.co.uk\/wp-content\/uploads\/2023\/09\/CHI.png\" alt=\"CHI\" class=\"wp-image-2062\" srcset=\"https:\/\/zh-test.co.uk\/wp-content\/uploads\/2023\/09\/CHI.png 344w, https:\/\/zh-test.co.uk\/wp-content\/uploads\/2023\/09\/CHI-211x300.png 211w, https:\/\/zh-test.co.uk\/wp-content\/uploads\/2023\/09\/CHI-8x12.png 8w\" sizes=\"(max-width: 344px) 100vw, 344px\" \/><\/figure>\n\n\n\n<p class=\"download-pdf-link\"><a href=\"\/wp-content\/uploads\/2023\/09\/Code_of_Conduct-CHI_070923.pdf\" target=\"_blank\" rel=\"noreferrer noopener\">Download de chin\u00eas<\/a><\/p>\n<\/div>\n\n\n\n<div class=\"wp-block-column is-layout-flow wp-block-column-is-layout-flow\">\n<figure class=\"wp-block-image size-full img-responsive\"><img loading=\"lazy\" decoding=\"async\" width=\"344\" height=\"488\" src=\"https:\/\/zh-test.co.uk\/wp-content\/uploads\/2023\/09\/SPA.png\" alt=\"SPA\" class=\"wp-image-2063\" srcset=\"https:\/\/zh-test.co.uk\/wp-content\/uploads\/2023\/09\/SPA.png 344w, https:\/\/zh-test.co.uk\/wp-content\/uploads\/2023\/09\/SPA-211x300.png 211w, https:\/\/zh-test.co.uk\/wp-content\/uploads\/2023\/09\/SPA-8x12.png 8w\" sizes=\"(max-width: 344px) 100vw, 344px\" \/><\/figure>\n\n\n\n<p class=\"download-pdf-link\"><a href=\"\/wp-content\/uploads\/2023\/09\/Code_of_Conduct-SPA_070923.pdf\" target=\"_blank\" rel=\"noreferrer noopener\">Baixar espanhol<\/a><\/p>\n<\/div>\n<\/div>\n\n\n\n<div style=\"height:40px\" aria-hidden=\"true\" class=\"wp-block-spacer\"><\/div>\n<\/div>\n\n\n\n<div class=\"wp-block-column is-layout-flow wp-block-column-is-layout-flow\" style=\"flex-basis:33.33%\"><\/div>\n<\/div>\n<\/div><\/div>\n<\/div><\/div>\n<\/div><\/div>\n\n\n\n<div class=\"wp-block-columns gap-none has-theme-white-background-color has-background is-layout-flex wp-container-core-columns-layout-4 wp-block-columns-is-layout-flex\">\n<div class=\"wp-block-column is-layout-flow wp-block-column-is-layout-flow\">\n<div class=\"wp-block-group left-container flex flex-center is-layout-constrained wp-block-group-is-layout-constrained\"><div class=\"wp-block-group__inner-container\">\n<figure class=\"wp-block-image size-full\"><img decoding=\"async\" src=\"https:\/\/zh-test.co.uk\/wp-content\/uploads\/2023\/08\/open-quote.png\" alt=\"cota\u00e7\u00e3o aberta\" class=\"wp-image-3199\"\/><\/figure>\n\n\n\n<h2 class=\"wp-block-heading has-theme-primary-color has-text-color\">O Grupo CLPT tem uma hist\u00f3ria rica. Nossa cultura \u00e9 baseada em valores que foram constru\u00eddos ao longo de muitos anos, at\u00e9 mesmo s\u00e9culos.<\/h2>\n\n\n\n<p class=\"has-theme-primary-color has-text-color\">Juntos, projetamos, constru\u00edmos e instalamos solu\u00e7\u00f5es para as principais empresas do mundo que atuam nos setores de cerveja, destila\u00e7\u00e3o, farmac\u00eautico e outros. Somos respons\u00e1veis por apoiar nossos clientes, manter nosso neg\u00f3cio forte e pass\u00e1-lo para as gera\u00e7\u00f5es futuras em uma forma ainda mais forte.<\/p>\n\n\n\n<div style=\"height:30px\" aria-hidden=\"true\" class=\"wp-block-spacer\"><\/div>\n\n\n\n<div class=\"wp-block-columns is-layout-flex wp-container-core-columns-layout-3 wp-block-columns-is-layout-flex\">\n<div class=\"wp-block-column is-layout-flow wp-block-column-is-layout-flow\" style=\"flex-basis:6%\">\n<figure class=\"wp-block-image size-full\"><img decoding=\"async\" src=\"https:\/\/zh-test.co.uk\/wp-content\/uploads\/2023\/08\/open-quote.png\" alt=\"cota\u00e7\u00e3o aberta\" class=\"wp-image-3199\"\/><\/figure>\n<\/div>\n\n\n\n<div class=\"wp-block-column is-layout-flow wp-block-column-is-layout-flow\" style=\"flex-basis:66.66%\">\n<p class=\"has-theme-primary-color has-text-color\"><strong>Klaus Gehrig, Presidente da CIMC Liquid Process Technologies (CLPT)<\/strong><\/p>\n<\/div>\n<\/div>\n<\/div><\/div>\n<\/div>\n\n\n\n<div class=\"wp-block-column is-layout-flow wp-block-column-is-layout-flow\">\n<div class=\"wp-block-cover is-light no-padding\"><span aria-hidden=\"true\" class=\"wp-block-cover__background has-background-dim wp-block-cover__gradient-background has-background-gradient\" style=\"background:linear-gradient(90deg,rgb(255,255,255) 0%,rgba(155,81,224,0) 74%)\"><\/span><img loading=\"lazy\" decoding=\"async\" width=\"2500\" height=\"1673\" class=\"wp-block-cover__image-background wp-image-1734\" alt=\"\" src=\"https:\/\/zh-test.co.uk\/wp-content\/uploads\/2023\/09\/Cold-Block.jpeg\" data-object-fit=\"cover\" srcset=\"https:\/\/zh-test.co.uk\/wp-content\/uploads\/2023\/09\/Cold-Block.jpeg 2500w, https:\/\/zh-test.co.uk\/wp-content\/uploads\/2023\/09\/Cold-Block-300x201.jpeg 300w, https:\/\/zh-test.co.uk\/wp-content\/uploads\/2023\/09\/Cold-Block-1024x685.jpeg 1024w, https:\/\/zh-test.co.uk\/wp-content\/uploads\/2023\/09\/Cold-Block-768x514.jpeg 768w, https:\/\/zh-test.co.uk\/wp-content\/uploads\/2023\/09\/Cold-Block-1536x1028.jpeg 1536w, https:\/\/zh-test.co.uk\/wp-content\/uploads\/2023\/09\/Cold-Block-2048x1371.jpeg 2048w, https:\/\/zh-test.co.uk\/wp-content\/uploads\/2023\/09\/Cold-Block-18x12.jpeg 18w, https:\/\/zh-test.co.uk\/wp-content\/uploads\/2023\/09\/Cold-Block-600x402.jpeg 600w, https:\/\/zh-test.co.uk\/wp-content\/uploads\/2023\/09\/Cold-Block-1200x803.jpeg 1200w, https:\/\/zh-test.co.uk\/wp-content\/uploads\/2023\/09\/Cold-Block-1920x1285.jpeg 1920w\" sizes=\"(max-width: 2500px) 100vw, 2500px\" \/><div class=\"wp-block-cover__inner-container is-layout-flow wp-block-cover-is-layout-flow\">\n<p class=\"has-text-align-center has-large-font-size\"><\/p>\n<\/div><\/div>\n<\/div>\n<\/div>","protected":false},"excerpt":{"rendered":"<p>The essence of our Code of Conduct expresses itself every day through the values that our people live and work by, which is to always [&hellip;]<\/p>\n","protected":false},"author":1,"featured_media":1731,"parent":0,"menu_order":0,"comment_status":"closed","ping_status":"closed","template":"templates\/half-intro.php","meta":{"footnotes":""},"yoast_head":"<!-- This site is optimized with the Yoast SEO Premium plugin v21.7 (Yoast SEO v23.5) - https:\/\/yoast.com\/wordpress\/plugins\/seo\/ -->\n<title>Code of Conduct - Ziemann Holvrieka<\/title>\n<meta name=\"description\" content=\"Discover integrity and excellence in our Code of Conduct! We commit to responsible and transparent business practices, focusing on safety, sustainability, customer satisfaction, and honest delivery. Join us on the path to global recognition.\" \/>\n<meta name=\"robots\" content=\"noindex, follow, max-snippet:-1, max-image-preview:large, max-video-preview:-1\" \/>\n<meta property=\"og:locale\" content=\"pt_BR\" \/>\n<meta property=\"og:type\" content=\"article\" \/>\n<meta property=\"og:title\" content=\"Code of Conduct\" \/>\n<meta property=\"og:description\" content=\"Discover integrity and excellence in our Code of Conduct! We commit to responsible and transparent business practices, focusing on safety, sustainability, customer satisfaction, and honest delivery. Join us on the path to global recognition.\" \/>\n<meta property=\"og:url\" content=\"https:\/\/zh-test.co.uk\/pt\/codigo-de-conduta\/\" \/>\n<meta property=\"og:site_name\" content=\"Ziemann Holvrieka\" \/>\n<meta property=\"article:publisher\" content=\"https:\/\/www.linkedin.com\/company\/ziemann-international-gmbh\" \/>\n<meta property=\"article:modified_time\" content=\"2024-02-13T12:53:36+00:00\" \/>\n<meta property=\"og:image\" content=\"https:\/\/zh-test.co.uk\/wp-content\/uploads\/2023\/09\/Header-2.jpg\" \/>\n\t<meta property=\"og:image:width\" content=\"2500\" \/>\n\t<meta property=\"og:image:height\" content=\"1767\" \/>\n\t<meta property=\"og:image:type\" content=\"image\/jpeg\" \/>\n<meta name=\"twitter:card\" content=\"summary_large_image\" \/>\n<meta name=\"twitter:label1\" content=\"Est. tempo de leitura\" \/>\n\t<meta name=\"twitter:data1\" content=\"3 minutos\" \/>\n<script type=\"application\/ld+json\" class=\"yoast-schema-graph\">{\"@context\":\"https:\/\/schema.org\",\"@graph\":[{\"@type\":\"WebPage\",\"@id\":\"https:\/\/zh-test.co.uk\/code-of-conduct\/\",\"url\":\"https:\/\/zh-test.co.uk\/code-of-conduct\/\",\"name\":\"Code of Conduct - Ziemann Holvrieka\",\"isPartOf\":{\"@id\":\"https:\/\/zh-test.co.uk\/#website\"},\"primaryImageOfPage\":{\"@id\":\"https:\/\/zh-test.co.uk\/code-of-conduct\/#primaryimage\"},\"image\":{\"@id\":\"https:\/\/zh-test.co.uk\/code-of-conduct\/#primaryimage\"},\"thumbnailUrl\":\"https:\/\/zh-test.co.uk\/wp-content\/uploads\/2023\/09\/Header-2.jpg\",\"datePublished\":\"2023-09-07T20:56:05+00:00\",\"dateModified\":\"2024-02-13T12:53:36+00:00\",\"description\":\"Discover integrity and excellence in our Code of Conduct! We commit to responsible and transparent business practices, focusing on safety, sustainability, customer satisfaction, and honest delivery. Join us on the path to global recognition.\",\"breadcrumb\":{\"@id\":\"https:\/\/zh-test.co.uk\/code-of-conduct\/#breadcrumb\"},\"inLanguage\":\"pt-BR\",\"potentialAction\":[{\"@type\":\"ReadAction\",\"target\":[\"https:\/\/zh-test.co.uk\/code-of-conduct\/\"]}]},{\"@type\":\"ImageObject\",\"inLanguage\":\"pt-BR\",\"@id\":\"https:\/\/zh-test.co.uk\/code-of-conduct\/#primaryimage\",\"url\":\"https:\/\/zh-test.co.uk\/wp-content\/uploads\/2023\/09\/Header-2.jpg\",\"contentUrl\":\"https:\/\/zh-test.co.uk\/wp-content\/uploads\/2023\/09\/Header-2.jpg\",\"width\":2500,\"height\":1767},{\"@type\":\"BreadcrumbList\",\"@id\":\"https:\/\/zh-test.co.uk\/code-of-conduct\/#breadcrumb\",\"itemListElement\":[{\"@type\":\"ListItem\",\"position\":1,\"name\":\"Home\",\"item\":\"https:\/\/zh-test.co.uk\/\"},{\"@type\":\"ListItem\",\"position\":2,\"name\":\"Code of Conduct\"}]},{\"@type\":\"WebSite\",\"@id\":\"https:\/\/zh-test.co.uk\/#website\",\"url\":\"https:\/\/zh-test.co.uk\/\",\"name\":\"Ziemann Holvrieka\",\"description\":\"\",\"potentialAction\":[{\"@type\":\"SearchAction\",\"target\":{\"@type\":\"EntryPoint\",\"urlTemplate\":\"https:\/\/zh-test.co.uk\/?s={search_term_string}\"},\"query-input\":{\"@type\":\"PropertyValueSpecification\",\"valueRequired\":true,\"valueName\":\"search_term_string\"}}],\"inLanguage\":\"pt-BR\"}]}<\/script>\n<!-- \/ Yoast SEO Premium plugin. -->","yoast_head_json":{"title":"C\u00f3digo de Conduta - Ziemann Holvrieka","description":"Descubra a integridade e a excel\u00eancia em nosso C\u00f3digo de Conduta! N\u00f3s nos comprometemos com pr\u00e1ticas comerciais respons\u00e1veis e transparentes, com foco em seguran\u00e7a, sustentabilidade, satisfa\u00e7\u00e3o do cliente e entrega honesta. Junte-se a n\u00f3s no caminho para o reconhecimento global.","robots":{"index":"noindex","follow":"follow","max-snippet":"max-snippet:-1","max-image-preview":"max-image-preview:large","max-video-preview":"max-video-preview:-1"},"og_locale":"pt_BR","og_type":"article","og_title":"Code of Conduct","og_description":"Discover integrity and excellence in our Code of Conduct! We commit to responsible and transparent business practices, focusing on safety, sustainability, customer satisfaction, and honest delivery. Join us on the path to global recognition.","og_url":"https:\/\/zh-test.co.uk\/pt\/codigo-de-conduta\/","og_site_name":"Ziemann Holvrieka","article_publisher":"https:\/\/www.linkedin.com\/company\/ziemann-international-gmbh","article_modified_time":"2024-02-13T12:53:36+00:00","og_image":[{"width":2500,"height":1767,"url":"https:\/\/zh-test.co.uk\/wp-content\/uploads\/2023\/09\/Header-2.jpg","type":"image\/jpeg"}],"twitter_card":"summary_large_image","twitter_misc":{"Est. tempo de leitura":"3 minutos"},"schema":{"@context":"https:\/\/schema.org","@graph":[{"@type":"WebPage","@id":"https:\/\/zh-test.co.uk\/code-of-conduct\/","url":"https:\/\/zh-test.co.uk\/code-of-conduct\/","name":"C\u00f3digo de Conduta - Ziemann Holvrieka","isPartOf":{"@id":"https:\/\/zh-test.co.uk\/#website"},"primaryImageOfPage":{"@id":"https:\/\/zh-test.co.uk\/code-of-conduct\/#primaryimage"},"image":{"@id":"https:\/\/zh-test.co.uk\/code-of-conduct\/#primaryimage"},"thumbnailUrl":"https:\/\/zh-test.co.uk\/wp-content\/uploads\/2023\/09\/Header-2.jpg","datePublished":"2023-09-07T20:56:05+00:00","dateModified":"2024-02-13T12:53:36+00:00","description":"Descubra a integridade e a excel\u00eancia em nosso C\u00f3digo de Conduta! N\u00f3s nos comprometemos com pr\u00e1ticas comerciais respons\u00e1veis e transparentes, com foco em seguran\u00e7a, sustentabilidade, satisfa\u00e7\u00e3o do cliente e entrega honesta. Junte-se a n\u00f3s no caminho para o reconhecimento global.","breadcrumb":{"@id":"https:\/\/zh-test.co.uk\/code-of-conduct\/#breadcrumb"},"inLanguage":"pt-BR","potentialAction":[{"@type":"ReadAction","target":["https:\/\/zh-test.co.uk\/code-of-conduct\/"]}]},{"@type":"ImageObject","inLanguage":"pt-BR","@id":"https:\/\/zh-test.co.uk\/code-of-conduct\/#primaryimage","url":"https:\/\/zh-test.co.uk\/wp-content\/uploads\/2023\/09\/Header-2.jpg","contentUrl":"https:\/\/zh-test.co.uk\/wp-content\/uploads\/2023\/09\/Header-2.jpg","width":2500,"height":1767},{"@type":"BreadcrumbList","@id":"https:\/\/zh-test.co.uk\/code-of-conduct\/#breadcrumb","itemListElement":[{"@type":"ListItem","position":1,"name":"Home","item":"https:\/\/zh-test.co.uk\/"},{"@type":"ListItem","position":2,"name":"Code of Conduct"}]},{"@type":"WebSite","@id":"https:\/\/zh-test.co.uk\/#website","url":"https:\/\/zh-test.co.uk\/","name":"Ziemann Holvrieka","description":"","potentialAction":[{"@type":"SearchAction","target":{"@type":"EntryPoint","urlTemplate":"https:\/\/zh-test.co.uk\/?s={search_term_string}"},"query-input":{"@type":"PropertyValueSpecification","valueRequired":true,"valueName":"search_term_string"}}],"inLanguage":"pt-BR"}]}},"_links":{"self":[{"href":"https:\/\/zh-test.co.uk\/pt\/wp-json\/wp\/v2\/pages\/1984"}],"collection":[{"href":"https:\/\/zh-test.co.uk\/pt\/wp-json\/wp\/v2\/pages"}],"about":[{"href":"https:\/\/zh-test.co.uk\/pt\/wp-json\/wp\/v2\/types\/page"}],"author":[{"embeddable":true,"href":"https:\/\/zh-test.co.uk\/pt\/wp-json\/wp\/v2\/users\/1"}],"replies":[{"embeddable":true,"href":"https:\/\/zh-test.co.uk\/pt\/wp-json\/wp\/v2\/comments?post=1984"}],"version-history":[{"count":20,"href":"https:\/\/zh-test.co.uk\/pt\/wp-json\/wp\/v2\/pages\/1984\/revisions"}],"predecessor-version":[{"id":6517,"href":"https:\/\/zh-test.co.uk\/pt\/wp-json\/wp\/v2\/pages\/1984\/revisions\/6517"}],"wp:featuredmedia":[{"embeddable":true,"href":"https:\/\/zh-test.co.uk\/pt\/wp-json\/wp\/v2\/media\/1731"}],"wp:attachment":[{"href":"https:\/\/zh-test.co.uk\/pt\/wp-json\/wp\/v2\/media?parent=1984"}],"curies":[{"name":"wp","href":"https:\/\/api.w.org\/{rel}","templated":true}]}}