{"id":3,"date":"2023-05-16T10:01:33","date_gmt":"2023-05-16T09:01:33","guid":{"rendered":"https:\/\/zh-test.co.uk\/?page_id=3"},"modified":"2024-02-14T13:29:52","modified_gmt":"2024-02-14T13:29:52","slug":"privacy-policy","status":"publish","type":"page","link":"https:\/\/zh-test.co.uk\/pt\/politica-de-privacidade\/","title":{"rendered":"Declara\u00e7\u00e3o de prote\u00e7\u00e3o de dados"},"content":{"rendered":"<p>Obrigado por visitar nosso site. A prote\u00e7\u00e3o de dados pessoais e, portanto, de sua privacidade \u00e9 de grande import\u00e2ncia para a Ziemann Holvrieka. Veja abaixo as informa\u00e7\u00f5es sobre como usamos e protegemos seus dados. N\u00e3o \u00e9 preciso dizer que a Ziemann Holvrieka cumpre todas as normas legais de prote\u00e7\u00e3o de dados. Lembre-se de que a transmiss\u00e3o de dados pela Internet pode estar sujeita a vulnerabilidades de seguran\u00e7a. N\u00e3o \u00e9 poss\u00edvel uma prote\u00e7\u00e3o completa contra o acesso de terceiros.<\/p>\n\n\n\n<h4 class=\"wp-block-heading\" id=\"h-access-data\">Dados de acesso<\/h4>\n\n\n\n<p class=\"translation-block\">Voc\u00ea pode visitar nosso site sem fornecer nenhuma informa\u00e7\u00e3o pessoal. O provedor do site coleta dados sobre os acessos ao site e os salva como \"arquivos de registro do servidor\". Os seguintes dados s\u00e3o registrados dessa forma: site visitado, hora do acesso, quantidade de dados enviados em bytes, fonte\/refer\u00eancia a partir da qual voc\u00ea acessou o site, navegador usado, sistema operacional usado, endere\u00e7o IP usado.<br>Os dados coletados s\u00e3o usados exclusivamente para avalia\u00e7\u00f5es estat\u00edsticas e para melhorar o site. No entanto, o provedor do site se reserva o direito de verificar posteriormente os arquivos de registro do servidor se houver indica\u00e7\u00f5es concretas de uso ilegal. Esses dados somente ser\u00e3o repassados a terceiros se exigido por lei ou se uma decis\u00e3o judicial ordenar sua divulga\u00e7\u00e3o. Eles n\u00e3o ser\u00e3o transmitidos para fins comerciais ou n\u00e3o comerciais.<\/p>\n\n\n\n<h4 class=\"wp-block-heading\" id=\"h-data-collection-and-data-processing-for-contract-closure\">Coleta e processamento de dados para o encerramento do contrato<\/h4>\n\n\n\n<p>Coletamos e processamos os dados pessoais que voc\u00ea fornece voluntariamente com a finalidade de entrar em contato conosco (por exemplo, para registro, via formul\u00e1rio de contato ou por e-mail) ou para cumprir e processar nossas obriga\u00e7\u00f5es contratuais e para responder \u00e0s suas perguntas. Para fins de cumprimento de contrato, seus dados podem ser repassados a prestadores de servi\u00e7os contratados por n\u00f3s, por exemplo, a fornecedores e empresas de log\u00edstica. Ap\u00f3s o cumprimento do contrato, seus dados ser\u00e3o bloqueados para uso posterior e exclu\u00eddos ap\u00f3s a expira\u00e7\u00e3o dos per\u00edodos de reten\u00e7\u00e3o de acordo com a legisla\u00e7\u00e3o fiscal e comercial, a menos que voc\u00ea concorde expressamente com o uso posterior dos dados, conforme descrito abaixo:<\/p>\n\n\n\n<p><\/p>\n\n\n\n<h4 class=\"wp-block-heading\" id=\"h-cookies\">Cookies<\/h4>\n\n\n\n<p>Este site usa cookies. Esses s\u00e3o pequenos arquivos de texto que s\u00e3o armazenados em seu dispositivo. Seu navegador acessa esses arquivos. O uso de cookies aumenta a facilidade de uso e a seguran\u00e7a deste site.<br>Os navegadores comuns oferecem a op\u00e7\u00e3o de configura\u00e7\u00e3o para n\u00e3o aceitar cookies. Observa\u00e7\u00e3o: n\u00e3o h\u00e1 garantia de que voc\u00ea conseguir\u00e1 acessar todas as fun\u00e7\u00f5es deste site sem restri\u00e7\u00f5es se fizer as configura\u00e7\u00f5es apropriadas.<\/p>\n\n\n\n<h4 class=\"wp-block-heading\" id=\"h-google-analytics\">Google Analytics<\/h4>\n\n\n\n<p class=\"translation-block\">Este site usa o servi\u00e7o \"Google Analytics\", fornecido pela Google Inc. (1600 Amphitheatre Parkway Mountain View, CA 94043, EUA) para an\u00e1lise do uso do site pelos usu\u00e1rios. O servi\u00e7o usa \"cookies\", arquivos de texto que s\u00e3o armazenados em seu dispositivo. As informa\u00e7\u00f5es coletadas pelos cookies geralmente s\u00e3o enviadas e armazenadas em um servidor do Google nos EUA.<br>Este site est\u00e1 sujeito \u00e0 anonimiza\u00e7\u00e3o do IP. O endere\u00e7o IP dos usu\u00e1rios dentro dos estados membros da UE e do Espa\u00e7o Econ\u00f4mico Europeu \u00e9 abreviado. Essa abrevia\u00e7\u00e3o elimina a refer\u00eancia pessoal ao seu endere\u00e7o IP.<br>Voc\u00ea tem a op\u00e7\u00e3o de impedir o armazenamento de cookies no seu dispositivo fazendo as configura\u00e7\u00f5es apropriadas no seu navegador. N\u00e3o h\u00e1 garantia de que voc\u00ea poder\u00e1 acessar todas as fun\u00e7\u00f5es deste site sem restri\u00e7\u00f5es se o seu navegador n\u00e3o permitir cookies.<br>Voc\u00ea tamb\u00e9m pode usar um plug-in de navegador para impedir que as informa\u00e7\u00f5es coletadas por cookies (incluindo seu endere\u00e7o IP) sejam enviadas e usadas pelo Google Inc. O link a seguir leva voc\u00ea ao plug-in correspondente: <a href=\"https:\/\/tools.google.com\/dlpage\/gaoptout?hl=en\" target=\"_self\">https:\/\/tools.google.com\/dlpage\/gaoptout?hl=en<\/a><br>Alternativamente, voc\u00ea pode impedir que o Google Analytics colete dados sobre voc\u00ea neste site clicando neste link <a href=\"https:\/\/zh-test.co.uk\/pt\/privacy\/\" target=\"_self\">Disable Google Analytics<\/a>. Ao clicar no link acima, voc\u00ea pode fazer o download de um \"Opt-Out-Cookie\". Portanto, seu navegador deve essencialmente permitir o armazenamento de cookies. Se voc\u00ea excluir seus cookies regularmente, precisar\u00e1 clicar no link novamente sempre que visitar este site.<br>Clique aqui para obter mais informa\u00e7\u00f5es sobre o uso de dados pelo Google Inc: <a href=\"https:\/\/support.google.com\/analytics\/answer\/6004245?hl=en\" target=\"_self\">https:\/\/support.google.com\/analytics\/answer\/6004245?hl=en<\/a><\/p>\n\n\n\n<h4 class=\"wp-block-heading\" id=\"h-google-tag-manager\">Gerenciador de tags do Google<\/h4>\n\n\n\n<p class=\"translation-block\">Este site usa o Google Tag Manager. Isso nos permite, como operadores do site, gerenciar as tags do site. Essas tags s\u00e3o blocos de constru\u00e7\u00e3o de c\u00f3digo JavaScript e\/ou html que podem ser usados para acionar ou fornecer fun\u00e7\u00f5es adicionais em nosso site. Em particular, usamos esses blocos de constru\u00e7\u00e3o para habilitar servi\u00e7os de an\u00e1lise da Web (como o Google Analytics) que registram a chegada, o comportamento, a dura\u00e7\u00e3o da visita e o abandono do site pelos usu\u00e1rios. Os detalhes dos servi\u00e7os de an\u00e1lise da Web usados em nosso site est\u00e3o especificados acima. O Google Tag Manager gerencia essas tags e as ativa durante a intera\u00e7\u00e3o com o usu\u00e1rio. A coleta, o armazenamento e o processamento de dados pessoais s\u00e3o realizados somente por meio dos servi\u00e7os de an\u00e1lise da Web correspondentes e n\u00e3o pelo pr\u00f3prio Google Tag Manager. Se um servi\u00e7o de an\u00e1lise da Web for desativado pelo usu\u00e1rio, o Google Tag Manager tamb\u00e9m n\u00e3o poder\u00e1 ativar o servi\u00e7o.<br><br>Para obter mais informa\u00e7\u00f5es sobre o Google Tag Manager, siga o link: <strong><a href=\"https:\/\/www.google.com\/intl\/de\/tagmanager\/use-policy.html\" target=\"_self\"><\/a><a href=\"https:\/\/www.google.com\/intl\/de\/tagmanager\/use-policy.html\" target=\"_self\">https:\/\/www.google.com\/intl\/de\/tagmanager\/use-policy.html<\/a><\/strong><\/p>\n\n\n\n<h4 class=\"wp-block-heading\" id=\"h-the-use-of-linkedin\">O uso do LinkedIn<\/h4>\n\n\n\n<p class=\"translation-block\">Nosso site usa as fun\u00e7\u00f5es de rede do LinkedIn. O provedor \u00e9 a LinkedIn Corporation, 2029 Stierlin Court, Mountain View, CA 94043, EUA. Toda vez que voc\u00ea visita uma de nossas p\u00e1ginas que cont\u00e9m fun\u00e7\u00f5es do LinkedIn, \u00e9 estabelecida uma conex\u00e3o com os servidores do LinkedIn. O LinkedIn \u00e9 informado de que voc\u00ea visitou nosso site com seu endere\u00e7o IP. Se voc\u00ea clicar no \"bot\u00e3o Recomendar\" do LinkedIn e estiver conectado \u00e0 sua conta do LinkedIn, o LinkedIn poder\u00e1 associar sua visita ao nosso site a voc\u00ea e \u00e0 sua conta de usu\u00e1rio. Observe que n\u00f3s, como provedores das p\u00e1ginas da Web, n\u00e3o temos conhecimento do conte\u00fado dos dados transmitidos e de seu uso pelo LinkedIn.<br>Para obter mais informa\u00e7\u00f5es, consulte a pol\u00edtica de privacidade do LinkedIn: <a href=\"https:\/\/www.linkedin.com\/legal\/privacy-policy\" target=\"_self\">https:\/\/www.linkedin.com\/legal\/privacy-policy<\/a><\/p>\n\n\n\n<h4 class=\"wp-block-heading\" id=\"h-the-right-to-objection\">O direito de obje\u00e7\u00e3o<\/h4>\n\n\n\n<p>Voc\u00ea pode se opor ao processamento de seus dados pessoais a qualquer momento, sem apresentar motivos. Se voc\u00ea fizer uso disso ou n\u00e3o disponibilizar seus dados, o contrato n\u00e3o poder\u00e1 ser cumprido. Se processarmos seus dados para proteger interesses leg\u00edtimos, voc\u00ea poder\u00e1 se opor a esse processamento por motivos decorrentes de sua situa\u00e7\u00e3o espec\u00edfica. N\u00e3o processaremos mais seus dados pessoais, a menos que possamos comprovar motivos convincentes e dignos de prote\u00e7\u00e3o para o processamento que superem seus interesses, direitos e liberdades fundamentais, ou que o processamento sirva para afirmar, exercer ou defender reivindica\u00e7\u00f5es legais (Art. 6, par\u00e1grafo 1, lit. f do GDPR).<\/p>\n\n\n\n<h4 class=\"wp-block-heading\" id=\"h-the-right-to-information-correction-and-erasure\">O direito \u00e0 informa\u00e7\u00e3o, corre\u00e7\u00e3o e exclus\u00e3o<\/h4>\n\n\n\n<p class=\"translation-block\">Voc\u00ea tem o direito de exigir informa\u00e7\u00f5es sobre se e quais dados armazenamos a seu respeito, a qualquer momento e sem apresentar justificativas. Al\u00e9m disso, voc\u00ea pode ter os dados que coletamos sobre voc\u00ea bloqueados, exclu\u00eddos ou corrigidos. Para isso, entre em contato com a pessoa respons\u00e1vel em nossa empresa especificada na impress\u00e3o ou com a seguinte pessoa de contato para prote\u00e7\u00e3o de dados:<br><a href=\"mailto:datenschutz@ziemann-holvrieka.com\" target=\"_self\">datenschutz@ziemann-holvrieka.com<\/a><br><strong>Data Protection Officer:<\/strong><br>Attorney Gerald W.H. Ott, Alexanderstr. 14 B, 70184 Stuttgart, Alemanha<br>Tel: +49 711 248 6612 Fax: +49 711 248 6618<\/p>\n\n\n\n<h4 class=\"wp-block-heading\" id=\"h-further-rights\">Outros direitos<\/h4>\n\n\n\n<p class=\"translation-block\">Em caso de viola\u00e7\u00e3o da prote\u00e7\u00e3o de dados, voc\u00ea pode encaminhar sua reclama\u00e7\u00e3o diretamente ao respons\u00e1vel pela prote\u00e7\u00e3o de dados mencionado acima ou \u00e0 autoridade supervisora respons\u00e1vel: (<a href=\"https:\/\/www.baden-wuerttemberg.datenschutz.de\/\" target=\"_self\">https:\/\/www.baden-wuerttemberg.datenschutz.de<\/a>).<br>Reservamo-nos o direito de alterar a pol\u00edtica de privacidade.<br>A partir de maio de 2018.<\/p>","protected":false},"excerpt":{"rendered":"<p>Thank you for visiting our website. The protection of personal data and therefore your privacy is of great relevance to Ziemann Holvrieka. Please find information [&hellip;]<\/p>\n","protected":false},"author":1,"featured_media":0,"parent":0,"menu_order":0,"comment_status":"closed","ping_status":"open","template":"templates\/simple-page.php","meta":{"footnotes":""},"yoast_head":"<!-- This site is optimized with the Yoast SEO Premium plugin v21.7 (Yoast SEO v23.5) - https:\/\/yoast.com\/wordpress\/plugins\/seo\/ -->\n<title>Data protection declaration - Ziemann Holvrieka<\/title>\n<meta name=\"description\" content=\"Your privacy matters. Ziemann Holvrieka values the protection of your personal data. Learn how we handle and safeguard your information in compliance with data protection regulations. Please note, internet data transmission may have vulnerabilities.\" \/>\n<meta name=\"robots\" content=\"noindex, follow, max-snippet:-1, max-image-preview:large, max-video-preview:-1\" \/>\n<meta property=\"og:locale\" content=\"pt_BR\" \/>\n<meta property=\"og:type\" content=\"article\" \/>\n<meta property=\"og:title\" content=\"Data protection declaration\" \/>\n<meta property=\"og:description\" content=\"Your privacy matters. Ziemann Holvrieka values the protection of your personal data. Learn how we handle and safeguard your information in compliance with data protection regulations. Please note, internet data transmission may have vulnerabilities.\" \/>\n<meta property=\"og:url\" content=\"https:\/\/zh-test.co.uk\/pt\/politica-de-privacidade\/\" \/>\n<meta property=\"og:site_name\" content=\"Ziemann Holvrieka\" \/>\n<meta property=\"article:publisher\" content=\"https:\/\/www.linkedin.com\/company\/ziemann-international-gmbh\" \/>\n<meta property=\"article:modified_time\" content=\"2024-02-14T13:29:52+00:00\" \/>\n<meta name=\"twitter:card\" content=\"summary_large_image\" \/>\n<meta name=\"twitter:label1\" content=\"Est. tempo de leitura\" \/>\n\t<meta name=\"twitter:data1\" content=\"7 minutos\" \/>\n<script type=\"application\/ld+json\" class=\"yoast-schema-graph\">{\"@context\":\"https:\/\/schema.org\",\"@graph\":[{\"@type\":\"WebPage\",\"@id\":\"https:\/\/zh-test.co.uk\/en\/privacy-policy\/\",\"url\":\"https:\/\/zh-test.co.uk\/en\/privacy-policy\/\",\"name\":\"Data protection declaration - Ziemann Holvrieka\",\"isPartOf\":{\"@id\":\"https:\/\/zh-test.co.uk\/#website\"},\"datePublished\":\"2023-05-16T09:01:33+00:00\",\"dateModified\":\"2024-02-14T13:29:52+00:00\",\"description\":\"Your privacy matters. Ziemann Holvrieka values the protection of your personal data. Learn how we handle and safeguard your information in compliance with data protection regulations. Please note, internet data transmission may have vulnerabilities.\",\"breadcrumb\":{\"@id\":\"https:\/\/zh-test.co.uk\/en\/privacy-policy\/#breadcrumb\"},\"inLanguage\":\"pt-BR\",\"potentialAction\":[{\"@type\":\"ReadAction\",\"target\":[\"https:\/\/zh-test.co.uk\/en\/privacy-policy\/\"]}]},{\"@type\":\"BreadcrumbList\",\"@id\":\"https:\/\/zh-test.co.uk\/en\/privacy-policy\/#breadcrumb\",\"itemListElement\":[{\"@type\":\"ListItem\",\"position\":1,\"name\":\"Home\",\"item\":\"https:\/\/zh-test.co.uk\/\"},{\"@type\":\"ListItem\",\"position\":2,\"name\":\"Data protection declaration\"}]},{\"@type\":\"WebSite\",\"@id\":\"https:\/\/zh-test.co.uk\/#website\",\"url\":\"https:\/\/zh-test.co.uk\/\",\"name\":\"Ziemann Holvrieka\",\"description\":\"\",\"potentialAction\":[{\"@type\":\"SearchAction\",\"target\":{\"@type\":\"EntryPoint\",\"urlTemplate\":\"https:\/\/zh-test.co.uk\/?s={search_term_string}\"},\"query-input\":{\"@type\":\"PropertyValueSpecification\",\"valueRequired\":true,\"valueName\":\"search_term_string\"}}],\"inLanguage\":\"pt-BR\"}]}<\/script>\n<!-- \/ Yoast SEO Premium plugin. -->","yoast_head_json":{"title":"Declara\u00e7\u00e3o de prote\u00e7\u00e3o de dados - Ziemann Holvrieka","description":"Sua privacidade \u00e9 importante. A Ziemann Holvrieka valoriza a prote\u00e7\u00e3o de seus dados pessoais. Saiba como tratamos e protegemos suas informa\u00e7\u00f5es em conformidade com as normas de prote\u00e7\u00e3o de dados. Observe que a transmiss\u00e3o de dados pela Internet pode apresentar vulnerabilidades.","robots":{"index":"noindex","follow":"follow","max-snippet":"max-snippet:-1","max-image-preview":"max-image-preview:large","max-video-preview":"max-video-preview:-1"},"og_locale":"pt_BR","og_type":"article","og_title":"Data protection declaration","og_description":"Your privacy matters. Ziemann Holvrieka values the protection of your personal data. Learn how we handle and safeguard your information in compliance with data protection regulations. Please note, internet data transmission may have vulnerabilities.","og_url":"https:\/\/zh-test.co.uk\/pt\/politica-de-privacidade\/","og_site_name":"Ziemann Holvrieka","article_publisher":"https:\/\/www.linkedin.com\/company\/ziemann-international-gmbh","article_modified_time":"2024-02-14T13:29:52+00:00","twitter_card":"summary_large_image","twitter_misc":{"Est. tempo de leitura":"7 minutos"},"schema":{"@context":"https:\/\/schema.org","@graph":[{"@type":"WebPage","@id":"https:\/\/zh-test.co.uk\/en\/privacy-policy\/","url":"https:\/\/zh-test.co.uk\/en\/privacy-policy\/","name":"Declara\u00e7\u00e3o de prote\u00e7\u00e3o de dados - Ziemann Holvrieka","isPartOf":{"@id":"https:\/\/zh-test.co.uk\/#website"},"datePublished":"2023-05-16T09:01:33+00:00","dateModified":"2024-02-14T13:29:52+00:00","description":"Sua privacidade \u00e9 importante. A Ziemann Holvrieka valoriza a prote\u00e7\u00e3o de seus dados pessoais. Saiba como tratamos e protegemos suas informa\u00e7\u00f5es em conformidade com as normas de prote\u00e7\u00e3o de dados. Observe que a transmiss\u00e3o de dados pela Internet pode apresentar vulnerabilidades.","breadcrumb":{"@id":"https:\/\/zh-test.co.uk\/en\/privacy-policy\/#breadcrumb"},"inLanguage":"pt-BR","potentialAction":[{"@type":"ReadAction","target":["https:\/\/zh-test.co.uk\/en\/privacy-policy\/"]}]},{"@type":"BreadcrumbList","@id":"https:\/\/zh-test.co.uk\/en\/privacy-policy\/#breadcrumb","itemListElement":[{"@type":"ListItem","position":1,"name":"Home","item":"https:\/\/zh-test.co.uk\/"},{"@type":"ListItem","position":2,"name":"Data protection declaration"}]},{"@type":"WebSite","@id":"https:\/\/zh-test.co.uk\/#website","url":"https:\/\/zh-test.co.uk\/","name":"Ziemann Holvrieka","description":"","potentialAction":[{"@type":"SearchAction","target":{"@type":"EntryPoint","urlTemplate":"https:\/\/zh-test.co.uk\/?s={search_term_string}"},"query-input":{"@type":"PropertyValueSpecification","valueRequired":true,"valueName":"search_term_string"}}],"inLanguage":"pt-BR"}]}},"_links":{"self":[{"href":"https:\/\/zh-test.co.uk\/pt\/wp-json\/wp\/v2\/pages\/3"}],"collection":[{"href":"https:\/\/zh-test.co.uk\/pt\/wp-json\/wp\/v2\/pages"}],"about":[{"href":"https:\/\/zh-test.co.uk\/pt\/wp-json\/wp\/v2\/types\/page"}],"author":[{"embeddable":true,"href":"https:\/\/zh-test.co.uk\/pt\/wp-json\/wp\/v2\/users\/1"}],"replies":[{"embeddable":true,"href":"https:\/\/zh-test.co.uk\/pt\/wp-json\/wp\/v2\/comments?post=3"}],"version-history":[{"count":3,"href":"https:\/\/zh-test.co.uk\/pt\/wp-json\/wp\/v2\/pages\/3\/revisions"}],"predecessor-version":[{"id":6530,"href":"https:\/\/zh-test.co.uk\/pt\/wp-json\/wp\/v2\/pages\/3\/revisions\/6530"}],"wp:attachment":[{"href":"https:\/\/zh-test.co.uk\/pt\/wp-json\/wp\/v2\/media?parent=3"}],"curies":[{"name":"wp","href":"https:\/\/api.w.org\/{rel}","templated":true}]}}