{"id":5629,"date":"2023-11-22T13:19:27","date_gmt":"2023-11-22T13:19:27","guid":{"rendered":"https:\/\/zh-test.co.uk\/?page_id=5629"},"modified":"2023-12-06T12:01:42","modified_gmt":"2023-12-06T12:01:42","slug":"industriekaufmann","status":"publish","type":"page","link":"https:\/\/zh-test.co.uk\/pt\/carreiras\/aprendizes\/industria\/","title":{"rendered":"Analista industrial (m\/w\/d)"},"content":{"rendered":"<div class=\"wp-block-group container is-layout-constrained wp-block-group-is-layout-constrained\"><div class=\"wp-block-group__inner-container\">\n<section class=\"wp-block-group has-theme-white-background-color has-background is-layout-constrained wp-block-group-is-layout-constrained\"><div class=\"wp-block-group__inner-container\">\n<div class=\"wp-block-columns has-theme-primary-background-color has-background is-layout-flex wp-container-core-columns-layout-1 wp-block-columns-is-layout-flex\">\n<div class=\"wp-block-column is-layout-flow wp-block-column-is-layout-flow\">\n<figure class=\"wp-block-image size-large is-resized\" style=\"text-align: center; margin-top: 20px;\">\n    <img decoding=\"async\" src=\"https:\/\/zh-test.co.uk\/wp-content\/uploads\/2023\/11\/Klindtworth_M669682-scaled.jpg\" alt=\"\" class=\"wp-image-1572\" style=\"object-fit: cover; width: 550px; height: 750px; display: inline-block;\"\/>\n<\/figure>\n<\/div>\n\n\n\n<div class=\"wp-block-column has-theme-white-color has-theme-primary-background-color has-text-color has-background has-link-color has-medium-font-size wp-elements-05ea27823bb9734b9a8a59f7ff1d77fa is-layout-flow wp-block-column-is-layout-flow\">\n<p class=\"has-theme-white-color has-theme-primary-background-color has-text-color has-background has-link-color wp-elements-f9e017328e19db572fa5ba2677f36fb5\"><br>Escola de forma\u00e7\u00e3o: Ludwigsburg<br><br>Dura\u00e7\u00e3o da forma\u00e7\u00e3o. 3 anos<br><br>Pedido: Mente. Vida pequena<\/p>\n\n\n\n<h5 class=\"wp-block-heading\" id=\"h-ausbildungsinhalte\">Ausbildungsinhalte:<\/h5>\n\n\n\n<ul>\n<li>Economia de materiais (Einkauf, Versand und Lager)<\/li>\n\n\n\n<li>Produktionswirtschaft (Arbeitsvorbereitung, Auftragsabwicklung,<br>Montagem)<\/li>\n\n\n\n<li>Personalwesen (Departamento Pessoal)<\/li>\n\n\n\n<li>Absatzwirtschaft (Verkauf und Versand)<\/li>\n\n\n\n<li>Finanz- und Rechnungswesen (Buchf\u00fchrung, Zahlungsverkehr,<br>Custos e treinamento)<br><br><br>Qualifizierungslehrg\u00e4nge und Weiterbildungsm\u00f6glichkeiten:<br><\/li>\n\n\n\n<li>Fachkaufmann (m\/w\/d), z.B. f\u00fcr Personal<\/li>\n\n\n\n<li>Bilanzbuchhalter (m\/w\/d)<\/li>\n\n\n\n<li>Gerente industrial (m\/w\/d)<\/li>\n\n\n\n<li>Gerente de Neg\u00f3cios (m\/w\/d)<\/li>\n\n\n\n<li>T\u00e9cnico em finan\u00e7as (m\/w\/d)<\/li>\n\n\n\n<li>Nach dem Erwerb der Hochschulreife:<br>z.B. Studium Betriebswirtschaftslehre, Wirtschaftsingenieurwesen,<br>Administra\u00e7\u00e3o de empresas, psicologia econ\u00f4mica,<br>Direito Administrativo<br><br><\/li>\n<\/ul>\n\n\n\n<p>Entre em contato conosco - estamos felizes com voc\u00ea!<br><\/p>\n\n\n\n<p>Assistente de parceiro para o escrit\u00f3rio de Ludwigsburg<br>Adriana D'Amico<br>Tel. +49 7141 408-419<br>E-mail: ausbildung@ziemann-holvrieka.com<\/p>\n<\/div>\n<\/div>\n<\/div><\/section>\n<\/div><\/div>\n\n\n\n<div class=\"wp-block-group container is-nowrap is-layout-flex wp-container-core-group-layout-3 wp-block-group-is-layout-flex\">\n<p><\/p>\n<\/div>\n\n\n\n<div class=\"wp-block-columns gap-none has-theme-primary-background-color has-background is-layout-flex wp-container-core-columns-layout-2 wp-block-columns-is-layout-flex\">\n<div class=\"wp-block-column is-layout-flow wp-block-column-is-layout-flow\">\n<div class=\"wp-block-cover\"><span aria-hidden=\"true\" class=\"wp-block-cover__background has-background-dim-0 has-background-dim\"><\/span><img loading=\"lazy\" decoding=\"async\" width=\"768\" height=\"994\" class=\"wp-block-cover__image-background wp-image-775\" alt=\"gr\u00e1fico de fundo\" src=\"https:\/\/zh-test.co.uk\/wp-content\/uploads\/2023\/08\/background-graphic.png\" data-object-fit=\"cover\" srcset=\"https:\/\/zh-test.co.uk\/wp-content\/uploads\/2023\/08\/background-graphic.png 768w, https:\/\/zh-test.co.uk\/wp-content\/uploads\/2023\/08\/background-graphic-232x300.png 232w, https:\/\/zh-test.co.uk\/wp-content\/uploads\/2023\/08\/background-graphic-464x600.png 464w\" sizes=\"(max-width: 768px) 100vw, 768px\" \/><div class=\"wp-block-cover__inner-container is-layout-constrained wp-block-cover-is-layout-constrained\">\n<div class=\"wp-block-group left-container flex flex-center is-layout-constrained wp-block-group-is-layout-constrained\"><div class=\"wp-block-group__inner-container\">\n<h4 class=\"wp-block-heading has-theme-white-color has-text-color\" id=\"h-working-life-at-ziemann-holvrieka\">Vida profissional na Ziemann Holvrieka <\/h4>\n\n\n\n<p>Na Ziemann Holvrieka, sabemos que um bom equil\u00edbrio entre vida pessoal e profissional \u00e9 de grande import\u00e2ncia. \u00c9 por isso que oferecemos aos nossos funcion\u00e1rios uma ampla gama de benef\u00edcios que lhes permitem alcan\u00e7ar o melhor equil\u00edbrio poss\u00edvel entre vida pessoal e profissional.<\/p>\n<\/div><\/div>\n<\/div><\/div>\n<\/div>\n\n\n\n<div class=\"wp-block-column is-layout-flow wp-block-column-is-layout-flow\">\n<div class=\"wp-block-cover is-light\"><span aria-hidden=\"true\" class=\"wp-block-cover__background has-background-dim-0 has-background-dim\"><\/span><img loading=\"lazy\" decoding=\"async\" width=\"2000\" height=\"1332\" class=\"wp-block-cover__image-background wp-image-2033\" alt=\"\" src=\"https:\/\/zh-test.co.uk\/wp-content\/uploads\/2023\/09\/students.jpeg\" data-object-fit=\"cover\" srcset=\"https:\/\/zh-test.co.uk\/wp-content\/uploads\/2023\/09\/students.jpeg 2000w, https:\/\/zh-test.co.uk\/wp-content\/uploads\/2023\/09\/students-300x200.jpeg 300w, https:\/\/zh-test.co.uk\/wp-content\/uploads\/2023\/09\/students-1024x682.jpeg 1024w, https:\/\/zh-test.co.uk\/wp-content\/uploads\/2023\/09\/students-768x511.jpeg 768w, https:\/\/zh-test.co.uk\/wp-content\/uploads\/2023\/09\/students-1536x1023.jpeg 1536w, https:\/\/zh-test.co.uk\/wp-content\/uploads\/2023\/09\/students-18x12.jpeg 18w, https:\/\/zh-test.co.uk\/wp-content\/uploads\/2023\/09\/students-600x400.jpeg 600w, https:\/\/zh-test.co.uk\/wp-content\/uploads\/2023\/09\/students-1200x799.jpeg 1200w, https:\/\/zh-test.co.uk\/wp-content\/uploads\/2023\/09\/students-1920x1279.jpeg 1920w\" sizes=\"(max-width: 2000px) 100vw, 2000px\" \/><div class=\"wp-block-cover__inner-container is-layout-flow wp-block-cover-is-layout-flow\">\n<p class=\"has-text-align-center has-large-font-size\"><\/p>\n<\/div><\/div>\n<\/div>\n<\/div>\n\n\n\n<section class=\"wp-block-group has-theme-white-background-color has-background is-layout-constrained wp-block-group-is-layout-constrained\"><div class=\"wp-block-group__inner-container\">\n<div class=\"wp-block-group container is-layout-constrained wp-block-group-is-layout-constrained\"><div class=\"wp-block-group__inner-container\">\n<div class=\"wp-block-columns is-layout-flex wp-container-core-columns-layout-3 wp-block-columns-is-layout-flex\">\n<div class=\"wp-block-column is-layout-flow wp-block-column-is-layout-flow\" style=\"flex-basis:66.66%\">\n<h3 class=\"wp-block-heading has-theme-secondary-text-color has-text-color\" id=\"h-benefits-of-working-at-ziemann-holvrieka\">Benef\u00edcios de trabalhar na Ziemann Holvrieka<\/h3>\n\n\n\n<div style=\"height:20px\" aria-hidden=\"true\" class=\"wp-block-spacer\"><\/div>\n<\/div>\n\n\n\n<div class=\"wp-block-column is-layout-flow wp-block-column-is-layout-flow\" style=\"flex-basis:33.33%\"><\/div>\n<\/div>\n\n\n\n<div class=\"wp-block-columns gap-100 is-layout-flex wp-container-core-columns-layout-4 wp-block-columns-is-layout-flex\">\n<div class=\"wp-block-column is-layout-flow wp-block-column-is-layout-flow\">\n<ul>\n<li>Hor\u00e1rio de trabalho flex\u00edvel entre 6h e 20h*.<\/li>\n\n\n\n<li>At\u00e9 2 dias de trabalho m\u00f3vel por semana*<\/li>\n\n\n\n<li>Conta de tempo de trabalho para planejamento individual<\/li>\n\n\n\n<li>Acordo coletivo de sal\u00e1rios (acordo coletivo de sal\u00e1rios do setor metal\u00fargico e el\u00e9trico)<\/li>\n\n\n\n<li>Job bike para uma mobilidade ecologicamente correta<\/li>\n\n\n\n<li>Treinamento e educa\u00e7\u00e3o continuada para o crescimento pessoal<\/li>\n\n\n\n<li>Subs\u00eddio de viagem para facilitar o deslocamento<\/li>\n\n\n\n<li>Plano de pens\u00e3o da empresa para um futuro seguro<\/li>\n\n\n\n<li>Benef\u00edcios de forma\u00e7\u00e3o de capital para suporte adicional<\/li>\n<\/ul>\n<\/div>\n\n\n\n<div class=\"wp-block-column is-layout-flow wp-block-column-is-layout-flow\">\n<ul>\n<li>14 sal\u00e1rios para estabilidade financeira<\/li>\n\n\n\n<li>30 dias de f\u00e9rias para descanso suficiente<\/li>\n\n\n\n<li>35 horas semanais de trabalho para mais tempo livre<\/li>\n\n\n\n<li>Locais de trabalho modernos para um trabalho eficiente<\/li>\n\n\n\n<li>Localiza\u00e7\u00e3o central com boas conex\u00f5es de transporte p\u00fablico para acessibilidade conveniente<\/li>\n\n\n\n<li>Estacionamento para funcion\u00e1rios para um deslocamento sem estresse<\/li>\n\n\n\n<li>Eventos da empresa para um forte sentimento de equipe<\/li>\n\n\n\n<li>Bebidas como agradecimento especial<\/li>\n<\/ul>\n<\/div>\n<\/div>\n<\/div><\/div>\n<\/div><\/section>\n\n\n\n<div class=\"wp-block-group container no-padding is-layout-constrained wp-block-group-is-layout-constrained\"><div class=\"wp-block-group__inner-container\">\n<p class=\"has-text-align-left\">   *Para trabalhos de escrit\u00f3rio<\/p>\n\n\n\n<div style=\"height:50px\" aria-hidden=\"true\" class=\"wp-block-spacer\"><\/div>\n<\/div><\/div>","protected":false},"excerpt":{"rendered":"<p>Ausbildungsst\u00e4tte: Ludwigsburg Ausbildungsdauer. 3 Jahre Anforderung: Mind. Mittlere Reife Ausbildungsinhalte: Fragen Sie bei uns an \u2013 wir freuen uns auf Sie! Ansprechpartnerin f\u00fcr den Standort [&hellip;]<\/p>\n","protected":false},"author":2,"featured_media":5632,"parent":2516,"menu_order":0,"comment_status":"closed","ping_status":"closed","template":"templates\/careers.php","meta":{"footnotes":""},"yoast_head":"<!-- This site is optimized with the Yoast SEO Premium plugin v21.7 (Yoast SEO v23.5) - https:\/\/yoast.com\/wordpress\/plugins\/seo\/ -->\n<title>Industriekaufmann (m\/w\/d) - Ziemann Holvrieka<\/title>\n<meta name=\"robots\" content=\"noindex, follow, max-snippet:-1, max-image-preview:large, max-video-preview:-1\" \/>\n<meta property=\"og:locale\" content=\"pt_BR\" \/>\n<meta property=\"og:type\" content=\"article\" \/>\n<meta property=\"og:title\" content=\"Industriekaufmann (m\/w\/d)\" \/>\n<meta property=\"og:description\" content=\"Ausbildungsst\u00e4tte: Ludwigsburg Ausbildungsdauer. 3 Jahre Anforderung: Mind. Mittlere Reife Ausbildungsinhalte: Fragen Sie bei uns an \u2013 wir freuen uns auf Sie! Ansprechpartnerin f\u00fcr den Standort [&hellip;]\" \/>\n<meta property=\"og:url\" content=\"https:\/\/zh-test.co.uk\/pt\/carreiras\/aprendizes\/industria\/\" \/>\n<meta property=\"og:site_name\" content=\"Ziemann Holvrieka\" \/>\n<meta property=\"article:publisher\" content=\"https:\/\/www.linkedin.com\/company\/ziemann-international-gmbh\" \/>\n<meta property=\"article:modified_time\" content=\"2023-12-06T12:01:42+00:00\" \/>\n<meta property=\"og:image\" content=\"https:\/\/zh-test.co.uk\/wp-content\/uploads\/2023\/11\/Klindtworth_M669853-scaled.jpg\" \/>\n\t<meta property=\"og:image:width\" content=\"2560\" \/>\n\t<meta property=\"og:image:height\" content=\"1705\" \/>\n\t<meta property=\"og:image:type\" content=\"image\/jpeg\" \/>\n<meta name=\"twitter:card\" content=\"summary_large_image\" \/>\n<meta name=\"twitter:label1\" content=\"Est. tempo de leitura\" \/>\n\t<meta name=\"twitter:data1\" content=\"2 minutos\" \/>\n<script type=\"application\/ld+json\" class=\"yoast-schema-graph\">{\"@context\":\"https:\/\/schema.org\",\"@graph\":[{\"@type\":\"WebPage\",\"@id\":\"https:\/\/zh-test.co.uk\/careers\/apprentices\/industriekaufmann\/\",\"url\":\"https:\/\/zh-test.co.uk\/careers\/apprentices\/industriekaufmann\/\",\"name\":\"Industriekaufmann (m\/w\/d) - Ziemann Holvrieka\",\"isPartOf\":{\"@id\":\"https:\/\/zh-test.co.uk\/#website\"},\"primaryImageOfPage\":{\"@id\":\"https:\/\/zh-test.co.uk\/careers\/apprentices\/industriekaufmann\/#primaryimage\"},\"image\":{\"@id\":\"https:\/\/zh-test.co.uk\/careers\/apprentices\/industriekaufmann\/#primaryimage\"},\"thumbnailUrl\":\"https:\/\/zh-test.co.uk\/wp-content\/uploads\/2023\/11\/Klindtworth_M669853-scaled.jpg\",\"datePublished\":\"2023-11-22T13:19:27+00:00\",\"dateModified\":\"2023-12-06T12:01:42+00:00\",\"breadcrumb\":{\"@id\":\"https:\/\/zh-test.co.uk\/careers\/apprentices\/industriekaufmann\/#breadcrumb\"},\"inLanguage\":\"pt-BR\",\"potentialAction\":[{\"@type\":\"ReadAction\",\"target\":[\"https:\/\/zh-test.co.uk\/careers\/apprentices\/industriekaufmann\/\"]}]},{\"@type\":\"ImageObject\",\"inLanguage\":\"pt-BR\",\"@id\":\"https:\/\/zh-test.co.uk\/careers\/apprentices\/industriekaufmann\/#primaryimage\",\"url\":\"https:\/\/zh-test.co.uk\/wp-content\/uploads\/2023\/11\/Klindtworth_M669853-scaled.jpg\",\"contentUrl\":\"https:\/\/zh-test.co.uk\/wp-content\/uploads\/2023\/11\/Klindtworth_M669853-scaled.jpg\",\"width\":2560,\"height\":1705},{\"@type\":\"BreadcrumbList\",\"@id\":\"https:\/\/zh-test.co.uk\/careers\/apprentices\/industriekaufmann\/#breadcrumb\",\"itemListElement\":[{\"@type\":\"ListItem\",\"position\":1,\"name\":\"Home\",\"item\":\"https:\/\/zh-test.co.uk\/\"},{\"@type\":\"ListItem\",\"position\":2,\"name\":\"Careers\",\"item\":\"https:\/\/zh-test.co.uk\/careers\/\"},{\"@type\":\"ListItem\",\"position\":3,\"name\":\"Apprentices\",\"item\":\"https:\/\/zh-test.co.uk\/careers\/apprentices\/\"},{\"@type\":\"ListItem\",\"position\":4,\"name\":\"Industriekaufmann (m\/w\/d)\"}]},{\"@type\":\"WebSite\",\"@id\":\"https:\/\/zh-test.co.uk\/#website\",\"url\":\"https:\/\/zh-test.co.uk\/\",\"name\":\"Ziemann Holvrieka\",\"description\":\"\",\"potentialAction\":[{\"@type\":\"SearchAction\",\"target\":{\"@type\":\"EntryPoint\",\"urlTemplate\":\"https:\/\/zh-test.co.uk\/?s={search_term_string}\"},\"query-input\":{\"@type\":\"PropertyValueSpecification\",\"valueRequired\":true,\"valueName\":\"search_term_string\"}}],\"inLanguage\":\"pt-BR\"}]}<\/script>\n<!-- \/ Yoast SEO Premium plugin. -->","yoast_head_json":{"title":"Gerente industrial (m\/w\/d) - Ziemann Holvrieka","robots":{"index":"noindex","follow":"follow","max-snippet":"max-snippet:-1","max-image-preview":"max-image-preview:large","max-video-preview":"max-video-preview:-1"},"og_locale":"pt_BR","og_type":"article","og_title":"Industriekaufmann (m\/w\/d)","og_description":"Ausbildungsst\u00e4tte: Ludwigsburg Ausbildungsdauer. 3 Jahre Anforderung: Mind. Mittlere Reife Ausbildungsinhalte: Fragen Sie bei uns an \u2013 wir freuen uns auf Sie! Ansprechpartnerin f\u00fcr den Standort [&hellip;]","og_url":"https:\/\/zh-test.co.uk\/pt\/carreiras\/aprendizes\/industria\/","og_site_name":"Ziemann Holvrieka","article_publisher":"https:\/\/www.linkedin.com\/company\/ziemann-international-gmbh","article_modified_time":"2023-12-06T12:01:42+00:00","og_image":[{"width":2560,"height":1705,"url":"https:\/\/zh-test.co.uk\/wp-content\/uploads\/2023\/11\/Klindtworth_M669853-scaled.jpg","type":"image\/jpeg"}],"twitter_card":"summary_large_image","twitter_misc":{"Est. tempo de leitura":"2 minutos"},"schema":{"@context":"https:\/\/schema.org","@graph":[{"@type":"WebPage","@id":"https:\/\/zh-test.co.uk\/careers\/apprentices\/industriekaufmann\/","url":"https:\/\/zh-test.co.uk\/careers\/apprentices\/industriekaufmann\/","name":"Gerente industrial (m\/w\/d) - Ziemann Holvrieka","isPartOf":{"@id":"https:\/\/zh-test.co.uk\/#website"},"primaryImageOfPage":{"@id":"https:\/\/zh-test.co.uk\/careers\/apprentices\/industriekaufmann\/#primaryimage"},"image":{"@id":"https:\/\/zh-test.co.uk\/careers\/apprentices\/industriekaufmann\/#primaryimage"},"thumbnailUrl":"https:\/\/zh-test.co.uk\/wp-content\/uploads\/2023\/11\/Klindtworth_M669853-scaled.jpg","datePublished":"2023-11-22T13:19:27+00:00","dateModified":"2023-12-06T12:01:42+00:00","breadcrumb":{"@id":"https:\/\/zh-test.co.uk\/careers\/apprentices\/industriekaufmann\/#breadcrumb"},"inLanguage":"pt-BR","potentialAction":[{"@type":"ReadAction","target":["https:\/\/zh-test.co.uk\/careers\/apprentices\/industriekaufmann\/"]}]},{"@type":"ImageObject","inLanguage":"pt-BR","@id":"https:\/\/zh-test.co.uk\/careers\/apprentices\/industriekaufmann\/#primaryimage","url":"https:\/\/zh-test.co.uk\/wp-content\/uploads\/2023\/11\/Klindtworth_M669853-scaled.jpg","contentUrl":"https:\/\/zh-test.co.uk\/wp-content\/uploads\/2023\/11\/Klindtworth_M669853-scaled.jpg","width":2560,"height":1705},{"@type":"BreadcrumbList","@id":"https:\/\/zh-test.co.uk\/careers\/apprentices\/industriekaufmann\/#breadcrumb","itemListElement":[{"@type":"ListItem","position":1,"name":"Home","item":"https:\/\/zh-test.co.uk\/"},{"@type":"ListItem","position":2,"name":"Careers","item":"https:\/\/zh-test.co.uk\/careers\/"},{"@type":"ListItem","position":3,"name":"Apprentices","item":"https:\/\/zh-test.co.uk\/careers\/apprentices\/"},{"@type":"ListItem","position":4,"name":"Industriekaufmann (m\/w\/d)"}]},{"@type":"WebSite","@id":"https:\/\/zh-test.co.uk\/#website","url":"https:\/\/zh-test.co.uk\/","name":"Ziemann Holvrieka","description":"","potentialAction":[{"@type":"SearchAction","target":{"@type":"EntryPoint","urlTemplate":"https:\/\/zh-test.co.uk\/?s={search_term_string}"},"query-input":{"@type":"PropertyValueSpecification","valueRequired":true,"valueName":"search_term_string"}}],"inLanguage":"pt-BR"}]}},"_links":{"self":[{"href":"https:\/\/zh-test.co.uk\/pt\/wp-json\/wp\/v2\/pages\/5629"}],"collection":[{"href":"https:\/\/zh-test.co.uk\/pt\/wp-json\/wp\/v2\/pages"}],"about":[{"href":"https:\/\/zh-test.co.uk\/pt\/wp-json\/wp\/v2\/types\/page"}],"author":[{"embeddable":true,"href":"https:\/\/zh-test.co.uk\/pt\/wp-json\/wp\/v2\/users\/2"}],"replies":[{"embeddable":true,"href":"https:\/\/zh-test.co.uk\/pt\/wp-json\/wp\/v2\/comments?post=5629"}],"version-history":[{"count":5,"href":"https:\/\/zh-test.co.uk\/pt\/wp-json\/wp\/v2\/pages\/5629\/revisions"}],"predecessor-version":[{"id":6014,"href":"https:\/\/zh-test.co.uk\/pt\/wp-json\/wp\/v2\/pages\/5629\/revisions\/6014"}],"up":[{"embeddable":true,"href":"https:\/\/zh-test.co.uk\/pt\/wp-json\/wp\/v2\/pages\/2516"}],"wp:featuredmedia":[{"embeddable":true,"href":"https:\/\/zh-test.co.uk\/pt\/wp-json\/wp\/v2\/media\/5632"}],"wp:attachment":[{"href":"https:\/\/zh-test.co.uk\/pt\/wp-json\/wp\/v2\/media?parent=5629"}],"curies":[{"name":"wp","href":"https:\/\/api.w.org\/{rel}","templated":true}]}}