{"id":5651,"date":"2023-11-22T14:04:46","date_gmt":"2023-11-22T14:04:46","guid":{"rendered":"https:\/\/zh-test.co.uk\/?page_id=5651"},"modified":"2023-12-06T12:07:14","modified_gmt":"2023-12-06T12:07:14","slug":"fachkraft-fuer-lagerlogistik","status":"publish","type":"page","link":"https:\/\/zh-test.co.uk\/pt\/carreiras\/aprendizes\/escritorio-de-logistica\/","title":{"rendered":"Especialista (m\/w\/d) em Log\u00edstica de Gest\u00e3o"},"content":{"rendered":"<div class=\"wp-block-group container is-layout-constrained wp-block-group-is-layout-constrained\"><div class=\"wp-block-group__inner-container\">\n<section class=\"wp-block-group has-theme-white-background-color has-background is-layout-constrained wp-block-group-is-layout-constrained\"><div class=\"wp-block-group__inner-container\">\n<div class=\"wp-block-columns has-theme-primary-background-color has-background is-layout-flex wp-container-core-columns-layout-1 wp-block-columns-is-layout-flex\">\n<div class=\"wp-block-column is-layout-flow wp-block-column-is-layout-flow\">\n<figure class=\"wp-block-image size-large is-resized\" style=\"text-align: center; margin-top: 20px;\">\n    <img decoding=\"async\" src=\"https:\/\/zh-test.co.uk\/wp-content\/uploads\/2023\/11\/fachkraft_lagerlogistik-scaled.jpg\" alt=\"\" class=\"wp-image-1572\" style=\"object-fit: cover; width: 550px; height: 750px; display: inline-block;\"\/>\n<\/figure>\n<\/div>\n\n\n\n<div class=\"wp-block-column has-theme-white-color has-theme-primary-background-color has-text-color has-background has-link-color has-medium-font-size wp-elements-90af519f356d7c09f8eea2dbacdced7b is-layout-flow wp-block-column-is-layout-flow\">\n<p class=\"has-theme-white-color has-theme-primary-background-color has-text-color has-background has-link-color wp-elements-be0d0f0cd9e8973ca0847ad7571d77d0\"><br>Local de treinamento: B\u00fcrgstadt<br><br>Dura\u00e7\u00e3o da forma\u00e7\u00e3o: 3 anos<br><br>Pedido: Mente. Exame de admiss\u00e3o<\/p>\n\n\n\n<h5 class=\"wp-block-heading\" id=\"h-ausbildungsinhalte\">Ausbildungsinhalte:<\/h5>\n\n\n\n<ul>\n<li>Organiza\u00e7\u00e3o do trabalho, informa\u00e7\u00e3o e comunica\u00e7\u00e3o<\/li>\n\n\n\n<li>Processos log\u00edsticos e mecanismos de qualidade<\/li>\n\n\n\n<li>Utiliza\u00e7\u00e3o de equipamentos de trabalho<\/li>\n\n\n\n<li>Anota\u00e7\u00e3o e gerenciamento de padr\u00f5es<\/li>\n\n\n\n<li>Comissionamento e embalagem de produtos<\/li>\n\n\n\n<li>Entrega de produtos<\/li>\n\n\n\n<li>Seguran\u00e7a e Sa\u00fade P\u00fablica<\/li>\n\n\n\n<li>Prote\u00e7\u00e3o ao meio ambiente<br><br><br>Qualifizierungslehrg\u00e4nge und Weiterbildungsm\u00f6glichkeiten:<br><\/li>\n\n\n\n<li>Gerente de log\u00edstica (m\/w\/d)<\/li>\n\n\n\n<li>Gerente de sistema de log\u00edstica (m\/w\/d)<\/li>\n\n\n\n<li>Gerente de Log\u00edstica (m\/w\/d)<br><br><\/li>\n<\/ul>\n\n\n\n<p>Entre em contato conosco - estamos felizes com voc\u00ea!<br><\/p>\n\n\n\n<p>Parceiro de suporte para o escrit\u00f3rio de B\u00fcrgstadt<br>Leonie Sch\u00fcller<br>Tel. +49 9371 4002-623<br>E-mail: ausbildung@ziemann-holvrieka.com<\/p>\n<\/div>\n<\/div>\n<\/div><\/section>\n<\/div><\/div>\n\n\n\n<div class=\"wp-block-group container is-nowrap is-layout-flex wp-container-core-group-layout-3 wp-block-group-is-layout-flex\">\n<p><\/p>\n<\/div>\n\n\n\n<div class=\"wp-block-columns gap-none has-theme-primary-background-color has-background is-layout-flex wp-container-core-columns-layout-2 wp-block-columns-is-layout-flex\">\n<div class=\"wp-block-column is-layout-flow wp-block-column-is-layout-flow\">\n<div class=\"wp-block-cover\"><span aria-hidden=\"true\" class=\"wp-block-cover__background has-background-dim-0 has-background-dim\"><\/span><img loading=\"lazy\" decoding=\"async\" width=\"768\" height=\"994\" class=\"wp-block-cover__image-background wp-image-775\" alt=\"gr\u00e1fico de fundo\" src=\"https:\/\/zh-test.co.uk\/wp-content\/uploads\/2023\/08\/background-graphic.png\" data-object-fit=\"cover\" srcset=\"https:\/\/zh-test.co.uk\/wp-content\/uploads\/2023\/08\/background-graphic.png 768w, https:\/\/zh-test.co.uk\/wp-content\/uploads\/2023\/08\/background-graphic-232x300.png 232w, https:\/\/zh-test.co.uk\/wp-content\/uploads\/2023\/08\/background-graphic-464x600.png 464w\" sizes=\"(max-width: 768px) 100vw, 768px\" \/><div class=\"wp-block-cover__inner-container is-layout-constrained wp-block-cover-is-layout-constrained\">\n<div class=\"wp-block-group left-container flex flex-center is-layout-constrained wp-block-group-is-layout-constrained\"><div class=\"wp-block-group__inner-container\">\n<h4 class=\"wp-block-heading has-theme-white-color has-text-color\" id=\"h-working-life-at-ziemann-holvrieka\">Vida profissional na Ziemann Holvrieka <\/h4>\n\n\n\n<p>Na Ziemann Holvrieka, sabemos que um bom equil\u00edbrio entre vida pessoal e profissional \u00e9 de grande import\u00e2ncia. \u00c9 por isso que oferecemos aos nossos funcion\u00e1rios uma ampla gama de benef\u00edcios que lhes permitem alcan\u00e7ar o melhor equil\u00edbrio poss\u00edvel entre vida pessoal e profissional.<\/p>\n<\/div><\/div>\n<\/div><\/div>\n<\/div>\n\n\n\n<div class=\"wp-block-column is-layout-flow wp-block-column-is-layout-flow\">\n<div class=\"wp-block-cover is-light\"><span aria-hidden=\"true\" class=\"wp-block-cover__background has-background-dim-0 has-background-dim\"><\/span><img loading=\"lazy\" decoding=\"async\" width=\"2000\" height=\"1332\" class=\"wp-block-cover__image-background wp-image-2033\" alt=\"\" src=\"https:\/\/zh-test.co.uk\/wp-content\/uploads\/2023\/09\/students.jpeg\" data-object-fit=\"cover\" srcset=\"https:\/\/zh-test.co.uk\/wp-content\/uploads\/2023\/09\/students.jpeg 2000w, https:\/\/zh-test.co.uk\/wp-content\/uploads\/2023\/09\/students-300x200.jpeg 300w, https:\/\/zh-test.co.uk\/wp-content\/uploads\/2023\/09\/students-1024x682.jpeg 1024w, https:\/\/zh-test.co.uk\/wp-content\/uploads\/2023\/09\/students-768x511.jpeg 768w, https:\/\/zh-test.co.uk\/wp-content\/uploads\/2023\/09\/students-1536x1023.jpeg 1536w, https:\/\/zh-test.co.uk\/wp-content\/uploads\/2023\/09\/students-18x12.jpeg 18w, https:\/\/zh-test.co.uk\/wp-content\/uploads\/2023\/09\/students-600x400.jpeg 600w, https:\/\/zh-test.co.uk\/wp-content\/uploads\/2023\/09\/students-1200x799.jpeg 1200w, https:\/\/zh-test.co.uk\/wp-content\/uploads\/2023\/09\/students-1920x1279.jpeg 1920w\" sizes=\"(max-width: 2000px) 100vw, 2000px\" \/><div class=\"wp-block-cover__inner-container is-layout-flow wp-block-cover-is-layout-flow\">\n<p class=\"has-text-align-center has-large-font-size\"><\/p>\n<\/div><\/div>\n<\/div>\n<\/div>\n\n\n\n<section class=\"wp-block-group has-theme-white-background-color has-background is-layout-constrained wp-block-group-is-layout-constrained\"><div class=\"wp-block-group__inner-container\">\n<div class=\"wp-block-group container is-layout-constrained wp-block-group-is-layout-constrained\"><div class=\"wp-block-group__inner-container\">\n<div class=\"wp-block-columns is-layout-flex wp-container-core-columns-layout-3 wp-block-columns-is-layout-flex\">\n<div class=\"wp-block-column is-layout-flow wp-block-column-is-layout-flow\" style=\"flex-basis:66.66%\">\n<h3 class=\"wp-block-heading has-theme-secondary-text-color has-text-color\" id=\"h-benefits-of-working-at-ziemann-holvrieka\">Benef\u00edcios de trabalhar na Ziemann Holvrieka<\/h3>\n\n\n\n<div style=\"height:20px\" aria-hidden=\"true\" class=\"wp-block-spacer\"><\/div>\n<\/div>\n\n\n\n<div class=\"wp-block-column is-layout-flow wp-block-column-is-layout-flow\" style=\"flex-basis:33.33%\"><\/div>\n<\/div>\n\n\n\n<div class=\"wp-block-columns gap-100 is-layout-flex wp-container-core-columns-layout-4 wp-block-columns-is-layout-flex\">\n<div class=\"wp-block-column is-layout-flow wp-block-column-is-layout-flow\">\n<ul>\n<li>Hor\u00e1rio de trabalho flex\u00edvel entre 6h e 20h*.<\/li>\n\n\n\n<li>At\u00e9 2 dias de trabalho m\u00f3vel por semana*<\/li>\n\n\n\n<li>Conta de tempo de trabalho para planejamento individual<\/li>\n\n\n\n<li>Acordo coletivo de sal\u00e1rios (acordo coletivo de sal\u00e1rios do setor metal\u00fargico e el\u00e9trico)<\/li>\n\n\n\n<li>Job bike para uma mobilidade ecologicamente correta<\/li>\n\n\n\n<li>Treinamento e educa\u00e7\u00e3o continuada para o crescimento pessoal<\/li>\n\n\n\n<li>Subs\u00eddio de viagem para facilitar o deslocamento<\/li>\n\n\n\n<li>Plano de pens\u00e3o da empresa para um futuro seguro<\/li>\n\n\n\n<li>Benef\u00edcios de forma\u00e7\u00e3o de capital para suporte adicional<\/li>\n<\/ul>\n<\/div>\n\n\n\n<div class=\"wp-block-column is-layout-flow wp-block-column-is-layout-flow\">\n<ul>\n<li>14 sal\u00e1rios para estabilidade financeira<\/li>\n\n\n\n<li>30 dias de f\u00e9rias para descanso suficiente<\/li>\n\n\n\n<li>35 horas semanais de trabalho para mais tempo livre<\/li>\n\n\n\n<li>Locais de trabalho modernos para um trabalho eficiente<\/li>\n\n\n\n<li>Localiza\u00e7\u00e3o central com boas conex\u00f5es de transporte p\u00fablico para acessibilidade conveniente<\/li>\n\n\n\n<li>Estacionamento para funcion\u00e1rios para um deslocamento sem estresse<\/li>\n\n\n\n<li>Eventos da empresa para um forte sentimento de equipe<\/li>\n\n\n\n<li>Bebidas como agradecimento especial<\/li>\n<\/ul>\n<\/div>\n<\/div>\n<\/div><\/div>\n<\/div><\/section>\n\n\n\n<div class=\"wp-block-group container no-padding is-layout-constrained wp-block-group-is-layout-constrained\"><div class=\"wp-block-group__inner-container\">\n<p class=\"has-text-align-left\">   *Para trabalhos de escrit\u00f3rio<\/p>\n\n\n\n<div style=\"height:50px\" aria-hidden=\"true\" class=\"wp-block-spacer\"><\/div>\n<\/div><\/div>","protected":false},"excerpt":{"rendered":"<p>Ausbildungsst\u00e4tte: B\u00fcrgstadt Ausbildungsdauer: 3 Jahre Anforderung: Mind. Hauptschulabschluss Ausbildungsinhalte: Fragen Sie bei uns an \u2013 wir freuen uns auf Sie! Ansprechpartnerin f\u00fcr den Standort B\u00fcrgstadtLeonie [&hellip;]<\/p>\n","protected":false},"author":2,"featured_media":5654,"parent":2516,"menu_order":0,"comment_status":"closed","ping_status":"closed","template":"templates\/careers.php","meta":{"footnotes":""},"yoast_head":"<!-- This site is optimized with the Yoast SEO Premium plugin v21.7 (Yoast SEO v23.5) - https:\/\/yoast.com\/wordpress\/plugins\/seo\/ -->\n<title>Fachkraft (m\/w\/d) f\u00fcr Lagerlogistik - Ziemann Holvrieka<\/title>\n<meta name=\"robots\" content=\"noindex, follow, max-snippet:-1, max-image-preview:large, max-video-preview:-1\" \/>\n<meta property=\"og:locale\" content=\"pt_BR\" \/>\n<meta property=\"og:type\" content=\"article\" \/>\n<meta property=\"og:title\" content=\"Fachkraft (m\/w\/d) f\u00fcr Lagerlogistik\" \/>\n<meta property=\"og:description\" content=\"Ausbildungsst\u00e4tte: B\u00fcrgstadt Ausbildungsdauer: 3 Jahre Anforderung: Mind. Hauptschulabschluss Ausbildungsinhalte: Fragen Sie bei uns an \u2013 wir freuen uns auf Sie! Ansprechpartnerin f\u00fcr den Standort B\u00fcrgstadtLeonie [&hellip;]\" \/>\n<meta property=\"og:url\" content=\"https:\/\/zh-test.co.uk\/pt\/carreiras\/aprendizes\/escritorio-de-logistica\/\" \/>\n<meta property=\"og:site_name\" content=\"Ziemann Holvrieka\" \/>\n<meta property=\"article:publisher\" content=\"https:\/\/www.linkedin.com\/company\/ziemann-international-gmbh\" \/>\n<meta property=\"article:modified_time\" content=\"2023-12-06T12:07:14+00:00\" \/>\n<meta property=\"og:image\" content=\"https:\/\/zh-test.co.uk\/wp-content\/uploads\/2023\/11\/MFS9677-scaled.jpg\" \/>\n\t<meta property=\"og:image:width\" content=\"2560\" \/>\n\t<meta property=\"og:image:height\" content=\"1707\" \/>\n\t<meta property=\"og:image:type\" content=\"image\/jpeg\" \/>\n<meta name=\"twitter:card\" content=\"summary_large_image\" \/>\n<meta name=\"twitter:label1\" content=\"Est. tempo de leitura\" \/>\n\t<meta name=\"twitter:data1\" content=\"2 minutos\" \/>\n<script type=\"application\/ld+json\" class=\"yoast-schema-graph\">{\"@context\":\"https:\/\/schema.org\",\"@graph\":[{\"@type\":\"WebPage\",\"@id\":\"https:\/\/zh-test.co.uk\/careers\/apprentices\/fachkraft-fuer-lagerlogistik\/\",\"url\":\"https:\/\/zh-test.co.uk\/careers\/apprentices\/fachkraft-fuer-lagerlogistik\/\",\"name\":\"Fachkraft (m\/w\/d) f\u00fcr Lagerlogistik - Ziemann Holvrieka\",\"isPartOf\":{\"@id\":\"https:\/\/zh-test.co.uk\/#website\"},\"primaryImageOfPage\":{\"@id\":\"https:\/\/zh-test.co.uk\/careers\/apprentices\/fachkraft-fuer-lagerlogistik\/#primaryimage\"},\"image\":{\"@id\":\"https:\/\/zh-test.co.uk\/careers\/apprentices\/fachkraft-fuer-lagerlogistik\/#primaryimage\"},\"thumbnailUrl\":\"https:\/\/zh-test.co.uk\/wp-content\/uploads\/2023\/11\/MFS9677-scaled.jpg\",\"datePublished\":\"2023-11-22T14:04:46+00:00\",\"dateModified\":\"2023-12-06T12:07:14+00:00\",\"breadcrumb\":{\"@id\":\"https:\/\/zh-test.co.uk\/careers\/apprentices\/fachkraft-fuer-lagerlogistik\/#breadcrumb\"},\"inLanguage\":\"pt-BR\",\"potentialAction\":[{\"@type\":\"ReadAction\",\"target\":[\"https:\/\/zh-test.co.uk\/careers\/apprentices\/fachkraft-fuer-lagerlogistik\/\"]}]},{\"@type\":\"ImageObject\",\"inLanguage\":\"pt-BR\",\"@id\":\"https:\/\/zh-test.co.uk\/careers\/apprentices\/fachkraft-fuer-lagerlogistik\/#primaryimage\",\"url\":\"https:\/\/zh-test.co.uk\/wp-content\/uploads\/2023\/11\/MFS9677-scaled.jpg\",\"contentUrl\":\"https:\/\/zh-test.co.uk\/wp-content\/uploads\/2023\/11\/MFS9677-scaled.jpg\",\"width\":2560,\"height\":1707},{\"@type\":\"BreadcrumbList\",\"@id\":\"https:\/\/zh-test.co.uk\/careers\/apprentices\/fachkraft-fuer-lagerlogistik\/#breadcrumb\",\"itemListElement\":[{\"@type\":\"ListItem\",\"position\":1,\"name\":\"Home\",\"item\":\"https:\/\/zh-test.co.uk\/\"},{\"@type\":\"ListItem\",\"position\":2,\"name\":\"Careers\",\"item\":\"https:\/\/zh-test.co.uk\/careers\/\"},{\"@type\":\"ListItem\",\"position\":3,\"name\":\"Apprentices\",\"item\":\"https:\/\/zh-test.co.uk\/careers\/apprentices\/\"},{\"@type\":\"ListItem\",\"position\":4,\"name\":\"Fachkraft (m\/w\/d) f\u00fcr Lagerlogistik\"}]},{\"@type\":\"WebSite\",\"@id\":\"https:\/\/zh-test.co.uk\/#website\",\"url\":\"https:\/\/zh-test.co.uk\/\",\"name\":\"Ziemann Holvrieka\",\"description\":\"\",\"potentialAction\":[{\"@type\":\"SearchAction\",\"target\":{\"@type\":\"EntryPoint\",\"urlTemplate\":\"https:\/\/zh-test.co.uk\/?s={search_term_string}\"},\"query-input\":{\"@type\":\"PropertyValueSpecification\",\"valueRequired\":true,\"valueName\":\"search_term_string\"}}],\"inLanguage\":\"pt-BR\"}]}<\/script>\n<!-- \/ Yoast SEO Premium plugin. -->","yoast_head_json":{"title":"Gerente (m\/w\/d) de Log\u00edstica - Ziemann Holvrieka","robots":{"index":"noindex","follow":"follow","max-snippet":"max-snippet:-1","max-image-preview":"max-image-preview:large","max-video-preview":"max-video-preview:-1"},"og_locale":"pt_BR","og_type":"article","og_title":"Fachkraft (m\/w\/d) f\u00fcr Lagerlogistik","og_description":"Ausbildungsst\u00e4tte: B\u00fcrgstadt Ausbildungsdauer: 3 Jahre Anforderung: Mind. Hauptschulabschluss Ausbildungsinhalte: Fragen Sie bei uns an \u2013 wir freuen uns auf Sie! Ansprechpartnerin f\u00fcr den Standort B\u00fcrgstadtLeonie [&hellip;]","og_url":"https:\/\/zh-test.co.uk\/pt\/carreiras\/aprendizes\/escritorio-de-logistica\/","og_site_name":"Ziemann Holvrieka","article_publisher":"https:\/\/www.linkedin.com\/company\/ziemann-international-gmbh","article_modified_time":"2023-12-06T12:07:14+00:00","og_image":[{"width":2560,"height":1707,"url":"https:\/\/zh-test.co.uk\/wp-content\/uploads\/2023\/11\/MFS9677-scaled.jpg","type":"image\/jpeg"}],"twitter_card":"summary_large_image","twitter_misc":{"Est. tempo de leitura":"2 minutos"},"schema":{"@context":"https:\/\/schema.org","@graph":[{"@type":"WebPage","@id":"https:\/\/zh-test.co.uk\/careers\/apprentices\/fachkraft-fuer-lagerlogistik\/","url":"https:\/\/zh-test.co.uk\/careers\/apprentices\/fachkraft-fuer-lagerlogistik\/","name":"Gerente (m\/w\/d) de Log\u00edstica - Ziemann Holvrieka","isPartOf":{"@id":"https:\/\/zh-test.co.uk\/#website"},"primaryImageOfPage":{"@id":"https:\/\/zh-test.co.uk\/careers\/apprentices\/fachkraft-fuer-lagerlogistik\/#primaryimage"},"image":{"@id":"https:\/\/zh-test.co.uk\/careers\/apprentices\/fachkraft-fuer-lagerlogistik\/#primaryimage"},"thumbnailUrl":"https:\/\/zh-test.co.uk\/wp-content\/uploads\/2023\/11\/MFS9677-scaled.jpg","datePublished":"2023-11-22T14:04:46+00:00","dateModified":"2023-12-06T12:07:14+00:00","breadcrumb":{"@id":"https:\/\/zh-test.co.uk\/careers\/apprentices\/fachkraft-fuer-lagerlogistik\/#breadcrumb"},"inLanguage":"pt-BR","potentialAction":[{"@type":"ReadAction","target":["https:\/\/zh-test.co.uk\/careers\/apprentices\/fachkraft-fuer-lagerlogistik\/"]}]},{"@type":"ImageObject","inLanguage":"pt-BR","@id":"https:\/\/zh-test.co.uk\/careers\/apprentices\/fachkraft-fuer-lagerlogistik\/#primaryimage","url":"https:\/\/zh-test.co.uk\/wp-content\/uploads\/2023\/11\/MFS9677-scaled.jpg","contentUrl":"https:\/\/zh-test.co.uk\/wp-content\/uploads\/2023\/11\/MFS9677-scaled.jpg","width":2560,"height":1707},{"@type":"BreadcrumbList","@id":"https:\/\/zh-test.co.uk\/careers\/apprentices\/fachkraft-fuer-lagerlogistik\/#breadcrumb","itemListElement":[{"@type":"ListItem","position":1,"name":"Home","item":"https:\/\/zh-test.co.uk\/"},{"@type":"ListItem","position":2,"name":"Careers","item":"https:\/\/zh-test.co.uk\/careers\/"},{"@type":"ListItem","position":3,"name":"Apprentices","item":"https:\/\/zh-test.co.uk\/careers\/apprentices\/"},{"@type":"ListItem","position":4,"name":"Fachkraft (m\/w\/d) f\u00fcr Lagerlogistik"}]},{"@type":"WebSite","@id":"https:\/\/zh-test.co.uk\/#website","url":"https:\/\/zh-test.co.uk\/","name":"Ziemann Holvrieka","description":"","potentialAction":[{"@type":"SearchAction","target":{"@type":"EntryPoint","urlTemplate":"https:\/\/zh-test.co.uk\/?s={search_term_string}"},"query-input":{"@type":"PropertyValueSpecification","valueRequired":true,"valueName":"search_term_string"}}],"inLanguage":"pt-BR"}]}},"_links":{"self":[{"href":"https:\/\/zh-test.co.uk\/pt\/wp-json\/wp\/v2\/pages\/5651"}],"collection":[{"href":"https:\/\/zh-test.co.uk\/pt\/wp-json\/wp\/v2\/pages"}],"about":[{"href":"https:\/\/zh-test.co.uk\/pt\/wp-json\/wp\/v2\/types\/page"}],"author":[{"embeddable":true,"href":"https:\/\/zh-test.co.uk\/pt\/wp-json\/wp\/v2\/users\/2"}],"replies":[{"embeddable":true,"href":"https:\/\/zh-test.co.uk\/pt\/wp-json\/wp\/v2\/comments?post=5651"}],"version-history":[{"count":5,"href":"https:\/\/zh-test.co.uk\/pt\/wp-json\/wp\/v2\/pages\/5651\/revisions"}],"predecessor-version":[{"id":6021,"href":"https:\/\/zh-test.co.uk\/pt\/wp-json\/wp\/v2\/pages\/5651\/revisions\/6021"}],"up":[{"embeddable":true,"href":"https:\/\/zh-test.co.uk\/pt\/wp-json\/wp\/v2\/pages\/2516"}],"wp:featuredmedia":[{"embeddable":true,"href":"https:\/\/zh-test.co.uk\/pt\/wp-json\/wp\/v2\/media\/5654"}],"wp:attachment":[{"href":"https:\/\/zh-test.co.uk\/pt\/wp-json\/wp\/v2\/media?parent=5651"}],"curies":[{"name":"wp","href":"https:\/\/api.w.org\/{rel}","templated":true}]}}