{"id":5917,"date":"2023-11-29T11:01:32","date_gmt":"2023-11-29T11:01:32","guid":{"rendered":"https:\/\/zh-test.co.uk\/?page_id=5917"},"modified":"2024-02-13T12:59:17","modified_gmt":"2024-02-13T12:59:17","slug":"whistleblower-protection-act","status":"publish","type":"page","link":"https:\/\/zh-test.co.uk\/pt\/empresa\/lei-de-protecao-ao-denunciante\/","title":{"rendered":"Lei de Prote\u00e7\u00e3o ao Denunciante"},"content":{"rendered":"<div class=\"wp-block-columns gap-none has-theme-primary-background-color has-background is-layout-flex wp-container-core-columns-layout-2 wp-block-columns-is-layout-flex\">\n<div class=\"wp-block-column is-layout-flow wp-block-column-is-layout-flow\" style=\"flex-basis:45%\">\n<div class=\"wp-block-cover\"><span aria-hidden=\"true\" class=\"wp-block-cover__background has-background-dim-0 has-background-dim\"><\/span><img loading=\"lazy\" decoding=\"async\" width=\"768\" height=\"994\" class=\"wp-block-cover__image-background wp-image-775\" alt=\"gr\u00e1fico de fundo\" src=\"https:\/\/zh-test.co.uk\/wp-content\/uploads\/2023\/08\/background-graphic.png\" data-object-fit=\"cover\" srcset=\"https:\/\/zh-test.co.uk\/wp-content\/uploads\/2023\/08\/background-graphic.png 768w, https:\/\/zh-test.co.uk\/wp-content\/uploads\/2023\/08\/background-graphic-232x300.png 232w, https:\/\/zh-test.co.uk\/wp-content\/uploads\/2023\/08\/background-graphic-464x600.png 464w\" sizes=\"(max-width: 768px) 100vw, 768px\" \/><div class=\"wp-block-cover__inner-container is-layout-constrained wp-block-cover-is-layout-constrained\">\n<div class=\"wp-block-group left-container flex flex-center is-layout-constrained wp-block-group-is-layout-constrained\"><div class=\"wp-block-group__inner-container\">\n<p>A Lei de Prote\u00e7\u00e3o ao Denunciante entrou em vigor em 2 de julho de 2023. Essa lei regulamenta a prote\u00e7\u00e3o de pessoas f\u00edsicas que obtiveram informa\u00e7\u00f5es sobre viola\u00e7\u00f5es em conex\u00e3o com suas atividades profissionais ou antes de uma atividade profissional e as relataram ou divulgaram aos escrit\u00f3rios de den\u00fancia previstos nessa lei.<\/p>\n\n\n\n<p class=\"translation-block\">Usamos um sistema digital de den\u00fancias para oferecer a oportunidade de relatar viola\u00e7\u00f5es de leis, regulamentos ou padr\u00f5es \u00e9ticos em nossa empresa de forma segura e confidencial. Isso garante a prote\u00e7\u00e3o dos denunciantes de acordo com o Whistleblower Protection Act.<br><br>As den\u00fancias podem ser enviadas por meio do sistema de den\u00fancias \"Integrity Line\" usado pela Ziemann Holvrieka. Voc\u00ea pode acessar o sistema de den\u00fancias <strong><u><a href=\"https:\/\/ziemannholvrieka.integrityline.com\/\" target=\"_self\">aqui<\/a>.<\/u><\/strong><\/p>\n\n\n\n<p><br><\/p>\n<\/div><\/div>\n<\/div><\/div>\n<\/div>\n\n\n\n<div class=\"wp-block-column height-50 is-layout-flow wp-block-column-is-layout-flow\">\n<div class=\"wp-block-group is-layout-constrained wp-block-group-is-layout-constrained\"><div class=\"wp-block-group__inner-container\">\n<div class=\"wp-block-columns gap-none is-layout-flex wp-container-core-columns-layout-1 wp-block-columns-is-layout-flex\">\n<div class=\"wp-block-column is-layout-flow wp-block-column-is-layout-flow\">\n<figure class=\"wp-block-image size-large\"><img loading=\"lazy\" decoding=\"async\" width=\"1024\" height=\"684\" src=\"https:\/\/zh-test.co.uk\/wp-content\/uploads\/2023\/11\/flag-2313980_1280-1024x684.png\" alt=\"\" class=\"wp-image-5930\" srcset=\"https:\/\/zh-test.co.uk\/wp-content\/uploads\/2023\/11\/flag-2313980_1280-1024x684.png 1024w, https:\/\/zh-test.co.uk\/wp-content\/uploads\/2023\/11\/flag-2313980_1280-300x200.png 300w, https:\/\/zh-test.co.uk\/wp-content\/uploads\/2023\/11\/flag-2313980_1280-768x513.png 768w, https:\/\/zh-test.co.uk\/wp-content\/uploads\/2023\/11\/flag-2313980_1280-250x167.png 250w, https:\/\/zh-test.co.uk\/wp-content\/uploads\/2023\/11\/flag-2313980_1280-449x300.png 449w, https:\/\/zh-test.co.uk\/wp-content\/uploads\/2023\/11\/flag-2313980_1280-18x12.png 18w, https:\/\/zh-test.co.uk\/wp-content\/uploads\/2023\/11\/flag-2313980_1280-600x401.png 600w, https:\/\/zh-test.co.uk\/wp-content\/uploads\/2023\/11\/flag-2313980_1280-1200x802.png 1200w, https:\/\/zh-test.co.uk\/wp-content\/uploads\/2023\/11\/flag-2313980_1280.png 1280w\" sizes=\"(max-width: 1024px) 100vw, 1024px\" \/><\/figure>\n<\/div>\n<\/div>\n<\/div><\/div>\n<\/div>\n<\/div>","protected":false},"excerpt":{"rendered":"","protected":false},"author":2,"featured_media":2393,"parent":984,"menu_order":0,"comment_status":"closed","ping_status":"closed","template":"templates\/about.php","meta":{"footnotes":""},"yoast_head":"<!-- This site is optimized with the Yoast SEO Premium plugin v21.7 (Yoast SEO v23.5) - https:\/\/yoast.com\/wordpress\/plugins\/seo\/ -->\n<title>Whistleblower Protection Act | Ziemann Holvrieka<\/title>\n<meta name=\"description\" content=\"Secure, confidential, accountable. Explore the Whistleblower Protection Act at Ziemann Holvrieka. Use our digital system to report violations with confidence, safeguarding whistleblowers and upholding ethical standards.\" \/>\n<meta name=\"robots\" content=\"noindex, follow, max-snippet:-1, max-image-preview:large, max-video-preview:-1\" \/>\n<meta property=\"og:locale\" content=\"pt_BR\" \/>\n<meta property=\"og:type\" content=\"article\" \/>\n<meta property=\"og:title\" content=\"Whistleblower Protection Act\" \/>\n<meta property=\"og:description\" content=\"Secure, confidential, accountable. Explore the Whistleblower Protection Act at Ziemann Holvrieka. Use our digital system to report violations with confidence, safeguarding whistleblowers and upholding ethical standards.\" \/>\n<meta property=\"og:url\" content=\"https:\/\/zh-test.co.uk\/pt\/ja\/company\/whistleblower-protection-act\/\" \/>\n<meta property=\"og:site_name\" content=\"Ziemann Holvrieka\" \/>\n<meta property=\"article:publisher\" content=\"https:\/\/www.linkedin.com\/company\/ziemann-international-gmbh\" \/>\n<meta property=\"article:modified_time\" content=\"2024-02-13T12:59:17+00:00\" \/>\n<meta property=\"og:image\" content=\"https:\/\/zh-test.co.uk\/wp-content\/uploads\/2023\/09\/outside-of-building.jpg\" \/>\n\t<meta property=\"og:image:width\" content=\"1920\" \/>\n\t<meta property=\"og:image:height\" content=\"1277\" \/>\n\t<meta property=\"og:image:type\" content=\"image\/jpeg\" \/>\n<meta name=\"twitter:card\" content=\"summary_large_image\" \/>\n<meta name=\"twitter:label1\" content=\"Est. tempo de leitura\" \/>\n\t<meta name=\"twitter:data1\" content=\"2 minutos\" \/>\n<script type=\"application\/ld+json\" class=\"yoast-schema-graph\">{\"@context\":\"https:\/\/schema.org\",\"@graph\":[{\"@type\":\"WebPage\",\"@id\":\"https:\/\/zh-test.co.uk\/ja\/company\/whistleblower-protection-act\/\",\"url\":\"https:\/\/zh-test.co.uk\/ja\/company\/whistleblower-protection-act\/\",\"name\":\"Whistleblower Protection Act | Ziemann Holvrieka\",\"isPartOf\":{\"@id\":\"https:\/\/zh-test.co.uk\/#website\"},\"primaryImageOfPage\":{\"@id\":\"https:\/\/zh-test.co.uk\/ja\/company\/whistleblower-protection-act\/#primaryimage\"},\"image\":{\"@id\":\"https:\/\/zh-test.co.uk\/ja\/company\/whistleblower-protection-act\/#primaryimage\"},\"thumbnailUrl\":\"https:\/\/zh-test.co.uk\/wp-content\/uploads\/2023\/09\/outside-of-building.jpg\",\"datePublished\":\"2023-11-29T11:01:32+00:00\",\"dateModified\":\"2024-02-13T12:59:17+00:00\",\"description\":\"Secure, confidential, accountable. Explore the Whistleblower Protection Act at Ziemann Holvrieka. Use our digital system to report violations with confidence, safeguarding whistleblowers and upholding ethical standards.\",\"breadcrumb\":{\"@id\":\"https:\/\/zh-test.co.uk\/ja\/company\/whistleblower-protection-act\/#breadcrumb\"},\"inLanguage\":\"pt-BR\",\"potentialAction\":[{\"@type\":\"ReadAction\",\"target\":[\"https:\/\/zh-test.co.uk\/ja\/company\/whistleblower-protection-act\/\"]}]},{\"@type\":\"ImageObject\",\"inLanguage\":\"pt-BR\",\"@id\":\"https:\/\/zh-test.co.uk\/ja\/company\/whistleblower-protection-act\/#primaryimage\",\"url\":\"https:\/\/zh-test.co.uk\/wp-content\/uploads\/2023\/09\/outside-of-building.jpg\",\"contentUrl\":\"https:\/\/zh-test.co.uk\/wp-content\/uploads\/2023\/09\/outside-of-building.jpg\",\"width\":1920,\"height\":1277,\"caption\":\"The new corporate design of Ziemann Holvrieka represents high tech, change and dynamism, and it also stands for close cooperation among the subsidiaries.\"},{\"@type\":\"BreadcrumbList\",\"@id\":\"https:\/\/zh-test.co.uk\/ja\/company\/whistleblower-protection-act\/#breadcrumb\",\"itemListElement\":[{\"@type\":\"ListItem\",\"position\":1,\"name\":\"Home\",\"item\":\"https:\/\/zh-test.co.uk\/\"},{\"@type\":\"ListItem\",\"position\":2,\"name\":\"Company\",\"item\":\"https:\/\/zh-test.co.uk\/ja\/company\/\"},{\"@type\":\"ListItem\",\"position\":3,\"name\":\"Whistleblower Protection Act\"}]},{\"@type\":\"WebSite\",\"@id\":\"https:\/\/zh-test.co.uk\/#website\",\"url\":\"https:\/\/zh-test.co.uk\/\",\"name\":\"Ziemann Holvrieka\",\"description\":\"\",\"potentialAction\":[{\"@type\":\"SearchAction\",\"target\":{\"@type\":\"EntryPoint\",\"urlTemplate\":\"https:\/\/zh-test.co.uk\/?s={search_term_string}\"},\"query-input\":{\"@type\":\"PropertyValueSpecification\",\"valueRequired\":true,\"valueName\":\"search_term_string\"}}],\"inLanguage\":\"pt-BR\"}]}<\/script>\n<!-- \/ Yoast SEO Premium plugin. -->","yoast_head_json":{"title":"Lei de Prote\u00e7\u00e3o ao Denunciante | Ziemann Holvrieka","description":"Seguro, confidencial e respons\u00e1vel. Explore a Lei de Prote\u00e7\u00e3o ao Denunciante na Ziemann Holvrieka. Use nosso sistema digital para denunciar viola\u00e7\u00f5es com confian\u00e7a, protegendo os denunciantes e defendendo os padr\u00f5es \u00e9ticos.","robots":{"index":"noindex","follow":"follow","max-snippet":"max-snippet:-1","max-image-preview":"max-image-preview:large","max-video-preview":"max-video-preview:-1"},"og_locale":"pt_BR","og_type":"article","og_title":"Whistleblower Protection Act","og_description":"Secure, confidential, accountable. Explore the Whistleblower Protection Act at Ziemann Holvrieka. Use our digital system to report violations with confidence, safeguarding whistleblowers and upholding ethical standards.","og_url":"https:\/\/zh-test.co.uk\/pt\/ja\/company\/whistleblower-protection-act\/","og_site_name":"Ziemann Holvrieka","article_publisher":"https:\/\/www.linkedin.com\/company\/ziemann-international-gmbh","article_modified_time":"2024-02-13T12:59:17+00:00","og_image":[{"width":1920,"height":1277,"url":"https:\/\/zh-test.co.uk\/wp-content\/uploads\/2023\/09\/outside-of-building.jpg","type":"image\/jpeg"}],"twitter_card":"summary_large_image","twitter_misc":{"Est. tempo de leitura":"2 minutos"},"schema":{"@context":"https:\/\/schema.org","@graph":[{"@type":"WebPage","@id":"https:\/\/zh-test.co.uk\/ja\/company\/whistleblower-protection-act\/","url":"https:\/\/zh-test.co.uk\/ja\/company\/whistleblower-protection-act\/","name":"Lei de Prote\u00e7\u00e3o ao Denunciante | Ziemann Holvrieka","isPartOf":{"@id":"https:\/\/zh-test.co.uk\/#website"},"primaryImageOfPage":{"@id":"https:\/\/zh-test.co.uk\/ja\/company\/whistleblower-protection-act\/#primaryimage"},"image":{"@id":"https:\/\/zh-test.co.uk\/ja\/company\/whistleblower-protection-act\/#primaryimage"},"thumbnailUrl":"https:\/\/zh-test.co.uk\/wp-content\/uploads\/2023\/09\/outside-of-building.jpg","datePublished":"2023-11-29T11:01:32+00:00","dateModified":"2024-02-13T12:59:17+00:00","description":"Seguro, confidencial e respons\u00e1vel. Explore a Lei de Prote\u00e7\u00e3o ao Denunciante na Ziemann Holvrieka. Use nosso sistema digital para denunciar viola\u00e7\u00f5es com confian\u00e7a, protegendo os denunciantes e defendendo os padr\u00f5es \u00e9ticos.","breadcrumb":{"@id":"https:\/\/zh-test.co.uk\/ja\/company\/whistleblower-protection-act\/#breadcrumb"},"inLanguage":"pt-BR","potentialAction":[{"@type":"ReadAction","target":["https:\/\/zh-test.co.uk\/ja\/company\/whistleblower-protection-act\/"]}]},{"@type":"ImageObject","inLanguage":"pt-BR","@id":"https:\/\/zh-test.co.uk\/ja\/company\/whistleblower-protection-act\/#primaryimage","url":"https:\/\/zh-test.co.uk\/wp-content\/uploads\/2023\/09\/outside-of-building.jpg","contentUrl":"https:\/\/zh-test.co.uk\/wp-content\/uploads\/2023\/09\/outside-of-building.jpg","width":1920,"height":1277,"caption":"The new corporate design of Ziemann Holvrieka represents high tech, change and dynamism, and it also stands for close cooperation among the subsidiaries."},{"@type":"BreadcrumbList","@id":"https:\/\/zh-test.co.uk\/ja\/company\/whistleblower-protection-act\/#breadcrumb","itemListElement":[{"@type":"ListItem","position":1,"name":"Home","item":"https:\/\/zh-test.co.uk\/"},{"@type":"ListItem","position":2,"name":"Company","item":"https:\/\/zh-test.co.uk\/ja\/company\/"},{"@type":"ListItem","position":3,"name":"Whistleblower Protection Act"}]},{"@type":"WebSite","@id":"https:\/\/zh-test.co.uk\/#website","url":"https:\/\/zh-test.co.uk\/","name":"Ziemann Holvrieka","description":"","potentialAction":[{"@type":"SearchAction","target":{"@type":"EntryPoint","urlTemplate":"https:\/\/zh-test.co.uk\/?s={search_term_string}"},"query-input":{"@type":"PropertyValueSpecification","valueRequired":true,"valueName":"search_term_string"}}],"inLanguage":"pt-BR"}]}},"_links":{"self":[{"href":"https:\/\/zh-test.co.uk\/pt\/wp-json\/wp\/v2\/pages\/5917"}],"collection":[{"href":"https:\/\/zh-test.co.uk\/pt\/wp-json\/wp\/v2\/pages"}],"about":[{"href":"https:\/\/zh-test.co.uk\/pt\/wp-json\/wp\/v2\/types\/page"}],"author":[{"embeddable":true,"href":"https:\/\/zh-test.co.uk\/pt\/wp-json\/wp\/v2\/users\/2"}],"replies":[{"embeddable":true,"href":"https:\/\/zh-test.co.uk\/pt\/wp-json\/wp\/v2\/comments?post=5917"}],"version-history":[{"count":15,"href":"https:\/\/zh-test.co.uk\/pt\/wp-json\/wp\/v2\/pages\/5917\/revisions"}],"predecessor-version":[{"id":6129,"href":"https:\/\/zh-test.co.uk\/pt\/wp-json\/wp\/v2\/pages\/5917\/revisions\/6129"}],"up":[{"embeddable":true,"href":"https:\/\/zh-test.co.uk\/pt\/wp-json\/wp\/v2\/pages\/984"}],"wp:featuredmedia":[{"embeddable":true,"href":"https:\/\/zh-test.co.uk\/pt\/wp-json\/wp\/v2\/media\/2393"}],"wp:attachment":[{"href":"https:\/\/zh-test.co.uk\/pt\/wp-json\/wp\/v2\/media?parent=5917"}],"curies":[{"name":"wp","href":"https:\/\/api.w.org\/{rel}","templated":true}]}}