{"id":938,"date":"2023-08-29T10:16:02","date_gmt":"2023-08-29T09:16:02","guid":{"rendered":"https:\/\/zh-test.co.uk\/?page_id=938"},"modified":"2023-10-13T08:47:59","modified_gmt":"2023-10-13T07:47:59","slug":"our-history","status":"publish","type":"page","link":"https:\/\/zh-test.co.uk\/pt\/nossa-historia\/","title":{"rendered":"Nossa hist\u00f3ria"},"content":{"rendered":"<div class=\"wp-block-columns gap-none has-background is-layout-flex wp-container-core-columns-layout-1 wp-block-columns-is-layout-flex\" style=\"background-color:#eaeaea\">\n<div class=\"wp-block-column is-layout-flow wp-block-column-is-layout-flow\">\n<div class=\"wp-block-group left-container flex flex-center is-layout-constrained wp-block-group-is-layout-constrained\"><div class=\"wp-block-group__inner-container\">\n<h3 class=\"wp-block-heading has-theme-primary-color has-text-color\">Construindo o futuro juntos<\/h3>\n\n\n\n<p>\u00c0 medida que avan\u00e7amos, continuamos comprometidos com o fornecimento de projetos turnkey de alta qualidade para v\u00e1rios setores, incluindo suco, hard seltzer, destila\u00e7\u00e3o e latic\u00ednios. Nossa vasta experi\u00eancia, conhecimento t\u00e9cnico e dedica\u00e7\u00e3o \u00e0 satisfa\u00e7\u00e3o do cliente fazem da Ziemann Holvrieka o parceiro de confian\u00e7a para solu\u00e7\u00f5es turnkey em todo o mundo.<\/p>\n<\/div><\/div>\n<\/div>\n\n\n\n<div class=\"wp-block-column is-layout-flow wp-block-column-is-layout-flow\">\n<div class=\"wp-block-cover is-light\"><span aria-hidden=\"true\" class=\"wp-block-cover__background has-background-dim-0 has-background-dim\"><\/span><img loading=\"lazy\" decoding=\"async\" width=\"1500\" height=\"998\" class=\"wp-block-cover__image-background wp-image-1538\" alt=\"\" src=\"https:\/\/zh-test.co.uk\/wp-content\/uploads\/2023\/09\/Team.jpg\" style=\"object-position:53% 54%\" data-object-fit=\"cover\" data-object-position=\"53% 54%\" srcset=\"https:\/\/zh-test.co.uk\/wp-content\/uploads\/2023\/09\/Team.jpg 1500w, https:\/\/zh-test.co.uk\/wp-content\/uploads\/2023\/09\/Team-300x200.jpg 300w, https:\/\/zh-test.co.uk\/wp-content\/uploads\/2023\/09\/Team-1024x681.jpg 1024w, https:\/\/zh-test.co.uk\/wp-content\/uploads\/2023\/09\/Team-768x511.jpg 768w, https:\/\/zh-test.co.uk\/wp-content\/uploads\/2023\/09\/Team-18x12.jpg 18w, https:\/\/zh-test.co.uk\/wp-content\/uploads\/2023\/09\/Team-600x399.jpg 600w, https:\/\/zh-test.co.uk\/wp-content\/uploads\/2023\/09\/Team-1200x798.jpg 1200w\" sizes=\"(max-width: 1500px) 100vw, 1500px\" \/><div class=\"wp-block-cover__inner-container is-layout-flow wp-block-cover-is-layout-flow\">\n<p class=\"has-text-align-center has-large-font-size\"><\/p>\n<\/div><\/div>\n<\/div>\n<\/div>","protected":false},"excerpt":{"rendered":"<p>Building the Future Together As we move forward, we remain committed to delivering high-quality turnkey projects for various industries, including juice, hard seltzer, distilling, and [&hellip;]<\/p>\n","protected":false},"author":1,"featured_media":1534,"parent":0,"menu_order":0,"comment_status":"closed","ping_status":"closed","template":"templates\/history.php","meta":{"footnotes":""},"yoast_head":"<!-- This site is optimized with the Yoast SEO Premium plugin v21.7 (Yoast SEO v23.5) - https:\/\/yoast.com\/wordpress\/plugins\/seo\/ -->\n<title>Ziemann Holvrieka: Over 170 Years of Beverage Industry History<\/title>\n<meta name=\"description\" content=\"Discover the rich history of Ziemann Holvrieka, spanning 170 years of excellence in the beverage industry. Explore our milestones and innovations that have defined our history.\" \/>\n<meta name=\"robots\" content=\"noindex, follow, max-snippet:-1, max-image-preview:large, max-video-preview:-1\" \/>\n<meta property=\"og:locale\" content=\"pt_BR\" \/>\n<meta property=\"og:type\" content=\"article\" \/>\n<meta property=\"og:title\" content=\"Our History\" \/>\n<meta property=\"og:description\" content=\"Discover the rich history of Ziemann Holvrieka, spanning 170 years of excellence in the beverage industry. Explore our milestones and innovations that have defined our history.\" \/>\n<meta property=\"og:url\" content=\"https:\/\/zh-test.co.uk\/pt\/nossa-historia\/\" \/>\n<meta property=\"og:site_name\" content=\"Ziemann Holvrieka\" \/>\n<meta property=\"article:publisher\" content=\"https:\/\/www.linkedin.com\/company\/ziemann-international-gmbh\" \/>\n<meta property=\"article:modified_time\" content=\"2023-10-13T07:47:59+00:00\" \/>\n<meta property=\"og:image\" content=\"https:\/\/zh-test.co.uk\/wp-content\/uploads\/2023\/09\/Flags.jpg\" \/>\n\t<meta property=\"og:image:width\" content=\"2000\" \/>\n\t<meta property=\"og:image:height\" content=\"1331\" \/>\n\t<meta property=\"og:image:type\" content=\"image\/jpeg\" \/>\n<meta name=\"twitter:card\" content=\"summary_large_image\" \/>\n<meta name=\"twitter:label1\" content=\"Est. tempo de leitura\" \/>\n\t<meta name=\"twitter:data1\" content=\"1 minuto\" \/>\n<script type=\"application\/ld+json\" class=\"yoast-schema-graph\">{\"@context\":\"https:\/\/schema.org\",\"@graph\":[{\"@type\":\"WebPage\",\"@id\":\"https:\/\/zh-test.co.uk\/our-history\/\",\"url\":\"https:\/\/zh-test.co.uk\/our-history\/\",\"name\":\"Ziemann Holvrieka: Over 170 Years of Beverage Industry History\",\"isPartOf\":{\"@id\":\"https:\/\/zh-test.co.uk\/#website\"},\"primaryImageOfPage\":{\"@id\":\"https:\/\/zh-test.co.uk\/our-history\/#primaryimage\"},\"image\":{\"@id\":\"https:\/\/zh-test.co.uk\/our-history\/#primaryimage\"},\"thumbnailUrl\":\"https:\/\/zh-test.co.uk\/wp-content\/uploads\/2023\/09\/Flags.jpg\",\"datePublished\":\"2023-08-29T09:16:02+00:00\",\"dateModified\":\"2023-10-13T07:47:59+00:00\",\"description\":\"Discover the rich history of Ziemann Holvrieka, spanning 170 years of excellence in the beverage industry. Explore our milestones and innovations that have defined our history.\",\"breadcrumb\":{\"@id\":\"https:\/\/zh-test.co.uk\/our-history\/#breadcrumb\"},\"inLanguage\":\"pt-BR\",\"potentialAction\":[{\"@type\":\"ReadAction\",\"target\":[\"https:\/\/zh-test.co.uk\/our-history\/\"]}]},{\"@type\":\"ImageObject\",\"inLanguage\":\"pt-BR\",\"@id\":\"https:\/\/zh-test.co.uk\/our-history\/#primaryimage\",\"url\":\"https:\/\/zh-test.co.uk\/wp-content\/uploads\/2023\/09\/Flags.jpg\",\"contentUrl\":\"https:\/\/zh-test.co.uk\/wp-content\/uploads\/2023\/09\/Flags.jpg\",\"width\":2000,\"height\":1331},{\"@type\":\"BreadcrumbList\",\"@id\":\"https:\/\/zh-test.co.uk\/our-history\/#breadcrumb\",\"itemListElement\":[{\"@type\":\"ListItem\",\"position\":1,\"name\":\"Home\",\"item\":\"https:\/\/zh-test.co.uk\/\"},{\"@type\":\"ListItem\",\"position\":2,\"name\":\"Our History\"}]},{\"@type\":\"WebSite\",\"@id\":\"https:\/\/zh-test.co.uk\/#website\",\"url\":\"https:\/\/zh-test.co.uk\/\",\"name\":\"Ziemann Holvrieka\",\"description\":\"\",\"potentialAction\":[{\"@type\":\"SearchAction\",\"target\":{\"@type\":\"EntryPoint\",\"urlTemplate\":\"https:\/\/zh-test.co.uk\/?s={search_term_string}\"},\"query-input\":{\"@type\":\"PropertyValueSpecification\",\"valueRequired\":true,\"valueName\":\"search_term_string\"}}],\"inLanguage\":\"pt-BR\"}]}<\/script>\n<!-- \/ Yoast SEO Premium plugin. -->","yoast_head_json":{"title":"Ziemann Holvrieka: Mais de 170 anos de hist\u00f3ria no setor de bebidas","description":"Descubra a rica hist\u00f3ria da Ziemann Holvrieka, que abrange 170 anos de excel\u00eancia no setor de bebidas. Explore nossos marcos e inova\u00e7\u00f5es que definiram nossa hist\u00f3ria.","robots":{"index":"noindex","follow":"follow","max-snippet":"max-snippet:-1","max-image-preview":"max-image-preview:large","max-video-preview":"max-video-preview:-1"},"og_locale":"pt_BR","og_type":"article","og_title":"Our History","og_description":"Discover the rich history of Ziemann Holvrieka, spanning 170 years of excellence in the beverage industry. Explore our milestones and innovations that have defined our history.","og_url":"https:\/\/zh-test.co.uk\/pt\/nossa-historia\/","og_site_name":"Ziemann Holvrieka","article_publisher":"https:\/\/www.linkedin.com\/company\/ziemann-international-gmbh","article_modified_time":"2023-10-13T07:47:59+00:00","og_image":[{"width":2000,"height":1331,"url":"https:\/\/zh-test.co.uk\/wp-content\/uploads\/2023\/09\/Flags.jpg","type":"image\/jpeg"}],"twitter_card":"summary_large_image","twitter_misc":{"Est. tempo de leitura":"1 minuto"},"schema":{"@context":"https:\/\/schema.org","@graph":[{"@type":"WebPage","@id":"https:\/\/zh-test.co.uk\/our-history\/","url":"https:\/\/zh-test.co.uk\/our-history\/","name":"Ziemann Holvrieka: Mais de 170 anos de hist\u00f3ria no setor de bebidas","isPartOf":{"@id":"https:\/\/zh-test.co.uk\/#website"},"primaryImageOfPage":{"@id":"https:\/\/zh-test.co.uk\/our-history\/#primaryimage"},"image":{"@id":"https:\/\/zh-test.co.uk\/our-history\/#primaryimage"},"thumbnailUrl":"https:\/\/zh-test.co.uk\/wp-content\/uploads\/2023\/09\/Flags.jpg","datePublished":"2023-08-29T09:16:02+00:00","dateModified":"2023-10-13T07:47:59+00:00","description":"Descubra a rica hist\u00f3ria da Ziemann Holvrieka, que abrange 170 anos de excel\u00eancia no setor de bebidas. Explore nossos marcos e inova\u00e7\u00f5es que definiram nossa hist\u00f3ria.","breadcrumb":{"@id":"https:\/\/zh-test.co.uk\/our-history\/#breadcrumb"},"inLanguage":"pt-BR","potentialAction":[{"@type":"ReadAction","target":["https:\/\/zh-test.co.uk\/our-history\/"]}]},{"@type":"ImageObject","inLanguage":"pt-BR","@id":"https:\/\/zh-test.co.uk\/our-history\/#primaryimage","url":"https:\/\/zh-test.co.uk\/wp-content\/uploads\/2023\/09\/Flags.jpg","contentUrl":"https:\/\/zh-test.co.uk\/wp-content\/uploads\/2023\/09\/Flags.jpg","width":2000,"height":1331},{"@type":"BreadcrumbList","@id":"https:\/\/zh-test.co.uk\/our-history\/#breadcrumb","itemListElement":[{"@type":"ListItem","position":1,"name":"Home","item":"https:\/\/zh-test.co.uk\/"},{"@type":"ListItem","position":2,"name":"Our History"}]},{"@type":"WebSite","@id":"https:\/\/zh-test.co.uk\/#website","url":"https:\/\/zh-test.co.uk\/","name":"Ziemann Holvrieka","description":"","potentialAction":[{"@type":"SearchAction","target":{"@type":"EntryPoint","urlTemplate":"https:\/\/zh-test.co.uk\/?s={search_term_string}"},"query-input":{"@type":"PropertyValueSpecification","valueRequired":true,"valueName":"search_term_string"}}],"inLanguage":"pt-BR"}]}},"_links":{"self":[{"href":"https:\/\/zh-test.co.uk\/pt\/wp-json\/wp\/v2\/pages\/938"}],"collection":[{"href":"https:\/\/zh-test.co.uk\/pt\/wp-json\/wp\/v2\/pages"}],"about":[{"href":"https:\/\/zh-test.co.uk\/pt\/wp-json\/wp\/v2\/types\/page"}],"author":[{"embeddable":true,"href":"https:\/\/zh-test.co.uk\/pt\/wp-json\/wp\/v2\/users\/1"}],"replies":[{"embeddable":true,"href":"https:\/\/zh-test.co.uk\/pt\/wp-json\/wp\/v2\/comments?post=938"}],"version-history":[{"count":7,"href":"https:\/\/zh-test.co.uk\/pt\/wp-json\/wp\/v2\/pages\/938\/revisions"}],"predecessor-version":[{"id":1539,"href":"https:\/\/zh-test.co.uk\/pt\/wp-json\/wp\/v2\/pages\/938\/revisions\/1539"}],"wp:featuredmedia":[{"embeddable":true,"href":"https:\/\/zh-test.co.uk\/pt\/wp-json\/wp\/v2\/media\/1534"}],"wp:attachment":[{"href":"https:\/\/zh-test.co.uk\/pt\/wp-json\/wp\/v2\/media?parent=938"}],"curies":[{"name":"wp","href":"https:\/\/api.w.org\/{rel}","templated":true}]}}